{"id":9131,"date":"2017-02-08T07:01:55","date_gmt":"2017-02-08T07:01:55","guid":{"rendered":"https:\/\/industrialtransferpump.com\/quienes-somos\/"},"modified":"2023-10-04T10:11:49","modified_gmt":"2023-10-04T10:11:49","slug":"quienes-somos","status":"publish","type":"page","link":"https:\/\/industrialtransferpump.com\/es\/quienes-somos\/","title":{"rendered":"Qui\u00e9nes somos"},"content":{"rendered":"<div class=\"wpb-content-wrapper\"><p>[vc_row full_width=&#8221;stretch_row&#8221; css=&#8221;.vc_custom_1485516797007{margin-top: -75px !important;margin-bottom: 55px !important;padding-top: 81px !important;padding-bottom: 78px !important;background-color: #f2f2f2 !important;}&#8221;][vc_column width=&#8221;2\/3&#8243;][vc_column_text css=&#8221;.vc_custom_1679296835465{margin-bottom: 25px !important;}&#8221;]<strong>\u00bfQui\u00e9nes somos?<\/strong><\/p>\n<p>Nuestra empresa, Allama Makina, fabrica bombas y sistemas higi\u00e9nicos para las industrias alimentaria, de bebidas, cosm\u00e9tica y farmac\u00e9utica con nuestra marca &#8220;Allame Pump&#8221; desde 2002. Disponemos de conocimientos t\u00e9cnicos, certificados, capacidad de producci\u00f3n, precios competitivos, respuestas muy r\u00e1pidas a solicitudes y preguntas, buenos servicios de venta y posventa.<\/p>\n<p>Somos una empresa en crecimiento gracias a nuestras asociaciones de distribuci\u00f3n a largo plazo en todo el mundo y a la satisfacci\u00f3n de nuestros clientes en diferentes proyectos. Mientras intentamos hacer nuestro trabajo a la perfecci\u00f3n, seguimos invirtiendo en I+D y siempre a\u00f1adimos nuevos productos o sistemas a nuestra gama de productos.<\/p>\n<p>Desde 2002 empezamos a fabricar sobre las piezas de repuesto y sus componentes en Kocaeli. Nos dedicamos principalmente a la fabricaci\u00f3n de piezas de recambio y equipos industriales, de telecomunicaciones y de automoci\u00f3n.<\/p>\n<p>Estamos especializados en la fabricaci\u00f3n de m\u00e1quinas y piezas de repuesto para sistemas de vaciado de bidones. Todas las piezas &amp; Dise\u00f1o &amp; RD en nuestra f\u00e1brica y desarrollamos m\u00e1quinas 100% calificados a mano con nuestros ingenieros .<\/p>\n<p>Sistemas de vaciado de bidones M\u00e1quina (Allame Makina), fabricante en TURQU\u00cdA.<\/p>\n<p>Nuestros servicios incluyen; fabricaci\u00f3n de piezas de repuesto de la m\u00e1quina, una m\u00e1quina completa fabrica, el almacenamiento de piezas de m\u00e1quinas, componentes o sistemas necesarios el desarrollo de m\u00e1quinas con el desarrollo de actividades de I + D son.[\/vc_column_text][vc_column_text]<span style=\"display: block; line-height: 22px;\">Somos una empresa en crecimiento gracias a nuestras asociaciones de distribuci\u00f3n a largo plazo en todo el mundo y a la satisfacci\u00f3n de nuestros clientes en diferentes proyectos. Mientras intentamos hacer nuestro trabajo a la perfecci\u00f3n, seguimos invirtiendo en I+D y siempre a\u00f1adimos nuevos productos o sistemas a nuestra gama de productos.<\/span>[\/vc_column_text][vc_column_text]<\/p>\n<blockquote style=\"background-color: #ffffff;\"><p><strong>BOMBA ALLAME<\/strong><\/p>\n<p>Nuestra empresa sigue siendo una de las principales en t\u00e9rminos de calidad de servicio superior y satisfacci\u00f3n del cliente desde su creaci\u00f3n en el sector de las bombas y sistemas de descarga de bidones.<\/p><\/blockquote>\n<p>[\/vc_column_text][\/vc_column][vc_column width=&#8221;1\/3&#8243;][stm_sidebar sidebar=&#8221;577&#8243;][\/vc_column][\/vc_row][vc_row][vc_column][vc_custom_heading text=&#8221;Por qu\u00e9 elegirnos&#8221; font_container=&#8221;tag:h3|text_align:left&#8221; google_fonts=&#8221;font_family:Montserrat%3Aregular%2C700|font_style:700%20bold%20regular%3A700%3Anormal&#8221; css=&#8221;.vc_custom_1679296024335{margin-bottom: 39px !important;}&#8221; link=&#8221;url:https%3A%2F%2Findustrialtransferpump.com%2Fcontact-us%2F|&#8221;][\/vc_column][\/vc_row][vc_row css=&#8221;.vc_custom_1485526502077{margin-bottom: 30px !important;}&#8221;][vc_column offset=&#8221;vc_col-lg-4 vc_col-md-4&#8243;][stm_icon_box icon=&#8221;stm-lnr-check&#8221; style=&#8221;icon_left&#8221; icon_size=&#8221;16&#8243; icon_color=&#8221;base&#8221; icon_bg_color=&#8221;third_bg&#8221; icon_width=&#8221;70&#8243; title=&#8221;Fabricaci\u00f3n de m\u00e1quinas y piezas&#8221; css=&#8221;.vc_custom_1634220363653{margin-bottom: 28px !important;}&#8221;]<span style=\"display: block; line-height: 24px;\">Ahora; estamos especializados \u00fanicamente en la fabricaci\u00f3n de bombas y m\u00e1quinas de descarga de bidones y piezas de repuesto. Desarrollamos m\u00e1quinas 100% artesanales cualificadas con todas nuestras piezas y la f\u00e1brica de dise\u00f1o e I+D y nuestros ingenieros.<\/span>[\/stm_icon_box][\/vc_column][vc_column offset=&#8221;vc_col-lg-4 vc_col-md-4&#8243;][stm_icon_box icon=&#8221;stm-diamond&#8221; style=&#8221;icon_left&#8221; icon_size=&#8221;20&#8243; icon_color=&#8221;base&#8221; icon_bg_color=&#8221;third_bg&#8221; icon_width=&#8221;70&#8243; title=&#8221;Consultor\u00eda de maquinaria y servicios&#8221; css=&#8221;.vc_custom_1634220427240{margin-bottom: 28px !important;}&#8221;]<span style=\"display: block; line-height: 24px;\">Le ayudamos a dar forma y posicionar sus servicios empresariales de forma que mejoren el rendimiento de sus clientes.<\/span>[\/stm_icon_box][\/vc_column][vc_column offset=&#8221;vc_col-lg-4 vc_col-md-4&#8243;][stm_icon_box icon=&#8221;stm-cart_13&#8243; style=&#8221;icon_left&#8221; icon_size=&#8221;20&#8243; icon_color=&#8221;base&#8221; icon_bg_color=&#8221;third_bg&#8221; icon_width=&#8221;70&#8243; title=&#8221;Consumo Consultor\u00eda Industrial&#8221; css=&#8221;.vc_custom_1634220472395{margin-bottom: 28px !important;}&#8221;]<span style=\"display: block; line-height: 24px;\">Ayudamos a las empresas de productos de consumo a crear y presentar productos que se integran perfectamente en el esp\u00edritu de la \u00e9poca.<\/span>[\/stm_icon_box][\/vc_column][\/vc_row][vc_row full_width=&#8221;stretch_row&#8221; equal_height=&#8221;yes&#8221; css=&#8221;.vc_custom_1485526792127{background-color: #f2f2f2 !important;}&#8221; el_class=&#8221;about-bg-right&#8221;][vc_column width=&#8221;1\/2&#8243;][vc_custom_heading text=&#8221;Nuestra misi\u00f3n&#8221; font_container=&#8221;tag:h3|text_align:left&#8221; google_fonts=&#8221;font_family:Montserrat%3Aregular%2C700|font_style:700%20bold%20regular%3A700%3Anormal&#8221; css=&#8221;.vc_custom_1485524654364{margin-top: 50px !important;margin-bottom: 25px !important;}&#8221;][vc_column_text css=&#8221;.vc_custom_1634220764514{margin-bottom: 22px !important;}&#8221;]Altos est\u00e1ndares, servicio de calidad en el tiempo de nuestros clientes para maximizar la satisfacci\u00f3n del cliente y respetar los derechos. Nuestros productos, soluciones, servicio post-venta que ofrecemos a nuestros clientes con fiabilidad y alta \u00e9tica empresarial como la primera opci\u00f3n para ser una empresa que crea valor para nuestros empleados y nuestros clientes.<\/p>\n<p><span style=\"display: block; line-height: 22px;\"> <\/span>[\/vc_column_text][vc_column_text css=&#8221;.vc_custom_1634729586112{margin-bottom: 23px !important;}&#8221;]Por esta raz\u00f3n,[\/vc_column_text][vc_row_inner css=&#8221;.vc_custom_1485525262482{margin-bottom: 30px !important;}&#8221;][vc_column_inner][vc_column_text]<strong>&#8211; Cumplir los t\u00e9rminos del sistema de gesti\u00f3n de la calidad, para mantener la actividad.<\/strong><\/p>\n<p>&#8211; \u00c9tica, valores, respeto y esp\u00edritu de equipo, y potencial para aumentar la satisfacci\u00f3n del cliente.<\/p>\n<p><strong>&#8211; Mejorar la competitividad del sector mediante la mejora continua de la satisfacci\u00f3n y la formaci\u00f3n del personal.<\/strong><\/p>\n<p>&#8211; Nuestros empleados, clientes, proveedores compromiso a largo plazo con nuestras organizaciones e instituciones para aumentar la no cooperaci\u00f3n.<\/p>\n<p><strong>&#8211; Las disposiciones de las leyes y normas pertinentes para exportar al marco.<\/strong>[\/vc_column_text][\/vc_column_inner][\/vc_row_inner][\/vc_column][vc_column width=&#8221;1\/2&#8243; css=&#8221;.vc_custom_1634817999044{padding-top: 52px !important;padding-bottom: 95px !important;background-image: url(https:\/\/industrialtransferpump.com\/wp-content\/uploads\/2021\/10\/placeholder.gif?id=7133) !important;background-position: center !important;background-repeat: no-repeat !important;background-size: cover !important;}&#8221; el_class=&#8221;about_full-right_width&#8221;][vc_custom_heading text=&#8221;Nuestra experiencia&#8221; font_container=&#8221;tag:h3|text_align:left|color:%23353535&#8243; google_fonts=&#8221;font_family:Montserrat%3Aregular%2C700|font_style:700%20bold%20regular%3A700%3Anormal&#8221; css=&#8221;.vc_custom_1634818014287{margin-bottom: 43px !important;}&#8221;][vc_progress_bar values=&#8221;%5B%7B%22label%22%3A%22Production%22%2C%22value%22%3A%22100%22%2C%22color%22%3A%22custom%22%2C%22customcolor%22%3A%22%236c98e1%22%2C%22customtxtcolor%22%3A%22%23353535%22%7D%2C%7B%22label%22%3A%22Spare%20Parts%20Support%22%2C%22value%22%3A%22100%22%2C%22color%22%3A%22custom%22%2C%22customcolor%22%3A%22%236c98e1%22%2C%22customtxtcolor%22%3A%22%23353535%22%7D%2C%7B%22label%22%3A%22Research%20and%20Development%22%2C%22value%22%3A%22100%22%2C%22color%22%3A%22custom%22%2C%22customcolor%22%3A%22%236c98e1%22%2C%22customtxtcolor%22%3A%22%23353535%22%7D%2C%7B%22label%22%3A%22Support%20After%20Sale%22%2C%22value%22%3A%22100%22%2C%22color%22%3A%22custom%22%2C%22customcolor%22%3A%22%236c98e1%22%2C%22customtxtcolor%22%3A%22%23353535%22%7D%5D&#8221; bgcolor=&#8221;custom&#8221; units=&#8221;%&#8221; css=&#8221;.vc_custom_1634817950124{padding-right: 20px !important;}&#8221;][\/vc_column][\/vc_row][vc_row full_width=&#8221;stretch_row&#8221; css=&#8221;.vc_custom_1485599202663{padding-top: 44px !important;padding-bottom: 44px !important;background-color: #f2f2f2 !important;}&#8221;][vc_column][vc_gallery images=&#8221;7180,7181,7182,7183,7184&#8243; title=&#8221;Certificados de Allame Makina &amp; Pump&#8221;][\/vc_column][\/vc_row][vc_row full_width=&#8221;stretch_row&#8221; el_class=&#8221;third_bg_color&#8221; css=&#8221;.vc_custom_1451889219674{margin-bottom: -60px !important;}&#8221;][vc_column][vc_cta h2=&#8221;Si necesita m\u00e1s informaci\u00f3n&#8221; h2_font_container=&#8221;tag:h2|font_size:30px|text_align:left|color:%23000000|line_height:24px&#8221; h2_use_theme_fonts=&#8221;yes&#8221; h4=&#8221;Puede utilizar nuestro formulario de contacto r\u00e1pido para obtener m\u00e1s informaci\u00f3n sobre nuestras m\u00e1quinas. Cat\u00e1logos disponibles, fotos, v\u00eddeos y mucho m\u00e1s&#8230;&#8221; shape=&#8221;square&#8221; style=&#8221;flat&#8221; add_button=&#8221;right&#8221; btn_title=&#8221;Haga clic aqu\u00ed para ponerse en contacto con nosotros.&#8221; btn_style=&#8221;flat&#8221; btn_color=&#8221;theme_style_2&#8243; btn_align=&#8221;right&#8221; btn_i_align=&#8221;right&#8221; btn_i_icon_fontawesome=&#8221;stm-location&#8221; use_custom_fonts_h2=&#8221;true&#8221; btn_button_block=&#8221;true&#8221; btn_add_icon=&#8221;true&#8221; el_class=&#8221;third_bg_color&#8221; css=&#8221;.vc_custom_1679295588925{margin-bottom: 0px !important;}&#8221; btn_link=&#8221;url:https%3A%2F%2Findustrialtransferpump.com%2Fcontact-us%2F|&#8221;][\/vc_cta][\/vc_column][\/vc_row]<\/p>\n<\/div>","protected":false},"excerpt":{"rendered":"<p>[vc_row full_width=&#8221;stretch_row&#8221; css=&#8221;.vc_custom_1485516797007{margin-top: -75px !important;margin-bottom: 55px !important;padding-top: 81px !important;padding-bottom: 78px !important;background-color: #f2f2f2 !important;}&#8221;][vc_column width=&#8221;2\/3&#8243;][vc_column_text css=&#8221;.vc_custom_1679296835465{margin-bottom: 25px !important;}&#8221;]\u00bfQui\u00e9nes somos? Nuestra empresa, Allama Makina, fabrica bombas y sistemas higi\u00e9nicos para las industrias alimentaria, de bebidas, cosm\u00e9tica y farmac\u00e9utica con nuestra marca &#8220;Allame Pump&#8221; desde 2002. Disponemos de conocimientos t\u00e9cnicos, certificados, capacidad de producci\u00f3n, precios competitivos, respuestas muy<\/p>\n","protected":false},"author":1,"featured_media":0,"parent":0,"menu_order":0,"comment_status":"closed","ping_status":"closed","template":"","meta":{"_joinchat":[],"footnotes":""},"class_list":["post-9131","page","type-page","status-publish","hentry"],"yoast_head":"<!-- This site is optimized with the Yoast SEO plugin v22.3 - https:\/\/yoast.com\/wordpress\/plugins\/seo\/ -->\n<title>Qui\u00e9nes somos - Industrial Transfer Pump Manufacturer<\/title>\n<meta name=\"description\" content=\"Sistemas de vaciado de bidones Bomba para barriles Bomba monobomba Nuestra empresa, Allama Makina, fabrica desde hace a\u00f1os bombas y sistemas higi\u00e9nicos para el sector alimentario, etc.\" \/>\n<meta name=\"robots\" content=\"index, follow, max-snippet:-1, max-image-preview:large, max-video-preview:-1\" \/>\n<link rel=\"canonical\" href=\"https:\/\/industrialtransferpump.com\/es\/quienes-somos\/\" \/>\n<meta property=\"og:locale\" content=\"es_ES\" \/>\n<meta property=\"og:type\" content=\"article\" \/>\n<meta property=\"og:title\" content=\"Qui\u00e9nes somos - Industrial Transfer Pump Manufacturer\" \/>\n<meta property=\"og:description\" content=\"Sistemas de vaciado de bidones Bomba para barriles Bomba monobomba Nuestra empresa, Allama Makina, fabrica desde hace a\u00f1os bombas y sistemas higi\u00e9nicos para el sector alimentario, etc.\" \/>\n<meta property=\"og:url\" content=\"https:\/\/industrialtransferpump.com\/es\/quienes-somos\/\" \/>\n<meta property=\"og:site_name\" content=\"Industrial Transfer Pump Manufacturer\" \/>\n<meta property=\"article:modified_time\" content=\"2023-10-04T10:11:49+00:00\" \/>\n<meta name=\"twitter:card\" content=\"summary_large_image\" \/>\n<meta name=\"twitter:label1\" content=\"Tiempo de lectura\" \/>\n\t<meta name=\"twitter:data1\" content=\"7 minutos\" \/>\n<script type=\"application\/ld+json\" class=\"yoast-schema-graph\">{\"@context\":\"https:\/\/schema.org\",\"@graph\":[{\"@type\":\"WebPage\",\"@id\":\"https:\/\/industrialtransferpump.com\/es\/quienes-somos\/\",\"url\":\"https:\/\/industrialtransferpump.com\/es\/quienes-somos\/\",\"name\":\"Qui\u00e9nes somos - Industrial Transfer Pump Manufacturer\",\"isPartOf\":{\"@id\":\"https:\/\/industrialtransferpump.com\/#website\"},\"datePublished\":\"2017-02-08T07:01:55+00:00\",\"dateModified\":\"2023-10-04T10:11:49+00:00\",\"description\":\"Sistemas de vaciado de bidones Bomba para barriles Bomba monobomba Nuestra empresa, Allama Makina, fabrica desde hace a\u00f1os bombas y sistemas higi\u00e9nicos para el sector alimentario, etc.\",\"breadcrumb\":{\"@id\":\"https:\/\/industrialtransferpump.com\/es\/quienes-somos\/#breadcrumb\"},\"inLanguage\":\"es\",\"potentialAction\":[{\"@type\":\"ReadAction\",\"target\":[\"https:\/\/industrialtransferpump.com\/es\/quienes-somos\/\"]}]},{\"@type\":\"BreadcrumbList\",\"@id\":\"https:\/\/industrialtransferpump.com\/es\/quienes-somos\/#breadcrumb\",\"itemListElement\":[{\"@type\":\"ListItem\",\"position\":1,\"name\":\"Home\",\"item\":\"https:\/\/industrialtransferpump.com\/es\/inicio\/\"},{\"@type\":\"ListItem\",\"position\":2,\"name\":\"Qui\u00e9nes somos\"}]},{\"@type\":\"WebSite\",\"@id\":\"https:\/\/industrialtransferpump.com\/#website\",\"url\":\"https:\/\/industrialtransferpump.com\/\",\"name\":\"Drum Emptying System & Barrel Unloading System\",\"description\":\"Industrial Transfer Pump\",\"publisher\":{\"@id\":\"https:\/\/industrialtransferpump.com\/#organization\"},\"potentialAction\":[{\"@type\":\"SearchAction\",\"target\":{\"@type\":\"EntryPoint\",\"urlTemplate\":\"https:\/\/industrialtransferpump.com\/?s={search_term_string}\"},\"query-input\":\"required name=search_term_string\"}],\"inLanguage\":\"es\"},{\"@type\":\"Organization\",\"@id\":\"https:\/\/industrialtransferpump.com\/#organization\",\"name\":\"Barrel Pump Trasferring Systems\",\"url\":\"https:\/\/industrialtransferpump.com\/\",\"logo\":{\"@type\":\"ImageObject\",\"inLanguage\":\"es\",\"@id\":\"https:\/\/industrialtransferpump.com\/#\/schema\/logo\/image\/\",\"url\":\"https:\/\/industrialtransferpump.com\/wp-content\/uploads\/2021\/03\/Logo.png\",\"contentUrl\":\"https:\/\/industrialtransferpump.com\/wp-content\/uploads\/2021\/03\/Logo.png\",\"width\":6617,\"height\":4077,\"caption\":\"Barrel Pump Trasferring Systems\"},\"image\":{\"@id\":\"https:\/\/industrialtransferpump.com\/#\/schema\/logo\/image\/\"}}]}<\/script>\n<!-- \/ Yoast SEO plugin. -->","yoast_head_json":{"title":"Qui\u00e9nes somos - Industrial Transfer Pump Manufacturer","description":"Sistemas de vaciado de bidones Bomba para barriles Bomba monobomba Nuestra empresa, Allama Makina, fabrica desde hace a\u00f1os bombas y sistemas higi\u00e9nicos para el sector alimentario, etc.","robots":{"index":"index","follow":"follow","max-snippet":"max-snippet:-1","max-image-preview":"max-image-preview:large","max-video-preview":"max-video-preview:-1"},"canonical":"https:\/\/industrialtransferpump.com\/es\/quienes-somos\/","og_locale":"es_ES","og_type":"article","og_title":"Qui\u00e9nes somos - Industrial Transfer Pump Manufacturer","og_description":"Sistemas de vaciado de bidones Bomba para barriles Bomba monobomba Nuestra empresa, Allama Makina, fabrica desde hace a\u00f1os bombas y sistemas higi\u00e9nicos para el sector alimentario, etc.","og_url":"https:\/\/industrialtransferpump.com\/es\/quienes-somos\/","og_site_name":"Industrial Transfer Pump Manufacturer","article_modified_time":"2023-10-04T10:11:49+00:00","twitter_card":"summary_large_image","twitter_misc":{"Tiempo de lectura":"7 minutos"},"schema":{"@context":"https:\/\/schema.org","@graph":[{"@type":"WebPage","@id":"https:\/\/industrialtransferpump.com\/es\/quienes-somos\/","url":"https:\/\/industrialtransferpump.com\/es\/quienes-somos\/","name":"Qui\u00e9nes somos - Industrial Transfer Pump Manufacturer","isPartOf":{"@id":"https:\/\/industrialtransferpump.com\/#website"},"datePublished":"2017-02-08T07:01:55+00:00","dateModified":"2023-10-04T10:11:49+00:00","description":"Sistemas de vaciado de bidones Bomba para barriles Bomba monobomba Nuestra empresa, Allama Makina, fabrica desde hace a\u00f1os bombas y sistemas higi\u00e9nicos para el sector alimentario, etc.","breadcrumb":{"@id":"https:\/\/industrialtransferpump.com\/es\/quienes-somos\/#breadcrumb"},"inLanguage":"es","potentialAction":[{"@type":"ReadAction","target":["https:\/\/industrialtransferpump.com\/es\/quienes-somos\/"]}]},{"@type":"BreadcrumbList","@id":"https:\/\/industrialtransferpump.com\/es\/quienes-somos\/#breadcrumb","itemListElement":[{"@type":"ListItem","position":1,"name":"Home","item":"https:\/\/industrialtransferpump.com\/es\/inicio\/"},{"@type":"ListItem","position":2,"name":"Qui\u00e9nes somos"}]},{"@type":"WebSite","@id":"https:\/\/industrialtransferpump.com\/#website","url":"https:\/\/industrialtransferpump.com\/","name":"Drum Emptying System & Barrel Unloading System","description":"Industrial Transfer Pump","publisher":{"@id":"https:\/\/industrialtransferpump.com\/#organization"},"potentialAction":[{"@type":"SearchAction","target":{"@type":"EntryPoint","urlTemplate":"https:\/\/industrialtransferpump.com\/?s={search_term_string}"},"query-input":"required name=search_term_string"}],"inLanguage":"es"},{"@type":"Organization","@id":"https:\/\/industrialtransferpump.com\/#organization","name":"Barrel Pump Trasferring Systems","url":"https:\/\/industrialtransferpump.com\/","logo":{"@type":"ImageObject","inLanguage":"es","@id":"https:\/\/industrialtransferpump.com\/#\/schema\/logo\/image\/","url":"https:\/\/industrialtransferpump.com\/wp-content\/uploads\/2021\/03\/Logo.png","contentUrl":"https:\/\/industrialtransferpump.com\/wp-content\/uploads\/2021\/03\/Logo.png","width":6617,"height":4077,"caption":"Barrel Pump Trasferring Systems"},"image":{"@id":"https:\/\/industrialtransferpump.com\/#\/schema\/logo\/image\/"}}]}},"_links":{"self":[{"href":"https:\/\/industrialtransferpump.com\/es\/wp-json\/wp\/v2\/pages\/9131","targetHints":{"allow":["GET"]}}],"collection":[{"href":"https:\/\/industrialtransferpump.com\/es\/wp-json\/wp\/v2\/pages"}],"about":[{"href":"https:\/\/industrialtransferpump.com\/es\/wp-json\/wp\/v2\/types\/page"}],"author":[{"embeddable":true,"href":"https:\/\/industrialtransferpump.com\/es\/wp-json\/wp\/v2\/users\/1"}],"replies":[{"embeddable":true,"href":"https:\/\/industrialtransferpump.com\/es\/wp-json\/wp\/v2\/comments?post=9131"}],"version-history":[{"count":2,"href":"https:\/\/industrialtransferpump.com\/es\/wp-json\/wp\/v2\/pages\/9131\/revisions"}],"predecessor-version":[{"id":9136,"href":"https:\/\/industrialtransferpump.com\/es\/wp-json\/wp\/v2\/pages\/9131\/revisions\/9136"}],"wp:attachment":[{"href":"https:\/\/industrialtransferpump.com\/es\/wp-json\/wp\/v2\/media?parent=9131"}],"curies":[{"name":"wp","href":"https:\/\/api.w.org\/{rel}","templated":true}]}}