{"id":9134,"date":"2023-04-10T21:18:23","date_gmt":"2023-04-10T21:18:23","guid":{"rendered":"https:\/\/industrialtransferpump.com\/aplicaciones\/"},"modified":"2023-10-04T10:11:50","modified_gmt":"2023-10-04T10:11:50","slug":"aplicaciones","status":"publish","type":"page","link":"https:\/\/industrialtransferpump.com\/es\/aplicaciones\/","title":{"rendered":"Aplicaciones"},"content":{"rendered":"<div class=\"wpb-content-wrapper\"><p>[vc_row][vc_column][vc_custom_heading text=&#8221;Sectores industriales&#8221; font_container=&#8221;tag:h3|text_align:left&#8221; use_theme_fonts=&#8221;yes&#8221; css=&#8221;.vc_custom_1681162112476{margin-bottom: 30px !important;}&#8221;][vc_column_text]<\/p>\n<div class=\"ce_row_start first row block\">\n<div class=\"ce_col_start small-12 large-11 columns block\">\n<p class=\"ce_headline left small-12\"><strong>Bombas de trasvase con la soluci\u00f3n adecuada para todas las industrias<\/strong><\/p>\n<\/div>\n<\/div>\n<div class=\"ce_row_start row block\">\n<div class=\"ce_col_start small-12 large-11 columns block\">\n<div class=\"ce_text left small-12 block\">\n<blockquote><p>Con sus productos basados en aplicaciones, <strong>Transfer<a href=\"https:\/\/industrialtransferpump.com\/es\/bomba-de-barril-movil\/\"> Pump <\/a><\/strong>tiene la soluci\u00f3n adecuada para cada sector de la industria. Utilice nuestros iconos como gu\u00eda para encontrar los productos adecuados para su industria. <em><br \/>\n  <strong>sector.<\/strong><br \/>\n<\/em><\/p><\/blockquote>\n<\/div>\n<\/div>\n<\/div>\n<p>[\/vc_column_text][\/vc_column][\/vc_row][vc_row][vc_column width=&#8221;1\/5&#8243;][vc_column_text]<a href=\"https:\/\/industrialtransferpump.com\/es\/agricultura\/\"><img loading=\"lazy\" decoding=\"async\" class=\"alignnone size-full wp-image-7677\" src=\"https:\/\/industrialtransferpump.com\/wp-content\/uploads\/2023\/04\/agricultu.jpeg\" alt=\"\" width=\"200\" height=\"200\" srcset=\"https:\/\/industrialtransferpump.com\/wp-content\/uploads\/2023\/04\/agricultu.jpeg 200w, https:\/\/industrialtransferpump.com\/wp-content\/uploads\/2023\/04\/agricultu-150x150.jpeg 150w, https:\/\/industrialtransferpump.com\/wp-content\/uploads\/2023\/04\/agricultu-50x50.jpeg 50w\" sizes=\"auto, (max-width: 200px) 100vw, 200px\" \/><\/a><\/p>\n<p><strong>            <a href=\"https:\/\/industrialtransferpump.com\/es\/agricultura\/\">Agricultura<\/a><\/strong>[\/vc_column_text][\/vc_column][vc_column width=&#8221;1\/5&#8243;][vc_column_text]<a href=\"https:\/\/industrialtransferpump.com\/es\/quimica\/\"><img loading=\"lazy\" decoding=\"async\" class=\"alignnone size-full wp-image-7666\" src=\"https:\/\/industrialtransferpump.com\/wp-content\/uploads\/2023\/04\/chemistry.jpg\" alt=\"\" width=\"200\" height=\"200\" srcset=\"https:\/\/industrialtransferpump.com\/wp-content\/uploads\/2023\/04\/chemistry.jpg 200w, https:\/\/industrialtransferpump.com\/wp-content\/uploads\/2023\/04\/chemistry-150x150.jpg 150w, https:\/\/industrialtransferpump.com\/wp-content\/uploads\/2023\/04\/chemistry-50x50.jpg 50w\" sizes=\"auto, (max-width: 200px) 100vw, 200px\" \/><\/a><\/p>\n<p><strong>              <a href=\"https:\/\/industrialtransferpump.com\/es\/quimica\/\">Qu\u00edmica<\/a><\/strong>[\/vc_column_text][\/vc_column][vc_column width=&#8221;1\/5&#8243;][vc_column_text]<a href=\"https:\/\/industrialtransferpump.com\/es\/cosmeticos\/\"><img loading=\"lazy\" decoding=\"async\" class=\"alignnone size-full wp-image-7670\" src=\"https:\/\/industrialtransferpump.com\/wp-content\/uploads\/2023\/04\/Cosmetics.jpg\" alt=\"\" width=\"200\" height=\"200\" srcset=\"https:\/\/industrialtransferpump.com\/wp-content\/uploads\/2023\/04\/Cosmetics.jpg 200w, https:\/\/industrialtransferpump.com\/wp-content\/uploads\/2023\/04\/Cosmetics-150x150.jpg 150w, https:\/\/industrialtransferpump.com\/wp-content\/uploads\/2023\/04\/Cosmetics-50x50.jpg 50w\" sizes=\"auto, (max-width: 200px) 100vw, 200px\" \/><\/a><\/p>\n<p><strong>             <a href=\"https:\/\/industrialtransferpump.com\/es\/cosmeticos\/\">Cosm\u00e9ticos<\/a><\/strong>[\/vc_column_text][\/vc_column][vc_column width=&#8221;1\/5&#8243;][vc_column_text]<a href=\"https:\/\/industrialtransferpump.com\/es\/alimentos\/\"><img loading=\"lazy\" decoding=\"async\" class=\"alignnone size-full wp-image-7672\" src=\"https:\/\/industrialtransferpump.com\/wp-content\/uploads\/2023\/04\/foods.jpg\" alt=\"\" width=\"200\" height=\"200\" srcset=\"https:\/\/industrialtransferpump.com\/wp-content\/uploads\/2023\/04\/foods.jpg 200w, https:\/\/industrialtransferpump.com\/wp-content\/uploads\/2023\/04\/foods-150x150.jpg 150w, https:\/\/industrialtransferpump.com\/wp-content\/uploads\/2023\/04\/foods-50x50.jpg 50w\" sizes=\"auto, (max-width: 200px) 100vw, 200px\" \/><\/a><\/p>\n<p><strong>                  <a href=\"https:\/\/industrialtransferpump.com\/es\/alimentos\/\">Alimentos<\/a><\/strong>[\/vc_column_text][\/vc_column][vc_column width=&#8221;1\/5&#8243;][vc_column_text]<a href=\"https:\/\/industrialtransferpump.com\/industry\/\"><img loading=\"lazy\" decoding=\"async\" class=\"alignnone size-full wp-image-7674\" src=\"https:\/\/industrialtransferpump.com\/wp-content\/uploads\/2023\/04\/Industry.jpg\" alt=\"\" width=\"200\" height=\"200\" srcset=\"https:\/\/industrialtransferpump.com\/wp-content\/uploads\/2023\/04\/Industry.jpg 200w, https:\/\/industrialtransferpump.com\/wp-content\/uploads\/2023\/04\/Industry-150x150.jpg 150w, https:\/\/industrialtransferpump.com\/wp-content\/uploads\/2023\/04\/Industry-50x50.jpg 50w\" sizes=\"auto, (max-width: 200px) 100vw, 200px\" \/><\/a><\/p>\n<p><strong>              <a href=\"https:\/\/industrialtransferpump.com\/industry\/\">Industria<\/a><\/strong>[\/vc_column_text][\/vc_column][\/vc_row][vc_row][vc_column width=&#8221;1\/5&#8243;][vc_column_text]<a href=\"https:\/\/industrialtransferpump.com\/es\/pinturas-y-lacas\/\"><img loading=\"lazy\" decoding=\"async\" class=\"alignnone size-full wp-image-7679\" src=\"https:\/\/industrialtransferpump.com\/wp-content\/uploads\/2023\/04\/Paints-and-lacquers.jpg\" alt=\"\" width=\"200\" height=\"200\" srcset=\"https:\/\/industrialtransferpump.com\/wp-content\/uploads\/2023\/04\/Paints-and-lacquers.jpg 200w, https:\/\/industrialtransferpump.com\/wp-content\/uploads\/2023\/04\/Paints-and-lacquers-150x150.jpg 150w, https:\/\/industrialtransferpump.com\/wp-content\/uploads\/2023\/04\/Paints-and-lacquers-50x50.jpg 50w\" sizes=\"auto, (max-width: 200px) 100vw, 200px\" \/><\/a><\/p>\n<p><a href=\"https:\/\/industrialtransferpump.com\/es\/pinturas-y-lacas\/\"><strong>  Pinturas y lacas<\/strong><\/a>[\/vc_column_text][\/vc_column][vc_column width=&#8221;1\/5&#8243;][vc_column_text]<a href=\"https:\/\/industrialtransferpump.com\/es\/petroquimica\/\"><img loading=\"lazy\" decoding=\"async\" class=\"alignnone size-full wp-image-7680\" src=\"https:\/\/industrialtransferpump.com\/wp-content\/uploads\/2023\/04\/Petrochemicals.jpg\" alt=\"\" width=\"200\" height=\"200\" srcset=\"https:\/\/industrialtransferpump.com\/wp-content\/uploads\/2023\/04\/Petrochemicals.jpg 200w, https:\/\/industrialtransferpump.com\/wp-content\/uploads\/2023\/04\/Petrochemicals-150x150.jpg 150w, https:\/\/industrialtransferpump.com\/wp-content\/uploads\/2023\/04\/Petrochemicals-50x50.jpg 50w\" sizes=\"auto, (max-width: 200px) 100vw, 200px\" \/><\/a><\/p>\n<p><strong>          <a href=\"https:\/\/industrialtransferpump.com\/es\/petroquimica\/\">Petroqu\u00edmica<\/a><\/strong>[\/vc_column_text][\/vc_column][vc_column width=&#8221;1\/5&#8243;][vc_column_text]<a href=\"https:\/\/industrialtransferpump.com\/es\/productos-farmaceuticos\/\"><img loading=\"lazy\" decoding=\"async\" class=\"alignnone size-full wp-image-7681\" src=\"https:\/\/industrialtransferpump.com\/wp-content\/uploads\/2023\/04\/Pharmaceuticals.jpg\" alt=\"\" width=\"200\" height=\"200\" srcset=\"https:\/\/industrialtransferpump.com\/wp-content\/uploads\/2023\/04\/Pharmaceuticals.jpg 200w, https:\/\/industrialtransferpump.com\/wp-content\/uploads\/2023\/04\/Pharmaceuticals-150x150.jpg 150w, https:\/\/industrialtransferpump.com\/wp-content\/uploads\/2023\/04\/Pharmaceuticals-50x50.jpg 50w\" sizes=\"auto, (max-width: 200px) 100vw, 200px\" \/><\/a><\/p>\n<p><strong>         <a href=\"https:\/\/industrialtransferpump.com\/es\/productos-farmaceuticos\/\">Productos farmac\u00e9uticos<\/a><\/strong>[\/vc_column_text][\/vc_column][vc_column width=&#8221;1\/5&#8243;][vc_column_text]<a href=\"https:\/\/industrialtransferpump.com\/es\/\"><img loading=\"lazy\" decoding=\"async\" class=\"alignnone size-full wp-image-7682\" src=\"https:\/\/industrialtransferpump.com\/wp-content\/uploads\/2023\/04\/Surface-technology.jpg\" alt=\"\" width=\"200\" height=\"200\" srcset=\"https:\/\/industrialtransferpump.com\/wp-content\/uploads\/2023\/04\/Surface-technology.jpg 200w, https:\/\/industrialtransferpump.com\/wp-content\/uploads\/2023\/04\/Surface-technology-150x150.jpg 150w, https:\/\/industrialtransferpump.com\/wp-content\/uploads\/2023\/04\/Surface-technology-50x50.jpg 50w\" sizes=\"auto, (max-width: 200px) 100vw, 200px\" \/><\/a><\/p>\n<p><strong>      <a href=\"https:\/\/industrialtransferpump.com\/es\/\">Tecnolog\u00eda de superficie<\/a><\/strong>[\/vc_column_text][\/vc_column][vc_column width=&#8221;1\/5&#8243;][vc_column_text]<a href=\"https:\/\/industrialtransferpump.com\/es\/\"><img loading=\"lazy\" decoding=\"async\" class=\"alignnone size-full wp-image-7683\" src=\"https:\/\/industrialtransferpump.com\/wp-content\/uploads\/2023\/04\/Water-treatment.jpg\" alt=\"\" width=\"200\" height=\"200\" srcset=\"https:\/\/industrialtransferpump.com\/wp-content\/uploads\/2023\/04\/Water-treatment.jpg 200w, https:\/\/industrialtransferpump.com\/wp-content\/uploads\/2023\/04\/Water-treatment-150x150.jpg 150w, https:\/\/industrialtransferpump.com\/wp-content\/uploads\/2023\/04\/Water-treatment-50x50.jpg 50w\" sizes=\"auto, (max-width: 200px) 100vw, 200px\" \/><\/a><\/p>\n<p><strong>        <a href=\"https:\/\/industrialtransferpump.com\/es\/\">Tratamiento del agua<\/a><\/strong>[\/vc_column_text][\/vc_column][\/vc_row][vc_row][vc_column width=&#8221;2\/3&#8243;][vc_column_text]<\/p>\n<div class=\"ce_row_start first row block\">\n<div class=\"ce_col_start small-12 large-11 columns block\">\n<p>&nbsp;<\/p>\n<p>&nbsp;<\/p>\n<p>Seguridad certificada para la m\u00e1s amplia gama de industrias y pa\u00edses: Los productos de bombas de flujo de bidones Allama est\u00e1n desarrollados y aprobados para su uso en todo el mundo; cumplen las m\u00e1s altas exigencias y normas de seguridad. Con la bomba Allama siempre estar\u00e1 en el lado seguro, en todas partes.<\/p>\n<p>Todos <a href=\"https:\/\/www.youtube.com\/channel\/UCol0ZHPWatU81xQlSV8UJsw\"><br \/>\n  <strong>los productos Pump<\/strong><br \/>\n<\/a> cumplen la normativa esencial de salud y seguridad 2006\/42\/CE y, por lo tanto, cuentan con la certificaci\u00f3n CE.<\/p>\n<\/div>\n<\/div>\n<div class=\"ce_row_start first row block\">\n<div class=\"ce_col_start small-12 large-11 columns block\">\n<p>&nbsp;<\/p>\n<\/div>\n<\/div>\n<p>[\/vc_column_text][\/vc_column][vc_column width=&#8221;1\/3&#8243;][vc_column_text]<\/p>\n<p>&nbsp;<\/p>\n<p>&nbsp;<\/p>\n<p><img loading=\"lazy\" decoding=\"async\" class=\"size-full wp-image-7686 alignnone\" src=\"https:\/\/industrialtransferpump.com\/wp-content\/uploads\/2023\/04\/app_ce.png\" alt=\"\" width=\"62\" height=\"44\">      <img loading=\"lazy\" decoding=\"async\" class=\"alignnone size-full wp-image-7685\" src=\"https:\/\/industrialtransferpump.com\/wp-content\/uploads\/2023\/04\/app_eac.png\" alt=\"\" width=\"53\" height=\"44\"><\/p>\n<p><img loading=\"lazy\" decoding=\"async\" class=\"alignnone wp-image-7694\" src=\"https:\/\/industrialtransferpump.com\/wp-content\/uploads\/2023\/04\/allame-pump-drum-pump.jpg\" alt=\"\" width=\"388\" height=\"93\">[\/vc_column_text][\/vc_column][\/vc_row][vc_row full_width=&#8221;stretch_row&#8221; el_class=&#8221;third_bg_color&#8221; css=&#8221;.vc_custom_1451889219674{margin-bottom: -60px !important;}&#8221;][vc_column][vc_cta h2=&#8221;si necesita m\u00e1s informaci\u00f3n&#8221; h2_font_container=&#8221;tag:h2|font_size:20px|text_align:left|color:%23000000|line_height:24px&#8221; h2_use_theme_fonts=&#8221;yes&#8221; h4=&#8221;Puede utilizar nuestro formulario de contacto r\u00e1pido para obtener m\u00e1s informaci\u00f3n sobre nuestras m\u00e1quinas. Cat\u00e1logos disponibles, fotos, v\u00eddeos y mucho m\u00e1s&#8230;&#8221; shape=&#8221;square&#8221; style=&#8221;flat&#8221; add_button=&#8221;right&#8221; btn_title=&#8221;Haga clic aqu\u00ed para contactar con nosotros&#8221; btn_style=&#8221;flat&#8221; btn_color=&#8221;theme_style_2&#8243; btn_align=&#8221;right&#8221; btn_i_align=&#8221;right&#8221; btn_i_icon_fontawesome=&#8221;stm-location&#8221; particles=&#8221;yes&#8221; use_custom_fonts_h2=&#8221;true&#8221; btn_button_block=&#8221;true&#8221; btn_add_icon=&#8221;true&#8221; el_class=&#8221;third_bg_color&#8221; css=&#8221;.vc_custom_1681168847893{margin-bottom: 0px !important;}&#8221; btn_link=&#8221;url:https%3A%2F%2Findustrialtransferpump.com%2Fcontact-us%2F|&#8221;][\/vc_cta][\/vc_column][\/vc_row]<\/p>\n<\/div>","protected":false},"excerpt":{"rendered":"<p>[vc_row][vc_column][vc_custom_heading text=&#8221;Sectores industriales&#8221; font_container=&#8221;tag:h3|text_align:left&#8221; use_theme_fonts=&#8221;yes&#8221; css=&#8221;.vc_custom_1681162112476{margin-bottom: 30px !important;}&#8221;][vc_column_text] Bombas de trasvase con la soluci\u00f3n adecuada para todas las industrias Con sus productos basados en aplicaciones, Transfer Pump tiene la soluci\u00f3n adecuada para cada sector de la industria. Utilice nuestros iconos como gu\u00eda para encontrar los productos adecuados para su industria. sector. [\/vc_column_text][\/vc_column][\/vc_row][vc_row][vc_column width=&#8221;1\/5&#8243;][vc_column_text] Agricultura[\/vc_column_text][\/vc_column][vc_column width=&#8221;1\/5&#8243;][vc_column_text]<\/p>\n","protected":false},"author":1,"featured_media":0,"parent":0,"menu_order":0,"comment_status":"closed","ping_status":"closed","template":"","meta":{"_joinchat":[],"footnotes":""},"class_list":["post-9134","page","type-page","status-publish","hentry"],"yoast_head":"<!-- This site is optimized with the Yoast SEO plugin v22.3 - https:\/\/yoast.com\/wordpress\/plugins\/seo\/ -->\n<title>Aplicaciones - Industrial Transfer Pump Manufacturer<\/title>\n<meta name=\"description\" content=\"Con sus productos basados en aplicaciones, Allame pump tiene la soluci\u00f3n adecuada para cada sector de la industria. Descarga de barriles Bomba Industrias\" \/>\n<meta name=\"robots\" content=\"index, follow, max-snippet:-1, max-image-preview:large, max-video-preview:-1\" \/>\n<link rel=\"canonical\" href=\"https:\/\/industrialtransferpump.com\/es\/aplicaciones\/\" \/>\n<meta property=\"og:locale\" content=\"es_ES\" \/>\n<meta property=\"og:type\" content=\"article\" \/>\n<meta property=\"og:title\" content=\"Aplicaciones - Industrial Transfer Pump Manufacturer\" \/>\n<meta property=\"og:description\" content=\"Con sus productos basados en aplicaciones, Allame pump tiene la soluci\u00f3n adecuada para cada sector de la industria. Descarga de barriles Bomba Industrias\" \/>\n<meta property=\"og:url\" content=\"https:\/\/industrialtransferpump.com\/es\/aplicaciones\/\" \/>\n<meta property=\"og:site_name\" content=\"Industrial Transfer Pump Manufacturer\" \/>\n<meta property=\"article:modified_time\" content=\"2023-10-04T10:11:50+00:00\" \/>\n<meta property=\"og:image\" content=\"https:\/\/industrialtransferpump.com\/wp-content\/uploads\/2023\/04\/agricultu.jpeg\" \/>\n<meta name=\"twitter:card\" content=\"summary_large_image\" \/>\n<meta name=\"twitter:label1\" content=\"Tiempo de lectura\" \/>\n\t<meta name=\"twitter:data1\" content=\"2 minutos\" \/>\n<script type=\"application\/ld+json\" class=\"yoast-schema-graph\">{\"@context\":\"https:\/\/schema.org\",\"@graph\":[{\"@type\":\"WebPage\",\"@id\":\"https:\/\/industrialtransferpump.com\/es\/aplicaciones\/\",\"url\":\"https:\/\/industrialtransferpump.com\/es\/aplicaciones\/\",\"name\":\"Aplicaciones - Industrial Transfer Pump Manufacturer\",\"isPartOf\":{\"@id\":\"https:\/\/industrialtransferpump.com\/#website\"},\"primaryImageOfPage\":{\"@id\":\"https:\/\/industrialtransferpump.com\/es\/aplicaciones\/#primaryimage\"},\"image\":{\"@id\":\"https:\/\/industrialtransferpump.com\/es\/aplicaciones\/#primaryimage\"},\"thumbnailUrl\":\"https:\/\/industrialtransferpump.com\/wp-content\/uploads\/2023\/04\/agricultu.jpeg\",\"datePublished\":\"2023-04-10T21:18:23+00:00\",\"dateModified\":\"2023-10-04T10:11:50+00:00\",\"description\":\"Con sus productos basados en aplicaciones, Allame pump tiene la soluci\u00f3n adecuada para cada sector de la industria. Descarga de barriles Bomba Industrias\",\"breadcrumb\":{\"@id\":\"https:\/\/industrialtransferpump.com\/es\/aplicaciones\/#breadcrumb\"},\"inLanguage\":\"es\",\"potentialAction\":[{\"@type\":\"ReadAction\",\"target\":[\"https:\/\/industrialtransferpump.com\/es\/aplicaciones\/\"]}]},{\"@type\":\"ImageObject\",\"inLanguage\":\"es\",\"@id\":\"https:\/\/industrialtransferpump.com\/es\/aplicaciones\/#primaryimage\",\"url\":\"https:\/\/industrialtransferpump.com\/wp-content\/uploads\/2023\/04\/agricultu.jpeg\",\"contentUrl\":\"https:\/\/industrialtransferpump.com\/wp-content\/uploads\/2023\/04\/agricultu.jpeg\",\"width\":200,\"height\":200},{\"@type\":\"BreadcrumbList\",\"@id\":\"https:\/\/industrialtransferpump.com\/es\/aplicaciones\/#breadcrumb\",\"itemListElement\":[{\"@type\":\"ListItem\",\"position\":1,\"name\":\"Home\",\"item\":\"https:\/\/industrialtransferpump.com\/es\/inicio\/\"},{\"@type\":\"ListItem\",\"position\":2,\"name\":\"Aplicaciones\"}]},{\"@type\":\"WebSite\",\"@id\":\"https:\/\/industrialtransferpump.com\/#website\",\"url\":\"https:\/\/industrialtransferpump.com\/\",\"name\":\"Drum Emptying System & Barrel Unloading System\",\"description\":\"Industrial Transfer Pump\",\"publisher\":{\"@id\":\"https:\/\/industrialtransferpump.com\/#organization\"},\"potentialAction\":[{\"@type\":\"SearchAction\",\"target\":{\"@type\":\"EntryPoint\",\"urlTemplate\":\"https:\/\/industrialtransferpump.com\/?s={search_term_string}\"},\"query-input\":\"required name=search_term_string\"}],\"inLanguage\":\"es\"},{\"@type\":\"Organization\",\"@id\":\"https:\/\/industrialtransferpump.com\/#organization\",\"name\":\"Barrel Pump Trasferring Systems\",\"url\":\"https:\/\/industrialtransferpump.com\/\",\"logo\":{\"@type\":\"ImageObject\",\"inLanguage\":\"es\",\"@id\":\"https:\/\/industrialtransferpump.com\/#\/schema\/logo\/image\/\",\"url\":\"https:\/\/industrialtransferpump.com\/wp-content\/uploads\/2021\/03\/Logo.png\",\"contentUrl\":\"https:\/\/industrialtransferpump.com\/wp-content\/uploads\/2021\/03\/Logo.png\",\"width\":6617,\"height\":4077,\"caption\":\"Barrel Pump Trasferring Systems\"},\"image\":{\"@id\":\"https:\/\/industrialtransferpump.com\/#\/schema\/logo\/image\/\"}}]}<\/script>\n<!-- \/ Yoast SEO plugin. -->","yoast_head_json":{"title":"Aplicaciones - Industrial Transfer Pump Manufacturer","description":"Con sus productos basados en aplicaciones, Allame pump tiene la soluci\u00f3n adecuada para cada sector de la industria. Descarga de barriles Bomba Industrias","robots":{"index":"index","follow":"follow","max-snippet":"max-snippet:-1","max-image-preview":"max-image-preview:large","max-video-preview":"max-video-preview:-1"},"canonical":"https:\/\/industrialtransferpump.com\/es\/aplicaciones\/","og_locale":"es_ES","og_type":"article","og_title":"Aplicaciones - Industrial Transfer Pump Manufacturer","og_description":"Con sus productos basados en aplicaciones, Allame pump tiene la soluci\u00f3n adecuada para cada sector de la industria. Descarga de barriles Bomba Industrias","og_url":"https:\/\/industrialtransferpump.com\/es\/aplicaciones\/","og_site_name":"Industrial Transfer Pump Manufacturer","article_modified_time":"2023-10-04T10:11:50+00:00","og_image":[{"url":"https:\/\/industrialtransferpump.com\/wp-content\/uploads\/2023\/04\/agricultu.jpeg"}],"twitter_card":"summary_large_image","twitter_misc":{"Tiempo de lectura":"2 minutos"},"schema":{"@context":"https:\/\/schema.org","@graph":[{"@type":"WebPage","@id":"https:\/\/industrialtransferpump.com\/es\/aplicaciones\/","url":"https:\/\/industrialtransferpump.com\/es\/aplicaciones\/","name":"Aplicaciones - Industrial Transfer Pump Manufacturer","isPartOf":{"@id":"https:\/\/industrialtransferpump.com\/#website"},"primaryImageOfPage":{"@id":"https:\/\/industrialtransferpump.com\/es\/aplicaciones\/#primaryimage"},"image":{"@id":"https:\/\/industrialtransferpump.com\/es\/aplicaciones\/#primaryimage"},"thumbnailUrl":"https:\/\/industrialtransferpump.com\/wp-content\/uploads\/2023\/04\/agricultu.jpeg","datePublished":"2023-04-10T21:18:23+00:00","dateModified":"2023-10-04T10:11:50+00:00","description":"Con sus productos basados en aplicaciones, Allame pump tiene la soluci\u00f3n adecuada para cada sector de la industria. Descarga de barriles Bomba Industrias","breadcrumb":{"@id":"https:\/\/industrialtransferpump.com\/es\/aplicaciones\/#breadcrumb"},"inLanguage":"es","potentialAction":[{"@type":"ReadAction","target":["https:\/\/industrialtransferpump.com\/es\/aplicaciones\/"]}]},{"@type":"ImageObject","inLanguage":"es","@id":"https:\/\/industrialtransferpump.com\/es\/aplicaciones\/#primaryimage","url":"https:\/\/industrialtransferpump.com\/wp-content\/uploads\/2023\/04\/agricultu.jpeg","contentUrl":"https:\/\/industrialtransferpump.com\/wp-content\/uploads\/2023\/04\/agricultu.jpeg","width":200,"height":200},{"@type":"BreadcrumbList","@id":"https:\/\/industrialtransferpump.com\/es\/aplicaciones\/#breadcrumb","itemListElement":[{"@type":"ListItem","position":1,"name":"Home","item":"https:\/\/industrialtransferpump.com\/es\/inicio\/"},{"@type":"ListItem","position":2,"name":"Aplicaciones"}]},{"@type":"WebSite","@id":"https:\/\/industrialtransferpump.com\/#website","url":"https:\/\/industrialtransferpump.com\/","name":"Drum Emptying System & Barrel Unloading System","description":"Industrial Transfer Pump","publisher":{"@id":"https:\/\/industrialtransferpump.com\/#organization"},"potentialAction":[{"@type":"SearchAction","target":{"@type":"EntryPoint","urlTemplate":"https:\/\/industrialtransferpump.com\/?s={search_term_string}"},"query-input":"required name=search_term_string"}],"inLanguage":"es"},{"@type":"Organization","@id":"https:\/\/industrialtransferpump.com\/#organization","name":"Barrel Pump Trasferring Systems","url":"https:\/\/industrialtransferpump.com\/","logo":{"@type":"ImageObject","inLanguage":"es","@id":"https:\/\/industrialtransferpump.com\/#\/schema\/logo\/image\/","url":"https:\/\/industrialtransferpump.com\/wp-content\/uploads\/2021\/03\/Logo.png","contentUrl":"https:\/\/industrialtransferpump.com\/wp-content\/uploads\/2021\/03\/Logo.png","width":6617,"height":4077,"caption":"Barrel Pump Trasferring Systems"},"image":{"@id":"https:\/\/industrialtransferpump.com\/#\/schema\/logo\/image\/"}}]}},"_links":{"self":[{"href":"https:\/\/industrialtransferpump.com\/es\/wp-json\/wp\/v2\/pages\/9134","targetHints":{"allow":["GET"]}}],"collection":[{"href":"https:\/\/industrialtransferpump.com\/es\/wp-json\/wp\/v2\/pages"}],"about":[{"href":"https:\/\/industrialtransferpump.com\/es\/wp-json\/wp\/v2\/types\/page"}],"author":[{"embeddable":true,"href":"https:\/\/industrialtransferpump.com\/es\/wp-json\/wp\/v2\/users\/1"}],"replies":[{"embeddable":true,"href":"https:\/\/industrialtransferpump.com\/es\/wp-json\/wp\/v2\/comments?post=9134"}],"version-history":[{"count":2,"href":"https:\/\/industrialtransferpump.com\/es\/wp-json\/wp\/v2\/pages\/9134\/revisions"}],"predecessor-version":[{"id":9140,"href":"https:\/\/industrialtransferpump.com\/es\/wp-json\/wp\/v2\/pages\/9134\/revisions\/9140"}],"wp:attachment":[{"href":"https:\/\/industrialtransferpump.com\/es\/wp-json\/wp\/v2\/media?parent=9134"}],"curies":[{"name":"wp","href":"https:\/\/api.w.org\/{rel}","templated":true}]}}