{"id":9141,"date":"2023-03-21T08:56:48","date_gmt":"2023-03-21T08:56:48","guid":{"rendered":"https:\/\/industrialtransferpump.com\/como-utilizar-el-sistema-de-vaciado-de-bidones\/"},"modified":"2024-01-19T09:18:46","modified_gmt":"2024-01-19T09:18:46","slug":"como-utilizar-el-sistema-de-vaciado-de-bidones","status":"publish","type":"page","link":"https:\/\/industrialtransferpump.com\/es\/como-utilizar-el-sistema-de-vaciado-de-bidones\/","title":{"rendered":"C\u00f3mo utilizar el sistema de vaciado de bidones"},"content":{"rendered":"<div class=\"wpb-content-wrapper\"><p>[vc_row][vc_column width=&#8221;2\/3&#8243;][vc_column_text]<\/p>\n<h3><strong>Manual del usuario del sistema de vaciado de bidones<\/strong><\/h3>\n<p>[\/vc_column_text][vc_single_image image=&#8221;7119&#8243; img_size=&#8221;1130&#215;650&#8243;][vc_video link=&#8221;https:\/\/www.youtube.com\/embed\/ixOLbLw1kAc?si=uLkc1OY3kJsq6K4k&#8221;][\/vc_column][vc_column width=&#8221;1\/3&#8243;][stm_sidebar sidebar=&#8221;577&#8243;][\/vc_column][\/vc_row][vc_row full_width=&#8221;stretch_row&#8221; el_class=&#8221;third_bg_color&#8221; css=&#8221;.vc_custom_1451889219674{margin-bottom: -60px !important;}&#8221;][vc_column][vc_cta h2=&#8221;si necesita m\u00e1s informaci\u00f3n&#8221; h2_font_container=&#8221;tag:h2|font_size:20px|text_align:left|color:%23000000|line_height:24px&#8221; h2_use_theme_fonts=&#8221;yes&#8221; h4=&#8221;Puede utilizar nuestro formulario de contacto r\u00e1pido para obtener m\u00e1s informaci\u00f3n sobre nuestras m\u00e1quinas. Cat\u00e1logos disponibles, fotos, v\u00eddeos y mucho m\u00e1s&#8230;&#8221; shape=&#8221;square&#8221; style=&#8221;flat&#8221; add_button=&#8221;right&#8221; btn_title=&#8221;Haga clic aqu\u00ed para contactar con nosotros&#8221; btn_style=&#8221;flat&#8221; btn_color=&#8221;theme_style_2&#8243; btn_align=&#8221;right&#8221; btn_i_align=&#8221;right&#8221; btn_i_icon_fontawesome=&#8221;stm-location&#8221; particles=&#8221;yes&#8221; use_custom_fonts_h2=&#8221;true&#8221; btn_button_block=&#8221;true&#8221; btn_add_icon=&#8221;true&#8221; el_class=&#8221;third_bg_color&#8221; css=&#8221;.vc_custom_1679914144211{margin-bottom: 0px !important;}&#8221; btn_link=&#8221;url:https%3A%2F%2Findustrialtransferpump.com%2Fes%2Fcontacte-con-nosotros%2F|&#8221;][\/vc_cta][\/vc_column][\/vc_row]<\/p>\n<\/div>","protected":false},"excerpt":{"rendered":"<p>[vc_row][vc_column width=&#8221;2\/3&#8243;][vc_column_text] Manual del usuario del sistema de vaciado de bidones [\/vc_column_text][vc_single_image image=&#8221;7119&#8243; img_size=&#8221;1130&#215;650&#8243;][vc_video link=&#8221;https:\/\/www.youtube.com\/embed\/ixOLbLw1kAc?si=uLkc1OY3kJsq6K4k&#8221;][\/vc_column][vc_column width=&#8221;1\/3&#8243;][stm_sidebar sidebar=&#8221;577&#8243;][\/vc_column][\/vc_row][vc_row full_width=&#8221;stretch_row&#8221; el_class=&#8221;third_bg_color&#8221; css=&#8221;.vc_custom_1451889219674{margin-bottom: -60px !important;}&#8221;][vc_column][vc_cta h2=&#8221;si necesita m\u00e1s informaci\u00f3n&#8221; h2_font_container=&#8221;tag:h2|font_size:20px|text_align:left|color:%23000000|line_height:24px&#8221; h2_use_theme_fonts=&#8221;yes&#8221; h4=&#8221;Puede utilizar nuestro formulario de contacto r\u00e1pido para obtener m\u00e1s informaci\u00f3n sobre nuestras m\u00e1quinas. Cat\u00e1logos disponibles, fotos, v\u00eddeos y mucho m\u00e1s&#8230;&#8221; shape=&#8221;square&#8221; style=&#8221;flat&#8221; add_button=&#8221;right&#8221; btn_title=&#8221;Haga clic aqu\u00ed<\/p>\n","protected":false},"author":1,"featured_media":0,"parent":0,"menu_order":0,"comment_status":"closed","ping_status":"closed","template":"","meta":{"_joinchat":[],"footnotes":""},"class_list":["post-9141","page","type-page","status-publish","hentry"],"yoast_head":"<!-- This site is optimized with the Yoast SEO plugin v22.3 - https:\/\/yoast.com\/wordpress\/plugins\/seo\/ -->\n<title>C\u00f3mo utilizar el sistema de vaciado de bidones - Industrial Transfer Pump Manufacturer<\/title>\n<meta name=\"description\" content=\"C\u00f3mo utilizar la bomba para bidonesLos sistemas de vaciado de bidones se han dise\u00f1ado espec\u00edficamente para su uso en las industrias farmac\u00e9utica, alimentaria y cosm\u00e9tica.\" \/>\n<meta name=\"robots\" content=\"index, follow, max-snippet:-1, max-image-preview:large, max-video-preview:-1\" \/>\n<link rel=\"canonical\" href=\"https:\/\/industrialtransferpump.com\/es\/como-utilizar-el-sistema-de-vaciado-de-bidones\/\" \/>\n<meta property=\"og:locale\" content=\"es_ES\" \/>\n<meta property=\"og:type\" content=\"article\" \/>\n<meta property=\"og:title\" content=\"C\u00f3mo utilizar el sistema de vaciado de bidones - Industrial Transfer Pump Manufacturer\" \/>\n<meta property=\"og:description\" content=\"C\u00f3mo utilizar la bomba para bidonesLos sistemas de vaciado de bidones se han dise\u00f1ado espec\u00edficamente para su uso en las industrias farmac\u00e9utica, alimentaria y cosm\u00e9tica.\" \/>\n<meta property=\"og:url\" content=\"https:\/\/industrialtransferpump.com\/es\/como-utilizar-el-sistema-de-vaciado-de-bidones\/\" \/>\n<meta property=\"og:site_name\" content=\"Industrial Transfer Pump Manufacturer\" \/>\n<meta property=\"article:modified_time\" content=\"2024-01-19T09:18:46+00:00\" \/>\n<meta name=\"twitter:card\" content=\"summary_large_image\" \/>\n<meta name=\"twitter:label1\" content=\"Tiempo de lectura\" \/>\n\t<meta name=\"twitter:data1\" content=\"1 minuto\" \/>\n<script type=\"application\/ld+json\" class=\"yoast-schema-graph\">{\"@context\":\"https:\/\/schema.org\",\"@graph\":[{\"@type\":\"WebPage\",\"@id\":\"https:\/\/industrialtransferpump.com\/es\/como-utilizar-el-sistema-de-vaciado-de-bidones\/\",\"url\":\"https:\/\/industrialtransferpump.com\/es\/como-utilizar-el-sistema-de-vaciado-de-bidones\/\",\"name\":\"C\u00f3mo utilizar el sistema de vaciado de bidones - Industrial Transfer Pump Manufacturer\",\"isPartOf\":{\"@id\":\"https:\/\/industrialtransferpump.com\/#website\"},\"datePublished\":\"2023-03-21T08:56:48+00:00\",\"dateModified\":\"2024-01-19T09:18:46+00:00\",\"description\":\"C\u00f3mo utilizar la bomba para bidonesLos sistemas de vaciado de bidones se han dise\u00f1ado espec\u00edficamente para su uso en las industrias farmac\u00e9utica, alimentaria y cosm\u00e9tica.\",\"breadcrumb\":{\"@id\":\"https:\/\/industrialtransferpump.com\/es\/como-utilizar-el-sistema-de-vaciado-de-bidones\/#breadcrumb\"},\"inLanguage\":\"es\",\"potentialAction\":[{\"@type\":\"ReadAction\",\"target\":[\"https:\/\/industrialtransferpump.com\/es\/como-utilizar-el-sistema-de-vaciado-de-bidones\/\"]}]},{\"@type\":\"BreadcrumbList\",\"@id\":\"https:\/\/industrialtransferpump.com\/es\/como-utilizar-el-sistema-de-vaciado-de-bidones\/#breadcrumb\",\"itemListElement\":[{\"@type\":\"ListItem\",\"position\":1,\"name\":\"Home\",\"item\":\"https:\/\/industrialtransferpump.com\/es\/inicio\/\"},{\"@type\":\"ListItem\",\"position\":2,\"name\":\"C\u00f3mo utilizar el sistema de vaciado de bidones\"}]},{\"@type\":\"WebSite\",\"@id\":\"https:\/\/industrialtransferpump.com\/#website\",\"url\":\"https:\/\/industrialtransferpump.com\/\",\"name\":\"Drum Emptying System & Barrel Unloading System\",\"description\":\"Industrial Transfer Pump\",\"publisher\":{\"@id\":\"https:\/\/industrialtransferpump.com\/#organization\"},\"potentialAction\":[{\"@type\":\"SearchAction\",\"target\":{\"@type\":\"EntryPoint\",\"urlTemplate\":\"https:\/\/industrialtransferpump.com\/?s={search_term_string}\"},\"query-input\":\"required name=search_term_string\"}],\"inLanguage\":\"es\"},{\"@type\":\"Organization\",\"@id\":\"https:\/\/industrialtransferpump.com\/#organization\",\"name\":\"Barrel Pump Trasferring Systems\",\"url\":\"https:\/\/industrialtransferpump.com\/\",\"logo\":{\"@type\":\"ImageObject\",\"inLanguage\":\"es\",\"@id\":\"https:\/\/industrialtransferpump.com\/#\/schema\/logo\/image\/\",\"url\":\"https:\/\/industrialtransferpump.com\/wp-content\/uploads\/2021\/03\/Logo.png\",\"contentUrl\":\"https:\/\/industrialtransferpump.com\/wp-content\/uploads\/2021\/03\/Logo.png\",\"width\":6617,\"height\":4077,\"caption\":\"Barrel Pump Trasferring Systems\"},\"image\":{\"@id\":\"https:\/\/industrialtransferpump.com\/#\/schema\/logo\/image\/\"}}]}<\/script>\n<!-- \/ Yoast SEO plugin. -->","yoast_head_json":{"title":"C\u00f3mo utilizar el sistema de vaciado de bidones - Industrial Transfer Pump Manufacturer","description":"C\u00f3mo utilizar la bomba para bidonesLos sistemas de vaciado de bidones se han dise\u00f1ado espec\u00edficamente para su uso en las industrias farmac\u00e9utica, alimentaria y cosm\u00e9tica.","robots":{"index":"index","follow":"follow","max-snippet":"max-snippet:-1","max-image-preview":"max-image-preview:large","max-video-preview":"max-video-preview:-1"},"canonical":"https:\/\/industrialtransferpump.com\/es\/como-utilizar-el-sistema-de-vaciado-de-bidones\/","og_locale":"es_ES","og_type":"article","og_title":"C\u00f3mo utilizar el sistema de vaciado de bidones - Industrial Transfer Pump Manufacturer","og_description":"C\u00f3mo utilizar la bomba para bidonesLos sistemas de vaciado de bidones se han dise\u00f1ado espec\u00edficamente para su uso en las industrias farmac\u00e9utica, alimentaria y cosm\u00e9tica.","og_url":"https:\/\/industrialtransferpump.com\/es\/como-utilizar-el-sistema-de-vaciado-de-bidones\/","og_site_name":"Industrial Transfer Pump Manufacturer","article_modified_time":"2024-01-19T09:18:46+00:00","twitter_card":"summary_large_image","twitter_misc":{"Tiempo de lectura":"1 minuto"},"schema":{"@context":"https:\/\/schema.org","@graph":[{"@type":"WebPage","@id":"https:\/\/industrialtransferpump.com\/es\/como-utilizar-el-sistema-de-vaciado-de-bidones\/","url":"https:\/\/industrialtransferpump.com\/es\/como-utilizar-el-sistema-de-vaciado-de-bidones\/","name":"C\u00f3mo utilizar el sistema de vaciado de bidones - Industrial Transfer Pump Manufacturer","isPartOf":{"@id":"https:\/\/industrialtransferpump.com\/#website"},"datePublished":"2023-03-21T08:56:48+00:00","dateModified":"2024-01-19T09:18:46+00:00","description":"C\u00f3mo utilizar la bomba para bidonesLos sistemas de vaciado de bidones se han dise\u00f1ado espec\u00edficamente para su uso en las industrias farmac\u00e9utica, alimentaria y cosm\u00e9tica.","breadcrumb":{"@id":"https:\/\/industrialtransferpump.com\/es\/como-utilizar-el-sistema-de-vaciado-de-bidones\/#breadcrumb"},"inLanguage":"es","potentialAction":[{"@type":"ReadAction","target":["https:\/\/industrialtransferpump.com\/es\/como-utilizar-el-sistema-de-vaciado-de-bidones\/"]}]},{"@type":"BreadcrumbList","@id":"https:\/\/industrialtransferpump.com\/es\/como-utilizar-el-sistema-de-vaciado-de-bidones\/#breadcrumb","itemListElement":[{"@type":"ListItem","position":1,"name":"Home","item":"https:\/\/industrialtransferpump.com\/es\/inicio\/"},{"@type":"ListItem","position":2,"name":"C\u00f3mo utilizar el sistema de vaciado de bidones"}]},{"@type":"WebSite","@id":"https:\/\/industrialtransferpump.com\/#website","url":"https:\/\/industrialtransferpump.com\/","name":"Drum Emptying System & Barrel Unloading System","description":"Industrial Transfer Pump","publisher":{"@id":"https:\/\/industrialtransferpump.com\/#organization"},"potentialAction":[{"@type":"SearchAction","target":{"@type":"EntryPoint","urlTemplate":"https:\/\/industrialtransferpump.com\/?s={search_term_string}"},"query-input":"required name=search_term_string"}],"inLanguage":"es"},{"@type":"Organization","@id":"https:\/\/industrialtransferpump.com\/#organization","name":"Barrel Pump Trasferring Systems","url":"https:\/\/industrialtransferpump.com\/","logo":{"@type":"ImageObject","inLanguage":"es","@id":"https:\/\/industrialtransferpump.com\/#\/schema\/logo\/image\/","url":"https:\/\/industrialtransferpump.com\/wp-content\/uploads\/2021\/03\/Logo.png","contentUrl":"https:\/\/industrialtransferpump.com\/wp-content\/uploads\/2021\/03\/Logo.png","width":6617,"height":4077,"caption":"Barrel Pump Trasferring Systems"},"image":{"@id":"https:\/\/industrialtransferpump.com\/#\/schema\/logo\/image\/"}}]}},"_links":{"self":[{"href":"https:\/\/industrialtransferpump.com\/es\/wp-json\/wp\/v2\/pages\/9141","targetHints":{"allow":["GET"]}}],"collection":[{"href":"https:\/\/industrialtransferpump.com\/es\/wp-json\/wp\/v2\/pages"}],"about":[{"href":"https:\/\/industrialtransferpump.com\/es\/wp-json\/wp\/v2\/types\/page"}],"author":[{"embeddable":true,"href":"https:\/\/industrialtransferpump.com\/es\/wp-json\/wp\/v2\/users\/1"}],"replies":[{"embeddable":true,"href":"https:\/\/industrialtransferpump.com\/es\/wp-json\/wp\/v2\/comments?post=9141"}],"version-history":[{"count":16,"href":"https:\/\/industrialtransferpump.com\/es\/wp-json\/wp\/v2\/pages\/9141\/revisions"}],"predecessor-version":[{"id":10529,"href":"https:\/\/industrialtransferpump.com\/es\/wp-json\/wp\/v2\/pages\/9141\/revisions\/10529"}],"wp:attachment":[{"href":"https:\/\/industrialtransferpump.com\/es\/wp-json\/wp\/v2\/media?parent=9141"}],"curies":[{"name":"wp","href":"https:\/\/api.w.org\/{rel}","templated":true}]}}