{"id":9143,"date":"2023-04-10T23:24:41","date_gmt":"2023-04-10T23:24:41","guid":{"rendered":"https:\/\/industrialtransferpump.com\/quimica\/"},"modified":"2023-10-04T10:11:53","modified_gmt":"2023-10-04T10:11:53","slug":"quimica","status":"publish","type":"page","link":"https:\/\/industrialtransferpump.com\/es\/quimica\/","title":{"rendered":"Qu\u00edmica"},"content":{"rendered":"<div class=\"wpb-content-wrapper\"><p>[vc_row][vc_column width=&#8221;2\/3&#8243;][vc_custom_heading text=&#8221;Bombas para el sector qu\u00edmico&#8221; use_theme_fonts=&#8221;yes&#8221;][stm_spacing lg_spacing=&#8221;30&#8243; md_spacing=&#8221;30&#8243; sm_spacing=&#8221;30&#8243; xs_spacing=&#8221;30&#8243;][vc_column_text]<img loading=\"lazy\" decoding=\"async\" class=\"alignnone size-full wp-image-6955\" src=\"https:\/\/industrialtransferpump.com\/wp-content\/uploads\/2021\/09\/Industrial-Drum-Pumps-Usage-Areas.jpg\" alt=\"End\u00fcstriyel Varil Pompalar\u0131 Kullan\u0131m Alanlar\u0131\" width=\"1000\" height=\"711\" srcset=\"https:\/\/industrialtransferpump.com\/wp-content\/uploads\/2021\/09\/Industrial-Drum-Pumps-Usage-Areas.jpg 1000w, https:\/\/industrialtransferpump.com\/wp-content\/uploads\/2021\/09\/Industrial-Drum-Pumps-Usage-Areas-300x213.jpg 300w, https:\/\/industrialtransferpump.com\/wp-content\/uploads\/2021\/09\/Industrial-Drum-Pumps-Usage-Areas-768x546.jpg 768w, https:\/\/industrialtransferpump.com\/wp-content\/uploads\/2021\/09\/Industrial-Drum-Pumps-Usage-Areas-350x250.jpg 350w, https:\/\/industrialtransferpump.com\/wp-content\/uploads\/2021\/09\/Industrial-Drum-Pumps-Usage-Areas-255x182.jpg 255w, https:\/\/industrialtransferpump.com\/wp-content\/uploads\/2021\/09\/Industrial-Drum-Pumps-Usage-Areas-900x640.jpg 900w\" sizes=\"auto, (max-width: 1000px) 100vw, 1000px\" \/>El vaciado de bidones desinfectantes es otra aplicaci\u00f3n de los sistemas y bombas de vaciado de bidones. Los desinfectantes se utilizan ampliamente en instalaciones sanitarias, la producci\u00f3n de alimentos y otras industrias para evitar la propagaci\u00f3n de infecciones. Estos sistemas facilitan y hacen m\u00e1s seguro el trasvase de desinfectantes de bidones a otros contenedores, garantizando que el proceso se realiza correctamente y sin riesgo de contaminaci\u00f3n.<\/p>\n<p>El vaciado de art\u00edculos de limpieza y el vaciado con bomba de bidones llenos de art\u00edculos de limpieza son otras aplicaciones habituales de los sistemas y bombas de vaciado de bidones. Se utilizan en diversos sectores, como la hosteler\u00eda, la sanidad y la fabricaci\u00f3n, para garantizar que los productos de limpieza se dispensan con precisi\u00f3n y eficacia.<\/p>\n<p>El drenaje de espuma de bomberos, el drenaje de amon\u00edaco, el drenaje de pegamento y la descarga de espuma de silicona son otras aplicaciones de los sistemas y bombas de descarga de bidones. Estos sistemas est\u00e1n dise\u00f1ados para manipular una amplia gama de fluidos, incluidos los de alta viscosidad y materiales abrasivos, garantizando que se dispensen con precisi\u00f3n y seguridad.<\/p>\n<p>En conclusi\u00f3n, el uso de <a href=\"https:\/\/industrialtransferpump.com\/unloading-barrel-system-technical\/\">sistemas<\/a> y bombas de <a href=\"https:\/\/industrialtransferpump.com\/unloading-barrel-system-technical\/\">descarga de bidones<\/a> es cada vez m\u00e1s popular en el sector qu\u00edmico. Se utilizan en diversas aplicaciones, como la agricultura, el vaciado de grasas, el vaciado de pasta de silicona, el vaciado de bidones de desinfectantes, el vaciado de productos de limpieza y muchas otras. Estos sistemas est\u00e1n dise\u00f1ados para manipular una amplia gama de fluidos, lo que facilita y hace m\u00e1s segura su manipulaci\u00f3n y trasvase. Tambi\u00e9n son eficaces y precisos, lo que garantiza que el proceso se realiza correctamente y sin riesgo de contaminaci\u00f3n.[\/vc_column_text][vc_custom_heading text=&#8221;Sistema de vaciado de bidones en productos qu\u00edmicos&#8221; font_container=&#8221;tag:h4|text_align:left&#8221; use_theme_fonts=&#8221;yes&#8221; el_class=&#8221;remove_padding&#8221;][vc_column_text]<strong>Sistema de vaciado de bidones en el sector qu\u00edm<\/strong> ico En el sector qu\u00edmico, el uso de sistemas o bombas de vaciado de bidones es cada vez m\u00e1s com\u00fan para diversas aplicaciones, como la agricultura, el vaciado de grasas, el vaciado de pastas de silicona, el vaciado de bidones de desinfectantes, el vaciado de productos de limpieza y muchas otras. Estos sistemas est\u00e1n dise\u00f1ados para manipular una amplia gama de fluidos, incluidos los de alta viscosidad y materiales abrasivos.<\/p>\n<p>La agricultura es una industria que depende en gran medida de los sistemas y bombas de descarga de bidones. Se utilizan para manipular fertilizantes, pesticidas y otros productos qu\u00edmicos cruciales en la producci\u00f3n de cultivos. Estos sistemas est\u00e1n dise\u00f1ados para manejar grandes vol\u00famenes de fluidos y suministrarlos con precisi\u00f3n a los yacimientos. Esto facilita y agiliza a los agricultores la aplicaci\u00f3n de productos qu\u00edmicos a sus cultivos, lo que mejora el rendimiento y la calidad de los productos.<\/p>\n<p>El vaciado de bidones de grasa es otra aplicaci\u00f3n com\u00fan de los sistemas y bombas de descarga de bidones. La grasa se utiliza habitualmente en diversos sectores, como la automoci\u00f3n, la industria manufacturera y la producci\u00f3n alimentaria. Cuando se vac\u00eda un bid\u00f3n de grasa, es esencial vaciarlo a fondo para evitar cualquier contaminaci\u00f3n. El uso de un sistema de descarga de bidones o una bomba hace que este proceso sea m\u00e1s f\u00e1cil y eficaz.<\/p>\n<p>El vaciado de pasta de silicona y el vaciado de bidones de silicona son otras aplicaciones de los sistemas y bombas de vaciado de bidones. La silicona se utiliza habitualmente en la fabricaci\u00f3n de diversos productos, como dispositivos m\u00e9dicos, productos electr\u00f3nicos y materiales de construcci\u00f3n. Estos sistemas facilitan la manipulaci\u00f3n y el trasvase de silicona de un bid\u00f3n a otro, garantizando que el proceso se realiza de forma segura y precisa.<\/p>\n<p><img loading=\"lazy\" decoding=\"async\" class=\"alignnone size-full wp-image-7771\" src=\"https:\/\/industrialtransferpump.com\/wp-content\/uploads\/2023\/04\/httpsindustrialtransferpump.comunloading-barrel-system-technical.jpg\" alt=\"\" width=\"800\" height=\"444\" srcset=\"https:\/\/industrialtransferpump.com\/wp-content\/uploads\/2023\/04\/httpsindustrialtransferpump.comunloading-barrel-system-technical.jpg 800w, https:\/\/industrialtransferpump.com\/wp-content\/uploads\/2023\/04\/httpsindustrialtransferpump.comunloading-barrel-system-technical-300x167.jpg 300w, https:\/\/industrialtransferpump.com\/wp-content\/uploads\/2023\/04\/httpsindustrialtransferpump.comunloading-barrel-system-technical-768x426.jpg 768w, https:\/\/industrialtransferpump.com\/wp-content\/uploads\/2023\/04\/httpsindustrialtransferpump.comunloading-barrel-system-technical-350x195.jpg 350w\" sizes=\"auto, (max-width: 800px) 100vw, 800px\" \/><span style=\"vertical-align: inherit;\"><span style=\"vertical-align: inherit;\"><span style=\"vertical-align: inherit;\"><span style=\"vertical-align: inherit;\"><span style=\"vertical-align: inherit;\"><span style=\"vertical-align: inherit;\">[\/vc_column_text][\/vc_column][vc_column width=&#8221;1\/3&#8243;][stm_sidebar sidebar=&#8221;577&#8243;][\/vc_column][\/vc_row][vc_row][vc_column][vc_column_text][\/vc_column_text][\/vc_column][\/vc_row]<\/span><\/span><\/span><\/span><\/span><\/span><\/p>\n<\/div>","protected":false},"excerpt":{"rendered":"<p>[vc_row][vc_column width=&#8221;2\/3&#8243;][vc_custom_heading text=&#8221;Bombas para el sector qu\u00edmico&#8221; use_theme_fonts=&#8221;yes&#8221;][stm_spacing lg_spacing=&#8221;30&#8243; md_spacing=&#8221;30&#8243; sm_spacing=&#8221;30&#8243; xs_spacing=&#8221;30&#8243;][vc_column_text]El vaciado de bidones desinfectantes es otra aplicaci\u00f3n de los sistemas y bombas de vaciado de bidones. Los desinfectantes se utilizan ampliamente en instalaciones sanitarias, la producci\u00f3n de alimentos y otras industrias para evitar la propagaci\u00f3n de infecciones. Estos sistemas facilitan y hacen m\u00e1s<\/p>\n","protected":false},"author":1,"featured_media":0,"parent":0,"menu_order":0,"comment_status":"closed","ping_status":"closed","template":"","meta":{"_joinchat":[],"footnotes":""},"class_list":["post-9143","page","type-page","status-publish","hentry"],"yoast_head":"<!-- This site is optimized with the Yoast SEO plugin v22.3 - https:\/\/yoast.com\/wordpress\/plugins\/seo\/ -->\n<title>Sistema de vaciado de bidones en productos qu\u00edmicos<\/title>\n<meta name=\"description\" content=\"Sistema de vaciado de bidones en productos qu\u00edmicos, ejemplos de aplicaci\u00f3n Bomba hidr\u00e1ulica de descarga de bidones Sistema hidr\u00e1ulico de descarga de bidones\" \/>\n<meta name=\"robots\" content=\"index, follow, max-snippet:-1, max-image-preview:large, max-video-preview:-1\" \/>\n<link rel=\"canonical\" href=\"https:\/\/industrialtransferpump.com\/es\/quimica\/\" \/>\n<meta property=\"og:locale\" content=\"es_ES\" \/>\n<meta property=\"og:type\" content=\"article\" \/>\n<meta property=\"og:title\" content=\"Sistema de vaciado de bidones en productos qu\u00edmicos\" \/>\n<meta property=\"og:description\" content=\"Sistema de vaciado de bidones en productos qu\u00edmicos, ejemplos de aplicaci\u00f3n Bomba hidr\u00e1ulica de descarga de bidones Sistema hidr\u00e1ulico de descarga de bidones\" \/>\n<meta property=\"og:url\" content=\"https:\/\/industrialtransferpump.com\/es\/quimica\/\" \/>\n<meta property=\"og:site_name\" content=\"Industrial Transfer Pump Manufacturer\" \/>\n<meta property=\"article:modified_time\" content=\"2023-10-04T10:11:53+00:00\" \/>\n<meta property=\"og:image\" content=\"https:\/\/industrialtransferpump.com\/wp-content\/uploads\/2021\/09\/Industrial-Drum-Pumps-Usage-Areas.jpg\" \/>\n<meta name=\"twitter:card\" content=\"summary_large_image\" \/>\n<meta name=\"twitter:label1\" content=\"Tiempo de lectura\" \/>\n\t<meta name=\"twitter:data1\" content=\"4 minutos\" \/>\n<script type=\"application\/ld+json\" class=\"yoast-schema-graph\">{\"@context\":\"https:\/\/schema.org\",\"@graph\":[{\"@type\":\"WebPage\",\"@id\":\"https:\/\/industrialtransferpump.com\/es\/quimica\/\",\"url\":\"https:\/\/industrialtransferpump.com\/es\/quimica\/\",\"name\":\"Sistema de vaciado de bidones en productos qu\u00edmicos\",\"isPartOf\":{\"@id\":\"https:\/\/industrialtransferpump.com\/#website\"},\"primaryImageOfPage\":{\"@id\":\"https:\/\/industrialtransferpump.com\/es\/quimica\/#primaryimage\"},\"image\":{\"@id\":\"https:\/\/industrialtransferpump.com\/es\/quimica\/#primaryimage\"},\"thumbnailUrl\":\"https:\/\/industrialtransferpump.com\/wp-content\/uploads\/2021\/09\/Industrial-Drum-Pumps-Usage-Areas.jpg\",\"datePublished\":\"2023-04-10T23:24:41+00:00\",\"dateModified\":\"2023-10-04T10:11:53+00:00\",\"description\":\"Sistema de vaciado de bidones en productos qu\u00edmicos, ejemplos de aplicaci\u00f3n Bomba hidr\u00e1ulica de descarga de bidones Sistema hidr\u00e1ulico de descarga de bidones\",\"breadcrumb\":{\"@id\":\"https:\/\/industrialtransferpump.com\/es\/quimica\/#breadcrumb\"},\"inLanguage\":\"es\",\"potentialAction\":[{\"@type\":\"ReadAction\",\"target\":[\"https:\/\/industrialtransferpump.com\/es\/quimica\/\"]}]},{\"@type\":\"ImageObject\",\"inLanguage\":\"es\",\"@id\":\"https:\/\/industrialtransferpump.com\/es\/quimica\/#primaryimage\",\"url\":\"https:\/\/industrialtransferpump.com\/wp-content\/uploads\/2021\/09\/Industrial-Drum-Pumps-Usage-Areas.jpg\",\"contentUrl\":\"https:\/\/industrialtransferpump.com\/wp-content\/uploads\/2021\/09\/Industrial-Drum-Pumps-Usage-Areas.jpg\",\"width\":1000,\"height\":711,\"caption\":\"Industrial Drum Pumps Usage Areas\"},{\"@type\":\"BreadcrumbList\",\"@id\":\"https:\/\/industrialtransferpump.com\/es\/quimica\/#breadcrumb\",\"itemListElement\":[{\"@type\":\"ListItem\",\"position\":1,\"name\":\"Home\",\"item\":\"https:\/\/industrialtransferpump.com\/es\/inicio\/\"},{\"@type\":\"ListItem\",\"position\":2,\"name\":\"Qu\u00edmica\"}]},{\"@type\":\"WebSite\",\"@id\":\"https:\/\/industrialtransferpump.com\/#website\",\"url\":\"https:\/\/industrialtransferpump.com\/\",\"name\":\"Drum Emptying System & Barrel Unloading System\",\"description\":\"Industrial Transfer Pump\",\"publisher\":{\"@id\":\"https:\/\/industrialtransferpump.com\/#organization\"},\"potentialAction\":[{\"@type\":\"SearchAction\",\"target\":{\"@type\":\"EntryPoint\",\"urlTemplate\":\"https:\/\/industrialtransferpump.com\/?s={search_term_string}\"},\"query-input\":\"required name=search_term_string\"}],\"inLanguage\":\"es\"},{\"@type\":\"Organization\",\"@id\":\"https:\/\/industrialtransferpump.com\/#organization\",\"name\":\"Barrel Pump Trasferring Systems\",\"url\":\"https:\/\/industrialtransferpump.com\/\",\"logo\":{\"@type\":\"ImageObject\",\"inLanguage\":\"es\",\"@id\":\"https:\/\/industrialtransferpump.com\/#\/schema\/logo\/image\/\",\"url\":\"https:\/\/industrialtransferpump.com\/wp-content\/uploads\/2021\/03\/Logo.png\",\"contentUrl\":\"https:\/\/industrialtransferpump.com\/wp-content\/uploads\/2021\/03\/Logo.png\",\"width\":6617,\"height\":4077,\"caption\":\"Barrel Pump Trasferring Systems\"},\"image\":{\"@id\":\"https:\/\/industrialtransferpump.com\/#\/schema\/logo\/image\/\"}}]}<\/script>\n<!-- \/ Yoast SEO plugin. -->","yoast_head_json":{"title":"Sistema de vaciado de bidones en productos qu\u00edmicos","description":"Sistema de vaciado de bidones en productos qu\u00edmicos, ejemplos de aplicaci\u00f3n Bomba hidr\u00e1ulica de descarga de bidones Sistema hidr\u00e1ulico de descarga de bidones","robots":{"index":"index","follow":"follow","max-snippet":"max-snippet:-1","max-image-preview":"max-image-preview:large","max-video-preview":"max-video-preview:-1"},"canonical":"https:\/\/industrialtransferpump.com\/es\/quimica\/","og_locale":"es_ES","og_type":"article","og_title":"Sistema de vaciado de bidones en productos qu\u00edmicos","og_description":"Sistema de vaciado de bidones en productos qu\u00edmicos, ejemplos de aplicaci\u00f3n Bomba hidr\u00e1ulica de descarga de bidones Sistema hidr\u00e1ulico de descarga de bidones","og_url":"https:\/\/industrialtransferpump.com\/es\/quimica\/","og_site_name":"Industrial Transfer Pump Manufacturer","article_modified_time":"2023-10-04T10:11:53+00:00","og_image":[{"url":"https:\/\/industrialtransferpump.com\/wp-content\/uploads\/2021\/09\/Industrial-Drum-Pumps-Usage-Areas.jpg"}],"twitter_card":"summary_large_image","twitter_misc":{"Tiempo de lectura":"4 minutos"},"schema":{"@context":"https:\/\/schema.org","@graph":[{"@type":"WebPage","@id":"https:\/\/industrialtransferpump.com\/es\/quimica\/","url":"https:\/\/industrialtransferpump.com\/es\/quimica\/","name":"Sistema de vaciado de bidones en productos qu\u00edmicos","isPartOf":{"@id":"https:\/\/industrialtransferpump.com\/#website"},"primaryImageOfPage":{"@id":"https:\/\/industrialtransferpump.com\/es\/quimica\/#primaryimage"},"image":{"@id":"https:\/\/industrialtransferpump.com\/es\/quimica\/#primaryimage"},"thumbnailUrl":"https:\/\/industrialtransferpump.com\/wp-content\/uploads\/2021\/09\/Industrial-Drum-Pumps-Usage-Areas.jpg","datePublished":"2023-04-10T23:24:41+00:00","dateModified":"2023-10-04T10:11:53+00:00","description":"Sistema de vaciado de bidones en productos qu\u00edmicos, ejemplos de aplicaci\u00f3n Bomba hidr\u00e1ulica de descarga de bidones Sistema hidr\u00e1ulico de descarga de bidones","breadcrumb":{"@id":"https:\/\/industrialtransferpump.com\/es\/quimica\/#breadcrumb"},"inLanguage":"es","potentialAction":[{"@type":"ReadAction","target":["https:\/\/industrialtransferpump.com\/es\/quimica\/"]}]},{"@type":"ImageObject","inLanguage":"es","@id":"https:\/\/industrialtransferpump.com\/es\/quimica\/#primaryimage","url":"https:\/\/industrialtransferpump.com\/wp-content\/uploads\/2021\/09\/Industrial-Drum-Pumps-Usage-Areas.jpg","contentUrl":"https:\/\/industrialtransferpump.com\/wp-content\/uploads\/2021\/09\/Industrial-Drum-Pumps-Usage-Areas.jpg","width":1000,"height":711,"caption":"Industrial Drum Pumps Usage Areas"},{"@type":"BreadcrumbList","@id":"https:\/\/industrialtransferpump.com\/es\/quimica\/#breadcrumb","itemListElement":[{"@type":"ListItem","position":1,"name":"Home","item":"https:\/\/industrialtransferpump.com\/es\/inicio\/"},{"@type":"ListItem","position":2,"name":"Qu\u00edmica"}]},{"@type":"WebSite","@id":"https:\/\/industrialtransferpump.com\/#website","url":"https:\/\/industrialtransferpump.com\/","name":"Drum Emptying System & Barrel Unloading System","description":"Industrial Transfer Pump","publisher":{"@id":"https:\/\/industrialtransferpump.com\/#organization"},"potentialAction":[{"@type":"SearchAction","target":{"@type":"EntryPoint","urlTemplate":"https:\/\/industrialtransferpump.com\/?s={search_term_string}"},"query-input":"required name=search_term_string"}],"inLanguage":"es"},{"@type":"Organization","@id":"https:\/\/industrialtransferpump.com\/#organization","name":"Barrel Pump Trasferring Systems","url":"https:\/\/industrialtransferpump.com\/","logo":{"@type":"ImageObject","inLanguage":"es","@id":"https:\/\/industrialtransferpump.com\/#\/schema\/logo\/image\/","url":"https:\/\/industrialtransferpump.com\/wp-content\/uploads\/2021\/03\/Logo.png","contentUrl":"https:\/\/industrialtransferpump.com\/wp-content\/uploads\/2021\/03\/Logo.png","width":6617,"height":4077,"caption":"Barrel Pump Trasferring Systems"},"image":{"@id":"https:\/\/industrialtransferpump.com\/#\/schema\/logo\/image\/"}}]}},"_links":{"self":[{"href":"https:\/\/industrialtransferpump.com\/es\/wp-json\/wp\/v2\/pages\/9143","targetHints":{"allow":["GET"]}}],"collection":[{"href":"https:\/\/industrialtransferpump.com\/es\/wp-json\/wp\/v2\/pages"}],"about":[{"href":"https:\/\/industrialtransferpump.com\/es\/wp-json\/wp\/v2\/types\/page"}],"author":[{"embeddable":true,"href":"https:\/\/industrialtransferpump.com\/es\/wp-json\/wp\/v2\/users\/1"}],"replies":[{"embeddable":true,"href":"https:\/\/industrialtransferpump.com\/es\/wp-json\/wp\/v2\/comments?post=9143"}],"version-history":[{"count":2,"href":"https:\/\/industrialtransferpump.com\/es\/wp-json\/wp\/v2\/pages\/9143\/revisions"}],"predecessor-version":[{"id":9150,"href":"https:\/\/industrialtransferpump.com\/es\/wp-json\/wp\/v2\/pages\/9143\/revisions\/9150"}],"wp:attachment":[{"href":"https:\/\/industrialtransferpump.com\/es\/wp-json\/wp\/v2\/media?parent=9143"}],"curies":[{"name":"wp","href":"https:\/\/api.w.org\/{rel}","templated":true}]}}