{"id":9153,"date":"2023-04-10T23:29:00","date_gmt":"2023-04-10T23:29:00","guid":{"rendered":"https:\/\/industrialtransferpump.com\/industria-bomba-de-descarga-de-grasa-de-barril\/"},"modified":"2023-10-04T10:12:01","modified_gmt":"2023-10-04T10:12:01","slug":"industria-bomba-de-descarga-de-grasa-de-barril","status":"publish","type":"page","link":"https:\/\/industrialtransferpump.com\/es\/industria-bomba-de-descarga-de-grasa-de-barril\/","title":{"rendered":"Industria &#8211; Bomba de descarga de grasa de barril"},"content":{"rendered":"<div class=\"wpb-content-wrapper\"><p>[vc_row][vc_column width=&#8221;2\/3&#8243;][vc_custom_heading text=&#8221;Bombas de descarga de barriles para el sector industrial&#8221; font_container=&#8221;tag:h1|text_align:left&#8221; use_theme_fonts=&#8221;yes&#8221;][stm_spacing lg_spacing=&#8221;30&#8243; md_spacing=&#8221;30&#8243; sm_spacing=&#8221;30&#8243; xs_spacing=&#8221;30&#8243;][vc_column_text]<strong>Bomba de descarga de grasa de barril<\/strong><\/p>\n<p>Bombas de Transferencia de Grasa para Bidones: Soluciones eficientes y fiables para descargar grasa de barriles<\/p>\n<p>Las bombas de descarga de grasa de barril, tambi\u00e9n conocidas como bombas de transferencia de grasa de bid\u00f3n, son una herramienta esencial para el proceso de transferencia de grasa en muchas industrias. Estas bombas est\u00e1n dise\u00f1adas espec\u00edficamente para descargar de forma eficaz y fiable la grasa de barriles u otros recipientes y transferirla al equipo de procesamiento o almacenamiento. En este art\u00edculo analizaremos la importancia de las bombas de descarga de grasa para barriles, sus ventajas y c\u00f3mo pueden utilizarse en diversas industrias.<\/p>\n<p>\u00bfQu\u00e9 son <a href=\"https:\/\/industrialtransferpump.com\/how-to-use-unloading-barrel-system\/\">las bombas de descarga de grasa de barril<\/a>?<\/p>\n<p>Las bombas de descarga de grasa para barriles son bombas especializadas dise\u00f1adas para <em>descargar grasa<\/em> de barriles u otros recipientes y transferirla a equipos de procesamiento o almacenamiento. Suelen fabricarse con materiales como el acero inoxidable o el aluminio, que son resistentes a la corrosi\u00f3n y pueden soportar la alta viscosidad de la grasa. Las bombas de descarga de grasa de barril est\u00e1n disponibles en varios tama\u00f1os y estilos, y pueden funcionar con motores el\u00e9ctricos, compresores de aire o sistemas hidr\u00e1ulicos.<\/p>\n<p><img loading=\"lazy\" decoding=\"async\" class=\" wp-image-7870\" src=\"https:\/\/industrialtransferpump.com\/wp-content\/uploads\/2023\/05\/Barrel-grease-unloding-pump.jpg\" alt=\"Bombas de descarga de grasa de barril\" width=\"970\" height=\"814\"><\/p>\n<p>Ventajas de las bombas de transferencia de grasa para bidones<\/p>\n<p>El uso de bombas de descarga de grasa de barril en diversas industrias tiene varias ventajas. En primer lugar, est\u00e1n dise\u00f1adas para manipular materiales de alta viscosidad, lo que las hace ideales para descargar grasa. En segundo lugar, est\u00e1n dise\u00f1ados para una descarga eficaz, lo que puede ayudar a ahorrar tiempo y reducir los residuos. En tercer lugar, est\u00e1n dise\u00f1ados pensando en la seguridad, con caracter\u00edsticas como v\u00e1lvulas de alivio de presi\u00f3n y sistemas de protecci\u00f3n contra sobretemperatura.<\/p>\n<p>Adem\u00e1s de estas ventajas, las bombas de descarga de grasa en barril son muy fiables y requieren un mantenimiento m\u00ednimo, lo que las convierte en una soluci\u00f3n rentable para el proceso de transferencia de grasa. Pueden utilizarse en diversas industrias, como la automoci\u00f3n, la fabricaci\u00f3n y el procesado de alimentos.<\/p>\n<p>Uso de bombas de descarga de grasa de barril en la industria del autom\u00f3vil<\/p>\n<p>En la industria del autom\u00f3vil, las bombas de descarga de grasa para barriles se utilizan para descargar grasa de los barriles y transferirla a equipos como cojinetes, engranajes y otros componentes. Son esenciales para garantizar el funcionamiento eficaz de la maquinaria y reducir el tiempo de inactividad debido al mantenimiento. Las bombas de descarga de grasa para automoci\u00f3n suelen utilizar una bomba rotativa, que est\u00e1 dise\u00f1ada para manipular materiales de alta viscosidad como la grasa. Estas bombas pueden funcionar con motores el\u00e9ctricos o compresores de aire, en funci\u00f3n de las necesidades espec\u00edficas de la aplicaci\u00f3n.[\/vc_column_text][vc_custom_heading text=&#8221;Uso de bombas de descarga de grasa de barril en la industria manufacturera&#8221; use_theme_fonts=&#8221;yes&#8221; el_class=&#8221;remove_padding&#8221;][vc_column_text]Uso de bombas de descarga de grasa de barril en la industria manufacturera<\/p>\n<p>En la industria manufacturera, las bombas de transferencia de grasa para bidones se utilizan para transferir grasa a equipos como transportadores, rodamientos y otros componentes. Son esenciales para garantizar el funcionamiento eficaz de la maquinaria y reducir el tiempo de inactividad debido al mantenimiento. Las bombas de transferencia de grasa de fabricaci\u00f3n suelen utilizar una bomba de diafragma, que est\u00e1 dise\u00f1ada para manejar materiales de alta viscosidad como la grasa. Estas bombas pueden funcionar con motores el\u00e9ctricos o compresores de aire, en funci\u00f3n de las necesidades espec\u00edficas de la aplicaci\u00f3n.<\/p>\n<p>Uso de <strong>bombas de descarga de grasa de barril<\/strong> en la industria alimentaria<\/p>\n<p>En la industria alimentaria, las bombas de transferencia de grasa para bidones se utilizan para transferir grasa a equipos como mezcladoras, transportadores y otros componentes. Son esenciales para garantizar el funcionamiento eficaz de la maquinaria y reducir el tiempo de inactividad debido al mantenimiento. Las bombas de trasiego de grasa para procesamiento de alimentos suelen utilizar una bomba de rotor helicoidal, que est\u00e1 dise\u00f1ada para manejar materiales de alta viscosidad como la grasa. Estas bombas suelen fabricarse con materiales aptos para uso alimentario, como el acero inoxidable, y est\u00e1n dise\u00f1adas para cumplir estrictas normas de higiene.<\/p>\n<p>Conclusi\u00f3n<\/p>\n<p>En conclusi\u00f3n, las bombas de transferencia de grasa para bidones son una herramienta esencial para el proceso de transferencia de grasa en muchas industrias. Tanto si trabaja en el sector de la automoci\u00f3n como en el de la fabricaci\u00f3n o el procesamiento de alimentos, la selecci\u00f3n de la bomba adecuada a sus necesidades puede ayudarle a mejorar la productividad, reducir los residuos y garantizar los m\u00e1s altos niveles de calidad y seguridad. Teniendo en cuenta la viscosidad del material, el caudal necesario y cualquier requisito o normativa de seguridad, puede seleccionar la bomba de transferencia de grasa para bidones adecuada. <a href=\"https:\/\/en.wikipedia.org\/wiki\/Drum_pump\"><strong><em>bomba de trasiego de grasa para bidones<\/em><\/strong> <\/a>para su aplicaci\u00f3n espec\u00edfica. A fin de cuentas, invertir en una bomba de descarga de grasa para barriles de alta calidad es una elecci\u00f3n inteligente que puede ahorrarle tiempo, dinero y dolores de cabeza a largo plazo.[\/vc_column_text][vc_column_text]<\/p>\n<div class=\"ce_row_start row block\">\n<div class=\"ce_col_start small-12 large-11 columns block\">\n<div class=\"ce_row_start row block\">\n<h3 class=\"ce_col_start small-12 large-11 columns block\">Ejemplos de aplicaci\u00f3n<\/h3>\n<div><\/div>\n<\/div>\n<div class=\"ce_row_start media-examples row block\">\n<div class=\"ce_col_start small-12 large-4 columns block\">\n<div class=\"ce_list left small-12 block\">\n<ul class=\"\">\n<li class=\"first\">Adhesivos<\/li>\n<li>Limpiador de frenos<\/li>\n<li>M\u00e1s limpio<\/li>\n<li>Aceites de motor<\/li>\n<li>Resina epoxi<\/li>\n<li>Pegamento<\/li>\n<li>Glicerina<\/li>\n<li class=\"last\">Glicol<\/li>\n<li class=\"last\">Fluidos hidr\u00e1ulicos<\/li>\n<li class=\"last\">Emulsi\u00f3n de l\u00e1tex<\/li>\n<li class=\"last\">Cal<\/li>\n<li class=\"last\">Cera l\u00edquida<\/li>\n<li class=\"last\">Aceite mineral<\/li>\n<li class=\"last\">Aceite de moho<\/li>\n<li class=\"last\">Aceites<\/li>\n<li class=\"last\">Emulsi\u00f3n de parafina<\/li>\n<li class=\"last\">\u00c1cido fosf\u00f3rico<\/li>\n<li class=\"last\">Polaco<\/li>\n<li class=\"last\">Resina de poli\u00e9ster<\/li>\n<li class=\"last\">Soluciones de resina<\/li>\n<li class=\"last\">Silicato de sodio<\/li>\n<li class=\"last\">Alcohol blanco<\/li>\n<\/ul>\n<\/div>\n<\/div>\n<div class=\"ce_col_start small-12 large-4 columns block\">\n<div class=\"ce_list left small-12 block\"><\/div>\n<\/div>\n<div class=\"ce_col_start small-12 large-4 columns block\">\n<div class=\"ce_list left small-12 block\"><\/div>\n<\/div>\n<\/div>\n<\/div>\n<\/div>\n<p>[\/vc_column_text][\/vc_column][vc_column width=&#8221;1\/3&#8243;][stm_sidebar sidebar=&#8221;577&#8243;][\/vc_column][\/vc_row][vc_row][vc_column][vc_column_text][\/vc_column_text][\/vc_column][\/vc_row]<\/p>\n<\/div>","protected":false},"excerpt":{"rendered":"<p>[vc_row][vc_column width=&#8221;2\/3&#8243;][vc_custom_heading text=&#8221;Bombas de descarga de barriles para el sector industrial&#8221; font_container=&#8221;tag:h1|text_align:left&#8221; use_theme_fonts=&#8221;yes&#8221;][stm_spacing lg_spacing=&#8221;30&#8243; md_spacing=&#8221;30&#8243; sm_spacing=&#8221;30&#8243; xs_spacing=&#8221;30&#8243;][vc_column_text]Bomba de descarga de grasa de barril Bombas de Transferencia de Grasa para Bidones: Soluciones eficientes y fiables para descargar grasa de barriles Las bombas de descarga de grasa de barril, tambi\u00e9n conocidas como bombas de transferencia de grasa<\/p>\n","protected":false},"author":1,"featured_media":0,"parent":0,"menu_order":0,"comment_status":"closed","ping_status":"closed","template":"","meta":{"_joinchat":[],"footnotes":""},"class_list":["post-9153","page","type-page","status-publish","hentry"],"yoast_head":"<!-- This site is optimized with the Yoast SEO plugin v22.3 - https:\/\/yoast.com\/wordpress\/plugins\/seo\/ -->\n<title>Industria - Bomba de descarga de grasa de barril - Industrial Transfer Pump Manufacturer<\/title>\n<meta name=\"description\" content=\"Bomba de descarga de grasa de barril Bombas de transferencia de grasa de barril Bomba de descarga de grasa de barrilBombas de transferencia de grasa de barril: Eficaces y fiables\" \/>\n<meta name=\"robots\" content=\"index, follow, max-snippet:-1, max-image-preview:large, max-video-preview:-1\" \/>\n<link rel=\"canonical\" href=\"https:\/\/industrialtransferpump.com\/es\/industria-bomba-de-descarga-de-grasa-de-barril\/\" \/>\n<meta property=\"og:locale\" content=\"es_ES\" \/>\n<meta property=\"og:type\" content=\"article\" \/>\n<meta property=\"og:title\" content=\"Industria - Bomba de descarga de grasa de barril - Industrial Transfer Pump Manufacturer\" \/>\n<meta property=\"og:description\" content=\"Bomba de descarga de grasa de barril Bombas de transferencia de grasa de barril Bomba de descarga de grasa de barrilBombas de transferencia de grasa de barril: Eficaces y fiables\" \/>\n<meta property=\"og:url\" content=\"https:\/\/industrialtransferpump.com\/es\/industria-bomba-de-descarga-de-grasa-de-barril\/\" \/>\n<meta property=\"og:site_name\" content=\"Industrial Transfer Pump Manufacturer\" \/>\n<meta property=\"article:modified_time\" content=\"2023-10-04T10:12:01+00:00\" \/>\n<meta property=\"og:image\" content=\"https:\/\/industrialtransferpump.com\/wp-content\/uploads\/2023\/05\/Barrel-grease-unloding-pump.jpg\" \/>\n<meta name=\"twitter:card\" content=\"summary_large_image\" \/>\n<meta name=\"twitter:label1\" content=\"Tiempo de lectura\" \/>\n\t<meta name=\"twitter:data1\" content=\"5 minutos\" \/>\n<script type=\"application\/ld+json\" class=\"yoast-schema-graph\">{\"@context\":\"https:\/\/schema.org\",\"@graph\":[{\"@type\":\"WebPage\",\"@id\":\"https:\/\/industrialtransferpump.com\/es\/industria-bomba-de-descarga-de-grasa-de-barril\/\",\"url\":\"https:\/\/industrialtransferpump.com\/es\/industria-bomba-de-descarga-de-grasa-de-barril\/\",\"name\":\"Industria - Bomba de descarga de grasa de barril - Industrial Transfer Pump Manufacturer\",\"isPartOf\":{\"@id\":\"https:\/\/industrialtransferpump.com\/#website\"},\"primaryImageOfPage\":{\"@id\":\"https:\/\/industrialtransferpump.com\/es\/industria-bomba-de-descarga-de-grasa-de-barril\/#primaryimage\"},\"image\":{\"@id\":\"https:\/\/industrialtransferpump.com\/es\/industria-bomba-de-descarga-de-grasa-de-barril\/#primaryimage\"},\"thumbnailUrl\":\"https:\/\/industrialtransferpump.com\/wp-content\/uploads\/2023\/05\/Barrel-grease-unloding-pump.jpg\",\"datePublished\":\"2023-04-10T23:29:00+00:00\",\"dateModified\":\"2023-10-04T10:12:01+00:00\",\"description\":\"Bomba de descarga de grasa de barril Bombas de transferencia de grasa de barril Bomba de descarga de grasa de barrilBombas de transferencia de grasa de barril: Eficaces y fiables\",\"breadcrumb\":{\"@id\":\"https:\/\/industrialtransferpump.com\/es\/industria-bomba-de-descarga-de-grasa-de-barril\/#breadcrumb\"},\"inLanguage\":\"es\",\"potentialAction\":[{\"@type\":\"ReadAction\",\"target\":[\"https:\/\/industrialtransferpump.com\/es\/industria-bomba-de-descarga-de-grasa-de-barril\/\"]}]},{\"@type\":\"ImageObject\",\"inLanguage\":\"es\",\"@id\":\"https:\/\/industrialtransferpump.com\/es\/industria-bomba-de-descarga-de-grasa-de-barril\/#primaryimage\",\"url\":\"https:\/\/industrialtransferpump.com\/wp-content\/uploads\/2023\/05\/Barrel-grease-unloding-pump.jpg\",\"contentUrl\":\"https:\/\/industrialtransferpump.com\/wp-content\/uploads\/2023\/05\/Barrel-grease-unloding-pump.jpg\",\"width\":721,\"height\":641,\"caption\":\"Barrel grease unloding pump\"},{\"@type\":\"BreadcrumbList\",\"@id\":\"https:\/\/industrialtransferpump.com\/es\/industria-bomba-de-descarga-de-grasa-de-barril\/#breadcrumb\",\"itemListElement\":[{\"@type\":\"ListItem\",\"position\":1,\"name\":\"Home\",\"item\":\"https:\/\/industrialtransferpump.com\/es\/inicio\/\"},{\"@type\":\"ListItem\",\"position\":2,\"name\":\"Industria &#8211; Bomba de descarga de grasa de barril\"}]},{\"@type\":\"WebSite\",\"@id\":\"https:\/\/industrialtransferpump.com\/#website\",\"url\":\"https:\/\/industrialtransferpump.com\/\",\"name\":\"Drum Emptying System & Barrel Unloading System\",\"description\":\"Industrial Transfer Pump\",\"publisher\":{\"@id\":\"https:\/\/industrialtransferpump.com\/#organization\"},\"potentialAction\":[{\"@type\":\"SearchAction\",\"target\":{\"@type\":\"EntryPoint\",\"urlTemplate\":\"https:\/\/industrialtransferpump.com\/?s={search_term_string}\"},\"query-input\":\"required name=search_term_string\"}],\"inLanguage\":\"es\"},{\"@type\":\"Organization\",\"@id\":\"https:\/\/industrialtransferpump.com\/#organization\",\"name\":\"Barrel Pump Trasferring Systems\",\"url\":\"https:\/\/industrialtransferpump.com\/\",\"logo\":{\"@type\":\"ImageObject\",\"inLanguage\":\"es\",\"@id\":\"https:\/\/industrialtransferpump.com\/#\/schema\/logo\/image\/\",\"url\":\"https:\/\/industrialtransferpump.com\/wp-content\/uploads\/2021\/03\/Logo.png\",\"contentUrl\":\"https:\/\/industrialtransferpump.com\/wp-content\/uploads\/2021\/03\/Logo.png\",\"width\":6617,\"height\":4077,\"caption\":\"Barrel Pump Trasferring Systems\"},\"image\":{\"@id\":\"https:\/\/industrialtransferpump.com\/#\/schema\/logo\/image\/\"}}]}<\/script>\n<!-- \/ Yoast SEO plugin. -->","yoast_head_json":{"title":"Industria - Bomba de descarga de grasa de barril - Industrial Transfer Pump Manufacturer","description":"Bomba de descarga de grasa de barril Bombas de transferencia de grasa de barril Bomba de descarga de grasa de barrilBombas de transferencia de grasa de barril: Eficaces y fiables","robots":{"index":"index","follow":"follow","max-snippet":"max-snippet:-1","max-image-preview":"max-image-preview:large","max-video-preview":"max-video-preview:-1"},"canonical":"https:\/\/industrialtransferpump.com\/es\/industria-bomba-de-descarga-de-grasa-de-barril\/","og_locale":"es_ES","og_type":"article","og_title":"Industria - Bomba de descarga de grasa de barril - Industrial Transfer Pump Manufacturer","og_description":"Bomba de descarga de grasa de barril Bombas de transferencia de grasa de barril Bomba de descarga de grasa de barrilBombas de transferencia de grasa de barril: Eficaces y fiables","og_url":"https:\/\/industrialtransferpump.com\/es\/industria-bomba-de-descarga-de-grasa-de-barril\/","og_site_name":"Industrial Transfer Pump Manufacturer","article_modified_time":"2023-10-04T10:12:01+00:00","og_image":[{"url":"https:\/\/industrialtransferpump.com\/wp-content\/uploads\/2023\/05\/Barrel-grease-unloding-pump.jpg"}],"twitter_card":"summary_large_image","twitter_misc":{"Tiempo de lectura":"5 minutos"},"schema":{"@context":"https:\/\/schema.org","@graph":[{"@type":"WebPage","@id":"https:\/\/industrialtransferpump.com\/es\/industria-bomba-de-descarga-de-grasa-de-barril\/","url":"https:\/\/industrialtransferpump.com\/es\/industria-bomba-de-descarga-de-grasa-de-barril\/","name":"Industria - Bomba de descarga de grasa de barril - Industrial Transfer Pump Manufacturer","isPartOf":{"@id":"https:\/\/industrialtransferpump.com\/#website"},"primaryImageOfPage":{"@id":"https:\/\/industrialtransferpump.com\/es\/industria-bomba-de-descarga-de-grasa-de-barril\/#primaryimage"},"image":{"@id":"https:\/\/industrialtransferpump.com\/es\/industria-bomba-de-descarga-de-grasa-de-barril\/#primaryimage"},"thumbnailUrl":"https:\/\/industrialtransferpump.com\/wp-content\/uploads\/2023\/05\/Barrel-grease-unloding-pump.jpg","datePublished":"2023-04-10T23:29:00+00:00","dateModified":"2023-10-04T10:12:01+00:00","description":"Bomba de descarga de grasa de barril Bombas de transferencia de grasa de barril Bomba de descarga de grasa de barrilBombas de transferencia de grasa de barril: Eficaces y fiables","breadcrumb":{"@id":"https:\/\/industrialtransferpump.com\/es\/industria-bomba-de-descarga-de-grasa-de-barril\/#breadcrumb"},"inLanguage":"es","potentialAction":[{"@type":"ReadAction","target":["https:\/\/industrialtransferpump.com\/es\/industria-bomba-de-descarga-de-grasa-de-barril\/"]}]},{"@type":"ImageObject","inLanguage":"es","@id":"https:\/\/industrialtransferpump.com\/es\/industria-bomba-de-descarga-de-grasa-de-barril\/#primaryimage","url":"https:\/\/industrialtransferpump.com\/wp-content\/uploads\/2023\/05\/Barrel-grease-unloding-pump.jpg","contentUrl":"https:\/\/industrialtransferpump.com\/wp-content\/uploads\/2023\/05\/Barrel-grease-unloding-pump.jpg","width":721,"height":641,"caption":"Barrel grease unloding pump"},{"@type":"BreadcrumbList","@id":"https:\/\/industrialtransferpump.com\/es\/industria-bomba-de-descarga-de-grasa-de-barril\/#breadcrumb","itemListElement":[{"@type":"ListItem","position":1,"name":"Home","item":"https:\/\/industrialtransferpump.com\/es\/inicio\/"},{"@type":"ListItem","position":2,"name":"Industria &#8211; Bomba de descarga de grasa de barril"}]},{"@type":"WebSite","@id":"https:\/\/industrialtransferpump.com\/#website","url":"https:\/\/industrialtransferpump.com\/","name":"Drum Emptying System & Barrel Unloading System","description":"Industrial Transfer Pump","publisher":{"@id":"https:\/\/industrialtransferpump.com\/#organization"},"potentialAction":[{"@type":"SearchAction","target":{"@type":"EntryPoint","urlTemplate":"https:\/\/industrialtransferpump.com\/?s={search_term_string}"},"query-input":"required name=search_term_string"}],"inLanguage":"es"},{"@type":"Organization","@id":"https:\/\/industrialtransferpump.com\/#organization","name":"Barrel Pump Trasferring Systems","url":"https:\/\/industrialtransferpump.com\/","logo":{"@type":"ImageObject","inLanguage":"es","@id":"https:\/\/industrialtransferpump.com\/#\/schema\/logo\/image\/","url":"https:\/\/industrialtransferpump.com\/wp-content\/uploads\/2021\/03\/Logo.png","contentUrl":"https:\/\/industrialtransferpump.com\/wp-content\/uploads\/2021\/03\/Logo.png","width":6617,"height":4077,"caption":"Barrel Pump Trasferring Systems"},"image":{"@id":"https:\/\/industrialtransferpump.com\/#\/schema\/logo\/image\/"}}]}},"_links":{"self":[{"href":"https:\/\/industrialtransferpump.com\/es\/wp-json\/wp\/v2\/pages\/9153","targetHints":{"allow":["GET"]}}],"collection":[{"href":"https:\/\/industrialtransferpump.com\/es\/wp-json\/wp\/v2\/pages"}],"about":[{"href":"https:\/\/industrialtransferpump.com\/es\/wp-json\/wp\/v2\/types\/page"}],"author":[{"embeddable":true,"href":"https:\/\/industrialtransferpump.com\/es\/wp-json\/wp\/v2\/users\/1"}],"replies":[{"embeddable":true,"href":"https:\/\/industrialtransferpump.com\/es\/wp-json\/wp\/v2\/comments?post=9153"}],"version-history":[{"count":2,"href":"https:\/\/industrialtransferpump.com\/es\/wp-json\/wp\/v2\/pages\/9153\/revisions"}],"predecessor-version":[{"id":9156,"href":"https:\/\/industrialtransferpump.com\/es\/wp-json\/wp\/v2\/pages\/9153\/revisions\/9156"}],"wp:attachment":[{"href":"https:\/\/industrialtransferpump.com\/es\/wp-json\/wp\/v2\/media?parent=9153"}],"curies":[{"name":"wp","href":"https:\/\/api.w.org\/{rel}","templated":true}]}}