{"id":9154,"date":"2023-04-10T23:30:22","date_gmt":"2023-04-10T23:30:22","guid":{"rendered":"https:\/\/industrialtransferpump.com\/pinturas-y-lacas\/"},"modified":"2023-10-04T10:12:01","modified_gmt":"2023-10-04T10:12:01","slug":"pinturas-y-lacas","status":"publish","type":"page","link":"https:\/\/industrialtransferpump.com\/es\/pinturas-y-lacas\/","title":{"rendered":"Pinturas y lacas"},"content":{"rendered":"<div class=\"wpb-content-wrapper\"><p>[vc_row][vc_column width=&#8221;2\/3&#8243;][vc_custom_heading text=&#8221;Bombas de descarga de bidones para pintura y pulimento&#8221; font_container=&#8221;tag:h3|text_align:left&#8221; use_theme_fonts=&#8221;yes&#8221;][stm_spacing lg_spacing=&#8221;30&#8243; md_spacing=&#8221;30&#8243; sm_spacing=&#8221;30&#8243; xs_spacing=&#8221;30&#8243;][vc_column_text]<\/p>\n<h3><strong>Bombas de descarga de bidones para pintura y pulimento<\/strong><\/h3>\n<p>La pintura y el pulido son procesos cruciales en la industria manufacturera. Para garantizar una l\u00ednea de producci\u00f3n fluida y eficaz, es esencial contar con equipos fiables, incluidas <a href=\"https:\/\/industrialtransferpump.com\/es\/sistema-de-vaciado-de-bidones-para-vaselina\/\">bombas de descarga de bidones para pintura y abrillantado<\/a>. Estas bombas est\u00e1n dise\u00f1adas para trasvasar fluidos de <em>alta viscosidad<\/em> de los bidones al tanque de mezcla o directamente a la l\u00ednea de producci\u00f3n. En este art\u00edculo hablaremos de las ventajas y caracter\u00edsticas de las bombas de descarga de bidones para pintura y pulimento.<\/p>\n<p>Una <strong>bomba de descarga de bidones<\/strong> para pintura y pulimento es una bomba especialmente dise\u00f1ada para manejar fluidos de alta viscosidad. Estas bombas se utilizan para trasvasar fluidos como pinturas, barnices y abrillantadores desde bidones a la l\u00ednea de producci\u00f3n. Las <a href=\"https:\/\/en.wikipedia.org\/w\/index.php?search=drum+unloading+pumps&amp;title=Special:Search&amp;profile=advanced&amp;fulltext=1&amp;ns0=1\">bombas de descarga de bid<\/a> ones tienen distintos dise\u00f1os, pero las m\u00e1s comunes son las bombas neum\u00e1ticas de diafragma, las bombas el\u00e9ctricas para bidones y las bombas manuales.<\/p>\n<p>Las bombas neum\u00e1ticas de diafragma se utilizan mucho en la industria de pinturas y pulimentos por su capacidad para manejar fluidos de alta viscosidad. Estas bombas est\u00e1n dise\u00f1adas con dos c\u00e1maras separadas por un diafragma. Cuando el aire se comprime, empuja el diafragma, lo que crea una succi\u00f3n que extrae el fluido del tambor y lo transfiere a la l\u00ednea de producci\u00f3n. Una de las ventajas de las bombas neum\u00e1ticas de diafragma es su capacidad para manejar fluidos abrasivos y corrosivos.<\/p>\n<p>&nbsp;<\/p>\n<p><img loading=\"lazy\" decoding=\"async\" class=\"size-large wp-image-7892\" src=\"https:\/\/industrialtransferpump.com\/wp-content\/uploads\/2023\/05\/Drum-unloading-Pumps-for-Paint-and-Polish-1024x683.jpg\" alt=\"Bombas de descarga de bidones para pintura y pulimento\" width=\"1024\" height=\"683\" srcset=\"https:\/\/industrialtransferpump.com\/wp-content\/uploads\/2023\/05\/Drum-unloading-Pumps-for-Paint-and-Polish-1024x683.jpg 1024w, https:\/\/industrialtransferpump.com\/wp-content\/uploads\/2023\/05\/Drum-unloading-Pumps-for-Paint-and-Polish-300x200.jpg 300w, https:\/\/industrialtransferpump.com\/wp-content\/uploads\/2023\/05\/Drum-unloading-Pumps-for-Paint-and-Polish-768x512.jpg 768w, https:\/\/industrialtransferpump.com\/wp-content\/uploads\/2023\/05\/Drum-unloading-Pumps-for-Paint-and-Polish-900x600.jpg 900w, https:\/\/industrialtransferpump.com\/wp-content\/uploads\/2023\/05\/Drum-unloading-Pumps-for-Paint-and-Polish.jpg 1200w\" sizes=\"auto, (max-width: 1024px) 100vw, 1024px\" \/>[\/vc_column_text][vc_custom_heading text=&#8221;Pintar y pulir&#8221; font_container=&#8221;tag:h3|text_align:left&#8221; use_theme_fonts=&#8221;yes&#8221; el_class=&#8221;remove_padding&#8221;][vc_column_text]Las bombas el\u00e9ctricas para bidones son otro tipo de bomba de descarga de bidones para pinturas y abrillantadores. Estas bombas est\u00e1n dise\u00f1adas con un motor el\u00e9ctrico que acciona un impulsor centr\u00edfugo. El impulsor gira a gran velocidad, creando una succi\u00f3n que extrae el fluido del tambor y lo transfiere a la l\u00ednea de producci\u00f3n. Las bombas el\u00e9ctricas para bidones son ideales para fluidos de viscosidad baja a media y pueden manejar una amplia gama de fluidos, incluidas pinturas, barnices y pulimentos.<\/p>\n<p>Las bombas manuales son bombas sencillas y f\u00e1ciles de usar, ideales para operaciones a peque\u00f1a escala. Estas bombas est\u00e1n dise\u00f1adas con una palanca manual que se utiliza para crear una succi\u00f3n que extrae el fluido del bid\u00f3n y lo transfiere a la l\u00ednea de producci\u00f3n. Las bombas manuales son ideales para fluidos de baja viscosidad, adem\u00e1s de rentables y f\u00e1ciles de mantener.<\/p>\n<p>En conclusi\u00f3n, las bombas de descarga de bidones para pintura y pulimento son equipos esenciales en la industria manufacturera. Estas bombas est\u00e1n dise\u00f1adas para manejar fluidos de alta viscosidad y se presentan en diferentes dise\u00f1os, como bombas neum\u00e1ticas de diafragma, bombas el\u00e9ctricas de tambor y bombas manuales. A la hora de elegir una bomba de descarga de bidones para pinturas y pulimentos, es importante tener en cuenta factores como el tipo de fluido que se transfiere, la viscosidad y el caudal. Con la bomba de descarga de bidones adecuada, puede garantizar una l\u00ednea de producci\u00f3n fluida y eficaz.[\/vc_column_text][vc_video link=&#8221;https:\/\/www.youtube.com\/embed\/wGZ0L-DJSpw&#8221;][vc_column_text]<\/p>\n<h3 class=\"ce_headline left small-12\">Ejemplos de aplicaci\u00f3n<\/h3>\n<ul>\n<li>Acetona<\/li>\n<li>Carpeta<\/li>\n<li>Color para pruebas de grietas<\/li>\n<li>Yeso de dispersi\u00f3n<\/li>\n<li>Etanol<\/li>\n<li>Lacas<\/li>\n<li>Mettylenchlorid<\/li>\n<li>Pinturas<\/li>\n<li>Pinturas a base de poli\u00e9ster<\/li>\n<li>Tintas de impresi\u00f3n<\/li>\n<li>Disolventes<\/li>\n<li>Pinturas con disolventes<\/li>\n<li>Tolueno<\/li>\n<li>Pinturas al agua<\/li>\n<\/ul>\n<p>[\/vc_column_text][\/vc_column][vc_column width=&#8221;1\/3&#8243;][stm_sidebar sidebar=&#8221;577&#8243;][\/vc_column][\/vc_row][vc_row][vc_column][vc_column_text][\/vc_column_text][\/vc_column][\/vc_row]<\/p>\n<\/div>","protected":false},"excerpt":{"rendered":"<p>[vc_row][vc_column width=&#8221;2\/3&#8243;][vc_custom_heading text=&#8221;Bombas de descarga de bidones para pintura y pulimento&#8221; font_container=&#8221;tag:h3|text_align:left&#8221; use_theme_fonts=&#8221;yes&#8221;][stm_spacing lg_spacing=&#8221;30&#8243; md_spacing=&#8221;30&#8243; sm_spacing=&#8221;30&#8243; xs_spacing=&#8221;30&#8243;][vc_column_text] Bombas de descarga de bidones para pintura y pulimento La pintura y el pulido son procesos cruciales en la industria manufacturera. Para garantizar una l\u00ednea de producci\u00f3n fluida y eficaz, es esencial contar con equipos fiables, incluidas bombas<\/p>\n","protected":false},"author":1,"featured_media":0,"parent":0,"menu_order":0,"comment_status":"closed","ping_status":"closed","template":"","meta":{"_joinchat":[],"footnotes":""},"class_list":["post-9154","page","type-page","status-publish","hentry"],"yoast_head":"<!-- This site is optimized with the Yoast SEO plugin v22.3 - https:\/\/yoast.com\/wordpress\/plugins\/seo\/ -->\n<title>Pinturas y lacas - Industrial Transfer Pump Manufacturer<\/title>\n<meta name=\"description\" content=\"Bombas de descarga de bidones para pintura y pulido La pintura y el pulido son procesos cruciales en la industria manufacturera.\" \/>\n<meta name=\"robots\" content=\"index, follow, max-snippet:-1, max-image-preview:large, max-video-preview:-1\" \/>\n<link rel=\"canonical\" href=\"https:\/\/industrialtransferpump.com\/es\/pinturas-y-lacas\/\" \/>\n<meta property=\"og:locale\" content=\"es_ES\" \/>\n<meta property=\"og:type\" content=\"article\" \/>\n<meta property=\"og:title\" content=\"Pinturas y lacas - Industrial Transfer Pump Manufacturer\" \/>\n<meta property=\"og:description\" content=\"Bombas de descarga de bidones para pintura y pulido La pintura y el pulido son procesos cruciales en la industria manufacturera.\" \/>\n<meta property=\"og:url\" content=\"https:\/\/industrialtransferpump.com\/es\/pinturas-y-lacas\/\" \/>\n<meta property=\"og:site_name\" content=\"Industrial Transfer Pump Manufacturer\" \/>\n<meta property=\"article:modified_time\" content=\"2023-10-04T10:12:01+00:00\" \/>\n<meta property=\"og:image\" content=\"https:\/\/industrialtransferpump.com\/wp-content\/uploads\/2023\/05\/Drum-unloading-Pumps-for-Paint-and-Polish-1024x683.jpg\" \/>\n<meta name=\"twitter:card\" content=\"summary_large_image\" \/>\n<meta name=\"twitter:label1\" content=\"Tiempo de lectura\" \/>\n\t<meta name=\"twitter:data1\" content=\"3 minutos\" \/>\n<script type=\"application\/ld+json\" class=\"yoast-schema-graph\">{\"@context\":\"https:\/\/schema.org\",\"@graph\":[{\"@type\":\"WebPage\",\"@id\":\"https:\/\/industrialtransferpump.com\/es\/pinturas-y-lacas\/\",\"url\":\"https:\/\/industrialtransferpump.com\/es\/pinturas-y-lacas\/\",\"name\":\"Pinturas y lacas - Industrial Transfer Pump Manufacturer\",\"isPartOf\":{\"@id\":\"https:\/\/industrialtransferpump.com\/#website\"},\"primaryImageOfPage\":{\"@id\":\"https:\/\/industrialtransferpump.com\/es\/pinturas-y-lacas\/#primaryimage\"},\"image\":{\"@id\":\"https:\/\/industrialtransferpump.com\/es\/pinturas-y-lacas\/#primaryimage\"},\"thumbnailUrl\":\"https:\/\/industrialtransferpump.com\/wp-content\/uploads\/2023\/05\/Drum-unloading-Pumps-for-Paint-and-Polish-1024x683.jpg\",\"datePublished\":\"2023-04-10T23:30:22+00:00\",\"dateModified\":\"2023-10-04T10:12:01+00:00\",\"description\":\"Bombas de descarga de bidones para pintura y pulido La pintura y el pulido son procesos cruciales en la industria manufacturera.\",\"breadcrumb\":{\"@id\":\"https:\/\/industrialtransferpump.com\/es\/pinturas-y-lacas\/#breadcrumb\"},\"inLanguage\":\"es\",\"potentialAction\":[{\"@type\":\"ReadAction\",\"target\":[\"https:\/\/industrialtransferpump.com\/es\/pinturas-y-lacas\/\"]}]},{\"@type\":\"ImageObject\",\"inLanguage\":\"es\",\"@id\":\"https:\/\/industrialtransferpump.com\/es\/pinturas-y-lacas\/#primaryimage\",\"url\":\"https:\/\/industrialtransferpump.com\/wp-content\/uploads\/2023\/05\/Drum-unloading-Pumps-for-Paint-and-Polish.jpg\",\"contentUrl\":\"https:\/\/industrialtransferpump.com\/wp-content\/uploads\/2023\/05\/Drum-unloading-Pumps-for-Paint-and-Polish.jpg\",\"width\":1200,\"height\":800,\"caption\":\"Drum unloading Pumps for Paint and Polish\"},{\"@type\":\"BreadcrumbList\",\"@id\":\"https:\/\/industrialtransferpump.com\/es\/pinturas-y-lacas\/#breadcrumb\",\"itemListElement\":[{\"@type\":\"ListItem\",\"position\":1,\"name\":\"Home\",\"item\":\"https:\/\/industrialtransferpump.com\/es\/inicio\/\"},{\"@type\":\"ListItem\",\"position\":2,\"name\":\"Pinturas y lacas\"}]},{\"@type\":\"WebSite\",\"@id\":\"https:\/\/industrialtransferpump.com\/#website\",\"url\":\"https:\/\/industrialtransferpump.com\/\",\"name\":\"Drum Emptying System & Barrel Unloading System\",\"description\":\"Industrial Transfer Pump\",\"publisher\":{\"@id\":\"https:\/\/industrialtransferpump.com\/#organization\"},\"potentialAction\":[{\"@type\":\"SearchAction\",\"target\":{\"@type\":\"EntryPoint\",\"urlTemplate\":\"https:\/\/industrialtransferpump.com\/?s={search_term_string}\"},\"query-input\":\"required name=search_term_string\"}],\"inLanguage\":\"es\"},{\"@type\":\"Organization\",\"@id\":\"https:\/\/industrialtransferpump.com\/#organization\",\"name\":\"Barrel Pump Trasferring Systems\",\"url\":\"https:\/\/industrialtransferpump.com\/\",\"logo\":{\"@type\":\"ImageObject\",\"inLanguage\":\"es\",\"@id\":\"https:\/\/industrialtransferpump.com\/#\/schema\/logo\/image\/\",\"url\":\"https:\/\/industrialtransferpump.com\/wp-content\/uploads\/2021\/03\/Logo.png\",\"contentUrl\":\"https:\/\/industrialtransferpump.com\/wp-content\/uploads\/2021\/03\/Logo.png\",\"width\":6617,\"height\":4077,\"caption\":\"Barrel Pump Trasferring Systems\"},\"image\":{\"@id\":\"https:\/\/industrialtransferpump.com\/#\/schema\/logo\/image\/\"}}]}<\/script>\n<!-- \/ Yoast SEO plugin. -->","yoast_head_json":{"title":"Pinturas y lacas - Industrial Transfer Pump Manufacturer","description":"Bombas de descarga de bidones para pintura y pulido La pintura y el pulido son procesos cruciales en la industria manufacturera.","robots":{"index":"index","follow":"follow","max-snippet":"max-snippet:-1","max-image-preview":"max-image-preview:large","max-video-preview":"max-video-preview:-1"},"canonical":"https:\/\/industrialtransferpump.com\/es\/pinturas-y-lacas\/","og_locale":"es_ES","og_type":"article","og_title":"Pinturas y lacas - Industrial Transfer Pump Manufacturer","og_description":"Bombas de descarga de bidones para pintura y pulido La pintura y el pulido son procesos cruciales en la industria manufacturera.","og_url":"https:\/\/industrialtransferpump.com\/es\/pinturas-y-lacas\/","og_site_name":"Industrial Transfer Pump Manufacturer","article_modified_time":"2023-10-04T10:12:01+00:00","og_image":[{"url":"https:\/\/industrialtransferpump.com\/wp-content\/uploads\/2023\/05\/Drum-unloading-Pumps-for-Paint-and-Polish-1024x683.jpg"}],"twitter_card":"summary_large_image","twitter_misc":{"Tiempo de lectura":"3 minutos"},"schema":{"@context":"https:\/\/schema.org","@graph":[{"@type":"WebPage","@id":"https:\/\/industrialtransferpump.com\/es\/pinturas-y-lacas\/","url":"https:\/\/industrialtransferpump.com\/es\/pinturas-y-lacas\/","name":"Pinturas y lacas - Industrial Transfer Pump Manufacturer","isPartOf":{"@id":"https:\/\/industrialtransferpump.com\/#website"},"primaryImageOfPage":{"@id":"https:\/\/industrialtransferpump.com\/es\/pinturas-y-lacas\/#primaryimage"},"image":{"@id":"https:\/\/industrialtransferpump.com\/es\/pinturas-y-lacas\/#primaryimage"},"thumbnailUrl":"https:\/\/industrialtransferpump.com\/wp-content\/uploads\/2023\/05\/Drum-unloading-Pumps-for-Paint-and-Polish-1024x683.jpg","datePublished":"2023-04-10T23:30:22+00:00","dateModified":"2023-10-04T10:12:01+00:00","description":"Bombas de descarga de bidones para pintura y pulido La pintura y el pulido son procesos cruciales en la industria manufacturera.","breadcrumb":{"@id":"https:\/\/industrialtransferpump.com\/es\/pinturas-y-lacas\/#breadcrumb"},"inLanguage":"es","potentialAction":[{"@type":"ReadAction","target":["https:\/\/industrialtransferpump.com\/es\/pinturas-y-lacas\/"]}]},{"@type":"ImageObject","inLanguage":"es","@id":"https:\/\/industrialtransferpump.com\/es\/pinturas-y-lacas\/#primaryimage","url":"https:\/\/industrialtransferpump.com\/wp-content\/uploads\/2023\/05\/Drum-unloading-Pumps-for-Paint-and-Polish.jpg","contentUrl":"https:\/\/industrialtransferpump.com\/wp-content\/uploads\/2023\/05\/Drum-unloading-Pumps-for-Paint-and-Polish.jpg","width":1200,"height":800,"caption":"Drum unloading Pumps for Paint and Polish"},{"@type":"BreadcrumbList","@id":"https:\/\/industrialtransferpump.com\/es\/pinturas-y-lacas\/#breadcrumb","itemListElement":[{"@type":"ListItem","position":1,"name":"Home","item":"https:\/\/industrialtransferpump.com\/es\/inicio\/"},{"@type":"ListItem","position":2,"name":"Pinturas y lacas"}]},{"@type":"WebSite","@id":"https:\/\/industrialtransferpump.com\/#website","url":"https:\/\/industrialtransferpump.com\/","name":"Drum Emptying System & Barrel Unloading System","description":"Industrial Transfer Pump","publisher":{"@id":"https:\/\/industrialtransferpump.com\/#organization"},"potentialAction":[{"@type":"SearchAction","target":{"@type":"EntryPoint","urlTemplate":"https:\/\/industrialtransferpump.com\/?s={search_term_string}"},"query-input":"required name=search_term_string"}],"inLanguage":"es"},{"@type":"Organization","@id":"https:\/\/industrialtransferpump.com\/#organization","name":"Barrel Pump Trasferring Systems","url":"https:\/\/industrialtransferpump.com\/","logo":{"@type":"ImageObject","inLanguage":"es","@id":"https:\/\/industrialtransferpump.com\/#\/schema\/logo\/image\/","url":"https:\/\/industrialtransferpump.com\/wp-content\/uploads\/2021\/03\/Logo.png","contentUrl":"https:\/\/industrialtransferpump.com\/wp-content\/uploads\/2021\/03\/Logo.png","width":6617,"height":4077,"caption":"Barrel Pump Trasferring Systems"},"image":{"@id":"https:\/\/industrialtransferpump.com\/#\/schema\/logo\/image\/"}}]}},"_links":{"self":[{"href":"https:\/\/industrialtransferpump.com\/es\/wp-json\/wp\/v2\/pages\/9154","targetHints":{"allow":["GET"]}}],"collection":[{"href":"https:\/\/industrialtransferpump.com\/es\/wp-json\/wp\/v2\/pages"}],"about":[{"href":"https:\/\/industrialtransferpump.com\/es\/wp-json\/wp\/v2\/types\/page"}],"author":[{"embeddable":true,"href":"https:\/\/industrialtransferpump.com\/es\/wp-json\/wp\/v2\/users\/1"}],"replies":[{"embeddable":true,"href":"https:\/\/industrialtransferpump.com\/es\/wp-json\/wp\/v2\/comments?post=9154"}],"version-history":[{"count":2,"href":"https:\/\/industrialtransferpump.com\/es\/wp-json\/wp\/v2\/pages\/9154\/revisions"}],"predecessor-version":[{"id":9159,"href":"https:\/\/industrialtransferpump.com\/es\/wp-json\/wp\/v2\/pages\/9154\/revisions\/9159"}],"wp:attachment":[{"href":"https:\/\/industrialtransferpump.com\/es\/wp-json\/wp\/v2\/media?parent=9154"}],"curies":[{"name":"wp","href":"https:\/\/api.w.org\/{rel}","templated":true}]}}