{"id":9157,"date":"2023-04-10T23:28:25","date_gmt":"2023-04-10T23:28:25","guid":{"rendered":"https:\/\/industrialtransferpump.com\/alimentos\/"},"modified":"2023-10-04T10:12:02","modified_gmt":"2023-10-04T10:12:02","slug":"alimentos","status":"publish","type":"page","link":"https:\/\/industrialtransferpump.com\/es\/alimentos\/","title":{"rendered":"Alimentos"},"content":{"rendered":"<div class=\"wpb-content-wrapper\"><p>[vc_row][vc_column width=&#8221;2\/3&#8243;][vc_custom_heading text=&#8221;Bombas de descarga de bidones para la industria alimentaria&#8221; use_theme_fonts=&#8221;yes&#8221;][stm_spacing lg_spacing=&#8221;30&#8243; md_spacing=&#8221;30&#8243; sm_spacing=&#8221;30&#8243; xs_spacing=&#8221;30&#8243;][vc_column_text]<strong>Transferencia de bid\u00f3n a pasta de<\/strong> tomate Bombas de descarga de bidones para la industria alimentaria: Transferencia eficaz y segura de materiales alimentarios a granel<\/p>\n<p>En la industria alimentaria, la transferencia eficaz y segura de materiales alimentarios a granel es esencial para mantener altos niveles de productividad y calidad. Uno de los<\/p>\n<p><a href=\"https:\/\/en.wikipedia.org\/wiki\/Drum_pump\">Las bombas de descarga de bidones<\/a> son bombas especializadas dise\u00f1adas para transferir materiales alimentarios a granel desde bidones u otros contenedores a equipos de procesamiento o almacenamiento. Suelen fabricarse con materiales como el acero inoxidable, que es apto para uso alimentario y resistente a la corrosi\u00f3n. Las bombas de descarga de bidones est\u00e1n disponibles en varios tama\u00f1os y estilos, y pueden funcionar con motores el\u00e9ctricos, compresores de aire o sistemas hidr\u00e1ulicos.<\/p>\n<p>Ventajas de las <strong><br \/>\n  <em>Bombas de descarga de bidones<\/em><br \/>\n<\/strong> para la industria alimentaria<\/p>\n<p>El uso de bombas de descarga de bidones en la industria alimentaria presenta varias ventajas. En primer lugar, est\u00e1n dise\u00f1adas para manejar una amplia gama de viscosidades, desde l\u00edquidos poco espesos hasta materiales muy viscosos como la pasta o el pur\u00e9 de tomate. Esto las hace ideales para transferir una gran variedad de materiales alimentarios. En segundo lugar, est\u00e1n dise\u00f1ados para una transferencia eficaz, lo que puede ayudar a ahorrar tiempo y reducir los residuos. En tercer lugar, est\u00e1n dise\u00f1ados pensando en la seguridad, con caracter\u00edsticas como v\u00e1lvulas de alivio de presi\u00f3n y sistemas de protecci\u00f3n contra sobretemperatura.<\/p>\n<p>Trasvase de tambor a pasta de tomate<\/p>\n<p>Uno de los usos m\u00e1s comunes de las bombas de descarga de bidones en la industria alimentaria es el trasvase de pasta de tomate. La pasta de tomate es un material muy viscoso que requiere una bomba especializada para trasvasarlo con eficacia y seguridad. Las bombas de descarga de bidones dise\u00f1adas espec\u00edficamente para el trasiego de pasta de tomate est\u00e1n fabricadas con componentes de alta resistencia, como una bomba de tornillo exc\u00e9ntrico o una bomba de cavidad progresiva, que pueden manejar la alta viscosidad del material.<\/p>\n<p><img loading=\"lazy\" decoding=\"async\" class=\"size-full wp-image-7861\" src=\"https:\/\/industrialtransferpump.com\/wp-content\/uploads\/2023\/05\/Drum-tomate-pump-barrel-unloding-pump.jpeg\" alt=\"\" width=\"1024\" height=\"1024\" srcset=\"https:\/\/industrialtransferpump.com\/wp-content\/uploads\/2023\/05\/Drum-tomate-pump-barrel-unloding-pump.jpeg 1024w, https:\/\/industrialtransferpump.com\/wp-content\/uploads\/2023\/05\/Drum-tomate-pump-barrel-unloding-pump-300x300.jpeg 300w, https:\/\/industrialtransferpump.com\/wp-content\/uploads\/2023\/05\/Drum-tomate-pump-barrel-unloding-pump-150x150.jpeg 150w, https:\/\/industrialtransferpump.com\/wp-content\/uploads\/2023\/05\/Drum-tomate-pump-barrel-unloding-pump-768x768.jpeg 768w, https:\/\/industrialtransferpump.com\/wp-content\/uploads\/2023\/05\/Drum-tomate-pump-barrel-unloding-pump-50x50.jpeg 50w, https:\/\/industrialtransferpump.com\/wp-content\/uploads\/2023\/05\/Drum-tomate-pump-barrel-unloding-pump-320x320.jpeg 320w, https:\/\/industrialtransferpump.com\/wp-content\/uploads\/2023\/05\/Drum-tomate-pump-barrel-unloding-pump-900x900.jpeg 900w\" sizes=\"auto, (max-width: 1024px) 100vw, 1024px\" \/>[\/vc_column_text][vc_video link=&#8221;&#8220;https:\/\/www.youtube.com\/embed\/45GRF77_S_A&#8220;&#8221; title=&#8221;Vaciado de barril para pasta de tomate, v\u00eddeo de bomba&#8221;][vc_custom_heading text=&#8221;Vaciado de pasta de tomate de bidones de 200 litros&#8221; font_container=&#8221;tag:h4|text_align:left&#8221; use_theme_fonts=&#8221;yes&#8221; el_class=&#8221;remove_padding&#8221;][vc_column_text]<strong>Bomba de trasiego para pur\u00e9 o salsa de tomate<\/strong><\/p>\n<p>Otra aplicaci\u00f3n de las bombas de descarga de bidones en la industria alimentaria es el trasvase de pur\u00e9 o salsa de tomate. Estos materiales son menos viscosos que la pasta de tomate, pero a\u00fan as\u00ed requieren una bomba especializada para un trasvase eficaz. Las <strong>bombas de descarga de bidones<\/strong> dise\u00f1adas para el trasvase de pur\u00e9 o salsa de tomate suelen utilizar una bomba centr\u00edfuga, que puede manejar la menor viscosidad del material.<\/p>\n<p><em>Bombas de descarga de bidones de<\/em> alimentos: C\u00f3mo elegir la bomba adecuada a sus necesidades<\/p>\n<p>A la hora de elegir una bomba de descarga de bidones para la industria alimentaria, es importante tener en cuenta una serie de factores. En primer lugar, la viscosidad del material que se transfiere determinar\u00e1 el tipo de bomba necesario. Los materiales muy viscosos, como la pasta de tomate, requieren una bomba especializada, mientras que los menos viscosos, como el pur\u00e9 o la salsa de tomate, pueden trasvasarse con una bomba centr\u00edfuga. En segundo lugar, el caudal necesario determinar\u00e1 el tama\u00f1o de la bomba requerida. En tercer lugar, la distancia entre el bid\u00f3n o el contenedor y el equipo de procesamiento o almacenamiento determinar\u00e1 la longitud de las mangueras necesarias. Por \u00faltimo, hay que tener en cuenta cualquier requisito o normativa de seguridad.<\/p>\n<p>Conclusi\u00f3n<\/p>\n<p>En conclusi\u00f3n, <a href=\"https:\/\/en.wikipedia.org\/wiki\/Drum_pump\">las bombas de descarga de bidones<\/a> son una herramienta esencial para el trasiego eficaz y seguro de materiales alimentarios a granel en la industria alimentaria. Tanto si transfiere pasta de tomate, pur\u00e9 o salsa, la elecci\u00f3n de la bomba adecuada a sus necesidades puede ayudarle a mejorar la productividad, reducir los residuos y garantizar los m\u00e1s altos niveles de calidad y seguridad. Teniendo en cuenta la viscosidad del material, el caudal necesario y cualquier requisito o normativa de seguridad, puede seleccionar la bomba de descarga de bidones adecuada para su aplicaci\u00f3n espec\u00edfica.<\/p>\n<p><img loading=\"lazy\" decoding=\"async\" class=\" wp-image-7858\" src=\"https:\/\/industrialtransferpump.com\/wp-content\/uploads\/2023\/05\/drum-tomate-paste-pump-system.webp\" alt=\"\" width=\"814\" height=\"748\"><\/p>\n<p>[\/vc_column_text][vc_column_text]<\/p>\n<div class=\"ce_row_start row block\">\n<div class=\"ce_col_start small-12 large-11 columns block\">\n<div class=\"ce_col_start small-12 large-4 columns block\">\n<div class=\"ce_list left small-12 block\">\n<ul class=\"\">\n<li class=\"first\">Alcohol<\/li>\n<li>Pur\u00e9 de manzana<\/li>\n<li>Aceite de arg\u00e1n<\/li>\n<li>Alimentaci\u00f3n infantil<\/li>\n<li>Concentrado de pl\u00e1tano<\/li>\n<li>Grasa but\u00edrica<\/li>\n<li>Mezcla de jaulas<\/li>\n<li>Crema de caramelo<\/li>\n<li>Sosa c\u00e1ustica<\/li>\n<li>Queso para untar<\/li>\n<li>Chocolate<\/li>\n<li>Salsa de chocolate<\/li>\n<li>Manteca de cacao<\/li>\n<li>Aceite de coco<\/li>\n<li>Aceite de h\u00edgado de bacalao<\/li>\n<li>Aceite de cocina<\/li>\n<li>Aceite de ma\u00edz<\/li>\n<li>Jarabe de maicena<\/li>\n<li class=\"last\">Crema<\/li>\n<\/ul>\n<\/div>\n<\/div>\n<div class=\"ce_col_start small-12 large-4 columns block\">\n<div class=\"ce_list left small-12 block\">\n<ul class=\"\">\n<li class=\"first\">Masa<\/li>\n<li>Leche evaporada<\/li>\n<li>Sabores<\/li>\n<li>Piezas Friut<\/li>\n<li>Pasta de ajo<\/li>\n<li>Gelatina<\/li>\n<li>Jarabe de glucosa<\/li>\n<li>Miel<\/li>\n<li>Mermelada<\/li>\n<li>Zumo concentrado<\/li>\n<li>\u00c1cido l\u00e1ctico<\/li>\n<li>Manteca de cerdo<\/li>\n<li>Lecitina<\/li>\n<li>Licores<\/li>\n<li>Masa l\u00edquida<\/li>\n<li>Huevo l\u00edquido<\/li>\n<li>Malta<\/li>\n<li>Escabeche<\/li>\n<li class=\"last\">Mayonesa<\/li>\n<\/ul>\n<\/div>\n<\/div>\n<div class=\"ce_col_start small-12 large-4 columns block\">\n<div class=\"ce_list left small-12 block\"><\/div>\n<\/div>\n<\/div>\n<\/div>\n<p>[\/vc_column_text][\/vc_column][vc_column width=&#8221;1\/3&#8243;][stm_sidebar sidebar=&#8221;577&#8243;][\/vc_column][\/vc_row][vc_row][vc_column][vc_column_text][\/vc_column_text][\/vc_column][\/vc_row][vc_row][vc_column][\/vc_column][\/vc_row]<\/p>\n<\/div>","protected":false},"excerpt":{"rendered":"<p>[vc_row][vc_column width=&#8221;2\/3&#8243;][vc_custom_heading text=&#8221;Bombas de descarga de bidones para la industria alimentaria&#8221; use_theme_fonts=&#8221;yes&#8221;][stm_spacing lg_spacing=&#8221;30&#8243; md_spacing=&#8221;30&#8243; sm_spacing=&#8221;30&#8243; xs_spacing=&#8221;30&#8243;][vc_column_text]Transferencia de bid\u00f3n a pasta de tomate Bombas de descarga de bidones para la industria alimentaria: Transferencia eficaz y segura de materiales alimentarios a granel En la industria alimentaria, la transferencia eficaz y segura de materiales alimentarios a granel es<\/p>\n","protected":false},"author":1,"featured_media":0,"parent":0,"menu_order":0,"comment_status":"closed","ping_status":"closed","template":"","meta":{"_joinchat":[],"footnotes":""},"class_list":["post-9157","page","type-page","status-publish","hentry"],"yoast_head":"<!-- This site is optimized with the Yoast SEO plugin v22.3 - https:\/\/yoast.com\/wordpress\/plugins\/seo\/ -->\n<title>Alimentos - Industrial Transfer Pump Manufacturer<\/title>\n<meta name=\"description\" content=\"Bomba de trasiego de bidones a pasta de tomate Bomba de trasiego de pur\u00e9 o salsa de tomate Bombas de descarga de bidones de alimentos Bomba de trasiego de pur\u00e9 o salsa de tomate\" \/>\n<meta name=\"robots\" content=\"index, follow, max-snippet:-1, max-image-preview:large, max-video-preview:-1\" \/>\n<link rel=\"canonical\" href=\"https:\/\/industrialtransferpump.com\/es\/alimentos\/\" \/>\n<meta property=\"og:locale\" content=\"es_ES\" \/>\n<meta property=\"og:type\" content=\"article\" \/>\n<meta property=\"og:title\" content=\"Alimentos - Industrial Transfer Pump Manufacturer\" \/>\n<meta property=\"og:description\" content=\"Bomba de trasiego de bidones a pasta de tomate Bomba de trasiego de pur\u00e9 o salsa de tomate Bombas de descarga de bidones de alimentos Bomba de trasiego de pur\u00e9 o salsa de tomate\" \/>\n<meta property=\"og:url\" content=\"https:\/\/industrialtransferpump.com\/es\/alimentos\/\" \/>\n<meta property=\"og:site_name\" content=\"Industrial Transfer Pump Manufacturer\" \/>\n<meta property=\"article:modified_time\" content=\"2023-10-04T10:12:02+00:00\" \/>\n<meta property=\"og:image\" content=\"https:\/\/industrialtransferpump.com\/wp-content\/uploads\/2023\/05\/Drum-tomate-pump-barrel-unloding-pump.jpeg\" \/>\n<meta name=\"twitter:card\" content=\"summary_large_image\" \/>\n<meta name=\"twitter:label1\" content=\"Tiempo de lectura\" \/>\n\t<meta name=\"twitter:data1\" content=\"5 minutos\" \/>\n<script type=\"application\/ld+json\" class=\"yoast-schema-graph\">{\"@context\":\"https:\/\/schema.org\",\"@graph\":[{\"@type\":\"WebPage\",\"@id\":\"https:\/\/industrialtransferpump.com\/es\/alimentos\/\",\"url\":\"https:\/\/industrialtransferpump.com\/es\/alimentos\/\",\"name\":\"Alimentos - Industrial Transfer Pump Manufacturer\",\"isPartOf\":{\"@id\":\"https:\/\/industrialtransferpump.com\/#website\"},\"primaryImageOfPage\":{\"@id\":\"https:\/\/industrialtransferpump.com\/es\/alimentos\/#primaryimage\"},\"image\":{\"@id\":\"https:\/\/industrialtransferpump.com\/es\/alimentos\/#primaryimage\"},\"thumbnailUrl\":\"https:\/\/industrialtransferpump.com\/wp-content\/uploads\/2023\/05\/Drum-tomate-pump-barrel-unloding-pump.jpeg\",\"datePublished\":\"2023-04-10T23:28:25+00:00\",\"dateModified\":\"2023-10-04T10:12:02+00:00\",\"description\":\"Bomba de trasiego de bidones a pasta de tomate Bomba de trasiego de pur\u00e9 o salsa de tomate Bombas de descarga de bidones de alimentos Bomba de trasiego de pur\u00e9 o salsa de tomate\",\"breadcrumb\":{\"@id\":\"https:\/\/industrialtransferpump.com\/es\/alimentos\/#breadcrumb\"},\"inLanguage\":\"es\",\"potentialAction\":[{\"@type\":\"ReadAction\",\"target\":[\"https:\/\/industrialtransferpump.com\/es\/alimentos\/\"]}]},{\"@type\":\"ImageObject\",\"inLanguage\":\"es\",\"@id\":\"https:\/\/industrialtransferpump.com\/es\/alimentos\/#primaryimage\",\"url\":\"https:\/\/industrialtransferpump.com\/wp-content\/uploads\/2023\/05\/Drum-tomate-pump-barrel-unloding-pump.jpeg\",\"contentUrl\":\"https:\/\/industrialtransferpump.com\/wp-content\/uploads\/2023\/05\/Drum-tomate-pump-barrel-unloding-pump.jpeg\",\"width\":1024,\"height\":1024,\"caption\":\"barrel unloding pump\"},{\"@type\":\"BreadcrumbList\",\"@id\":\"https:\/\/industrialtransferpump.com\/es\/alimentos\/#breadcrumb\",\"itemListElement\":[{\"@type\":\"ListItem\",\"position\":1,\"name\":\"Home\",\"item\":\"https:\/\/industrialtransferpump.com\/es\/inicio\/\"},{\"@type\":\"ListItem\",\"position\":2,\"name\":\"Alimentos\"}]},{\"@type\":\"WebSite\",\"@id\":\"https:\/\/industrialtransferpump.com\/#website\",\"url\":\"https:\/\/industrialtransferpump.com\/\",\"name\":\"Drum Emptying System & Barrel Unloading System\",\"description\":\"Industrial Transfer Pump\",\"publisher\":{\"@id\":\"https:\/\/industrialtransferpump.com\/#organization\"},\"potentialAction\":[{\"@type\":\"SearchAction\",\"target\":{\"@type\":\"EntryPoint\",\"urlTemplate\":\"https:\/\/industrialtransferpump.com\/?s={search_term_string}\"},\"query-input\":\"required name=search_term_string\"}],\"inLanguage\":\"es\"},{\"@type\":\"Organization\",\"@id\":\"https:\/\/industrialtransferpump.com\/#organization\",\"name\":\"Barrel Pump Trasferring Systems\",\"url\":\"https:\/\/industrialtransferpump.com\/\",\"logo\":{\"@type\":\"ImageObject\",\"inLanguage\":\"es\",\"@id\":\"https:\/\/industrialtransferpump.com\/#\/schema\/logo\/image\/\",\"url\":\"https:\/\/industrialtransferpump.com\/wp-content\/uploads\/2021\/03\/Logo.png\",\"contentUrl\":\"https:\/\/industrialtransferpump.com\/wp-content\/uploads\/2021\/03\/Logo.png\",\"width\":6617,\"height\":4077,\"caption\":\"Barrel Pump Trasferring Systems\"},\"image\":{\"@id\":\"https:\/\/industrialtransferpump.com\/#\/schema\/logo\/image\/\"}}]}<\/script>\n<!-- \/ Yoast SEO plugin. -->","yoast_head_json":{"title":"Alimentos - Industrial Transfer Pump Manufacturer","description":"Bomba de trasiego de bidones a pasta de tomate Bomba de trasiego de pur\u00e9 o salsa de tomate Bombas de descarga de bidones de alimentos Bomba de trasiego de pur\u00e9 o salsa de tomate","robots":{"index":"index","follow":"follow","max-snippet":"max-snippet:-1","max-image-preview":"max-image-preview:large","max-video-preview":"max-video-preview:-1"},"canonical":"https:\/\/industrialtransferpump.com\/es\/alimentos\/","og_locale":"es_ES","og_type":"article","og_title":"Alimentos - Industrial Transfer Pump Manufacturer","og_description":"Bomba de trasiego de bidones a pasta de tomate Bomba de trasiego de pur\u00e9 o salsa de tomate Bombas de descarga de bidones de alimentos Bomba de trasiego de pur\u00e9 o salsa de tomate","og_url":"https:\/\/industrialtransferpump.com\/es\/alimentos\/","og_site_name":"Industrial Transfer Pump Manufacturer","article_modified_time":"2023-10-04T10:12:02+00:00","og_image":[{"url":"https:\/\/industrialtransferpump.com\/wp-content\/uploads\/2023\/05\/Drum-tomate-pump-barrel-unloding-pump.jpeg"}],"twitter_card":"summary_large_image","twitter_misc":{"Tiempo de lectura":"5 minutos"},"schema":{"@context":"https:\/\/schema.org","@graph":[{"@type":"WebPage","@id":"https:\/\/industrialtransferpump.com\/es\/alimentos\/","url":"https:\/\/industrialtransferpump.com\/es\/alimentos\/","name":"Alimentos - Industrial Transfer Pump Manufacturer","isPartOf":{"@id":"https:\/\/industrialtransferpump.com\/#website"},"primaryImageOfPage":{"@id":"https:\/\/industrialtransferpump.com\/es\/alimentos\/#primaryimage"},"image":{"@id":"https:\/\/industrialtransferpump.com\/es\/alimentos\/#primaryimage"},"thumbnailUrl":"https:\/\/industrialtransferpump.com\/wp-content\/uploads\/2023\/05\/Drum-tomate-pump-barrel-unloding-pump.jpeg","datePublished":"2023-04-10T23:28:25+00:00","dateModified":"2023-10-04T10:12:02+00:00","description":"Bomba de trasiego de bidones a pasta de tomate Bomba de trasiego de pur\u00e9 o salsa de tomate Bombas de descarga de bidones de alimentos Bomba de trasiego de pur\u00e9 o salsa de tomate","breadcrumb":{"@id":"https:\/\/industrialtransferpump.com\/es\/alimentos\/#breadcrumb"},"inLanguage":"es","potentialAction":[{"@type":"ReadAction","target":["https:\/\/industrialtransferpump.com\/es\/alimentos\/"]}]},{"@type":"ImageObject","inLanguage":"es","@id":"https:\/\/industrialtransferpump.com\/es\/alimentos\/#primaryimage","url":"https:\/\/industrialtransferpump.com\/wp-content\/uploads\/2023\/05\/Drum-tomate-pump-barrel-unloding-pump.jpeg","contentUrl":"https:\/\/industrialtransferpump.com\/wp-content\/uploads\/2023\/05\/Drum-tomate-pump-barrel-unloding-pump.jpeg","width":1024,"height":1024,"caption":"barrel unloding pump"},{"@type":"BreadcrumbList","@id":"https:\/\/industrialtransferpump.com\/es\/alimentos\/#breadcrumb","itemListElement":[{"@type":"ListItem","position":1,"name":"Home","item":"https:\/\/industrialtransferpump.com\/es\/inicio\/"},{"@type":"ListItem","position":2,"name":"Alimentos"}]},{"@type":"WebSite","@id":"https:\/\/industrialtransferpump.com\/#website","url":"https:\/\/industrialtransferpump.com\/","name":"Drum Emptying System & Barrel Unloading System","description":"Industrial Transfer Pump","publisher":{"@id":"https:\/\/industrialtransferpump.com\/#organization"},"potentialAction":[{"@type":"SearchAction","target":{"@type":"EntryPoint","urlTemplate":"https:\/\/industrialtransferpump.com\/?s={search_term_string}"},"query-input":"required name=search_term_string"}],"inLanguage":"es"},{"@type":"Organization","@id":"https:\/\/industrialtransferpump.com\/#organization","name":"Barrel Pump Trasferring Systems","url":"https:\/\/industrialtransferpump.com\/","logo":{"@type":"ImageObject","inLanguage":"es","@id":"https:\/\/industrialtransferpump.com\/#\/schema\/logo\/image\/","url":"https:\/\/industrialtransferpump.com\/wp-content\/uploads\/2021\/03\/Logo.png","contentUrl":"https:\/\/industrialtransferpump.com\/wp-content\/uploads\/2021\/03\/Logo.png","width":6617,"height":4077,"caption":"Barrel Pump Trasferring Systems"},"image":{"@id":"https:\/\/industrialtransferpump.com\/#\/schema\/logo\/image\/"}}]}},"_links":{"self":[{"href":"https:\/\/industrialtransferpump.com\/es\/wp-json\/wp\/v2\/pages\/9157","targetHints":{"allow":["GET"]}}],"collection":[{"href":"https:\/\/industrialtransferpump.com\/es\/wp-json\/wp\/v2\/pages"}],"about":[{"href":"https:\/\/industrialtransferpump.com\/es\/wp-json\/wp\/v2\/types\/page"}],"author":[{"embeddable":true,"href":"https:\/\/industrialtransferpump.com\/es\/wp-json\/wp\/v2\/users\/1"}],"replies":[{"embeddable":true,"href":"https:\/\/industrialtransferpump.com\/es\/wp-json\/wp\/v2\/comments?post=9157"}],"version-history":[{"count":2,"href":"https:\/\/industrialtransferpump.com\/es\/wp-json\/wp\/v2\/pages\/9157\/revisions"}],"predecessor-version":[{"id":9161,"href":"https:\/\/industrialtransferpump.com\/es\/wp-json\/wp\/v2\/pages\/9157\/revisions\/9161"}],"wp:attachment":[{"href":"https:\/\/industrialtransferpump.com\/es\/wp-json\/wp\/v2\/media?parent=9157"}],"curies":[{"name":"wp","href":"https:\/\/api.w.org\/{rel}","templated":true}]}}