{"id":9162,"date":"2023-04-10T23:26:59","date_gmt":"2023-04-10T23:26:59","guid":{"rendered":"https:\/\/industrialtransferpump.com\/cosmeticos\/"},"modified":"2023-10-04T10:12:04","modified_gmt":"2023-10-04T10:12:04","slug":"cosmeticos","status":"publish","type":"page","link":"https:\/\/industrialtransferpump.com\/es\/cosmeticos\/","title":{"rendered":"Cosm\u00e9ticos"},"content":{"rendered":"<div class=\"wpb-content-wrapper\"><p>[vc_row][vc_column width=&#8221;2\/3&#8243;][vc_custom_heading text=&#8221;Bomba de descarga de bidones para la industria cosm\u00e9tica&#8221; use_theme_fonts=&#8221;yes&#8221;][stm_spacing lg_spacing=&#8221;30&#8243; md_spacing=&#8221;30&#8243; sm_spacing=&#8221;30&#8243; xs_spacing=&#8221;30&#8243;][vc_column_text]Una bomba de descarga de bidones para la industria cosm\u00e9tica es un tipo de bomba dise\u00f1ada para trasvasar productos viscosos y semiviscosos desde bidones u otros recipientes a equipos de procesamiento posteriores. Por ejemplo, <strong>bombas<\/strong> para vaselina. Este tipo de bomba se utiliza habitualmente en la industria cosm\u00e9tica para trasvasar productos como lociones, cremas, geles y otras formulaciones semis\u00f3lidas.<\/p>\n<p>Hay varios factores que deben tenerse en cuenta al seleccionar una bomba de descarga de bid\u00f3n para la industria cosm\u00e9tica. Entre ellos se incluyen la viscosidad del producto bombeado, el tipo de recipiente utilizado, el caudal necesario y el nivel de higiene requerido.<\/p>\n<p>Algunos tipos comunes de bombas de descarga de bidones utilizadas en la industria cosm\u00e9tica son las bombas perist\u00e1lticas, las bombas de diafragma y las bombas de l\u00f3bulos. Las bombas perist\u00e1lticas son ideales para manipular productos sensibles al cizallamiento y son f\u00e1ciles de limpiar y mantener. Las bombas de diafragma son adecuadas para la manipulaci\u00f3n de materiales abrasivos o corrosivos, y las bombas lobulares son mejores para caudales elevados y aplicaciones de bajo cizallamiento.<\/p>\n<p>Adem\u00e1s de seleccionar el tipo de bomba adecuado, tambi\u00e9n es importante tener en cuenta el material de construcci\u00f3n. Las bombas utilizadas en la industria cosm\u00e9tica suelen estar fabricadas con materiales f\u00e1ciles de limpiar, como acero inoxidable o pl\u00e1sticos aprobados por la FDA.<\/p>\n<p>En general, la selecci\u00f3n de la bomba de descarga de bid\u00f3n adecuada para la industria cosm\u00e9tica requiere una cuidadosa consideraci\u00f3n del producto bombeado, el recipiente utilizado y los requisitos espec\u00edficos de la aplicaci\u00f3n.<\/p>\n<p><img loading=\"lazy\" decoding=\"async\" class=\"size-large wp-image-7818\" src=\"https:\/\/industrialtransferpump.com\/wp-content\/uploads\/2023\/04\/Drum-emptying-systems-819x1024.jpg\" alt=\"Sistemas de vaciado de bidones\" width=\"819\" height=\"1024\" srcset=\"https:\/\/industrialtransferpump.com\/wp-content\/uploads\/2023\/04\/Drum-emptying-systems-819x1024.jpg 819w, https:\/\/industrialtransferpump.com\/wp-content\/uploads\/2023\/04\/Drum-emptying-systems-240x300.jpg 240w, https:\/\/industrialtransferpump.com\/wp-content\/uploads\/2023\/04\/Drum-emptying-systems-768x960.jpg 768w, https:\/\/industrialtransferpump.com\/wp-content\/uploads\/2023\/04\/Drum-emptying-systems-900x1125.jpg 900w, https:\/\/industrialtransferpump.com\/wp-content\/uploads\/2023\/04\/Drum-emptying-systems.jpg 1080w\" sizes=\"auto, (max-width: 819px) 100vw, 819px\" \/><\/p>\n<p>[\/vc_column_text][vc_custom_heading text=&#8221;Llenado de vaselina del bid\u00f3n de 200 litros a los tanques de dosificaci\u00f3n&#8221; font_container=&#8221;tag:h4|text_align:left&#8221; use_theme_fonts=&#8221;yes&#8221; el_class=&#8221;remove_padding&#8221;][vc_column_text]Sistemas de descarga de barriles: Transferir vaselina de alta viscosidad con facilidad<\/p>\n<p>La industria cosm\u00e9tica depende en gran medida de productos viscosos, como cremas y lociones,<\/p>\n<p>Comprender<\/p>\n<p>La vaselina es un ingrediente habitual en productos para el cuidado de la piel y el cuidado personal. Es un producto semis\u00f3lido de alta viscosidad que puede ir de blando a duro, seg\u00fan su formulaci\u00f3n espec\u00edfica. Debido a su consistencia espesa, el trasvase de vaselina desde barriles de 200 litros puede resultar dif\u00edcil sin el equipo adecuado.<\/p>\n<p><img loading=\"lazy\" decoding=\"async\" class=\"alignnone size-full wp-image-7824\" src=\"https:\/\/industrialtransferpump.com\/wp-content\/uploads\/2023\/04\/Drum-emptying-system-Vaseline-pumps.jpg\" alt=\"Sistema de vaciado de bidones Bombas de vaselina\" width=\"910\" height=\"931\" srcset=\"https:\/\/industrialtransferpump.com\/wp-content\/uploads\/2023\/04\/Drum-emptying-system-Vaseline-pumps.jpg 910w, https:\/\/industrialtransferpump.com\/wp-content\/uploads\/2023\/04\/Drum-emptying-system-Vaseline-pumps-293x300.jpg 293w, https:\/\/industrialtransferpump.com\/wp-content\/uploads\/2023\/04\/Drum-emptying-system-Vaseline-pumps-768x786.jpg 768w, https:\/\/industrialtransferpump.com\/wp-content\/uploads\/2023\/04\/Drum-emptying-system-Vaseline-pumps-50x50.jpg 50w, https:\/\/industrialtransferpump.com\/wp-content\/uploads\/2023\/04\/Drum-emptying-system-Vaseline-pumps-900x921.jpg 900w\" sizes=\"auto, (max-width: 910px) 100vw, 910px\" \/><\/p>\n<p>Sistemas de descarga de barriles: Tipos y ventajas<\/p>\n<p>Para el trasvase de vaselina de alta viscosidad pueden utilizarse varios tipos de sistemas de descarga de barriles, como bombas neum\u00e1ticas, bombas el\u00e9ctricas y bombas hidr\u00e1ulicas. Estos sistemas ofrecen una serie de ventajas con respecto a los m\u00e9todos manuales de transferencia de vaselina.<\/p>\n<p>En primer lugar, los sistemas de descarga de barriles pueden transferir la vaselina de forma m\u00e1s eficaz y precisa que los m\u00e9todos manuales, que pueden ser lentos y sucios. Utilizando una bomba especializada, la vaselina puede dispensarse f\u00e1cilmente y con precisi\u00f3n en recipientes u otros equipos de procesado.<\/p>\n<p>Otra ventaja de utilizar un sistema de descarga de barriles es que puede ayudar a reducir los residuos. Dado que el sistema est\u00e1 dise\u00f1ado para transferir la cantidad exacta de vaselina necesaria, hay menos riesgo de p\u00e9rdida o contaminaci\u00f3n del producto durante el proceso de transferencia.<\/p>\n<p><a href=\"http:\/\/Drum%20unloading%20systems%20are%20required%20to%20transfer%20high%20viscosity%20Vaseline%20from%20200%20liter%20drums.%20They%20provide%20several%20advantages%20over%20manual%20Vaseline%20delivery%20methods,%20including%20greater%20efficiency,%20accuracy%20and%20less%20waste.%20When%20choosing%20a%20pump%20for%20a%20drum%20discharge%20system%20it%20is%20important%20to%20consider%20the%20viscosity%20of%20the%20Vaseline,%20the%20type%20of%20drum%20used%20and%20the%20material%20of%20construction.%20When%20the%20correct%20muzzle%20blast%20system%20is%20applied,%20the%20transfer%20of%20Vaseline%20becomes%20much%20easier%20and%20more%20fluid.\">Tipos de bombas para sistemas de descarga de barriles<\/a><\/p>\n<p>A la hora de elegir una bomba para un sistema de descarga de barriles, hay que tener en cuenta varios factores. La <strong>viscosidad de la vaselina<\/strong>, el tipo de barril utilizado y el caudal necesario son consideraciones importantes.<\/p>\n<p>Una bomba de desplazamiento positivo, como una bomba lobular rotativa o una bomba de cavidad progresiva, suele ser la mejor opci\u00f3n para trasvasar vaselina de alta viscosidad. Estas bombas est\u00e1n dise\u00f1adas para manejar fluidos espesos y viscosos y pueden proporcionar un caudal constante incluso cuando var\u00eda la viscosidad del producto.<\/p>\n<p>Al seleccionar una bomba para un sistema de descarga de barriles, tambi\u00e9n es importante tener en cuenta el material de construcci\u00f3n. Dado que la vaselina es un producto derivado del petr\u00f3leo, las bombas fabricadas con materiales compatibles con los productos derivados del petr\u00f3leo, como el acero inoxidable o los pl\u00e1sticos aprobados por la FDA, son ideales.<\/p>\n<p>Las bombas sin sello son otra opci\u00f3n a considerar para el trasvase de vaselina. Estas bombas eliminan el riesgo de contaminaci\u00f3n y fugas durante el trasvase, garantizando que la vaselina permanezca pura y limpia.<\/p>\n<p>Conclusi\u00f3n<\/p>\n<p>Los <a href=\"https:\/\/industrialtransferpump.com\/how-to-use-unloading-barrel-system\/\">sistemas de descarga de bidones<\/a> son necesarios para trasvasar vaselina de alta viscosidad de bidones de 200 litros. Ofrecen varias ventajas frente a los m\u00e9todos manuales de administraci\u00f3n de vaselina, como una mayor eficacia, precisi\u00f3n y menos residuos. Al elegir una bomba para un sistema de descarga de bidones, es importante tener en cuenta la viscosidad de la vaselina, el tipo de bid\u00f3n utilizado y el material de construcci\u00f3n. Cuando se aplica el sistema de avancarga correcto, la transferencia de vaselina resulta mucho m\u00e1s f\u00e1cil y fluida.[\/vc_column_text][vc_column_text]<\/p>\n<div class=\"ce_row_start row block\">\n<div class=\"ce_col_start small-12 large-11 columns block\">\n<h3 class=\"ce_headline left small-12\">Ejemplos de aplicaci\u00f3n<\/h3>\n<\/div>\n<\/div>\n<div class=\"ce_row_start media-examples row block\">\n<div class=\"ce_col_start small-12 large-4 columns block\">\n<div class=\"ce_list left small-12 block\">\n<ul class=\"\">\n<li class=\"first\">Pasta abrasiva<\/li>\n<li>Alcoholes<\/li>\n<li>Aceite de limpieza<\/li>\n<li>Concentrados<\/li>\n<li>Aceites esenciales<\/li>\n<li>Etanol<\/li>\n<li>M\u00e1scara facial<\/li>\n<li>Glicerina<\/li>\n<li>Gel para el pelo<\/li>\n<li class=\"last\">Crema de manos<\/li>\n<\/ul>\n<\/div>\n<\/div>\n<div class=\"ce_col_start small-12 large-4 columns block\">\n<div class=\"ce_list left small-12 block\">\n<ul class=\"\">\n<li class=\"first\">Yodo<\/li>\n<li>Lanolina<\/li>\n<li>Jab\u00f3n l\u00edquido<\/li>\n<li>Maquillaje<\/li>\n<li>M\u00e1scara<\/li>\n<li>Pomadas\/Cremas<\/li>\n<li>Crema exfoliante<\/li>\n<li>Perfume<\/li>\n<li>Aceites de perfume<\/li>\n<li class=\"last\">Propilenglicol<\/li>\n<\/ul>\n<\/div>\n<\/div>\n<div class=\"ce_col_start small-12 large-4 columns block\">\n<div class=\"ce_list left small-12 block\">\n<ul class=\"\">\n<li class=\"first\">Suero<\/li>\n<li>Champ\u00fa<\/li>\n<li>Aceite de silicona<\/li>\n<li>Pasta de dientes<\/li>\n<li>Varios alcoholes<\/li>\n<li>Varios limpiadores<\/li>\n<li>Vaselina<\/li>\n<li class=\"last\">Cera<\/li>\n<\/ul>\n<\/div>\n<\/div>\n<\/div>\n<p>[\/vc_column_text][\/vc_column][vc_column width=&#8221;1\/3&#8243;][stm_sidebar sidebar=&#8221;577&#8243;][\/vc_column][\/vc_row][vc_row][vc_column][vc_column_text][\/vc_column_text][\/vc_column][\/vc_row]<\/p>\n<\/div>","protected":false},"excerpt":{"rendered":"<p>[vc_row][vc_column width=&#8221;2\/3&#8243;][vc_custom_heading text=&#8221;Bomba de descarga de bidones para la industria cosm\u00e9tica&#8221; use_theme_fonts=&#8221;yes&#8221;][stm_spacing lg_spacing=&#8221;30&#8243; md_spacing=&#8221;30&#8243; sm_spacing=&#8221;30&#8243; xs_spacing=&#8221;30&#8243;][vc_column_text]Una bomba de descarga de bidones para la industria cosm\u00e9tica es un tipo de bomba dise\u00f1ada para trasvasar productos viscosos y semiviscosos desde bidones u otros recipientes a equipos de procesamiento posteriores. Por ejemplo, bombas para vaselina. Este tipo de<\/p>\n","protected":false},"author":1,"featured_media":0,"parent":0,"menu_order":0,"comment_status":"closed","ping_status":"closed","template":"","meta":{"_joinchat":[],"footnotes":""},"class_list":["post-9162","page","type-page","status-publish","hentry"],"yoast_head":"<!-- This site is optimized with the Yoast SEO plugin v22.3 - https:\/\/yoast.com\/wordpress\/plugins\/seo\/ -->\n<title>Cosm\u00e9ticos - Industrial Transfer Pump Manufacturer<\/title>\n<meta name=\"description\" content=\"Sistemas de Descarga de Barriles: Trasvase de Vaselina de Alta Viscosidad con Sistemas Eas de Descarga de Barril Tipos de Bombas para Trasvase de Vaselina\" \/>\n<meta name=\"robots\" content=\"index, follow, max-snippet:-1, max-image-preview:large, max-video-preview:-1\" \/>\n<link rel=\"canonical\" href=\"https:\/\/industrialtransferpump.com\/es\/cosmeticos\/\" \/>\n<meta property=\"og:locale\" content=\"es_ES\" \/>\n<meta property=\"og:type\" content=\"article\" \/>\n<meta property=\"og:title\" content=\"Cosm\u00e9ticos - Industrial Transfer Pump Manufacturer\" \/>\n<meta property=\"og:description\" content=\"Sistemas de Descarga de Barriles: Trasvase de Vaselina de Alta Viscosidad con Sistemas Eas de Descarga de Barril Tipos de Bombas para Trasvase de Vaselina\" \/>\n<meta property=\"og:url\" content=\"https:\/\/industrialtransferpump.com\/es\/cosmeticos\/\" \/>\n<meta property=\"og:site_name\" content=\"Industrial Transfer Pump Manufacturer\" \/>\n<meta property=\"article:modified_time\" content=\"2023-10-04T10:12:04+00:00\" \/>\n<meta property=\"og:image\" content=\"https:\/\/industrialtransferpump.com\/wp-content\/uploads\/2023\/04\/Drum-emptying-systems-819x1024.jpg\" \/>\n<meta name=\"twitter:card\" content=\"summary_large_image\" \/>\n<meta name=\"twitter:label1\" content=\"Tiempo de lectura\" \/>\n\t<meta name=\"twitter:data1\" content=\"5 minutos\" \/>\n<script type=\"application\/ld+json\" class=\"yoast-schema-graph\">{\"@context\":\"https:\/\/schema.org\",\"@graph\":[{\"@type\":\"WebPage\",\"@id\":\"https:\/\/industrialtransferpump.com\/es\/cosmeticos\/\",\"url\":\"https:\/\/industrialtransferpump.com\/es\/cosmeticos\/\",\"name\":\"Cosm\u00e9ticos - Industrial Transfer Pump Manufacturer\",\"isPartOf\":{\"@id\":\"https:\/\/industrialtransferpump.com\/#website\"},\"primaryImageOfPage\":{\"@id\":\"https:\/\/industrialtransferpump.com\/es\/cosmeticos\/#primaryimage\"},\"image\":{\"@id\":\"https:\/\/industrialtransferpump.com\/es\/cosmeticos\/#primaryimage\"},\"thumbnailUrl\":\"https:\/\/industrialtransferpump.com\/wp-content\/uploads\/2023\/04\/Drum-emptying-systems-819x1024.jpg\",\"datePublished\":\"2023-04-10T23:26:59+00:00\",\"dateModified\":\"2023-10-04T10:12:04+00:00\",\"description\":\"Sistemas de Descarga de Barriles: Trasvase de Vaselina de Alta Viscosidad con Sistemas Eas de Descarga de Barril Tipos de Bombas para Trasvase de Vaselina\",\"breadcrumb\":{\"@id\":\"https:\/\/industrialtransferpump.com\/es\/cosmeticos\/#breadcrumb\"},\"inLanguage\":\"es\",\"potentialAction\":[{\"@type\":\"ReadAction\",\"target\":[\"https:\/\/industrialtransferpump.com\/es\/cosmeticos\/\"]}]},{\"@type\":\"ImageObject\",\"inLanguage\":\"es\",\"@id\":\"https:\/\/industrialtransferpump.com\/es\/cosmeticos\/#primaryimage\",\"url\":\"\",\"contentUrl\":\"\"},{\"@type\":\"BreadcrumbList\",\"@id\":\"https:\/\/industrialtransferpump.com\/es\/cosmeticos\/#breadcrumb\",\"itemListElement\":[{\"@type\":\"ListItem\",\"position\":1,\"name\":\"Home\",\"item\":\"https:\/\/industrialtransferpump.com\/es\/inicio\/\"},{\"@type\":\"ListItem\",\"position\":2,\"name\":\"Cosm\u00e9ticos\"}]},{\"@type\":\"WebSite\",\"@id\":\"https:\/\/industrialtransferpump.com\/#website\",\"url\":\"https:\/\/industrialtransferpump.com\/\",\"name\":\"Drum Emptying System & Barrel Unloading System\",\"description\":\"Industrial Transfer Pump\",\"publisher\":{\"@id\":\"https:\/\/industrialtransferpump.com\/#organization\"},\"potentialAction\":[{\"@type\":\"SearchAction\",\"target\":{\"@type\":\"EntryPoint\",\"urlTemplate\":\"https:\/\/industrialtransferpump.com\/?s={search_term_string}\"},\"query-input\":\"required name=search_term_string\"}],\"inLanguage\":\"es\"},{\"@type\":\"Organization\",\"@id\":\"https:\/\/industrialtransferpump.com\/#organization\",\"name\":\"Barrel Pump Trasferring Systems\",\"url\":\"https:\/\/industrialtransferpump.com\/\",\"logo\":{\"@type\":\"ImageObject\",\"inLanguage\":\"es\",\"@id\":\"https:\/\/industrialtransferpump.com\/#\/schema\/logo\/image\/\",\"url\":\"https:\/\/industrialtransferpump.com\/wp-content\/uploads\/2021\/03\/Logo.png\",\"contentUrl\":\"https:\/\/industrialtransferpump.com\/wp-content\/uploads\/2021\/03\/Logo.png\",\"width\":6617,\"height\":4077,\"caption\":\"Barrel Pump Trasferring Systems\"},\"image\":{\"@id\":\"https:\/\/industrialtransferpump.com\/#\/schema\/logo\/image\/\"}}]}<\/script>\n<!-- \/ Yoast SEO plugin. -->","yoast_head_json":{"title":"Cosm\u00e9ticos - Industrial Transfer Pump Manufacturer","description":"Sistemas de Descarga de Barriles: Trasvase de Vaselina de Alta Viscosidad con Sistemas Eas de Descarga de Barril Tipos de Bombas para Trasvase de Vaselina","robots":{"index":"index","follow":"follow","max-snippet":"max-snippet:-1","max-image-preview":"max-image-preview:large","max-video-preview":"max-video-preview:-1"},"canonical":"https:\/\/industrialtransferpump.com\/es\/cosmeticos\/","og_locale":"es_ES","og_type":"article","og_title":"Cosm\u00e9ticos - Industrial Transfer Pump Manufacturer","og_description":"Sistemas de Descarga de Barriles: Trasvase de Vaselina de Alta Viscosidad con Sistemas Eas de Descarga de Barril Tipos de Bombas para Trasvase de Vaselina","og_url":"https:\/\/industrialtransferpump.com\/es\/cosmeticos\/","og_site_name":"Industrial Transfer Pump Manufacturer","article_modified_time":"2023-10-04T10:12:04+00:00","og_image":[{"url":"https:\/\/industrialtransferpump.com\/wp-content\/uploads\/2023\/04\/Drum-emptying-systems-819x1024.jpg"}],"twitter_card":"summary_large_image","twitter_misc":{"Tiempo de lectura":"5 minutos"},"schema":{"@context":"https:\/\/schema.org","@graph":[{"@type":"WebPage","@id":"https:\/\/industrialtransferpump.com\/es\/cosmeticos\/","url":"https:\/\/industrialtransferpump.com\/es\/cosmeticos\/","name":"Cosm\u00e9ticos - Industrial Transfer Pump Manufacturer","isPartOf":{"@id":"https:\/\/industrialtransferpump.com\/#website"},"primaryImageOfPage":{"@id":"https:\/\/industrialtransferpump.com\/es\/cosmeticos\/#primaryimage"},"image":{"@id":"https:\/\/industrialtransferpump.com\/es\/cosmeticos\/#primaryimage"},"thumbnailUrl":"https:\/\/industrialtransferpump.com\/wp-content\/uploads\/2023\/04\/Drum-emptying-systems-819x1024.jpg","datePublished":"2023-04-10T23:26:59+00:00","dateModified":"2023-10-04T10:12:04+00:00","description":"Sistemas de Descarga de Barriles: Trasvase de Vaselina de Alta Viscosidad con Sistemas Eas de Descarga de Barril Tipos de Bombas para Trasvase de Vaselina","breadcrumb":{"@id":"https:\/\/industrialtransferpump.com\/es\/cosmeticos\/#breadcrumb"},"inLanguage":"es","potentialAction":[{"@type":"ReadAction","target":["https:\/\/industrialtransferpump.com\/es\/cosmeticos\/"]}]},{"@type":"ImageObject","inLanguage":"es","@id":"https:\/\/industrialtransferpump.com\/es\/cosmeticos\/#primaryimage","url":"","contentUrl":""},{"@type":"BreadcrumbList","@id":"https:\/\/industrialtransferpump.com\/es\/cosmeticos\/#breadcrumb","itemListElement":[{"@type":"ListItem","position":1,"name":"Home","item":"https:\/\/industrialtransferpump.com\/es\/inicio\/"},{"@type":"ListItem","position":2,"name":"Cosm\u00e9ticos"}]},{"@type":"WebSite","@id":"https:\/\/industrialtransferpump.com\/#website","url":"https:\/\/industrialtransferpump.com\/","name":"Drum Emptying System & Barrel Unloading System","description":"Industrial Transfer Pump","publisher":{"@id":"https:\/\/industrialtransferpump.com\/#organization"},"potentialAction":[{"@type":"SearchAction","target":{"@type":"EntryPoint","urlTemplate":"https:\/\/industrialtransferpump.com\/?s={search_term_string}"},"query-input":"required name=search_term_string"}],"inLanguage":"es"},{"@type":"Organization","@id":"https:\/\/industrialtransferpump.com\/#organization","name":"Barrel Pump Trasferring Systems","url":"https:\/\/industrialtransferpump.com\/","logo":{"@type":"ImageObject","inLanguage":"es","@id":"https:\/\/industrialtransferpump.com\/#\/schema\/logo\/image\/","url":"https:\/\/industrialtransferpump.com\/wp-content\/uploads\/2021\/03\/Logo.png","contentUrl":"https:\/\/industrialtransferpump.com\/wp-content\/uploads\/2021\/03\/Logo.png","width":6617,"height":4077,"caption":"Barrel Pump Trasferring Systems"},"image":{"@id":"https:\/\/industrialtransferpump.com\/#\/schema\/logo\/image\/"}}]}},"_links":{"self":[{"href":"https:\/\/industrialtransferpump.com\/es\/wp-json\/wp\/v2\/pages\/9162","targetHints":{"allow":["GET"]}}],"collection":[{"href":"https:\/\/industrialtransferpump.com\/es\/wp-json\/wp\/v2\/pages"}],"about":[{"href":"https:\/\/industrialtransferpump.com\/es\/wp-json\/wp\/v2\/types\/page"}],"author":[{"embeddable":true,"href":"https:\/\/industrialtransferpump.com\/es\/wp-json\/wp\/v2\/users\/1"}],"replies":[{"embeddable":true,"href":"https:\/\/industrialtransferpump.com\/es\/wp-json\/wp\/v2\/comments?post=9162"}],"version-history":[{"count":2,"href":"https:\/\/industrialtransferpump.com\/es\/wp-json\/wp\/v2\/pages\/9162\/revisions"}],"predecessor-version":[{"id":9165,"href":"https:\/\/industrialtransferpump.com\/es\/wp-json\/wp\/v2\/pages\/9162\/revisions\/9165"}],"wp:attachment":[{"href":"https:\/\/industrialtransferpump.com\/es\/wp-json\/wp\/v2\/media?parent=9162"}],"curies":[{"name":"wp","href":"https:\/\/api.w.org\/{rel}","templated":true}]}}