{"id":9174,"date":"2023-08-17T08:45:42","date_gmt":"2023-08-17T08:45:42","guid":{"rendered":"https:\/\/industrialtransferpump.com\/bomba-mono-serie-ah\/"},"modified":"2023-10-12T11:49:39","modified_gmt":"2023-10-12T11:49:39","slug":"bomba-mono-serie-ah","status":"publish","type":"page","link":"https:\/\/industrialtransferpump.com\/es\/bomba-mono-serie-ah\/","title":{"rendered":"Bomba Mono Serie AH"},"content":{"rendered":"<div class=\"wpb-content-wrapper\"><p>[vc_row css=&#8221;.vc_custom_1452687555475{margin-bottom: 100px !important;}&#8221;][vc_column offset=&#8221;vc_col-lg-9 vc_col-md-9&#8243;][vc_single_image image=&#8221;8424&#8243; img_size=&#8221;stm-image-1110&#215;550-croped&#8221; css=&#8221;.vc_custom_1692694638979{margin-bottom: 45px !important;}&#8221;][vc_column_text css=&#8221;.vc_custom_1692803606409{margin-bottom: 25px !important;}&#8221;]<\/p>\n<div class=\"wpb_text_column wpb_content_element \">\n<div class=\"wpb_wrapper\">\n<h3><strong>Caracter\u00edsticas y ventajas<\/strong><\/h3>\n<ul>\n<li>Es preferible para el traslado de productos de alta densidad.<\/li>\n<li>Alto rendimiento Max. Gama de modelos de 50 m3\/h y 18 BAR<\/li>\n<li>Trasvase de productos que contienen part\u00edculas s\u00f3lidas<\/li>\n<li>El producto puede recogerse con alimentaci\u00f3n c\u00f3nica<\/li>\n<li>Continuidad del material con el sinf\u00edn de alimentaci\u00f3n<\/li>\n<li>Transferencia de productos puente y sin fisuras<\/li>\n<li>Diferentes soluciones de sellado (mec\u00e1nico &#8211; blando)<\/li>\n<li>Desag\u00fces de entrada de lavado opcionales<\/li>\n<li>Variantes opcionales de acero inoxidable u otras aleaciones de acero<\/li>\n<li>Almacenamiento de productos con campana<\/li>\n<li>Diferentes soluciones de sellado bajo pedido (blando &#8211; mec\u00e1nico)<\/li>\n<li>Diferentes soluciones con equipos de acero inoxidable u otras aleaciones de acero<\/li>\n<\/ul>\n<\/div>\n<\/div>\n<p>&nbsp;<\/p>\n<blockquote><p>C\u00e1mara abierta <a href=\"https:\/\/industrialtransferpump.com\/es\/monobombas\/\"><br \/>\n  <strong>Bomba mono<\/strong><br \/>\n<\/a> con una entrada de c\u00e1mara abierta se utiliza para el trasvase de productos fluidos y semifluidos que requieren un alto vac\u00edo.<\/p>\n<p>Gracias a esta ventaja, se perfila como un socio de soluciones para los usuarios de los sectores alimentario e industrial, en particular la producci\u00f3n de pasta de tomate.<\/p><\/blockquote>\n<p>&nbsp;<\/p>\n<p class=\"consulting-custom-title\">C\u00e1mara abierta <a href=\"https:\/\/tr.wikipedia.org\/wiki\/%C4%B0lerleyen_bo%C5%9Fluklu_pompa\"><strong>monobomba<\/strong> <\/a>se prefieren para productos de pulpa y part\u00edculas con baja fluidez. La abertura de entrada se puede fabricar m\u00e1s grande y m\u00e1s ancha bajo pedido y puede satisfacer las necesidades del cliente a diferentes capacidades y presiones.<\/p>\n<p class=\"consulting-custom-title\">Se utilizan para trasvasar productos de baja viscosidad y alta proporci\u00f3n de materia seca.<\/p>\n<p>[\/vc_column_text][vc_column_text css=&#8221;.vc_custom_1692692518118{margin-bottom: 34px !important;}&#8221;]<\/p>\n<blockquote><p>Estas bombas con entrada de c\u00e1mara de boca abierta son las preferidas en el \u00e1mbito alimentario e industrial, estos modelos se utilizan en productos no fluidos de alta viscosidad con muy baja fluidez.<\/p>\n<p>Es un socio de soluciones para muchos sectores gracias a las ventajas que ofrece a sus usuarios.<\/p><\/blockquote>\n<p>[\/vc_column_text][vc_row_inner css=&#8221;.vc_custom_1456219515168{margin-bottom: 27px !important;}&#8221;][vc_column_inner width=&#8221;1\/2&#8243;][vc_column_text]<img loading=\"lazy\" decoding=\"async\" class=\"size-large wp-image-8448\" src=\"https:\/\/industrialtransferpump.com\/wp-content\/uploads\/2023\/08\/AH_series-mono-pump-1024x791.png\" alt=\"AH_serie-mono-bomba\" width=\"1024\" height=\"791\" srcset=\"https:\/\/industrialtransferpump.com\/wp-content\/uploads\/2023\/08\/AH_series-mono-pump-1024x791.png 1024w, https:\/\/industrialtransferpump.com\/wp-content\/uploads\/2023\/08\/AH_series-mono-pump-300x232.png 300w, https:\/\/industrialtransferpump.com\/wp-content\/uploads\/2023\/08\/AH_series-mono-pump-768x593.png 768w, https:\/\/industrialtransferpump.com\/wp-content\/uploads\/2023\/08\/AH_series-mono-pump-900x695.png 900w, https:\/\/industrialtransferpump.com\/wp-content\/uploads\/2023\/08\/AH_series-mono-pump.png 1398w\" sizes=\"auto, (max-width: 1024px) 100vw, 1024px\" \/>[\/vc_column_text][vc_custom_heading text=&#8221;Funcionamiento&#8221; font_container=&#8221;tag:h4|text_align:left|color:%23222222&#8243; use_theme_fonts=&#8221;yes&#8221; css=&#8221;.vc_custom_1692190329579{margin-bottom: 27px !important;}&#8221;][stm_charts design=&#8221;polarArea&#8221; values_circle=&#8221;%5B%7B%22title%22%3A%22Maximum%208%20meters%22%2C%22value%22%3A%2240%22%2C%22color%22%3A%22%23fe6c61%22%7D%2C%7B%22title%22%3A%2250%20m3%20%2F%20h%20%22%2C%22value%22%3A%2230%22%2C%22color%22%3A%22%235472d2%22%7D%2C%7B%22title%22%3A%2218%20-%2024%20BAR%20%22%2C%22value%22%3A%2240%22%2C%22color%22%3A%22%238d6dc4%22%7D%5D&#8221; width=&#8221;208&#8243; height=&#8221;208&#8243; css=&#8221;.vc_custom_1692698807972{margin-bottom: 14px !important;}&#8221;][vc_column_text]<\/p>\n<p style=\"text-align: center;\"><strong>Variantes opcionales de acero inoxidable u otras aleaciones de acero<\/strong><\/p>\n<p>[\/vc_column_text][vc_column_text]<img loading=\"lazy\" decoding=\"async\" class=\"size-full wp-image-8435\" src=\"https:\/\/industrialtransferpump.com\/wp-content\/uploads\/2023\/08\/Ah-series-mono-pump-5.jpeg\" alt=\"mono-bomba\" width=\"1024\" height=\"768\" srcset=\"https:\/\/industrialtransferpump.com\/wp-content\/uploads\/2023\/08\/Ah-series-mono-pump-5.jpeg 1024w, https:\/\/industrialtransferpump.com\/wp-content\/uploads\/2023\/08\/Ah-series-mono-pump-5-300x225.jpeg 300w, https:\/\/industrialtransferpump.com\/wp-content\/uploads\/2023\/08\/Ah-series-mono-pump-5-768x576.jpeg 768w, https:\/\/industrialtransferpump.com\/wp-content\/uploads\/2023\/08\/Ah-series-mono-pump-5-900x675.jpeg 900w\" sizes=\"auto, (max-width: 1024px) 100vw, 1024px\" \/>[\/vc_column_text][\/vc_column_inner][vc_column_inner width=&#8221;1\/2&#8243;][vc_column_text]<img loading=\"lazy\" decoding=\"async\" class=\"size-full wp-image-8450\" src=\"https:\/\/industrialtransferpump.com\/wp-content\/uploads\/2023\/08\/AH_series-mono-pump-21.png\" alt=\"AH_serie-mono-bomba-2~1\" width=\"994\" height=\"768\" srcset=\"https:\/\/industrialtransferpump.com\/wp-content\/uploads\/2023\/08\/AH_series-mono-pump-21.png 994w, https:\/\/industrialtransferpump.com\/wp-content\/uploads\/2023\/08\/AH_series-mono-pump-21-300x232.png 300w, https:\/\/industrialtransferpump.com\/wp-content\/uploads\/2023\/08\/AH_series-mono-pump-21-768x593.png 768w, https:\/\/industrialtransferpump.com\/wp-content\/uploads\/2023\/08\/AH_series-mono-pump-21-900x695.png 900w\" sizes=\"auto, (max-width: 994px) 100vw, 994px\" \/>[\/vc_column_text][vc_custom_heading text=&#8221;Monobombas y sectores&#8221; font_container=&#8221;tag:h4|text_align:left|color:%23222222&#8243; use_theme_fonts=&#8221;yes&#8221; css=&#8221;.vc_custom_1692191271996{margin-bottom: 23px !important;}&#8221;][vc_column_text]C\u00e1mara abierta <a href=\"https:\/\/industrialtransferpump.com\/es\/monobombas\/\"><br \/>\n  <strong><br \/>\n    <em>monobombas<\/em><br \/>\n  <\/strong><br \/>\n<\/a> son las preferidas en los sectores alimentario e industrial. Se fabrican especialmente en funci\u00f3n del proyecto y la distancia de traslado.<\/p>\n<p>Valor de capacidad deseado (m3\/h)<br \/>\nValor de presi\u00f3n deseado (bar)<br \/>\nDistancia al producto impreso (m)<br \/>\nProducto a imprimir<br \/>\nDensidad del producto a imprimir (gr\/cm3)<br \/>\nViscosidad del producto a imprimir<br \/>\nTemperatura del producto (\u00b0C)<br \/>\nProducto Valor pH<\/p>\n<p>Las bombas se fabrican especialmente seg\u00fan los requisitos del cliente.[\/vc_column_text][vc_column_text]<img loading=\"lazy\" decoding=\"async\" class=\"size-full wp-image-8441\" src=\"https:\/\/industrialtransferpump.com\/wp-content\/uploads\/2023\/08\/Ah-series-mono-pump-4-1.jpeg\" alt=\"Monobomba serie Ah (4)\" width=\"1024\" height=\"768\" srcset=\"https:\/\/industrialtransferpump.com\/wp-content\/uploads\/2023\/08\/Ah-series-mono-pump-4-1.jpeg 1024w, https:\/\/industrialtransferpump.com\/wp-content\/uploads\/2023\/08\/Ah-series-mono-pump-4-1-300x225.jpeg 300w, https:\/\/industrialtransferpump.com\/wp-content\/uploads\/2023\/08\/Ah-series-mono-pump-4-1-768x576.jpeg 768w, https:\/\/industrialtransferpump.com\/wp-content\/uploads\/2023\/08\/Ah-series-mono-pump-4-1-900x675.jpeg 900w\" sizes=\"auto, (max-width: 1024px) 100vw, 1024px\" \/>[\/vc_column_text][\/vc_column_inner][\/vc_row_inner][vc_row_inner][vc_column_inner width=&#8221;1\/2&#8243;][vc_custom_heading text=&#8221;Media-Ejemplos&#8221; font_container=&#8221;tag:h4|text_align:left|color:%23222222&#8243; use_theme_fonts=&#8221;yes&#8221; css=&#8221;.vc_custom_1692191224634{margin-bottom: 23px !important;}&#8221;][vc_column_text css=&#8221;.vc_custom_1692196009254{margin-bottom: 20px !important;}&#8221;]<\/p>\n<ul>\n<li>Bomba de caramelo<\/li>\n<li><strong>Bombas<\/strong> para concentrados de frutas y hortalizas<\/li>\n<li>Bomba de mantequilla de cacahuete<\/li>\n<li>Bomba de mayonesa<\/li>\n<li>Bomba de pasta de turr\u00f3n de avellana<\/li>\n<li>Bomba de chocolate (calentada)<\/li>\n<li>Bomba de concentrados para salsas<\/li>\n<li>Monobomba de aceite<\/li>\n<li>Bomba de vaselina<\/li>\n<li>Pomadas <a href=\"http:\/\/Mono%20phttps:\/\/industrialtransferpump.com\/mono-pumps\/umps%20with%20flash%20connection%20are%20preferred%20in%20food%20and%20industrial%20areas.%20It%20is%20specially%20produced%20depending%20on%20the%20project%20and%20transfer%20distance.\"><br \/>\n  <strong>monobomba<\/strong><br \/>\n<\/a><\/li>\n<li>Bomba para productos capilares y corporales<\/li>\n<li>Cera, bomba semis\u00f3lida<\/li>\n<li>Bomba de glicerina y jarabe de glucosa<\/li>\n<\/ul>\n<p>[\/vc_column_text][vc_custom_heading text=&#8221;RECAMBIO DE MONOBOMBAS&#8221; font_container=&#8221;tag:h4|text_align:left|color:%23222222&#8243; use_theme_fonts=&#8221;yes&#8221; css=&#8221;.vc_custom_1692194223155{margin-bottom: 23px !important;}&#8221;][vc_column_text]<img loading=\"lazy\" decoding=\"async\" class=\" wp-image-8332\" src=\"https:\/\/industrialtransferpump.com\/wp-content\/uploads\/2023\/08\/mono-pump-spare-part-724x1024.jpg\" alt=\"mono-bomba-pieza de recambio\" width=\"669\" height=\"912\">[\/vc_column_text][\/vc_column_inner][vc_column_inner width=&#8221;1\/2&#8243;][vc_custom_heading text=&#8221;Rangos de trabajo&#8221; font_container=&#8221;tag:h4|text_align:left|color:%23222222&#8243; use_theme_fonts=&#8221;yes&#8221; css=&#8221;.vc_custom_1692193075076{margin-bottom: 20px !important;}&#8221;][stm_charts x_values=&#8221;1BAR; 2BAR; 3BAR; 5BAR; 10BAR; 20BAR; 24BAR; 50BAR;&#8221; values=&#8221;%5B%7B%22title%22%3A%2218-24%20BAR%22%2C%22y_values%22%3A%2210%3B%2015%3B%2020%3B%2025%3B%2027%3B%2025%3B%2023%3B%2025%22%2C%22color%22%3A%22%23fe6c61%22%7D%2C%7B%22title%22%3A%222.500%20-%205.000%20L%20%2Fh%20%20%20%22%2C%22y_values%22%3A%2225%3B%2018%3B%2016%3B%2017%3B%2020%3B%2025%3B%2030%3B%2035%22%2C%22color%22%3A%22%235472d2%22%7D%5D&#8221; width=&#8221;395&#8243; height=&#8221;410&#8243;][vc_column_text]<img loading=\"lazy\" decoding=\"async\" class=\"size-large wp-image-8334\" src=\"https:\/\/industrialtransferpump.com\/wp-content\/uploads\/2023\/08\/mono-pump-spare-part-2-724x1024.jpg\" alt=\"mono-bomba-recambio-2\" width=\"724\" height=\"1024\" srcset=\"https:\/\/industrialtransferpump.com\/wp-content\/uploads\/2023\/08\/mono-pump-spare-part-2-724x1024.jpg 724w, https:\/\/industrialtransferpump.com\/wp-content\/uploads\/2023\/08\/mono-pump-spare-part-2-212x300.jpg 212w, https:\/\/industrialtransferpump.com\/wp-content\/uploads\/2023\/08\/mono-pump-spare-part-2-768x1087.jpg 768w, https:\/\/industrialtransferpump.com\/wp-content\/uploads\/2023\/08\/mono-pump-spare-part-2.jpg 800w\" sizes=\"auto, (max-width: 724px) 100vw, 724px\" \/>[\/vc_column_text][\/vc_column_inner][\/vc_row_inner][vc_custom_heading text=&#8221;V\u00eddeo para bombas mono&#8221; font_container=&#8221;tag:h4|text_align:left|color:%23222222&#8243; use_theme_fonts=&#8221;yes&#8221; css=&#8221;.vc_custom_1692194722987{margin-bottom: 31px !important;}&#8221;][vc_video link=&#8221;https:\/\/www.youtube.com\/embed\/mV1nTf3dPZc&#8221;][vc_custom_heading text=&#8221;Galer\u00eda de fotos de las bombas monobloc de la serie AH&#8221; font_container=&#8221;tag:h4|text_align:left|color:%23222222&#8243; use_theme_fonts=&#8221;yes&#8221; css=&#8221;.vc_custom_1692699330807{margin-bottom: 31px !important;}&#8221;][vc_gallery images=&#8221;8438,8437,8436,8435,8439,8440,8441,8514,8513,8512,8511,8510,8509,8508,8507,8506,8505,8504,8503,8502,8501,8500,8499,8378,8379,8292&#8243;][\/vc_column][vc_column width=&#8221;1\/4&#8243; offset=&#8221;vc_hidden-sm vc_hidden-xs&#8221;][stm_sidebar sidebar=&#8221;1097&#8243;][\/vc_column][\/vc_row][vc_row full_width=&#8221;stretch_row&#8221; el_class=&#8221;third_bg_color&#8221; css=&#8221;.vc_custom_1451889219674{margin-bottom: -60px !important;}&#8221;][vc_column][vc_cta h2=&#8221;si necesita m\u00e1s informaci\u00f3n&#8221; h2_font_container=&#8221;tag:h2|font_size:20px|text_align:left|color:%23000000|line_height:24px&#8221; h2_use_theme_fonts=&#8221;yes&#8221; h4=&#8221;Puede utilizar nuestro formulario de contacto r\u00e1pido para obtener m\u00e1s informaci\u00f3n sobre nuestras m\u00e1quinas. Cat\u00e1logos disponibles, fotos, v\u00eddeos y mucho m\u00e1s&#8230;&#8221; shape=&#8221;square&#8221; style=&#8221;flat&#8221; add_button=&#8221;right&#8221; btn_title=&#8221;SOLICITAR PRESUPUESTO&#8221; btn_style=&#8221;flat&#8221; btn_color=&#8221;theme_style_2&#8243; btn_align=&#8221;right&#8221; btn_i_align=&#8221;right&#8221; btn_i_icon_fontawesome=&#8221;stm-location&#8221; particles=&#8221;yes&#8221; use_custom_fonts_h2=&#8221;true&#8221; btn_button_block=&#8221;true&#8221; btn_add_icon=&#8221;true&#8221; el_class=&#8221;third_bg_color&#8221; css=&#8221;.vc_custom_1692195645245{margin-bottom: 0px !important;}&#8221; btn_link=&#8221;url:https%3A%2F%2Findustrialtransferpump.com%2Fes%2Fcontacte-con-nosotros%2F|title:Obtenga%20un%20presupuesto%20r%C3%A1pido|target:_blank|&#8221;][\/vc_cta][\/vc_column][\/vc_row]<\/p>\n<\/div>","protected":false},"excerpt":{"rendered":"<p>[vc_row css=&#8221;.vc_custom_1452687555475{margin-bottom: 100px !important;}&#8221;][vc_column offset=&#8221;vc_col-lg-9 vc_col-md-9&#8243;][vc_single_image image=&#8221;8424&#8243; img_size=&#8221;stm-image-1110&#215;550-croped&#8221; css=&#8221;.vc_custom_1692694638979{margin-bottom: 45px !important;}&#8221;][vc_column_text css=&#8221;.vc_custom_1692803606409{margin-bottom: 25px !important;}&#8221;] Caracter\u00edsticas y ventajas Es preferible para el traslado de productos de alta densidad. Alto rendimiento Max. Gama de modelos de 50 m3\/h y 18 BAR Trasvase de productos que contienen part\u00edculas s\u00f3lidas El producto puede recogerse con alimentaci\u00f3n c\u00f3nica Continuidad del<\/p>\n","protected":false},"author":1,"featured_media":0,"parent":0,"menu_order":0,"comment_status":"closed","ping_status":"closed","template":"","meta":{"_joinchat":[],"footnotes":""},"class_list":["post-9174","page","type-page","status-publish","hentry"],"yoast_head":"<!-- This site is optimized with the Yoast SEO plugin v22.3 - https:\/\/yoast.com\/wordpress\/plugins\/seo\/ -->\n<title>Bomba Mono Serie AH - Industrial Transfer Pump Manufacturer<\/title>\n<meta name=\"description\" content=\"La bomba Mono de c\u00e1mara abierta con entrada de c\u00e1mara abierta se utiliza para el trasvase de productos fluidos y semifluidos que requieren un alto vac\u00edo.\" \/>\n<meta name=\"robots\" content=\"index, follow, max-snippet:-1, max-image-preview:large, max-video-preview:-1\" \/>\n<link rel=\"canonical\" href=\"https:\/\/industrialtransferpump.com\/es\/bomba-mono-serie-ah\/\" \/>\n<meta property=\"og:locale\" content=\"es_ES\" \/>\n<meta property=\"og:type\" content=\"article\" \/>\n<meta property=\"og:title\" content=\"Bomba Mono Serie AH - Industrial Transfer Pump Manufacturer\" \/>\n<meta property=\"og:description\" content=\"La bomba Mono de c\u00e1mara abierta con entrada de c\u00e1mara abierta se utiliza para el trasvase de productos fluidos y semifluidos que requieren un alto vac\u00edo.\" \/>\n<meta property=\"og:url\" content=\"https:\/\/industrialtransferpump.com\/es\/bomba-mono-serie-ah\/\" \/>\n<meta property=\"og:site_name\" content=\"Industrial Transfer Pump Manufacturer\" \/>\n<meta property=\"article:modified_time\" content=\"2023-10-12T11:49:39+00:00\" \/>\n<meta property=\"og:image\" content=\"https:\/\/industrialtransferpump.com\/wp-content\/uploads\/2023\/08\/AH_series-mono-pump-1024x791.png\" \/>\n<meta name=\"twitter:card\" content=\"summary_large_image\" \/>\n<meta name=\"twitter:label1\" content=\"Tiempo de lectura\" \/>\n\t<meta name=\"twitter:data1\" content=\"5 minutos\" \/>\n<script type=\"application\/ld+json\" class=\"yoast-schema-graph\">{\"@context\":\"https:\/\/schema.org\",\"@graph\":[{\"@type\":\"WebPage\",\"@id\":\"https:\/\/industrialtransferpump.com\/es\/bomba-mono-serie-ah\/\",\"url\":\"https:\/\/industrialtransferpump.com\/es\/bomba-mono-serie-ah\/\",\"name\":\"Bomba Mono Serie AH - Industrial Transfer Pump Manufacturer\",\"isPartOf\":{\"@id\":\"https:\/\/industrialtransferpump.com\/#website\"},\"primaryImageOfPage\":{\"@id\":\"https:\/\/industrialtransferpump.com\/es\/bomba-mono-serie-ah\/#primaryimage\"},\"image\":{\"@id\":\"https:\/\/industrialtransferpump.com\/es\/bomba-mono-serie-ah\/#primaryimage\"},\"thumbnailUrl\":\"https:\/\/industrialtransferpump.com\/wp-content\/uploads\/2023\/08\/AH_series-mono-pump-1024x791.png\",\"datePublished\":\"2023-08-17T08:45:42+00:00\",\"dateModified\":\"2023-10-12T11:49:39+00:00\",\"description\":\"La bomba Mono de c\u00e1mara abierta con entrada de c\u00e1mara abierta se utiliza para el trasvase de productos fluidos y semifluidos que requieren un alto vac\u00edo.\",\"breadcrumb\":{\"@id\":\"https:\/\/industrialtransferpump.com\/es\/bomba-mono-serie-ah\/#breadcrumb\"},\"inLanguage\":\"es\",\"potentialAction\":[{\"@type\":\"ReadAction\",\"target\":[\"https:\/\/industrialtransferpump.com\/es\/bomba-mono-serie-ah\/\"]}]},{\"@type\":\"ImageObject\",\"inLanguage\":\"es\",\"@id\":\"https:\/\/industrialtransferpump.com\/es\/bomba-mono-serie-ah\/#primaryimage\",\"url\":\"https:\/\/industrialtransferpump.com\/wp-content\/uploads\/2023\/08\/AH_series-mono-pump.png\",\"contentUrl\":\"https:\/\/industrialtransferpump.com\/wp-content\/uploads\/2023\/08\/AH_series-mono-pump.png\",\"width\":1398,\"height\":1080,\"caption\":\"AH_series-mono-pump\"},{\"@type\":\"BreadcrumbList\",\"@id\":\"https:\/\/industrialtransferpump.com\/es\/bomba-mono-serie-ah\/#breadcrumb\",\"itemListElement\":[{\"@type\":\"ListItem\",\"position\":1,\"name\":\"Home\",\"item\":\"https:\/\/industrialtransferpump.com\/es\/inicio\/\"},{\"@type\":\"ListItem\",\"position\":2,\"name\":\"Bomba Mono Serie AH\"}]},{\"@type\":\"WebSite\",\"@id\":\"https:\/\/industrialtransferpump.com\/#website\",\"url\":\"https:\/\/industrialtransferpump.com\/\",\"name\":\"Drum Emptying System & Barrel Unloading System\",\"description\":\"Industrial Transfer Pump\",\"publisher\":{\"@id\":\"https:\/\/industrialtransferpump.com\/#organization\"},\"potentialAction\":[{\"@type\":\"SearchAction\",\"target\":{\"@type\":\"EntryPoint\",\"urlTemplate\":\"https:\/\/industrialtransferpump.com\/?s={search_term_string}\"},\"query-input\":\"required name=search_term_string\"}],\"inLanguage\":\"es\"},{\"@type\":\"Organization\",\"@id\":\"https:\/\/industrialtransferpump.com\/#organization\",\"name\":\"Barrel Pump Trasferring Systems\",\"url\":\"https:\/\/industrialtransferpump.com\/\",\"logo\":{\"@type\":\"ImageObject\",\"inLanguage\":\"es\",\"@id\":\"https:\/\/industrialtransferpump.com\/#\/schema\/logo\/image\/\",\"url\":\"https:\/\/industrialtransferpump.com\/wp-content\/uploads\/2021\/03\/Logo.png\",\"contentUrl\":\"https:\/\/industrialtransferpump.com\/wp-content\/uploads\/2021\/03\/Logo.png\",\"width\":6617,\"height\":4077,\"caption\":\"Barrel Pump Trasferring Systems\"},\"image\":{\"@id\":\"https:\/\/industrialtransferpump.com\/#\/schema\/logo\/image\/\"}}]}<\/script>\n<!-- \/ Yoast SEO plugin. -->","yoast_head_json":{"title":"Bomba Mono Serie AH - Industrial Transfer Pump Manufacturer","description":"La bomba Mono de c\u00e1mara abierta con entrada de c\u00e1mara abierta se utiliza para el trasvase de productos fluidos y semifluidos que requieren un alto vac\u00edo.","robots":{"index":"index","follow":"follow","max-snippet":"max-snippet:-1","max-image-preview":"max-image-preview:large","max-video-preview":"max-video-preview:-1"},"canonical":"https:\/\/industrialtransferpump.com\/es\/bomba-mono-serie-ah\/","og_locale":"es_ES","og_type":"article","og_title":"Bomba Mono Serie AH - Industrial Transfer Pump Manufacturer","og_description":"La bomba Mono de c\u00e1mara abierta con entrada de c\u00e1mara abierta se utiliza para el trasvase de productos fluidos y semifluidos que requieren un alto vac\u00edo.","og_url":"https:\/\/industrialtransferpump.com\/es\/bomba-mono-serie-ah\/","og_site_name":"Industrial Transfer Pump Manufacturer","article_modified_time":"2023-10-12T11:49:39+00:00","og_image":[{"url":"https:\/\/industrialtransferpump.com\/wp-content\/uploads\/2023\/08\/AH_series-mono-pump-1024x791.png"}],"twitter_card":"summary_large_image","twitter_misc":{"Tiempo de lectura":"5 minutos"},"schema":{"@context":"https:\/\/schema.org","@graph":[{"@type":"WebPage","@id":"https:\/\/industrialtransferpump.com\/es\/bomba-mono-serie-ah\/","url":"https:\/\/industrialtransferpump.com\/es\/bomba-mono-serie-ah\/","name":"Bomba Mono Serie AH - Industrial Transfer Pump Manufacturer","isPartOf":{"@id":"https:\/\/industrialtransferpump.com\/#website"},"primaryImageOfPage":{"@id":"https:\/\/industrialtransferpump.com\/es\/bomba-mono-serie-ah\/#primaryimage"},"image":{"@id":"https:\/\/industrialtransferpump.com\/es\/bomba-mono-serie-ah\/#primaryimage"},"thumbnailUrl":"https:\/\/industrialtransferpump.com\/wp-content\/uploads\/2023\/08\/AH_series-mono-pump-1024x791.png","datePublished":"2023-08-17T08:45:42+00:00","dateModified":"2023-10-12T11:49:39+00:00","description":"La bomba Mono de c\u00e1mara abierta con entrada de c\u00e1mara abierta se utiliza para el trasvase de productos fluidos y semifluidos que requieren un alto vac\u00edo.","breadcrumb":{"@id":"https:\/\/industrialtransferpump.com\/es\/bomba-mono-serie-ah\/#breadcrumb"},"inLanguage":"es","potentialAction":[{"@type":"ReadAction","target":["https:\/\/industrialtransferpump.com\/es\/bomba-mono-serie-ah\/"]}]},{"@type":"ImageObject","inLanguage":"es","@id":"https:\/\/industrialtransferpump.com\/es\/bomba-mono-serie-ah\/#primaryimage","url":"https:\/\/industrialtransferpump.com\/wp-content\/uploads\/2023\/08\/AH_series-mono-pump.png","contentUrl":"https:\/\/industrialtransferpump.com\/wp-content\/uploads\/2023\/08\/AH_series-mono-pump.png","width":1398,"height":1080,"caption":"AH_series-mono-pump"},{"@type":"BreadcrumbList","@id":"https:\/\/industrialtransferpump.com\/es\/bomba-mono-serie-ah\/#breadcrumb","itemListElement":[{"@type":"ListItem","position":1,"name":"Home","item":"https:\/\/industrialtransferpump.com\/es\/inicio\/"},{"@type":"ListItem","position":2,"name":"Bomba Mono Serie AH"}]},{"@type":"WebSite","@id":"https:\/\/industrialtransferpump.com\/#website","url":"https:\/\/industrialtransferpump.com\/","name":"Drum Emptying System & Barrel Unloading System","description":"Industrial Transfer Pump","publisher":{"@id":"https:\/\/industrialtransferpump.com\/#organization"},"potentialAction":[{"@type":"SearchAction","target":{"@type":"EntryPoint","urlTemplate":"https:\/\/industrialtransferpump.com\/?s={search_term_string}"},"query-input":"required name=search_term_string"}],"inLanguage":"es"},{"@type":"Organization","@id":"https:\/\/industrialtransferpump.com\/#organization","name":"Barrel Pump Trasferring Systems","url":"https:\/\/industrialtransferpump.com\/","logo":{"@type":"ImageObject","inLanguage":"es","@id":"https:\/\/industrialtransferpump.com\/#\/schema\/logo\/image\/","url":"https:\/\/industrialtransferpump.com\/wp-content\/uploads\/2021\/03\/Logo.png","contentUrl":"https:\/\/industrialtransferpump.com\/wp-content\/uploads\/2021\/03\/Logo.png","width":6617,"height":4077,"caption":"Barrel Pump Trasferring Systems"},"image":{"@id":"https:\/\/industrialtransferpump.com\/#\/schema\/logo\/image\/"}}]}},"_links":{"self":[{"href":"https:\/\/industrialtransferpump.com\/es\/wp-json\/wp\/v2\/pages\/9174","targetHints":{"allow":["GET"]}}],"collection":[{"href":"https:\/\/industrialtransferpump.com\/es\/wp-json\/wp\/v2\/pages"}],"about":[{"href":"https:\/\/industrialtransferpump.com\/es\/wp-json\/wp\/v2\/types\/page"}],"author":[{"embeddable":true,"href":"https:\/\/industrialtransferpump.com\/es\/wp-json\/wp\/v2\/users\/1"}],"replies":[{"embeddable":true,"href":"https:\/\/industrialtransferpump.com\/es\/wp-json\/wp\/v2\/comments?post=9174"}],"version-history":[{"count":8,"href":"https:\/\/industrialtransferpump.com\/es\/wp-json\/wp\/v2\/pages\/9174\/revisions"}],"predecessor-version":[{"id":9226,"href":"https:\/\/industrialtransferpump.com\/es\/wp-json\/wp\/v2\/pages\/9174\/revisions\/9226"}],"wp:attachment":[{"href":"https:\/\/industrialtransferpump.com\/es\/wp-json\/wp\/v2\/media?parent=9174"}],"curies":[{"name":"wp","href":"https:\/\/api.w.org\/{rel}","templated":true}]}}