{"id":9180,"date":"2023-08-16T14:29:14","date_gmt":"2023-08-16T14:29:14","guid":{"rendered":"https:\/\/industrialtransferpump.com\/monobomba-serie-mn\/"},"modified":"2023-10-04T10:12:10","modified_gmt":"2023-10-04T10:12:10","slug":"monobomba-serie-mn","status":"publish","type":"page","link":"https:\/\/industrialtransferpump.com\/es\/monobomba-serie-mn\/","title":{"rendered":"Monobomba serie MN"},"content":{"rendered":"<div class=\"wpb-content-wrapper\"><p>[vc_row css=&#8221;.vc_custom_1452687555475{margin-bottom: 100px !important;}&#8221;][vc_column offset=&#8221;vc_col-lg-9 vc_col-md-9&#8243;][vc_single_image image=&#8221;8349&#8243; img_size=&#8221;stm-image-1110&#215;550-croped&#8221; css=&#8221;.vc_custom_1692197236883{margin-bottom: 45px !important;}&#8221;][vc_column_text css=&#8221;.vc_custom_1692457211852{margin-bottom: 25px !important;}&#8221;]<\/p>\n<div class=\"wpb_text_column wpb_content_element \">\n<div class=\"wpb_wrapper\">\n<h3><strong>Caracter\u00edsticas y ventajas<\/strong><\/h3>\n<ul>\n<li>M\u00e1ximo rendimiento Gama de modelos de 4 m3\/h y 24 bar Alta resistencia a la compresi\u00f3n desde la conexi\u00f3n de brida<\/li>\n<li>Opci\u00f3n de articulaci\u00f3n en horquilla para bombas higi\u00e9nicas<\/li>\n<li>Opci\u00f3n de entrada de la bomba Conexi\u00f3n derecha &#8211; izquierda &#8211; vertical<\/li>\n<li>Diferentes soluciones de sellado bajo pedido (blando &#8211; mec\u00e1nico)<\/li>\n<li>Entradas y desag\u00fces de lavado opcionales<\/li>\n<li>Chaquetas de calefacci\u00f3n y refrigeraci\u00f3n opcionales (Pared)<\/li>\n<li>Diferentes soluciones con equipos de acero inoxidable u otras aleaciones de acero<\/li>\n<li>Aspiraci\u00f3n m\u00e1xima de 4 metros<\/li>\n<li>Acero inoxidable opcional u otras variantes de aleaci\u00f3n de acero Diferentes opciones de caucho (EPDM, NBR, NR, Viton) Drenajes de entrada de lavado opcionales<\/li>\n<\/ul>\n<\/div>\n<p><img loading=\"lazy\" decoding=\"async\" class=\"size-full wp-image-8402\" src=\"https:\/\/industrialtransferpump.com\/wp-content\/uploads\/2023\/08\/MN-series-mono-pump.jpg\" alt=\"Monobomba de la serie MN\" width=\"906\" height=\"909\" srcset=\"https:\/\/industrialtransferpump.com\/wp-content\/uploads\/2023\/08\/MN-series-mono-pump.jpg 906w, https:\/\/industrialtransferpump.com\/wp-content\/uploads\/2023\/08\/MN-series-mono-pump-300x300.jpg 300w, https:\/\/industrialtransferpump.com\/wp-content\/uploads\/2023\/08\/MN-series-mono-pump-150x150.jpg 150w, https:\/\/industrialtransferpump.com\/wp-content\/uploads\/2023\/08\/MN-series-mono-pump-768x771.jpg 768w, https:\/\/industrialtransferpump.com\/wp-content\/uploads\/2023\/08\/MN-series-mono-pump-50x50.jpg 50w, https:\/\/industrialtransferpump.com\/wp-content\/uploads\/2023\/08\/MN-series-mono-pump-320x320.jpg 320w, https:\/\/industrialtransferpump.com\/wp-content\/uploads\/2023\/08\/MN-series-mono-pump-900x903.jpg 900w\" sizes=\"auto, (max-width: 906px) 100vw, 906px\" \/><\/p>\n<\/div>\n<p>[\/vc_column_text][vc_column_text css=&#8221;.vc_custom_1692197597883{margin-bottom: 34px !important;}&#8221;]<\/p>\n<blockquote><p>Estas bombas con entrada de manguito se utilizan principalmente en los sectores alimentario e industrial, son las preferidas cuando se requiere vac\u00edo en productos fluidos y semifluidos.<\/p>\n<p>Tiene un dise\u00f1o robusto, duradero y muy ergon\u00f3mico, se prefiere para aplicaciones de baja capacidad y dosificaci\u00f3n, y es un socio de soluciones para muchos sectores con las ventajas que proporciona a sus usuarios.<\/p><\/blockquote>\n<p>[\/vc_column_text][vc_row_inner css=&#8221;.vc_custom_1456219515168{margin-bottom: 27px !important;}&#8221;][vc_column_inner width=&#8221;1\/2&#8243;][vc_column_text]<\/p>\n<p><img loading=\"lazy\" decoding=\"async\" class=\"size-large wp-image-8353\" src=\"https:\/\/industrialtransferpump.com\/wp-content\/uploads\/2023\/08\/Mn-series-pump-2-1024x575.jpeg\" alt=\"Bomba serie Mn (2)\" width=\"1024\" height=\"575\" srcset=\"https:\/\/industrialtransferpump.com\/wp-content\/uploads\/2023\/08\/Mn-series-pump-2-1024x575.jpeg 1024w, https:\/\/industrialtransferpump.com\/wp-content\/uploads\/2023\/08\/Mn-series-pump-2-300x169.jpeg 300w, https:\/\/industrialtransferpump.com\/wp-content\/uploads\/2023\/08\/Mn-series-pump-2-768x432.jpeg 768w, https:\/\/industrialtransferpump.com\/wp-content\/uploads\/2023\/08\/Mn-series-pump-2-1536x863.jpeg 1536w, https:\/\/industrialtransferpump.com\/wp-content\/uploads\/2023\/08\/Mn-series-pump-2-900x506.jpeg 900w, https:\/\/industrialtransferpump.com\/wp-content\/uploads\/2023\/08\/Mn-series-pump-2.jpeg 1600w\" sizes=\"auto, (max-width: 1024px) 100vw, 1024px\" \/>[\/vc_column_text][vc_custom_heading text=&#8221;Funcionamiento&#8221; font_container=&#8221;tag:h4|text_align:left|color:%23222222&#8243; use_theme_fonts=&#8221;yes&#8221; css=&#8221;.vc_custom_1692190329579{margin-bottom: 27px !important;}&#8221;][stm_charts design=&#8221;polarArea&#8221; values_circle=&#8221;%5B%7B%22title%22%3A%22Maximum%204%20meters%22%2C%22value%22%3A%2240%22%2C%22color%22%3A%22%23fe6c61%22%7D%2C%7B%22title%22%3A%224%20m3%2Fh%22%2C%22value%22%3A%2230%22%2C%22color%22%3A%22%235472d2%22%7D%2C%7B%22title%22%3A%2224%20BAR%22%2C%22value%22%3A%2240%22%2C%22color%22%3A%22%238d6dc4%22%7D%5D&#8221; width=&#8221;208&#8243; height=&#8221;208&#8243; css=&#8221;.vc_custom_1692197808795{margin-bottom: 14px !important;}&#8221;][vc_column_text]<\/p>\n<p style=\"text-align: center;\"><strong>Variantes opcionales de acero inoxidable u otras aleaciones de acero<\/strong><\/p>\n<p>[\/vc_column_text][vc_column_text]<img loading=\"lazy\" decoding=\"async\" class=\"size-large wp-image-8272\" src=\"https:\/\/industrialtransferpump.com\/wp-content\/uploads\/2023\/08\/MN-Series-Mono-Pump-1-1024x819.png\" alt=\"bomba de transferencia de alimentos\" width=\"1024\" height=\"819\" srcset=\"https:\/\/industrialtransferpump.com\/wp-content\/uploads\/2023\/08\/MN-Series-Mono-Pump-1-1024x819.png 1024w, https:\/\/industrialtransferpump.com\/wp-content\/uploads\/2023\/08\/MN-Series-Mono-Pump-1-300x240.png 300w, https:\/\/industrialtransferpump.com\/wp-content\/uploads\/2023\/08\/MN-Series-Mono-Pump-1-768x614.png 768w, https:\/\/industrialtransferpump.com\/wp-content\/uploads\/2023\/08\/MN-Series-Mono-Pump-1-900x720.png 900w, https:\/\/industrialtransferpump.com\/wp-content\/uploads\/2023\/08\/MN-Series-Mono-Pump-1.png 1350w\" sizes=\"auto, (max-width: 1024px) 100vw, 1024px\" \/>[\/vc_column_text][\/vc_column_inner][vc_column_inner width=&#8221;1\/2&#8243;][vc_column_text]<img loading=\"lazy\" decoding=\"async\" class=\"alignleft wp-image-8354\" src=\"https:\/\/industrialtransferpump.com\/wp-content\/uploads\/2023\/08\/Mn-series-pump-3-1024x575.jpeg\" alt=\"\" width=\"903\" height=\"504\">[\/vc_column_text][vc_custom_heading text=&#8221;Monobombas y sectores&#8221; font_container=&#8221;tag:h4|text_align:left|color:%23222222&#8243; use_theme_fonts=&#8221;yes&#8221; css=&#8221;.vc_custom_1692191271996{margin-bottom: 23px !important;}&#8221;][vc_column_text]Las bombas mono con conexi\u00f3n flash son las preferidas en <strong><br \/>\n  <em>alimentarias e industriales<\/em><br \/>\n<\/strong> alimentarias e industriales. Se fabrica especialmente en funci\u00f3n del proyecto y la distancia de transferencia.<\/p>\n<p>Valor de capacidad deseado (m3\/h)<br \/>\nValor de presi\u00f3n deseado (bar)<br \/>\nDistancia al producto impreso (m)<br \/>\nProducto a imprimir<br \/>\nDensidad del producto a imprimir (gr\/cm3)<br \/>\nViscosidad del producto a imprimir<br \/>\nTemperatura del producto (\u00b0C)<br \/>\nProducto Valor pH<\/p>\n<p>Las bombas se fabrican especialmente seg\u00fan las respuestas de los clientes.[\/vc_column_text][vc_column_text]<img loading=\"lazy\" decoding=\"async\" class=\"alignleft size-large wp-image-8355\" src=\"https:\/\/industrialtransferpump.com\/wp-content\/uploads\/2023\/08\/MANSON-PASLANMAZ-POMPA-2-_KESIT-GORUNUM_-1024x819.png\" alt=\"\" width=\"1024\" height=\"819\" srcset=\"https:\/\/industrialtransferpump.com\/wp-content\/uploads\/2023\/08\/MANSON-PASLANMAZ-POMPA-2-_KESIT-GORUNUM_-1024x819.png 1024w, https:\/\/industrialtransferpump.com\/wp-content\/uploads\/2023\/08\/MANSON-PASLANMAZ-POMPA-2-_KESIT-GORUNUM_-300x240.png 300w, https:\/\/industrialtransferpump.com\/wp-content\/uploads\/2023\/08\/MANSON-PASLANMAZ-POMPA-2-_KESIT-GORUNUM_-768x614.png 768w, https:\/\/industrialtransferpump.com\/wp-content\/uploads\/2023\/08\/MANSON-PASLANMAZ-POMPA-2-_KESIT-GORUNUM_-900x720.png 900w, https:\/\/industrialtransferpump.com\/wp-content\/uploads\/2023\/08\/MANSON-PASLANMAZ-POMPA-2-_KESIT-GORUNUM_.png 1350w\" sizes=\"auto, (max-width: 1024px) 100vw, 1024px\" \/>[\/vc_column_text][\/vc_column_inner][\/vc_row_inner][vc_row_inner][vc_column_inner width=&#8221;1\/2&#8243;][vc_custom_heading text=&#8221;Media-Ejemplos&#8221; font_container=&#8221;tag:h4|text_align:left|color:%23222222&#8243; use_theme_fonts=&#8221;yes&#8221; css=&#8221;.vc_custom_1692191224634{margin-bottom: 23px !important;}&#8221;][vc_column_text css=&#8221;.vc_custom_1692196009254{margin-bottom: 20px !important;}&#8221;]<\/p>\n<ul>\n<li>Bomba de caramelo<\/li>\n<li><strong>Bombas<\/strong> para concentrados de frutas y hortalizas<\/li>\n<li>Bomba de mantequilla de cacahuete<\/li>\n<li>Bomba de mayonesa<\/li>\n<li>Bomba de pasta de turr\u00f3n de avellana<\/li>\n<li>Bomba de chocolate (calentada)<\/li>\n<li>Bomba de concentrados para salsas<\/li>\n<li>Monobomba de aceite<\/li>\n<li>Bomba de vaselina<\/li>\n<li>Pomadas <a href=\"http:\/\/Mono%20phttps:\/\/industrialtransferpump.com\/mono-pumps\/umps%20with%20flash%20connection%20are%20preferred%20in%20food%20and%20industrial%20areas.%20It%20is%20specially%20produced%20depending%20on%20the%20project%20and%20transfer%20distance.\"><br \/>\n  <strong>monobomba<\/strong><br \/>\n<\/a><\/li>\n<li>Bomba para productos capilares y corporales<\/li>\n<li>Cera, bomba semis\u00f3lida<\/li>\n<li>Bomba de glicerina y jarabe de glucosa<\/li>\n<\/ul>\n<p>[\/vc_column_text][vc_custom_heading text=&#8221;RECAMBIO DE MONOBOMBAS&#8221; font_container=&#8221;tag:h4|text_align:left|color:%23222222&#8243; use_theme_fonts=&#8221;yes&#8221; css=&#8221;.vc_custom_1692194223155{margin-bottom: 23px !important;}&#8221;][vc_column_text]<img loading=\"lazy\" decoding=\"async\" class=\" wp-image-8332\" src=\"https:\/\/industrialtransferpump.com\/wp-content\/uploads\/2023\/08\/mono-pump-spare-part-724x1024.jpg\" alt=\"mono-bomba-pieza de recambio\" width=\"669\" height=\"912\">[\/vc_column_text][\/vc_column_inner][vc_column_inner width=&#8221;1\/2&#8243;][vc_custom_heading text=&#8221;Rangos de trabajo&#8221; font_container=&#8221;tag:h4|text_align:left|color:%23222222&#8243; use_theme_fonts=&#8221;yes&#8221; css=&#8221;.vc_custom_1692193075076{margin-bottom: 20px !important;}&#8221;][stm_charts x_values=&#8221;1BAR; 2BAR; 3BAR; 5BAR; 10BAR; 20BAR; 24BAR; 50BAR;&#8221; values=&#8221;%5B%7B%22title%22%3A%2224%20BAR%22%2C%22y_values%22%3A%2210%3B%2015%3B%2020%3B%2025%3B%2027%3B%2025%3B%2023%3B%2025%22%2C%22color%22%3A%22%23fe6c61%22%7D%2C%7B%22title%22%3A%224%20m3%2Fh%22%2C%22y_values%22%3A%2225%3B%2018%3B%2016%3B%2017%3B%2020%3B%2025%3B%2030%3B%2035%22%2C%22color%22%3A%22%235472d2%22%7D%5D&#8221; width=&#8221;395&#8243; height=&#8221;410&#8243;][vc_column_text]<img loading=\"lazy\" decoding=\"async\" class=\"size-large wp-image-8334\" src=\"https:\/\/industrialtransferpump.com\/wp-content\/uploads\/2023\/08\/mono-pump-spare-part-2-724x1024.jpg\" alt=\"mono-bomba-recambio-2\" width=\"724\" height=\"1024\" srcset=\"https:\/\/industrialtransferpump.com\/wp-content\/uploads\/2023\/08\/mono-pump-spare-part-2-724x1024.jpg 724w, https:\/\/industrialtransferpump.com\/wp-content\/uploads\/2023\/08\/mono-pump-spare-part-2-212x300.jpg 212w, https:\/\/industrialtransferpump.com\/wp-content\/uploads\/2023\/08\/mono-pump-spare-part-2-768x1087.jpg 768w, https:\/\/industrialtransferpump.com\/wp-content\/uploads\/2023\/08\/mono-pump-spare-part-2.jpg 800w\" sizes=\"auto, (max-width: 724px) 100vw, 724px\" \/>[\/vc_column_text][\/vc_column_inner][\/vc_row_inner][vc_custom_heading text=&#8221;V\u00eddeo para bombas mono&#8221; font_container=&#8221;tag:h4|text_align:left|color:%23222222&#8243; use_theme_fonts=&#8221;yes&#8221; css=&#8221;.vc_custom_1692194722987{margin-bottom: 31px !important;}&#8221;][vc_video link=&#8221;https:\/\/www.youtube.com\/embed\/mV1nTf3dPZc&#8221;][vc_custom_heading text=&#8221;Galer\u00eda de fotos de las bombas Mono Serie MN&#8221; font_container=&#8221;tag:h4|text_align:left|color:%23222222&#8243; use_theme_fonts=&#8221;yes&#8221; css=&#8221;.vc_custom_1692700249952{margin-bottom: 31px !important;}&#8221;][vc_gallery images=&#8221;8378,8377,8379,8380,8381,8362,8361,8321,8360,8363,8364,8365,8366,8367,8369,8368,8514,8513,8512,8511,8510,8509,8508,8507,8506,8499,8500,8501,8503,8504,8502&#8243;][\/vc_column][vc_column width=&#8221;1\/4&#8243; offset=&#8221;vc_hidden-sm vc_hidden-xs&#8221;][stm_sidebar sidebar=&#8221;1097&#8243;][\/vc_column][\/vc_row][vc_row full_width=&#8221;stretch_row&#8221; el_class=&#8221;third_bg_color&#8221; css=&#8221;.vc_custom_1451889219674{margin-bottom: -60px !important;}&#8221;][vc_column][vc_cta h2=&#8221;si necesita m\u00e1s informaci\u00f3n&#8221; h2_font_container=&#8221;tag:h2|font_size:20px|text_align:left|color:%23000000|line_height:24px&#8221; h2_use_theme_fonts=&#8221;yes&#8221; h4=&#8221;Puede utilizar nuestro formulario de contacto r\u00e1pido para obtener m\u00e1s informaci\u00f3n sobre nuestras m\u00e1quinas. Cat\u00e1logos disponibles, fotos, v\u00eddeos y mucho m\u00e1s&#8230;&#8221; shape=&#8221;square&#8221; style=&#8221;flat&#8221; add_button=&#8221;right&#8221; btn_title=&#8221;SOLICITAR PRESUPUESTO&#8221; btn_style=&#8221;flat&#8221; btn_color=&#8221;theme_style_2&#8243; btn_align=&#8221;right&#8221; btn_i_align=&#8221;right&#8221; btn_i_icon_fontawesome=&#8221;stm-location&#8221; particles=&#8221;yes&#8221; use_custom_fonts_h2=&#8221;true&#8221; btn_button_block=&#8221;true&#8221; btn_add_icon=&#8221;true&#8221; el_class=&#8221;third_bg_color&#8221; css=&#8221;.vc_custom_1692195645245{margin-bottom: 0px !important;}&#8221; btn_link=&#8221;url:https%3A%2F%2Findustrialtransferpump.com%2Fes%2Fcontacte-con-nosotros%2F|title:Obtenga%20un%20presupuesto%20r%C3%A1pido|target:_blank|&#8221;][\/vc_cta][\/vc_column][\/vc_row]<\/p>\n<\/div>","protected":false},"excerpt":{"rendered":"<p>[vc_row css=&#8221;.vc_custom_1452687555475{margin-bottom: 100px !important;}&#8221;][vc_column offset=&#8221;vc_col-lg-9 vc_col-md-9&#8243;][vc_single_image image=&#8221;8349&#8243; img_size=&#8221;stm-image-1110&#215;550-croped&#8221; css=&#8221;.vc_custom_1692197236883{margin-bottom: 45px !important;}&#8221;][vc_column_text css=&#8221;.vc_custom_1692457211852{margin-bottom: 25px !important;}&#8221;] Caracter\u00edsticas y ventajas M\u00e1ximo rendimiento Gama de modelos de 4 m3\/h y 24 bar Alta resistencia a la compresi\u00f3n desde la conexi\u00f3n de brida Opci\u00f3n de articulaci\u00f3n en horquilla para bombas higi\u00e9nicas Opci\u00f3n de entrada de la bomba Conexi\u00f3n derecha &#8211;<\/p>\n","protected":false},"author":1,"featured_media":0,"parent":0,"menu_order":0,"comment_status":"closed","ping_status":"closed","template":"","meta":{"_joinchat":[],"footnotes":""},"class_list":["post-9180","page","type-page","status-publish","hentry"],"yoast_head":"<!-- This site is optimized with the Yoast SEO plugin v22.3 - https:\/\/yoast.com\/wordpress\/plugins\/seo\/ -->\n<title>Monobomba serie MN - Industrial Transfer Pump Manufacturer<\/title>\n<meta name=\"description\" content=\"Estas bombas monobomba con manguitos de entrada se utilizan principalmente en los sectores alimentario e industrial, y son preferibles cuando se requiere vac\u00edo.\" \/>\n<meta name=\"robots\" content=\"index, follow, max-snippet:-1, max-image-preview:large, max-video-preview:-1\" \/>\n<link rel=\"canonical\" href=\"https:\/\/industrialtransferpump.com\/es\/monobomba-serie-mn\/\" \/>\n<meta property=\"og:locale\" content=\"es_ES\" \/>\n<meta property=\"og:type\" content=\"article\" \/>\n<meta property=\"og:title\" content=\"Monobomba serie MN - Industrial Transfer Pump Manufacturer\" \/>\n<meta property=\"og:description\" content=\"Estas bombas monobomba con manguitos de entrada se utilizan principalmente en los sectores alimentario e industrial, y son preferibles cuando se requiere vac\u00edo.\" \/>\n<meta property=\"og:url\" content=\"https:\/\/industrialtransferpump.com\/es\/monobomba-serie-mn\/\" \/>\n<meta property=\"og:site_name\" content=\"Industrial Transfer Pump Manufacturer\" \/>\n<meta property=\"article:modified_time\" content=\"2023-10-04T10:12:10+00:00\" \/>\n<meta property=\"og:image\" content=\"https:\/\/industrialtransferpump.com\/wp-content\/uploads\/2023\/08\/MN-series-mono-pump.jpg\" \/>\n<meta name=\"twitter:card\" content=\"summary_large_image\" \/>\n<meta name=\"twitter:label1\" content=\"Tiempo de lectura\" \/>\n\t<meta name=\"twitter:data1\" content=\"5 minutos\" \/>\n<script type=\"application\/ld+json\" class=\"yoast-schema-graph\">{\"@context\":\"https:\/\/schema.org\",\"@graph\":[{\"@type\":\"WebPage\",\"@id\":\"https:\/\/industrialtransferpump.com\/es\/monobomba-serie-mn\/\",\"url\":\"https:\/\/industrialtransferpump.com\/es\/monobomba-serie-mn\/\",\"name\":\"Monobomba serie MN - Industrial Transfer Pump Manufacturer\",\"isPartOf\":{\"@id\":\"https:\/\/industrialtransferpump.com\/#website\"},\"primaryImageOfPage\":{\"@id\":\"https:\/\/industrialtransferpump.com\/es\/monobomba-serie-mn\/#primaryimage\"},\"image\":{\"@id\":\"https:\/\/industrialtransferpump.com\/es\/monobomba-serie-mn\/#primaryimage\"},\"thumbnailUrl\":\"https:\/\/industrialtransferpump.com\/wp-content\/uploads\/2023\/08\/MN-series-mono-pump.jpg\",\"datePublished\":\"2023-08-16T14:29:14+00:00\",\"dateModified\":\"2023-10-04T10:12:10+00:00\",\"description\":\"Estas bombas monobomba con manguitos de entrada se utilizan principalmente en los sectores alimentario e industrial, y son preferibles cuando se requiere vac\u00edo.\",\"breadcrumb\":{\"@id\":\"https:\/\/industrialtransferpump.com\/es\/monobomba-serie-mn\/#breadcrumb\"},\"inLanguage\":\"es\",\"potentialAction\":[{\"@type\":\"ReadAction\",\"target\":[\"https:\/\/industrialtransferpump.com\/es\/monobomba-serie-mn\/\"]}]},{\"@type\":\"ImageObject\",\"inLanguage\":\"es\",\"@id\":\"https:\/\/industrialtransferpump.com\/es\/monobomba-serie-mn\/#primaryimage\",\"url\":\"https:\/\/industrialtransferpump.com\/wp-content\/uploads\/2023\/08\/MN-series-mono-pump.jpg\",\"contentUrl\":\"https:\/\/industrialtransferpump.com\/wp-content\/uploads\/2023\/08\/MN-series-mono-pump.jpg\",\"width\":906,\"height\":909,\"caption\":\"MN-series-mono-pump\"},{\"@type\":\"BreadcrumbList\",\"@id\":\"https:\/\/industrialtransferpump.com\/es\/monobomba-serie-mn\/#breadcrumb\",\"itemListElement\":[{\"@type\":\"ListItem\",\"position\":1,\"name\":\"Home\",\"item\":\"https:\/\/industrialtransferpump.com\/es\/inicio\/\"},{\"@type\":\"ListItem\",\"position\":2,\"name\":\"Monobomba serie MN\"}]},{\"@type\":\"WebSite\",\"@id\":\"https:\/\/industrialtransferpump.com\/#website\",\"url\":\"https:\/\/industrialtransferpump.com\/\",\"name\":\"Drum Emptying System & Barrel Unloading System\",\"description\":\"Industrial Transfer Pump\",\"publisher\":{\"@id\":\"https:\/\/industrialtransferpump.com\/#organization\"},\"potentialAction\":[{\"@type\":\"SearchAction\",\"target\":{\"@type\":\"EntryPoint\",\"urlTemplate\":\"https:\/\/industrialtransferpump.com\/?s={search_term_string}\"},\"query-input\":\"required name=search_term_string\"}],\"inLanguage\":\"es\"},{\"@type\":\"Organization\",\"@id\":\"https:\/\/industrialtransferpump.com\/#organization\",\"name\":\"Barrel Pump Trasferring Systems\",\"url\":\"https:\/\/industrialtransferpump.com\/\",\"logo\":{\"@type\":\"ImageObject\",\"inLanguage\":\"es\",\"@id\":\"https:\/\/industrialtransferpump.com\/#\/schema\/logo\/image\/\",\"url\":\"https:\/\/industrialtransferpump.com\/wp-content\/uploads\/2021\/03\/Logo.png\",\"contentUrl\":\"https:\/\/industrialtransferpump.com\/wp-content\/uploads\/2021\/03\/Logo.png\",\"width\":6617,\"height\":4077,\"caption\":\"Barrel Pump Trasferring Systems\"},\"image\":{\"@id\":\"https:\/\/industrialtransferpump.com\/#\/schema\/logo\/image\/\"}}]}<\/script>\n<!-- \/ Yoast SEO plugin. -->","yoast_head_json":{"title":"Monobomba serie MN - Industrial Transfer Pump Manufacturer","description":"Estas bombas monobomba con manguitos de entrada se utilizan principalmente en los sectores alimentario e industrial, y son preferibles cuando se requiere vac\u00edo.","robots":{"index":"index","follow":"follow","max-snippet":"max-snippet:-1","max-image-preview":"max-image-preview:large","max-video-preview":"max-video-preview:-1"},"canonical":"https:\/\/industrialtransferpump.com\/es\/monobomba-serie-mn\/","og_locale":"es_ES","og_type":"article","og_title":"Monobomba serie MN - Industrial Transfer Pump Manufacturer","og_description":"Estas bombas monobomba con manguitos de entrada se utilizan principalmente en los sectores alimentario e industrial, y son preferibles cuando se requiere vac\u00edo.","og_url":"https:\/\/industrialtransferpump.com\/es\/monobomba-serie-mn\/","og_site_name":"Industrial Transfer Pump Manufacturer","article_modified_time":"2023-10-04T10:12:10+00:00","og_image":[{"url":"https:\/\/industrialtransferpump.com\/wp-content\/uploads\/2023\/08\/MN-series-mono-pump.jpg"}],"twitter_card":"summary_large_image","twitter_misc":{"Tiempo de lectura":"5 minutos"},"schema":{"@context":"https:\/\/schema.org","@graph":[{"@type":"WebPage","@id":"https:\/\/industrialtransferpump.com\/es\/monobomba-serie-mn\/","url":"https:\/\/industrialtransferpump.com\/es\/monobomba-serie-mn\/","name":"Monobomba serie MN - Industrial Transfer Pump Manufacturer","isPartOf":{"@id":"https:\/\/industrialtransferpump.com\/#website"},"primaryImageOfPage":{"@id":"https:\/\/industrialtransferpump.com\/es\/monobomba-serie-mn\/#primaryimage"},"image":{"@id":"https:\/\/industrialtransferpump.com\/es\/monobomba-serie-mn\/#primaryimage"},"thumbnailUrl":"https:\/\/industrialtransferpump.com\/wp-content\/uploads\/2023\/08\/MN-series-mono-pump.jpg","datePublished":"2023-08-16T14:29:14+00:00","dateModified":"2023-10-04T10:12:10+00:00","description":"Estas bombas monobomba con manguitos de entrada se utilizan principalmente en los sectores alimentario e industrial, y son preferibles cuando se requiere vac\u00edo.","breadcrumb":{"@id":"https:\/\/industrialtransferpump.com\/es\/monobomba-serie-mn\/#breadcrumb"},"inLanguage":"es","potentialAction":[{"@type":"ReadAction","target":["https:\/\/industrialtransferpump.com\/es\/monobomba-serie-mn\/"]}]},{"@type":"ImageObject","inLanguage":"es","@id":"https:\/\/industrialtransferpump.com\/es\/monobomba-serie-mn\/#primaryimage","url":"https:\/\/industrialtransferpump.com\/wp-content\/uploads\/2023\/08\/MN-series-mono-pump.jpg","contentUrl":"https:\/\/industrialtransferpump.com\/wp-content\/uploads\/2023\/08\/MN-series-mono-pump.jpg","width":906,"height":909,"caption":"MN-series-mono-pump"},{"@type":"BreadcrumbList","@id":"https:\/\/industrialtransferpump.com\/es\/monobomba-serie-mn\/#breadcrumb","itemListElement":[{"@type":"ListItem","position":1,"name":"Home","item":"https:\/\/industrialtransferpump.com\/es\/inicio\/"},{"@type":"ListItem","position":2,"name":"Monobomba serie MN"}]},{"@type":"WebSite","@id":"https:\/\/industrialtransferpump.com\/#website","url":"https:\/\/industrialtransferpump.com\/","name":"Drum Emptying System & Barrel Unloading System","description":"Industrial Transfer Pump","publisher":{"@id":"https:\/\/industrialtransferpump.com\/#organization"},"potentialAction":[{"@type":"SearchAction","target":{"@type":"EntryPoint","urlTemplate":"https:\/\/industrialtransferpump.com\/?s={search_term_string}"},"query-input":"required name=search_term_string"}],"inLanguage":"es"},{"@type":"Organization","@id":"https:\/\/industrialtransferpump.com\/#organization","name":"Barrel Pump Trasferring Systems","url":"https:\/\/industrialtransferpump.com\/","logo":{"@type":"ImageObject","inLanguage":"es","@id":"https:\/\/industrialtransferpump.com\/#\/schema\/logo\/image\/","url":"https:\/\/industrialtransferpump.com\/wp-content\/uploads\/2021\/03\/Logo.png","contentUrl":"https:\/\/industrialtransferpump.com\/wp-content\/uploads\/2021\/03\/Logo.png","width":6617,"height":4077,"caption":"Barrel Pump Trasferring Systems"},"image":{"@id":"https:\/\/industrialtransferpump.com\/#\/schema\/logo\/image\/"}}]}},"_links":{"self":[{"href":"https:\/\/industrialtransferpump.com\/es\/wp-json\/wp\/v2\/pages\/9180","targetHints":{"allow":["GET"]}}],"collection":[{"href":"https:\/\/industrialtransferpump.com\/es\/wp-json\/wp\/v2\/pages"}],"about":[{"href":"https:\/\/industrialtransferpump.com\/es\/wp-json\/wp\/v2\/types\/page"}],"author":[{"embeddable":true,"href":"https:\/\/industrialtransferpump.com\/es\/wp-json\/wp\/v2\/users\/1"}],"replies":[{"embeddable":true,"href":"https:\/\/industrialtransferpump.com\/es\/wp-json\/wp\/v2\/comments?post=9180"}],"version-history":[{"count":2,"href":"https:\/\/industrialtransferpump.com\/es\/wp-json\/wp\/v2\/pages\/9180\/revisions"}],"predecessor-version":[{"id":9183,"href":"https:\/\/industrialtransferpump.com\/es\/wp-json\/wp\/v2\/pages\/9180\/revisions\/9183"}],"wp:attachment":[{"href":"https:\/\/industrialtransferpump.com\/es\/wp-json\/wp\/v2\/media?parent=9180"}],"curies":[{"name":"wp","href":"https:\/\/api.w.org\/{rel}","templated":true}]}}