{"id":9181,"date":"2023-08-25T13:26:22","date_gmt":"2023-08-25T13:26:22","guid":{"rendered":"https:\/\/industrialtransferpump.com\/bomba-mono-serie-sw\/"},"modified":"2023-10-04T10:12:11","modified_gmt":"2023-10-04T10:12:11","slug":"bomba-mono-serie-sw","status":"publish","type":"page","link":"https:\/\/industrialtransferpump.com\/es\/bomba-mono-serie-sw\/","title":{"rendered":"Bomba Mono Serie SW"},"content":{"rendered":"<div class=\"wpb-content-wrapper\"><p>[vc_row][vc_column][vc_column_text]<span style=\"vertical-align: inherit;\"><span style=\"vertical-align: inherit;\">[\/vc_column_text][\/vc_column][\/vc_row][vc_row css=&#8221;.vc_custom_1452687555475{margin-bottom: 100px !important;}&#8221;][vc_column offset=&#8221;vc_col-lg-9 vc_col-md-9&#8243;][vc_single_image image=&#8221;8580&#8243; img_size=&#8221;stm-image- 1110&#215;550-croped&#8221; css=&#8221;.vc_custom_1692972770569{margin-bottom: 45px !important;}&#8221;][vc_column_text css=&#8221;.vc_custom_1692973581909{margin-bottom: 25px !important;}&#8221;]<\/span><\/span><\/p>\n<p><strong>Bomba de fluido de perforaci\u00f3n  <\/strong><\/p>\n<blockquote><p>Especialmente dise\u00f1ado para el trasvase de fluido de perforaci\u00f3n o lodo o lodo l\u00edquido generado durante la perforaci\u00f3n.<\/p><\/blockquote>\n<h3>Caracter\u00edsticas y ventajas<\/h3>\n<p>&nbsp;<\/p>\n<ul>\n<li>35 m3\/h 4 BAR Monobomba<\/li>\n<li>Ex-proof T4 Zona 1<\/li>\n<li>Variador mec\u00e1nico controlado<\/li>\n<li>Acero inoxidable de calidad AISI 316<\/li>\n<li>Sellado API 682<\/li>\n<\/ul>\n<h3><strong>Bomba de fluido de perforaci\u00f3n Monobomba<\/strong><\/h3>\n<p>Este modelo de bomba est\u00e1 especialmente dise\u00f1ado para su uso en la industria del petr\u00f3leo y el gas. Proporciona comodidad y confianza a sus usuarios con el equipamiento que lleva incorporado.<\/p>\n<blockquote><p>Caracter\u00edsticas del modelo Motor el\u00e9ctrico a prueba de explosi\u00f3n ZONA 1 y ZONA 2 1500 RPM con equipo de eficiencia energ\u00e9tica m\u00ednima IE2 e IE3, variador mec\u00e1nico para control de velocidad 190 &#8211; 1000 RPM Reductor clase Atex T4 y variador equipado con conexi\u00f3n al chasis de la bomba de acuerdo con las normas API proporciona facilidad de transporte e instalaci\u00f3n independientemente del entorno de trabajo para los usuarios.<\/p><\/blockquote>\n<p>M\u00e1ximo 35 toneladas\/hora 6 BAR &#8211; M\u00ednimo 2 toneladas\/hora 6 BAR.[\/vc_column_text][vc_row_inner css=&#8221;.vc_custom_1456219515168{margin-bottom: 27px !important;}&#8221;][vc_column_inner width=&#8221;1\/2&#8243;][vc_column_text]<img loading=\"lazy\" decoding=\"async\" class=\"size-full wp-image-8581\" src=\"https:\/\/industrialtransferpump.com\/wp-content\/uploads\/2023\/08\/Drilling-Fluid-Pump-Mono-pump-1-1.png\" alt=\"Bomba de fluido de perforaci\u00f3n  \" width=\"960\" height=\"768\" srcset=\"https:\/\/industrialtransferpump.com\/wp-content\/uploads\/2023\/08\/Drilling-Fluid-Pump-Mono-pump-1-1.png 960w, https:\/\/industrialtransferpump.com\/wp-content\/uploads\/2023\/08\/Drilling-Fluid-Pump-Mono-pump-1-1-300x240.png 300w, https:\/\/industrialtransferpump.com\/wp-content\/uploads\/2023\/08\/Drilling-Fluid-Pump-Mono-pump-1-1-768x614.png 768w, https:\/\/industrialtransferpump.com\/wp-content\/uploads\/2023\/08\/Drilling-Fluid-Pump-Mono-pump-1-1-900x720.png 900w\" sizes=\"auto, (max-width: 960px) 100vw, 960px\" \/><\/p>\n<p>[\/vc_column_text][vc_custom_heading text=&#8221;Funcionamiento&#8221; font_container=&#8221;tag:h4|text_align:left|color:%23222222&#8243; use_theme_fonts=&#8221;yes&#8221; css=&#8221;.vc_custom_1692190329579{margin-bottom: 27px !important;}&#8221;][stm_charts design=&#8221;polarArea&#8221; values_circle=&#8221;%5B%7B%22title%22%3A%22Maximum%2035%20tons%2Fhour%206%20BAR%20-%20Minimum%202%20tons%2Fhour%206%20BAR.%22%2C%22value%22%3A%2230%22%2C%22color%22%3A%22%235472d2%22%7D%2C%7B%22title%22%3A%226%20BAR%20%22%2C%22value%22%3A%2240%22%2C%22color%22%3A%22%238d6dc4%22%7D%5D&#8221; width=&#8221;208&#8243; height=&#8221;208&#8243; css=&#8221;.vc_custom_1692970903328{margin-bottom: 14px !important;}&#8221;][vc_column_text]<\/p>\n<p style=\"text-align: center;\"><strong>Variantes opcionales de acero inoxidable u otras aleaciones de acero<\/strong><\/p>\n<p>[\/vc_column_text][vc_column_text]<img loading=\"lazy\" decoding=\"async\" class=\"size-large wp-image-8577\" src=\"https:\/\/industrialtransferpump.com\/wp-content\/uploads\/2023\/08\/Drilling-Fluid-Pump1-1024x819.jpg\" alt=\"Bomba de fluido de perforaci\u00f3n1\" width=\"1024\" height=\"819\" srcset=\"https:\/\/industrialtransferpump.com\/wp-content\/uploads\/2023\/08\/Drilling-Fluid-Pump1-1024x819.jpg 1024w, https:\/\/industrialtransferpump.com\/wp-content\/uploads\/2023\/08\/Drilling-Fluid-Pump1-300x240.jpg 300w, https:\/\/industrialtransferpump.com\/wp-content\/uploads\/2023\/08\/Drilling-Fluid-Pump1-768x614.jpg 768w, https:\/\/industrialtransferpump.com\/wp-content\/uploads\/2023\/08\/Drilling-Fluid-Pump1-1536x1229.jpg 1536w, https:\/\/industrialtransferpump.com\/wp-content\/uploads\/2023\/08\/Drilling-Fluid-Pump1-2048x1638.jpg 2048w, https:\/\/industrialtransferpump.com\/wp-content\/uploads\/2023\/08\/Drilling-Fluid-Pump1-900x720.jpg 900w\" sizes=\"auto, (max-width: 1024px) 100vw, 1024px\" \/>[\/vc_column_text][\/vc_column_inner][vc_column_inner width=&#8221;1\/2&#8243;][vc_column_text]<img loading=\"lazy\" decoding=\"async\" class=\"alignleft size-full wp-image-8582\" src=\"https:\/\/industrialtransferpump.com\/wp-content\/uploads\/2023\/08\/Drilling-Fluid-Pump-Mono-pump-2-1.png\" alt=\"\" width=\"960\" height=\"768\" srcset=\"https:\/\/industrialtransferpump.com\/wp-content\/uploads\/2023\/08\/Drilling-Fluid-Pump-Mono-pump-2-1.png 960w, https:\/\/industrialtransferpump.com\/wp-content\/uploads\/2023\/08\/Drilling-Fluid-Pump-Mono-pump-2-1-300x240.png 300w, https:\/\/industrialtransferpump.com\/wp-content\/uploads\/2023\/08\/Drilling-Fluid-Pump-Mono-pump-2-1-768x614.png 768w, https:\/\/industrialtransferpump.com\/wp-content\/uploads\/2023\/08\/Drilling-Fluid-Pump-Mono-pump-2-1-900x720.png 900w\" sizes=\"auto, (max-width: 960px) 100vw, 960px\" \/>[\/vc_column_text][vc_custom_heading text=&#8221;Monobombas y sectores&#8221; font_container=&#8221;tag:h4|text_align:left|color:%23222222&#8243; use_theme_fonts=&#8221;yes&#8221; css=&#8221;.vc_custom_1692191271996{margin-bottom: 23px !important;}&#8221;][vc_column_text]Este modelo de bomba est\u00e1 especialmente dise\u00f1ado para su uso en la industria del petr\u00f3leo y el gas. Proporciona comodidad y confianza a sus usuarios con el equipamiento que lleva incorporado.<\/p>\n<p>Valor de capacidad deseado (m3\/h)<br \/>\nValor de presi\u00f3n deseado (bar)<br \/>\nDistancia al producto impreso (m)<br \/>\nProducto a imprimir<br \/>\nDensidad del producto a imprimir (gr\/cm3)<br \/>\nViscosidad del producto a imprimir<br \/>\nTemperatura del producto (\u00b0C)<br \/>\nProducto Valor pH<\/p>\n<p>Las bombas se fabrican especialmente seg\u00fan los requisitos del cliente.[\/vc_column_text][vc_column_text]<img loading=\"lazy\" decoding=\"async\" class=\"size-large wp-image-8578\" src=\"https:\/\/industrialtransferpump.com\/wp-content\/uploads\/2023\/08\/Drilling-Fluid-Pump2-1024x819.jpg\" alt=\"Bomba de fluido de perforaci\u00f3n2\" width=\"1024\" height=\"819\" srcset=\"https:\/\/industrialtransferpump.com\/wp-content\/uploads\/2023\/08\/Drilling-Fluid-Pump2-1024x819.jpg 1024w, https:\/\/industrialtransferpump.com\/wp-content\/uploads\/2023\/08\/Drilling-Fluid-Pump2-300x240.jpg 300w, https:\/\/industrialtransferpump.com\/wp-content\/uploads\/2023\/08\/Drilling-Fluid-Pump2-768x614.jpg 768w, https:\/\/industrialtransferpump.com\/wp-content\/uploads\/2023\/08\/Drilling-Fluid-Pump2-900x720.jpg 900w, https:\/\/industrialtransferpump.com\/wp-content\/uploads\/2023\/08\/Drilling-Fluid-Pump2.jpg 1280w\" sizes=\"auto, (max-width: 1024px) 100vw, 1024px\" \/>[\/vc_column_text][\/vc_column_inner][\/vc_row_inner][vc_row_inner][vc_column_inner width=&#8221;1\/2&#8243;][vc_custom_heading text=&#8221;Media-Ejemplos&#8221; font_container=&#8221;tag:h4|text_align:left|color:%23222222&#8243; use_theme_fonts=&#8221;yes&#8221; css=&#8221;.vc_custom_1692191224634{margin-bottom: 23px !important;}&#8221;][vc_column_text css=&#8221;.vc_custom_1692973546305{margin-bottom: 20px !important;}&#8221;]<\/p>\n<ul>\n<li>bomba monobomba alimentaria<\/li>\n<li><a href=\"https:\/\/industrialtransferpump.com\/es\/contacte-con-nosotros\/\"><strong>Bomba de fluido de perforaci\u00f3n<\/strong><\/a><\/li>\n<li>bomba de alimentaci\u00f3n<\/li>\n<li>bomba de fruta<\/li>\n<li>pur\u00e9 de fruta<\/li>\n<li>bomba mono<\/li>\n<li>monobomba de zumo de uva<\/li>\n<li>pulpa de zumo de uva monobomba de pulpa de uva<\/li>\n<li>bomba de uva<\/li>\n<li>bomba industrial bomba monobomba<\/li>\n<li><strong>Bombas<\/strong> para concentrados de frutas y hortalizas<\/li>\n<li>Bomba de chocolate (calentada)<\/li>\n<li>Bomba de concentrados para salsas<\/li>\n<li>Monobomba de aceite<\/li>\n<li>Bomba de vaselina<\/li>\n<li>Pomadas <a href=\"http:\/\/Mono%20phttps:\/industrialtransferpump.com\/mono-pumps\/umps%20with%20flash%20connection%20are%20preferred%20in%20food%20and%20industrial%20areas.%20It%20is%20specially%20produced%20depending%20on%20the%20project%20and%20transfer%20distance.\"><br \/>\n  <strong>monobomba<\/strong><br \/>\n<\/a><\/li>\n<li>Bomba para productos capilares y corporales<\/li>\n<\/ul>\n<p>[\/vc_column_text][vc_custom_heading text=&#8221;RECAMBIO DE MONOBOMBAS&#8221; font_container=&#8221;tag:h4|text_align:left|color:%23222222&#8243; use_theme_fonts=&#8221;yes&#8221; css=&#8221;.vc_custom_1692194223155{margin-bottom: 23px !important;}&#8221;][vc_column_text]<img loading=\"lazy\" decoding=\"async\" class=\" wp-image-8332\" src=\"https:\/\/industrialtransferpump.com\/wp-content\/uploads\/2023\/08\/mono-pump-spare-part-724x1024.jpg\" alt=\"mono-pompa-yedek-par\u00e7a\" width=\"669\" height=\"912\">[\/vc_column_text][\/vc_column_inner][vc_column_inner width=&#8221;1\/2&#8243;][vc_custom_heading text=&#8221;Rangos de trabajo&#8221; font_container=&#8221;tag:h4|text_align:left|color:%23222222&#8243; use_theme_fonts=&#8221;yes&#8221; css=&#8221;.vc_custom_1692193075076{margin-bottom: 20px !important;}&#8221;][stm_charts x_values=&#8221;1BAR; 2BAR; 3BAR; 5BAR; 10BAR; 20BAR; 24BAR; 50BAR;&#8221; values=&#8221;%5B%7B%22title%22%3A%226%20-%208%20-18%20-%2024%20BAR%22%2C%22y_values%22%3A%2210%3B%2015%3B%2020%3B%2025%3B%2027%3B%2025%3B%2023%3B%2025%22%2C%22color%22%3A%22%23fe6c61%22%7D%2C%7B%22title%22%3A%22%2020%20-%2050%20%20m3%2Fh%22%2C%22y_values%22%3A%2225%3B%2018%3B%2016%3B%2017%3B%2020%3B%2025%3B%2030%3B%2035%22%2C%22color%22%3A%22%235472d2%22%7D%5D&#8221; width=&#8221;395&#8243; height=&#8221;410&#8243;][vc_column_text]<img loading=\"lazy\" decoding=\"async\" class=\"size-large wp-image-8334\" src=\"https:\/\/industrialtransferpump.com\/wp-content\/uploads\/2023\/08\/mono-pump-spare-part-2-724x1024.jpg\" alt=\"mono-pompa-yedek-par\u00e7a-2\" width=\"724\" height=\"1024\" srcset=\"https:\/\/industrialtransferpump.com\/wp-content\/uploads\/2023\/08\/mono-pump-spare-part-2-724x1024.jpg 724w, https:\/\/industrialtransferpump.com\/wp-content\/uploads\/2023\/08\/mono-pump-spare-part-2-212x300.jpg 212w, https:\/\/industrialtransferpump.com\/wp-content\/uploads\/2023\/08\/mono-pump-spare-part-2-768x1087.jpg 768w, https:\/\/industrialtransferpump.com\/wp-content\/uploads\/2023\/08\/mono-pump-spare-part-2.jpg 800w\" sizes=\"auto, (max-width: 724px) 100vw, 724px\" \/>[\/vc_column_text][\/vc_column_inner][\/vc_row_inner][vc_custom_heading text=&#8221;V\u00eddeo para bombas mono&#8221; font_container=&#8221;tag:h4|text_align:left|color:%23222222&#8243; use_theme_fonts=&#8221;yes&#8221; css=&#8221;.vc_custom_1692194722987{margin-bottom: 31px !important;}&#8221;][vc_video link=&#8221;https:\/\/www.youtube.com\/embed\/mV1nTf3dPZc&#8221;][vc_custom_heading text=&#8221;Galer\u00eda de fotos de las bombas monobloc de la serie SW&#8221; font_container=&#8221;tag:h4|text_align:left|color:%23222222&#8243; use_theme_fonts=&#8221;yes&#8221; css=&#8221;.vc_custom_1692970318757{margin-bottom: 31px !important;}&#8221;][vc_gallery images=&#8221;8574,8573,8440,8439,8378,8379,8435,8354,8360,8362,8337,8288,8249,8223,8499,8500,8501,8502,8503,8504,8505,8506,8507,8508,8509,8510,8511,8512,8513,8514&#8243;][\/vc_column][vc_column width=&#8221;1\/4&#8243; offset=&#8221;vc_hidden-sm vc_hidden-xs&#8221;][stm_sidebar sidebar=&#8221;1097&#8243;][\/vc_column][\/vc_row][vc_row full_width=&#8221;stretch_row&#8221; el_class=&#8221;third_bg_color&#8221; css=&#8221;.vc_custom_1451889219674{margin-bottom: -60px !important;}&#8221;][vc_column][vc_cta h2=&#8221;si necesita m\u00e1s informaci\u00f3n&#8221; h2_font_container=&#8221;tag:h2|font_size:20px|text_align:left|color:%23000000|line_height:24px&#8221; h2_use_theme_fonts=&#8221;yes&#8221; h4=&#8221;Puede utilizar nuestro formulario de contacto r\u00e1pido para obtener m\u00e1s informaci\u00f3n sobre nuestras m\u00e1quinas. Cat\u00e1logos disponibles, fotos, v\u00eddeos y mucho m\u00e1s&#8230;&#8221; shape=&#8221;square&#8221; style=&#8221;flat&#8221; add_button=&#8221;right&#8221; btn_title=&#8221;SOLICITAR PRESUPUESTO&#8221; btn_style=&#8221;flat&#8221; btn_color=&#8221;theme_style_2&#8243; btn_align=&#8221;right&#8221; btn_i_align=&#8221;right&#8221; btn_i_icon_fontawesome=&#8221;stm-location&#8221; particles=&#8221;yes&#8221; use_custom_fonts_h2=&#8221;true&#8221; btn_button_block=&#8221;true&#8221; btn_add_icon=&#8221;true&#8221; el_class=&#8221;third_bg_color&#8221; css=&#8221;.vc_custom_1692195645245{margin-bottom: 0px !important;}&#8221; btn_link=&#8221;url:https%3A%2F%2Findustrialtransferpump.com%2Fes%2Fcontacte-con-nosotros%2F|title:Obtenga%20un%20presupuesto%20r%C3%A1pido|target:_blank|&#8221;][\/vc_cta][\/vc_column][\/vc_row]<\/p>\n<\/div>","protected":false},"excerpt":{"rendered":"<p>[vc_row][vc_column][vc_column_text][\/vc_column_text][\/vc_column][\/vc_row][vc_row css=&#8221;.vc_custom_1452687555475{margin-bottom: 100px !important;}&#8221;][vc_column offset=&#8221;vc_col-lg-9 vc_col-md-9&#8243;][vc_single_image image=&#8221;8580&#8243; img_size=&#8221;stm-image- 1110&#215;550-croped&#8221; css=&#8221;.vc_custom_1692972770569{margin-bottom: 45px !important;}&#8221;][vc_column_text css=&#8221;.vc_custom_1692973581909{margin-bottom: 25px !important;}&#8221;] Bomba de fluido de perforaci\u00f3n Especialmente dise\u00f1ado para el trasvase de fluido de perforaci\u00f3n o lodo o lodo l\u00edquido generado durante la perforaci\u00f3n. Caracter\u00edsticas y ventajas &nbsp; 35 m3\/h 4 BAR Monobomba Ex-proof T4 Zona 1 Variador mec\u00e1nico controlado Acero<\/p>\n","protected":false},"author":1,"featured_media":0,"parent":0,"menu_order":0,"comment_status":"closed","ping_status":"closed","template":"","meta":{"_joinchat":[],"footnotes":""},"class_list":["post-9181","page","type-page","status-publish","hentry"],"yoast_head":"<!-- This site is optimized with the Yoast SEO plugin v22.3 - https:\/\/yoast.com\/wordpress\/plugins\/seo\/ -->\n<title>Bomba Mono Serie SW - Industrial Transfer Pump Manufacturer<\/title>\n<meta name=\"description\" content=\"Bomba de fluido de perforaci\u00f3n Especialmente dise\u00f1ada para el trasvase de fluido o lodo de perforaci\u00f3n o lodo l\u00edquido generado durante la perforaci\u00f3n.\" \/>\n<meta name=\"robots\" content=\"index, follow, max-snippet:-1, max-image-preview:large, max-video-preview:-1\" \/>\n<link rel=\"canonical\" href=\"https:\/\/industrialtransferpump.com\/es\/bomba-mono-serie-sw\/\" \/>\n<meta property=\"og:locale\" content=\"es_ES\" \/>\n<meta property=\"og:type\" content=\"article\" \/>\n<meta property=\"og:title\" content=\"Bomba Mono Serie SW - Industrial Transfer Pump Manufacturer\" \/>\n<meta property=\"og:description\" content=\"Bomba de fluido de perforaci\u00f3n Especialmente dise\u00f1ada para el trasvase de fluido o lodo de perforaci\u00f3n o lodo l\u00edquido generado durante la perforaci\u00f3n.\" \/>\n<meta property=\"og:url\" content=\"https:\/\/industrialtransferpump.com\/es\/bomba-mono-serie-sw\/\" \/>\n<meta property=\"og:site_name\" content=\"Industrial Transfer Pump Manufacturer\" \/>\n<meta property=\"article:modified_time\" content=\"2023-10-04T10:12:11+00:00\" \/>\n<meta property=\"og:image\" content=\"https:\/\/industrialtransferpump.com\/wp-content\/uploads\/2023\/08\/Drilling-Fluid-Pump-Mono-pump-1-1.png\" \/>\n<meta name=\"twitter:card\" content=\"summary_large_image\" \/>\n<meta name=\"twitter:label1\" content=\"Tiempo de lectura\" \/>\n\t<meta name=\"twitter:data1\" content=\"5 minutos\" \/>\n<script type=\"application\/ld+json\" class=\"yoast-schema-graph\">{\"@context\":\"https:\/\/schema.org\",\"@graph\":[{\"@type\":\"WebPage\",\"@id\":\"https:\/\/industrialtransferpump.com\/es\/bomba-mono-serie-sw\/\",\"url\":\"https:\/\/industrialtransferpump.com\/es\/bomba-mono-serie-sw\/\",\"name\":\"Bomba Mono Serie SW - Industrial Transfer Pump Manufacturer\",\"isPartOf\":{\"@id\":\"https:\/\/industrialtransferpump.com\/#website\"},\"primaryImageOfPage\":{\"@id\":\"https:\/\/industrialtransferpump.com\/es\/bomba-mono-serie-sw\/#primaryimage\"},\"image\":{\"@id\":\"https:\/\/industrialtransferpump.com\/es\/bomba-mono-serie-sw\/#primaryimage\"},\"thumbnailUrl\":\"https:\/\/industrialtransferpump.com\/wp-content\/uploads\/2023\/08\/Drilling-Fluid-Pump-Mono-pump-1-1.png\",\"datePublished\":\"2023-08-25T13:26:22+00:00\",\"dateModified\":\"2023-10-04T10:12:11+00:00\",\"description\":\"Bomba de fluido de perforaci\u00f3n Especialmente dise\u00f1ada para el trasvase de fluido o lodo de perforaci\u00f3n o lodo l\u00edquido generado durante la perforaci\u00f3n.\",\"breadcrumb\":{\"@id\":\"https:\/\/industrialtransferpump.com\/es\/bomba-mono-serie-sw\/#breadcrumb\"},\"inLanguage\":\"es\",\"potentialAction\":[{\"@type\":\"ReadAction\",\"target\":[\"https:\/\/industrialtransferpump.com\/es\/bomba-mono-serie-sw\/\"]}]},{\"@type\":\"ImageObject\",\"inLanguage\":\"es\",\"@id\":\"https:\/\/industrialtransferpump.com\/es\/bomba-mono-serie-sw\/#primaryimage\",\"url\":\"https:\/\/industrialtransferpump.com\/wp-content\/uploads\/2023\/08\/Drilling-Fluid-Pump-Mono-pump-1-1.png\",\"contentUrl\":\"https:\/\/industrialtransferpump.com\/wp-content\/uploads\/2023\/08\/Drilling-Fluid-Pump-Mono-pump-1-1.png\",\"width\":960,\"height\":768,\"caption\":\"Drilling Fluid Pump\"},{\"@type\":\"BreadcrumbList\",\"@id\":\"https:\/\/industrialtransferpump.com\/es\/bomba-mono-serie-sw\/#breadcrumb\",\"itemListElement\":[{\"@type\":\"ListItem\",\"position\":1,\"name\":\"Home\",\"item\":\"https:\/\/industrialtransferpump.com\/es\/inicio\/\"},{\"@type\":\"ListItem\",\"position\":2,\"name\":\"Bomba Mono Serie SW\"}]},{\"@type\":\"WebSite\",\"@id\":\"https:\/\/industrialtransferpump.com\/#website\",\"url\":\"https:\/\/industrialtransferpump.com\/\",\"name\":\"Drum Emptying System & Barrel Unloading System\",\"description\":\"Industrial Transfer Pump\",\"publisher\":{\"@id\":\"https:\/\/industrialtransferpump.com\/#organization\"},\"potentialAction\":[{\"@type\":\"SearchAction\",\"target\":{\"@type\":\"EntryPoint\",\"urlTemplate\":\"https:\/\/industrialtransferpump.com\/?s={search_term_string}\"},\"query-input\":\"required name=search_term_string\"}],\"inLanguage\":\"es\"},{\"@type\":\"Organization\",\"@id\":\"https:\/\/industrialtransferpump.com\/#organization\",\"name\":\"Barrel Pump Trasferring Systems\",\"url\":\"https:\/\/industrialtransferpump.com\/\",\"logo\":{\"@type\":\"ImageObject\",\"inLanguage\":\"es\",\"@id\":\"https:\/\/industrialtransferpump.com\/#\/schema\/logo\/image\/\",\"url\":\"https:\/\/industrialtransferpump.com\/wp-content\/uploads\/2021\/03\/Logo.png\",\"contentUrl\":\"https:\/\/industrialtransferpump.com\/wp-content\/uploads\/2021\/03\/Logo.png\",\"width\":6617,\"height\":4077,\"caption\":\"Barrel Pump Trasferring Systems\"},\"image\":{\"@id\":\"https:\/\/industrialtransferpump.com\/#\/schema\/logo\/image\/\"}}]}<\/script>\n<!-- \/ Yoast SEO plugin. -->","yoast_head_json":{"title":"Bomba Mono Serie SW - Industrial Transfer Pump Manufacturer","description":"Bomba de fluido de perforaci\u00f3n Especialmente dise\u00f1ada para el trasvase de fluido o lodo de perforaci\u00f3n o lodo l\u00edquido generado durante la perforaci\u00f3n.","robots":{"index":"index","follow":"follow","max-snippet":"max-snippet:-1","max-image-preview":"max-image-preview:large","max-video-preview":"max-video-preview:-1"},"canonical":"https:\/\/industrialtransferpump.com\/es\/bomba-mono-serie-sw\/","og_locale":"es_ES","og_type":"article","og_title":"Bomba Mono Serie SW - Industrial Transfer Pump Manufacturer","og_description":"Bomba de fluido de perforaci\u00f3n Especialmente dise\u00f1ada para el trasvase de fluido o lodo de perforaci\u00f3n o lodo l\u00edquido generado durante la perforaci\u00f3n.","og_url":"https:\/\/industrialtransferpump.com\/es\/bomba-mono-serie-sw\/","og_site_name":"Industrial Transfer Pump Manufacturer","article_modified_time":"2023-10-04T10:12:11+00:00","og_image":[{"url":"https:\/\/industrialtransferpump.com\/wp-content\/uploads\/2023\/08\/Drilling-Fluid-Pump-Mono-pump-1-1.png"}],"twitter_card":"summary_large_image","twitter_misc":{"Tiempo de lectura":"5 minutos"},"schema":{"@context":"https:\/\/schema.org","@graph":[{"@type":"WebPage","@id":"https:\/\/industrialtransferpump.com\/es\/bomba-mono-serie-sw\/","url":"https:\/\/industrialtransferpump.com\/es\/bomba-mono-serie-sw\/","name":"Bomba Mono Serie SW - Industrial Transfer Pump Manufacturer","isPartOf":{"@id":"https:\/\/industrialtransferpump.com\/#website"},"primaryImageOfPage":{"@id":"https:\/\/industrialtransferpump.com\/es\/bomba-mono-serie-sw\/#primaryimage"},"image":{"@id":"https:\/\/industrialtransferpump.com\/es\/bomba-mono-serie-sw\/#primaryimage"},"thumbnailUrl":"https:\/\/industrialtransferpump.com\/wp-content\/uploads\/2023\/08\/Drilling-Fluid-Pump-Mono-pump-1-1.png","datePublished":"2023-08-25T13:26:22+00:00","dateModified":"2023-10-04T10:12:11+00:00","description":"Bomba de fluido de perforaci\u00f3n Especialmente dise\u00f1ada para el trasvase de fluido o lodo de perforaci\u00f3n o lodo l\u00edquido generado durante la perforaci\u00f3n.","breadcrumb":{"@id":"https:\/\/industrialtransferpump.com\/es\/bomba-mono-serie-sw\/#breadcrumb"},"inLanguage":"es","potentialAction":[{"@type":"ReadAction","target":["https:\/\/industrialtransferpump.com\/es\/bomba-mono-serie-sw\/"]}]},{"@type":"ImageObject","inLanguage":"es","@id":"https:\/\/industrialtransferpump.com\/es\/bomba-mono-serie-sw\/#primaryimage","url":"https:\/\/industrialtransferpump.com\/wp-content\/uploads\/2023\/08\/Drilling-Fluid-Pump-Mono-pump-1-1.png","contentUrl":"https:\/\/industrialtransferpump.com\/wp-content\/uploads\/2023\/08\/Drilling-Fluid-Pump-Mono-pump-1-1.png","width":960,"height":768,"caption":"Drilling Fluid Pump"},{"@type":"BreadcrumbList","@id":"https:\/\/industrialtransferpump.com\/es\/bomba-mono-serie-sw\/#breadcrumb","itemListElement":[{"@type":"ListItem","position":1,"name":"Home","item":"https:\/\/industrialtransferpump.com\/es\/inicio\/"},{"@type":"ListItem","position":2,"name":"Bomba Mono Serie SW"}]},{"@type":"WebSite","@id":"https:\/\/industrialtransferpump.com\/#website","url":"https:\/\/industrialtransferpump.com\/","name":"Drum Emptying System & Barrel Unloading System","description":"Industrial Transfer Pump","publisher":{"@id":"https:\/\/industrialtransferpump.com\/#organization"},"potentialAction":[{"@type":"SearchAction","target":{"@type":"EntryPoint","urlTemplate":"https:\/\/industrialtransferpump.com\/?s={search_term_string}"},"query-input":"required name=search_term_string"}],"inLanguage":"es"},{"@type":"Organization","@id":"https:\/\/industrialtransferpump.com\/#organization","name":"Barrel Pump Trasferring Systems","url":"https:\/\/industrialtransferpump.com\/","logo":{"@type":"ImageObject","inLanguage":"es","@id":"https:\/\/industrialtransferpump.com\/#\/schema\/logo\/image\/","url":"https:\/\/industrialtransferpump.com\/wp-content\/uploads\/2021\/03\/Logo.png","contentUrl":"https:\/\/industrialtransferpump.com\/wp-content\/uploads\/2021\/03\/Logo.png","width":6617,"height":4077,"caption":"Barrel Pump Trasferring Systems"},"image":{"@id":"https:\/\/industrialtransferpump.com\/#\/schema\/logo\/image\/"}}]}},"_links":{"self":[{"href":"https:\/\/industrialtransferpump.com\/es\/wp-json\/wp\/v2\/pages\/9181","targetHints":{"allow":["GET"]}}],"collection":[{"href":"https:\/\/industrialtransferpump.com\/es\/wp-json\/wp\/v2\/pages"}],"about":[{"href":"https:\/\/industrialtransferpump.com\/es\/wp-json\/wp\/v2\/types\/page"}],"author":[{"embeddable":true,"href":"https:\/\/industrialtransferpump.com\/es\/wp-json\/wp\/v2\/users\/1"}],"replies":[{"embeddable":true,"href":"https:\/\/industrialtransferpump.com\/es\/wp-json\/wp\/v2\/comments?post=9181"}],"version-history":[{"count":2,"href":"https:\/\/industrialtransferpump.com\/es\/wp-json\/wp\/v2\/pages\/9181\/revisions"}],"predecessor-version":[{"id":9185,"href":"https:\/\/industrialtransferpump.com\/es\/wp-json\/wp\/v2\/pages\/9181\/revisions\/9185"}],"wp:attachment":[{"href":"https:\/\/industrialtransferpump.com\/es\/wp-json\/wp\/v2\/media?parent=9181"}],"curies":[{"name":"wp","href":"https:\/\/api.w.org\/{rel}","templated":true}]}}