{"id":9304,"date":"2017-02-08T09:58:32","date_gmt":"2017-02-08T09:58:32","guid":{"rendered":"https:\/\/industrialtransferpump.com\/nous-contacter\/"},"modified":"2024-05-28T10:32:48","modified_gmt":"2024-05-28T10:32:48","slug":"nous-contacter","status":"publish","type":"page","link":"https:\/\/industrialtransferpump.com\/fr\/nous-contacter\/","title":{"rendered":"Nous contacter"},"content":{"rendered":"<div class=\"wpb-content-wrapper\"><p>[vc_row][vc_column][vc_column_text css=&#8221;.vc_custom_1693472157014{margin-bottom: 40px !important;}&#8221;]Si vous avez une question, vous pouvez laisser un commentaire, <a href=\"https:\/\/www.youtube.com\/shorts\/i6_1vJhCw-0\"><br \/>\n  <strong>Syst\u00e8mes de vidange de f\u00fbts<\/strong><br \/>\n<\/a>, <a href=\"https:\/\/industrialtransferpump.com\/fr\/pompe-vide-futs-mobile\/\"><br \/>\n  <strong>Pompe \u00e0 f\u00fbts mobile<\/strong><br \/>\n<\/a> et <strong><br \/>\n  <em>Pompes mono<\/em><br \/>\n<\/strong> N&#8217;h\u00e9sitez pas \u00e0 nous contacter si vous souhaitez recevoir plus d&#8217;informations.[\/vc_column_text][\/vc_column][\/vc_row][vc_row css=&#8221;.vc_custom_1485495419934{margin-bottom: 0px !important;}&#8221;][vc_column offset=&#8221;vc_col-lg-4&#8243; css=&#8221;.vc_custom_1485435561407{margin-bottom: 30px !important;}&#8221;][vc_custom_heading stripe_pos=&#8221;hide&#8221; text=&#8221;demandes de renseignements des clients&#8221; font_container=&#8221;tag:h3|font_size:20px|text_align:left|color:%23222222|line_height:45px&#8221; google_fonts=&#8221;font_family:Montserrat%3Aregular%2C700|font_style:700%20bold%20regular%3A700%3Anormal&#8221; el_class=&#8221;border_base_color&#8221; css=&#8221;.vc_custom_1486381684818{margin-top: -5px !important;margin-bottom: -13px !important;border-top-width: 3px !important;border-top-style: solid !important;}&#8221;][stm_contacts_widget style=&#8221;style_4&#8243; address=&#8221;\u0130stasyon Mah, Cilem Sokak, No:1 Kartepe Sanayi Sitesi, H1 Blok No:50 Kartepe\/Kocaeli&#8221; email=&#8221;industrialtransferpump@gmail.com&#8221; facebook=&#8221;https:\/\/www.facebook.com\/profile.php?id=61550870767378&#8243; twitter=&#8221;#&#8221; linkedin=&#8221;#&#8221; phones_all=&#8221;+1 212 386 5575<\/p>\n<p>+1 212 386 7575&#8243; skype=&#8221;https:\/\/join.skype.com\/invite\/E3TLRuJ2hWYz&#8221;][\/vc_column][vc_column offset=&#8221;vc_col-lg-4&#8243; css=&#8221;.vc_custom_1485435566908{margin-bottom: 30px !important;}&#8221;][vc_custom_heading stripe_pos=&#8221;hide&#8221; text=&#8221;ventes et marketing&#8221; font_container=&#8221;tag:h3|font_size:20px|text_align:left|color:%23222222|line_height:45px&#8221; google_fonts=&#8221;font_family:Montserrat%3Aregular%2C700|font_style:700%20bold%20regular%3A700%3Anormal&#8221; el_class=&#8221;border_base_color&#8221; css=&#8221;.vc_custom_1632735163507{margin-top: -5px !important;margin-bottom: -8px !important;border-top-width: 3px !important;border-top-style: solid !important;}&#8221;][vc_column_text css=&#8221;.vc_custom_1632735447514{margin-bottom: 20px !important;}&#8221;]<span style=\"display: block; line-height: 22px;\">Pour plus d&#8217;informations sur nos produits, veuillez contacter :<\/span>[\/vc_column_text][stm_contact style=&#8221;style_2&#8243; name=&#8221;Burhan ATICI&#8221; image=&#8221;759&#8243; job=&#8221;Sales Manager&#8221; email=&#8221;industrialtransferpump@gmail.com&#8221; skype=&#8221;brhnatc&#8221; phone=&#8221;+90 532 304 52 65 ( Whatsapp)&#8221;][\/vc_column][vc_column offset=&#8221;vc_col-lg-4&#8243; css=&#8221;.vc_custom_1485435572601{margin-bottom: 30px !important;}&#8221;][vc_custom_heading stripe_pos=&#8221;hide&#8221; text=&#8221;autres demandes&#8221; font_container=&#8221;tag:h3|font_size:20px|text_align:left|color:%23222222|line_height:45px&#8221; google_fonts=&#8221;font_family:Montserrat%3Aregular%2C700|font_style:700%20bold%20regular%3A700%3Anormal&#8221; el_class=&#8221;border_base_color&#8221; css=&#8221;.vc_custom_1632735232933{margin-top: -5px !important;margin-bottom: -8px !important;border-top-width: 3px !important;border-top-style: solid !important;}&#8221;][vc_column_text css=&#8221;.vc_custom_1632735551146{margin-bottom: 20px !important;}&#8221;]<span style=\"display: block; line-height: 22px;\">Contactez-nous pour obtenir une assistance apr\u00e8s-vente ou pour en savoir plus sur nos produits :<\/span>[\/vc_column_text][stm_contact style=&#8221;style_2&#8243; name=&#8221;Burhan ATICI&#8221; image=&#8221;1365&#8243; job=&#8221;Technical Support&#8221; email=&#8221;industrialtransferpump@gmail.com&#8221; phone=&#8221;+90 532 304 52 65&#8243;][\/vc_column][\/vc_row][vc_row css=&#8221;.vc_custom_1485495492516{margin-bottom: 27px !important;}&#8221;][vc_column][vc_gmaps link=&#8221;#E-8_JTNDaWZyYW1lJTIwc3JjJTNEJTIyaHR0cHMlM0ElMkYlMkZ3d3cuZ29vZ2xlLmNvbSUyRm1hcHMlMkZlbWJlZCUzRnBiJTNEJTIxMW0xOCUyMTFtMTIlMjExbTMlMjExZDMwMjIuNjQ0MTA4Mzg2NDk1NiUyMTJkMjkuOTQ3OTg3OTUwNzk1MjclMjEzZDQwLjc0Nzg1NTk3OTIyNjUxNCUyMTJtMyUyMTFmMCUyMTJmMCUyMTNmMCUyMTNtMiUyMTFpMTAyNCUyMTJpNzY4JTIxNGYxMy4xJTIxM20zJTIxMW0yJTIxMXMweDE0Y2I0NWQzOWIyYTQxN2QlMjUzQTB4MWFkZDVmMTc4ZjAyNWRkMyUyMTJzQWxsYW1lJTI1MjBNYWtpbmElMjE1ZTAlMjEzbTIlMjExc3RyJTIxMnN0ciUyMTR2MTYzMjczNTcyMTk1MyUyMTVtMiUyMTFzdHIlMjEyc3RyJTIyJTIwd2lkdGglM0QlMjIxMDAlMjUlMjIlMjBoZWlnaHQlM0QlMjIzODMlMjIlMjBzdHlsZSUzRCUyMmJvcmRlciUzQTAlM0IlMjIlMjBhbGxvd2Z1bGxzY3JlZW4lM0QlMjIlMjIlMjBsb2FkaW5nJTNEJTIybGF6eSUyMiUzRSUzQyUyRmlmcmFtZSUzRQ==&#8221;][\/vc_column][\/vc_row][vc_row css=&#8221;.vc_custom_1485495581044{margin-bottom: 0px !important;}&#8221;][vc_column][vc_custom_heading text=&#8221;formulaire de retour d&apos;information&#8221; font_container=&#8221;tag:h4|text_align:left&#8221; google_fonts=&#8221;font_family:Montserrat%3Aregular%2C700|font_style:700%20bold%20regular%3A700%3Anormal&#8221; css=&#8221;.vc_custom_1485497009141{margin-bottom: 28px !important;}&#8221;]\n<div class=\"wpcf7 no-js\" id=\"wpcf7-f1177-o1\" lang=\"en-US\" dir=\"ltr\">\n<div class=\"screen-reader-response\"><p role=\"status\" aria-live=\"polite\" aria-atomic=\"true\"><\/p> <ul><\/ul><\/div>\n<form action=\"\/fr\/wp-json\/wp\/v2\/pages\/9304#wpcf7-f1177-o1\" method=\"post\" class=\"wpcf7-form init\" aria-label=\"Contact form\" novalidate=\"novalidate\" data-status=\"init\">\n<div style=\"display: none;\">\n<input type=\"hidden\" name=\"_wpcf7\" value=\"1177\" \/>\n<input type=\"hidden\" name=\"_wpcf7_version\" value=\"5.9.3\" \/>\n<input type=\"hidden\" name=\"_wpcf7_locale\" value=\"en_US\" \/>\n<input type=\"hidden\" name=\"_wpcf7_unit_tag\" value=\"wpcf7-f1177-o1\" \/>\n<input type=\"hidden\" name=\"_wpcf7_container_post\" value=\"0\" \/>\n<input type=\"hidden\" name=\"_wpcf7_posted_data_hash\" value=\"\" \/>\n<\/div>\n<div class=\"request_callback\">\n    <div class=\"row\">\n        <div class=\"col-lg-4 col-md-4 col-sm-12 col-xs-12\">\n            <div class=\"input-group\">\n                <span class=\"wpcf7-form-control-wrap\" data-name=\"message\"><textarea cols=\"40\" rows=\"10\" class=\"wpcf7-form-control wpcf7-textarea wpcf7-validates-as-required height205\" aria-required=\"true\" aria-invalid=\"false\" placeholder=\"Your Message *\" name=\"message\"><\/textarea><\/span>\n            <\/div>\n        <\/div>\n        <div class=\"col-lg-4 col-md-4 col-sm-12 col-xs-12\">\n            <div class=\"input-group\">\n                <span class=\"wpcf7-form-control-wrap\" data-name=\"text-name\"><input size=\"40\" class=\"wpcf7-form-control wpcf7-text wpcf7-validates-as-required\" aria-required=\"true\" aria-invalid=\"false\" placeholder=\"First name *\" value=\"\" type=\"text\" name=\"text-name\" \/><\/span>\n            <\/div>\n            <div class=\"input-group\">\n                <span class=\"wpcf7-form-control-wrap\" data-name=\"email\"><input size=\"40\" class=\"wpcf7-form-control wpcf7-email wpcf7-validates-as-required wpcf7-text wpcf7-validates-as-email\" aria-required=\"true\" aria-invalid=\"false\" placeholder=\"E-mail *\" value=\"\" type=\"email\" name=\"email\" \/><\/span>\n            <\/div>\n            <div class=\"input-group\">\n                <span class=\"wpcf7-form-control-wrap\" data-name=\"menu-774\"><select class=\"wpcf7-form-control wpcf7-select wpcf7-validates-as-required\" aria-required=\"true\" aria-invalid=\"false\" name=\"menu-774\"><option value=\"\">Reason for Contact *<\/option><option value=\"Request a Quote\">Request a Quote<\/option><option value=\"Technical Support\">Technical Support<\/option><\/select><\/span>\n            <\/div>\n        <\/div>\n        <div class=\"col-lg-4 col-md-4 col-sm-12 col-xs-12\">\n            <div class=\"input-group\">\n                <span class=\"wpcf7-form-control-wrap\" data-name=\"menu-363\"><select class=\"wpcf7-form-control wpcf7-select wpcf7-validates-as-required\" aria-required=\"true\" aria-invalid=\"false\" name=\"menu-363\"><option value=\"\">Where did you find us? *<\/option><option value=\"Google\">Google<\/option><option value=\"Alibaba\">Alibaba<\/option><option value=\"Social Media\">Social Media<\/option><option value=\"Someone Suggested\">Someone Suggested<\/option><option value=\"Other\">Other<\/option><\/select><\/span>\n            <\/div>\n            <div class=\"input-group\">\n                <span class=\"wpcf7-form-control-wrap\" data-name=\"subject\"><input size=\"40\" class=\"wpcf7-form-control wpcf7-text wpcf7-validates-as-required\" aria-required=\"true\" aria-invalid=\"false\" placeholder=\"Subject *\" value=\"\" type=\"text\" name=\"subject\" \/><\/span>\n            <\/div>\n            <div class=\"input-group\">\n                <button type=\"submit\" class=\"button size-lg icon_right\">submit <i class=\"fa fa-chevron-right\"><\/i><\/button>\n            <\/div>\n        <\/div>\n    <\/div>\n<\/div><p style=\"display: none !important;\" class=\"akismet-fields-container\" data-prefix=\"_wpcf7_ak_\"><label>&#916;<textarea name=\"_wpcf7_ak_hp_textarea\" cols=\"45\" rows=\"8\" maxlength=\"100\"><\/textarea><\/label><input type=\"hidden\" id=\"ak_js_1\" name=\"_wpcf7_ak_js\" value=\"150\"\/><script>document.getElementById( \"ak_js_1\" ).setAttribute( \"value\", ( new Date() ).getTime() );<\/script><\/p><div class=\"wpcf7-response-output\" aria-hidden=\"true\"><\/div>\n<\/form>\n<\/div>\n[\/vc_column][\/vc_row]<\/p>\n<\/div>","protected":false},"excerpt":{"rendered":"<p>[vc_row][vc_column][vc_column_text css=&#8221;.vc_custom_1693472157014{margin-bottom: 40px !important;}&#8221;]Si vous avez une question, vous pouvez laisser un commentaire, Syst\u00e8mes de vidange de f\u00fbts , Pompe \u00e0 f\u00fbts mobile et Pompes mono N&#8217;h\u00e9sitez pas \u00e0 nous contacter si vous souhaitez recevoir plus d&#8217;informations.[\/vc_column_text][\/vc_column][\/vc_row][vc_row css=&#8221;.vc_custom_1485495419934{margin-bottom: 0px !important;}&#8221;][vc_column offset=&#8221;vc_col-lg-4&#8243; css=&#8221;.vc_custom_1485435561407{margin-bottom: 30px !important;}&#8221;][vc_custom_heading stripe_pos=&#8221;hide&#8221; text=&#8221;demandes de renseignements des clients&#8221; font_container=&#8221;tag:h3|font_size:20px|text_align:left|color:%23222222|line_height:45px&#8221; google_fonts=&#8221;font_family:Montserrat%3Aregular%2C700|font_style:700%20bold%20regular%3A700%3Anormal&#8221; el_class=&#8221;border_base_color&#8221; css=&#8221;.vc_custom_1486381684818{margin-top: -5px<\/p>\n","protected":false},"author":1,"featured_media":0,"parent":0,"menu_order":0,"comment_status":"closed","ping_status":"closed","template":"","meta":{"_joinchat":[],"footnotes":""},"class_list":["post-9304","page","type-page","status-publish","hentry"],"yoast_head":"<!-- This site is optimized with the Yoast SEO plugin v22.3 - https:\/\/yoast.com\/wordpress\/plugins\/seo\/ -->\n<title>Nous contacter - Industrial Transfer Pump Manufacturer<\/title>\n<meta name=\"description\" content=\"Si vous avez une question, vous voulez laisser un commentaire, DrSi vous avez une question, vous voulez laisser un commentaire, DrSi vous avez une question, vous voulez laisser un commentaire, DrSi vous avez une question, vous voulez laisser un commentaire, DrSyst\u00e8mes de vidange des bidons,\" \/>\n<meta name=\"robots\" content=\"index, follow, max-snippet:-1, max-image-preview:large, max-video-preview:-1\" \/>\n<link rel=\"canonical\" href=\"https:\/\/industrialtransferpump.com\/fr\/nous-contacter\/\" \/>\n<meta property=\"og:locale\" content=\"fr_FR\" \/>\n<meta property=\"og:type\" content=\"article\" \/>\n<meta property=\"og:title\" content=\"Nous contacter - Industrial Transfer Pump Manufacturer\" \/>\n<meta property=\"og:description\" content=\"Si vous avez une question, vous voulez laisser un commentaire, DrSi vous avez une question, vous voulez laisser un commentaire, DrSi vous avez une question, vous voulez laisser un commentaire, DrSi vous avez une question, vous voulez laisser un commentaire, DrSyst\u00e8mes de vidange des bidons,\" \/>\n<meta property=\"og:url\" content=\"https:\/\/industrialtransferpump.com\/fr\/nous-contacter\/\" \/>\n<meta property=\"og:site_name\" content=\"Industrial Transfer Pump Manufacturer\" \/>\n<meta property=\"article:modified_time\" content=\"2024-05-28T10:32:48+00:00\" \/>\n<meta name=\"twitter:card\" content=\"summary_large_image\" \/>\n<meta name=\"twitter:label1\" content=\"Dur\u00e9e de lecture estim\u00e9e\" \/>\n\t<meta name=\"twitter:data1\" content=\"3 minutes\" \/>\n<script type=\"application\/ld+json\" class=\"yoast-schema-graph\">{\"@context\":\"https:\/\/schema.org\",\"@graph\":[{\"@type\":\"WebPage\",\"@id\":\"https:\/\/industrialtransferpump.com\/fr\/nous-contacter\/\",\"url\":\"https:\/\/industrialtransferpump.com\/fr\/nous-contacter\/\",\"name\":\"Nous contacter - Industrial Transfer Pump Manufacturer\",\"isPartOf\":{\"@id\":\"https:\/\/industrialtransferpump.com\/#website\"},\"datePublished\":\"2017-02-08T09:58:32+00:00\",\"dateModified\":\"2024-05-28T10:32:48+00:00\",\"description\":\"Si vous avez une question, vous voulez laisser un commentaire, DrSi vous avez une question, vous voulez laisser un commentaire, DrSi vous avez une question, vous voulez laisser un commentaire, DrSi vous avez une question, vous voulez laisser un commentaire, DrSyst\u00e8mes de vidange des bidons,\",\"breadcrumb\":{\"@id\":\"https:\/\/industrialtransferpump.com\/fr\/nous-contacter\/#breadcrumb\"},\"inLanguage\":\"fr-FR\",\"potentialAction\":[{\"@type\":\"ReadAction\",\"target\":[\"https:\/\/industrialtransferpump.com\/fr\/nous-contacter\/\"]}]},{\"@type\":\"BreadcrumbList\",\"@id\":\"https:\/\/industrialtransferpump.com\/fr\/nous-contacter\/#breadcrumb\",\"itemListElement\":[{\"@type\":\"ListItem\",\"position\":1,\"name\":\"Home\",\"item\":\"https:\/\/industrialtransferpump.com\/fr\/accueil\/\"},{\"@type\":\"ListItem\",\"position\":2,\"name\":\"Nous contacter\"}]},{\"@type\":\"WebSite\",\"@id\":\"https:\/\/industrialtransferpump.com\/#website\",\"url\":\"https:\/\/industrialtransferpump.com\/\",\"name\":\"Drum Emptying System & Barrel Unloading System\",\"description\":\"Industrial Transfer Pump\",\"publisher\":{\"@id\":\"https:\/\/industrialtransferpump.com\/#organization\"},\"potentialAction\":[{\"@type\":\"SearchAction\",\"target\":{\"@type\":\"EntryPoint\",\"urlTemplate\":\"https:\/\/industrialtransferpump.com\/?s={search_term_string}\"},\"query-input\":\"required name=search_term_string\"}],\"inLanguage\":\"fr-FR\"},{\"@type\":\"Organization\",\"@id\":\"https:\/\/industrialtransferpump.com\/#organization\",\"name\":\"Barrel Pump Trasferring Systems\",\"url\":\"https:\/\/industrialtransferpump.com\/\",\"logo\":{\"@type\":\"ImageObject\",\"inLanguage\":\"fr-FR\",\"@id\":\"https:\/\/industrialtransferpump.com\/#\/schema\/logo\/image\/\",\"url\":\"https:\/\/industrialtransferpump.com\/wp-content\/uploads\/2021\/03\/Logo.png\",\"contentUrl\":\"https:\/\/industrialtransferpump.com\/wp-content\/uploads\/2021\/03\/Logo.png\",\"width\":6617,\"height\":4077,\"caption\":\"Barrel Pump Trasferring Systems\"},\"image\":{\"@id\":\"https:\/\/industrialtransferpump.com\/#\/schema\/logo\/image\/\"}}]}<\/script>\n<!-- \/ Yoast SEO plugin. -->","yoast_head_json":{"title":"Nous contacter - Industrial Transfer Pump Manufacturer","description":"Si vous avez une question, vous voulez laisser un commentaire, DrSi vous avez une question, vous voulez laisser un commentaire, DrSi vous avez une question, vous voulez laisser un commentaire, DrSi vous avez une question, vous voulez laisser un commentaire, DrSyst\u00e8mes de vidange des bidons,","robots":{"index":"index","follow":"follow","max-snippet":"max-snippet:-1","max-image-preview":"max-image-preview:large","max-video-preview":"max-video-preview:-1"},"canonical":"https:\/\/industrialtransferpump.com\/fr\/nous-contacter\/","og_locale":"fr_FR","og_type":"article","og_title":"Nous contacter - Industrial Transfer Pump Manufacturer","og_description":"Si vous avez une question, vous voulez laisser un commentaire, DrSi vous avez une question, vous voulez laisser un commentaire, DrSi vous avez une question, vous voulez laisser un commentaire, DrSi vous avez une question, vous voulez laisser un commentaire, DrSyst\u00e8mes de vidange des bidons,","og_url":"https:\/\/industrialtransferpump.com\/fr\/nous-contacter\/","og_site_name":"Industrial Transfer Pump Manufacturer","article_modified_time":"2024-05-28T10:32:48+00:00","twitter_card":"summary_large_image","twitter_misc":{"Dur\u00e9e de lecture estim\u00e9e":"3 minutes"},"schema":{"@context":"https:\/\/schema.org","@graph":[{"@type":"WebPage","@id":"https:\/\/industrialtransferpump.com\/fr\/nous-contacter\/","url":"https:\/\/industrialtransferpump.com\/fr\/nous-contacter\/","name":"Nous contacter - Industrial Transfer Pump Manufacturer","isPartOf":{"@id":"https:\/\/industrialtransferpump.com\/#website"},"datePublished":"2017-02-08T09:58:32+00:00","dateModified":"2024-05-28T10:32:48+00:00","description":"Si vous avez une question, vous voulez laisser un commentaire, DrSi vous avez une question, vous voulez laisser un commentaire, DrSi vous avez une question, vous voulez laisser un commentaire, DrSi vous avez une question, vous voulez laisser un commentaire, DrSyst\u00e8mes de vidange des bidons,","breadcrumb":{"@id":"https:\/\/industrialtransferpump.com\/fr\/nous-contacter\/#breadcrumb"},"inLanguage":"fr-FR","potentialAction":[{"@type":"ReadAction","target":["https:\/\/industrialtransferpump.com\/fr\/nous-contacter\/"]}]},{"@type":"BreadcrumbList","@id":"https:\/\/industrialtransferpump.com\/fr\/nous-contacter\/#breadcrumb","itemListElement":[{"@type":"ListItem","position":1,"name":"Home","item":"https:\/\/industrialtransferpump.com\/fr\/accueil\/"},{"@type":"ListItem","position":2,"name":"Nous contacter"}]},{"@type":"WebSite","@id":"https:\/\/industrialtransferpump.com\/#website","url":"https:\/\/industrialtransferpump.com\/","name":"Drum Emptying System & Barrel Unloading System","description":"Industrial Transfer Pump","publisher":{"@id":"https:\/\/industrialtransferpump.com\/#organization"},"potentialAction":[{"@type":"SearchAction","target":{"@type":"EntryPoint","urlTemplate":"https:\/\/industrialtransferpump.com\/?s={search_term_string}"},"query-input":"required name=search_term_string"}],"inLanguage":"fr-FR"},{"@type":"Organization","@id":"https:\/\/industrialtransferpump.com\/#organization","name":"Barrel Pump Trasferring Systems","url":"https:\/\/industrialtransferpump.com\/","logo":{"@type":"ImageObject","inLanguage":"fr-FR","@id":"https:\/\/industrialtransferpump.com\/#\/schema\/logo\/image\/","url":"https:\/\/industrialtransferpump.com\/wp-content\/uploads\/2021\/03\/Logo.png","contentUrl":"https:\/\/industrialtransferpump.com\/wp-content\/uploads\/2021\/03\/Logo.png","width":6617,"height":4077,"caption":"Barrel Pump Trasferring Systems"},"image":{"@id":"https:\/\/industrialtransferpump.com\/#\/schema\/logo\/image\/"}}]}},"_links":{"self":[{"href":"https:\/\/industrialtransferpump.com\/fr\/wp-json\/wp\/v2\/pages\/9304","targetHints":{"allow":["GET"]}}],"collection":[{"href":"https:\/\/industrialtransferpump.com\/fr\/wp-json\/wp\/v2\/pages"}],"about":[{"href":"https:\/\/industrialtransferpump.com\/fr\/wp-json\/wp\/v2\/types\/page"}],"author":[{"embeddable":true,"href":"https:\/\/industrialtransferpump.com\/fr\/wp-json\/wp\/v2\/users\/1"}],"replies":[{"embeddable":true,"href":"https:\/\/industrialtransferpump.com\/fr\/wp-json\/wp\/v2\/comments?post=9304"}],"version-history":[{"count":14,"href":"https:\/\/industrialtransferpump.com\/fr\/wp-json\/wp\/v2\/pages\/9304\/revisions"}],"predecessor-version":[{"id":10677,"href":"https:\/\/industrialtransferpump.com\/fr\/wp-json\/wp\/v2\/pages\/9304\/revisions\/10677"}],"wp:attachment":[{"href":"https:\/\/industrialtransferpump.com\/fr\/wp-json\/wp\/v2\/media?parent=9304"}],"curies":[{"name":"wp","href":"https:\/\/api.w.org\/{rel}","templated":true}]}}