{"id":9407,"date":"2023-04-10T21:18:23","date_gmt":"2023-04-10T21:18:23","guid":{"rendered":"https:\/\/industrialtransferpump.com\/applications\/"},"modified":"2023-11-04T14:29:35","modified_gmt":"2023-11-04T14:29:35","slug":"applications","status":"publish","type":"page","link":"https:\/\/industrialtransferpump.com\/fr\/applications\/","title":{"rendered":"Applications"},"content":{"rendered":"<div class=\"wpb-content-wrapper\"><p>[vc_row][vc_column][vc_custom_heading text=&#8221;Vue d&apos;ensemble des secteurs d&apos;activit\u00e9&#8221; font_container=&#8221;tag:h3|text_align:left&#8221; use_theme_fonts=&#8221;yes&#8221; css=&#8221;.vc_custom_1681162112476{margin-bottom: 30px !important;}&#8221;][vc_column_text]<\/p>\n<div class=\"ce_row_start first row block\">\n<div class=\"ce_col_start small-12 large-11 columns block\">\n<p class=\"ce_headline left small-12\"><strong>Pompes de transfert : la bonne solution pour toutes les industries<\/strong><\/p>\n<\/div>\n<\/div>\n<div class=\"ce_row_start row block\">\n<div class=\"ce_col_start small-12 large-11 columns block\">\n<div class=\"ce_text left small-12 block\">\n<blockquote><p>Avec ses produits bas\u00e9s sur les applications, <strong>transfer<a href=\"https:\/\/industrialtransferpump.com\/mobile-barrel-pump\/\"> pump <\/a><\/strong>a la bonne solution pour chaque secteur de l&#8217;industrie. Utilisez nos ic\u00f4nes comme guide pour vous aider \u00e0 trouver les produits qui conviennent \u00e0 votre industrie. <em><br \/>\n  <strong>secteur d&#8217;activit\u00e9.<\/strong><br \/>\n<\/em><\/p><\/blockquote>\n<\/div>\n<\/div>\n<\/div>\n<p>[\/vc_column_text][\/vc_column][\/vc_row][vc_row][vc_column width=&#8221;1\/5&#8243;][vc_column_text]<a href=\"https:\/\/industrialtransferpump.com\/fr\/agriculture\/\"><img loading=\"lazy\" decoding=\"async\" class=\"alignnone size-full wp-image-7677\" src=\"https:\/\/industrialtransferpump.com\/wp-content\/uploads\/2023\/04\/agricultu.jpeg\" alt=\"\" width=\"200\" height=\"200\" srcset=\"https:\/\/industrialtransferpump.com\/wp-content\/uploads\/2023\/04\/agricultu.jpeg 200w, https:\/\/industrialtransferpump.com\/wp-content\/uploads\/2023\/04\/agricultu-150x150.jpeg 150w, https:\/\/industrialtransferpump.com\/wp-content\/uploads\/2023\/04\/agricultu-50x50.jpeg 50w\" sizes=\"auto, (max-width: 200px) 100vw, 200px\" \/><\/a><\/p>\n<p><strong>            <a href=\"https:\/\/industrialtransferpump.com\/fr\/agriculture\/\">Agriculture<\/a><\/strong>[\/vc_column_text][\/vc_column][vc_column width=&#8221;1\/5&#8243;][vc_column_text]<a href=\"https:\/\/industrialtransferpump.com\/chemistry\/\"><img loading=\"lazy\" decoding=\"async\" class=\"alignnone size-full wp-image-7666\" src=\"https:\/\/industrialtransferpump.com\/wp-content\/uploads\/2023\/04\/chemistry.jpg\" alt=\"\" width=\"200\" height=\"200\" srcset=\"https:\/\/industrialtransferpump.com\/wp-content\/uploads\/2023\/04\/chemistry.jpg 200w, https:\/\/industrialtransferpump.com\/wp-content\/uploads\/2023\/04\/chemistry-150x150.jpg 150w, https:\/\/industrialtransferpump.com\/wp-content\/uploads\/2023\/04\/chemistry-50x50.jpg 50w\" sizes=\"auto, (max-width: 200px) 100vw, 200px\" \/><\/a><\/p>\n<p><strong>              <a href=\"https:\/\/industrialtransferpump.com\/chemistry\/\">Chimie<\/a><\/strong>[\/vc_column_text][\/vc_column][vc_column width=&#8221;1\/5&#8243;][vc_column_text]<a href=\"https:\/\/industrialtransferpump.com\/cosmetics\/\"><img loading=\"lazy\" decoding=\"async\" class=\"alignnone size-full wp-image-7670\" src=\"https:\/\/industrialtransferpump.com\/wp-content\/uploads\/2023\/04\/Cosmetics.jpg\" alt=\"\" width=\"200\" height=\"200\" srcset=\"https:\/\/industrialtransferpump.com\/wp-content\/uploads\/2023\/04\/Cosmetics.jpg 200w, https:\/\/industrialtransferpump.com\/wp-content\/uploads\/2023\/04\/Cosmetics-150x150.jpg 150w, https:\/\/industrialtransferpump.com\/wp-content\/uploads\/2023\/04\/Cosmetics-50x50.jpg 50w\" sizes=\"auto, (max-width: 200px) 100vw, 200px\" \/><\/a><\/p>\n<p><strong>             <a href=\"https:\/\/industrialtransferpump.com\/cosmetics\/\">Cosm\u00e9tiques<\/a><\/strong>[\/vc_column_text][\/vc_column][vc_column width=&#8221;1\/5&#8243;][vc_column_text]<a href=\"https:\/\/industrialtransferpump.com\/fr\/aliments\/\"><img loading=\"lazy\" decoding=\"async\" class=\"alignnone size-full wp-image-7672\" src=\"https:\/\/industrialtransferpump.com\/wp-content\/uploads\/2023\/04\/foods.jpg\" alt=\"\" width=\"200\" height=\"200\" srcset=\"https:\/\/industrialtransferpump.com\/wp-content\/uploads\/2023\/04\/foods.jpg 200w, https:\/\/industrialtransferpump.com\/wp-content\/uploads\/2023\/04\/foods-150x150.jpg 150w, https:\/\/industrialtransferpump.com\/wp-content\/uploads\/2023\/04\/foods-50x50.jpg 50w\" sizes=\"auto, (max-width: 200px) 100vw, 200px\" \/><\/a><\/p>\n<p><strong>                  <a href=\"https:\/\/industrialtransferpump.com\/fr\/aliments\/\">Aliments<\/a><\/strong>[\/vc_column_text][\/vc_column][vc_column width=&#8221;1\/5&#8243;][vc_column_text]<a href=\"https:\/\/industrialtransferpump.com\/industry\/\"><img loading=\"lazy\" decoding=\"async\" class=\"alignnone size-full wp-image-7674\" src=\"https:\/\/industrialtransferpump.com\/wp-content\/uploads\/2023\/04\/Industry.jpg\" alt=\"\" width=\"200\" height=\"200\" srcset=\"https:\/\/industrialtransferpump.com\/wp-content\/uploads\/2023\/04\/Industry.jpg 200w, https:\/\/industrialtransferpump.com\/wp-content\/uploads\/2023\/04\/Industry-150x150.jpg 150w, https:\/\/industrialtransferpump.com\/wp-content\/uploads\/2023\/04\/Industry-50x50.jpg 50w\" sizes=\"auto, (max-width: 200px) 100vw, 200px\" \/><\/a><\/p>\n<p><strong>              <a href=\"https:\/\/industrialtransferpump.com\/industry\/\">L&#8217;industrie<\/a><\/strong>[\/vc_column_text][\/vc_column][\/vc_row][vc_row][vc_column width=&#8221;1\/5&#8243;][vc_column_text]<a href=\"https:\/\/industrialtransferpump.com\/paints-and-lacquers\/\"><img loading=\"lazy\" decoding=\"async\" class=\"alignnone size-full wp-image-7679\" src=\"https:\/\/industrialtransferpump.com\/wp-content\/uploads\/2023\/04\/Paints-and-lacquers.jpg\" alt=\"\" width=\"200\" height=\"200\" srcset=\"https:\/\/industrialtransferpump.com\/wp-content\/uploads\/2023\/04\/Paints-and-lacquers.jpg 200w, https:\/\/industrialtransferpump.com\/wp-content\/uploads\/2023\/04\/Paints-and-lacquers-150x150.jpg 150w, https:\/\/industrialtransferpump.com\/wp-content\/uploads\/2023\/04\/Paints-and-lacquers-50x50.jpg 50w\" sizes=\"auto, (max-width: 200px) 100vw, 200px\" \/><\/a><\/p>\n<p><a href=\"https:\/\/industrialtransferpump.com\/paints-and-lacquers\/\"><strong>  Peintures et laques<\/strong><\/a>[\/vc_column_text][\/vc_column][vc_column width=&#8221;1\/5&#8243;][vc_column_text]<a href=\"https:\/\/industrialtransferpump.com\/petrochemicals\/\"><img loading=\"lazy\" decoding=\"async\" class=\"alignnone size-full wp-image-7680\" src=\"https:\/\/industrialtransferpump.com\/wp-content\/uploads\/2023\/04\/Petrochemicals.jpg\" alt=\"\" width=\"200\" height=\"200\" srcset=\"https:\/\/industrialtransferpump.com\/wp-content\/uploads\/2023\/04\/Petrochemicals.jpg 200w, https:\/\/industrialtransferpump.com\/wp-content\/uploads\/2023\/04\/Petrochemicals-150x150.jpg 150w, https:\/\/industrialtransferpump.com\/wp-content\/uploads\/2023\/04\/Petrochemicals-50x50.jpg 50w\" sizes=\"auto, (max-width: 200px) 100vw, 200px\" \/><\/a><\/p>\n<p><strong>          <a href=\"https:\/\/industrialtransferpump.com\/petrochemicals\/\">P\u00e9trochimie<\/a><\/strong>[\/vc_column_text][\/vc_column][vc_column width=&#8221;1\/5&#8243;][vc_column_text]<a href=\"https:\/\/industrialtransferpump.com\/pharmaceuticals\/\"><img loading=\"lazy\" decoding=\"async\" class=\"alignnone size-full wp-image-7681\" src=\"https:\/\/industrialtransferpump.com\/wp-content\/uploads\/2023\/04\/Pharmaceuticals.jpg\" alt=\"\" width=\"200\" height=\"200\" srcset=\"https:\/\/industrialtransferpump.com\/wp-content\/uploads\/2023\/04\/Pharmaceuticals.jpg 200w, https:\/\/industrialtransferpump.com\/wp-content\/uploads\/2023\/04\/Pharmaceuticals-150x150.jpg 150w, https:\/\/industrialtransferpump.com\/wp-content\/uploads\/2023\/04\/Pharmaceuticals-50x50.jpg 50w\" sizes=\"auto, (max-width: 200px) 100vw, 200px\" \/><\/a><\/p>\n<p><strong>         <a href=\"https:\/\/industrialtransferpump.com\/pharmaceuticals\/\">Produits pharmaceutiques<\/a><\/strong>[\/vc_column_text][\/vc_column][vc_column width=&#8221;1\/5&#8243;][vc_column_text]<a href=\"https:\/\/industrialtransferpump.com\/fr\/\"><img loading=\"lazy\" decoding=\"async\" class=\"alignnone size-full wp-image-7682\" src=\"https:\/\/industrialtransferpump.com\/wp-content\/uploads\/2023\/04\/Surface-technology.jpg\" alt=\"\" width=\"200\" height=\"200\" srcset=\"https:\/\/industrialtransferpump.com\/wp-content\/uploads\/2023\/04\/Surface-technology.jpg 200w, https:\/\/industrialtransferpump.com\/wp-content\/uploads\/2023\/04\/Surface-technology-150x150.jpg 150w, https:\/\/industrialtransferpump.com\/wp-content\/uploads\/2023\/04\/Surface-technology-50x50.jpg 50w\" sizes=\"auto, (max-width: 200px) 100vw, 200px\" \/><\/a><\/p>\n<p><strong>      <a href=\"https:\/\/industrialtransferpump.com\/fr\/\">Technologie de surface<\/a><\/strong>[\/vc_column_text][\/vc_column][vc_column width=&#8221;1\/5&#8243;][vc_column_text]<a href=\"https:\/\/industrialtransferpump.com\/fr\/\"><img loading=\"lazy\" decoding=\"async\" class=\"alignnone size-full wp-image-7683\" src=\"https:\/\/industrialtransferpump.com\/wp-content\/uploads\/2023\/04\/Water-treatment.jpg\" alt=\"\" width=\"200\" height=\"200\" srcset=\"https:\/\/industrialtransferpump.com\/wp-content\/uploads\/2023\/04\/Water-treatment.jpg 200w, https:\/\/industrialtransferpump.com\/wp-content\/uploads\/2023\/04\/Water-treatment-150x150.jpg 150w, https:\/\/industrialtransferpump.com\/wp-content\/uploads\/2023\/04\/Water-treatment-50x50.jpg 50w\" sizes=\"auto, (max-width: 200px) 100vw, 200px\" \/><\/a><\/p>\n<p><strong>        <a href=\"https:\/\/industrialtransferpump.com\/fr\/\">Traitement de l&#8217;eau<\/a><\/strong>[\/vc_column_text][\/vc_column][\/vc_row][vc_row][vc_column width=&#8221;2\/3&#8243;][vc_column_text]<\/p>\n<div class=\"ce_row_start first row block\">\n<div class=\"ce_col_start small-12 large-11 columns block\">\n<p>&nbsp;<\/p>\n<p>&nbsp;<\/p>\n<p>Une s\u00e9curit\u00e9 certifi\u00e9e pour le plus grand nombre d&#8217;industries et de pays : Les produits de la pompe \u00e0 flux de f\u00fbts Allama sont d\u00e9velopp\u00e9s et approuv\u00e9s pour une utilisation dans le monde entier ; ils r\u00e9pondent aux exigences et aux normes de s\u00e9curit\u00e9 les plus \u00e9lev\u00e9es. Avec la pompe Allama, vous \u00eates toujours en s\u00e9curit\u00e9, partout.<\/p>\n<p>Tous les produits <a href=\"https:\/\/www.youtube.com\/channel\/UCol0ZHPWatU81xQlSV8UJsw\"><br \/>\n  <strong>produits Pump<\/strong><br \/>\n<\/a> sont conformes aux r\u00e9glementations essentielles en mati\u00e8re de sant\u00e9 et de s\u00e9curit\u00e9 de 2006\/42\/CE et sont donc certifi\u00e9s CE.<\/p>\n<\/div>\n<\/div>\n<div class=\"ce_row_start first row block\">\n<div class=\"ce_col_start small-12 large-11 columns block\">\n<p>&nbsp;<\/p>\n<\/div>\n<\/div>\n<p>[\/vc_column_text][\/vc_column][vc_column width=&#8221;1\/3&#8243;][vc_column_text]<\/p>\n<p>&nbsp;<\/p>\n<p>&nbsp;<\/p>\n<p><img loading=\"lazy\" decoding=\"async\" class=\"size-full wp-image-7686 alignnone\" src=\"https:\/\/industrialtransferpump.com\/wp-content\/uploads\/2023\/04\/app_ce.png\" alt=\"\" width=\"62\" height=\"44\">      <img loading=\"lazy\" decoding=\"async\" class=\"alignnone size-full wp-image-7685\" src=\"https:\/\/industrialtransferpump.com\/wp-content\/uploads\/2023\/04\/app_eac.png\" alt=\"\" width=\"53\" height=\"44\"><\/p>\n<p><img loading=\"lazy\" decoding=\"async\" class=\"alignnone wp-image-7694\" src=\"https:\/\/industrialtransferpump.com\/wp-content\/uploads\/2023\/04\/allame-pump-drum-pump.jpg\" alt=\"\" width=\"388\" height=\"93\">[\/vc_column_text][\/vc_column][\/vc_row][vc_row full_width=&#8221;stretch_row&#8221; el_class=&#8221;third_bg_color&#8221; css=&#8221;.vc_custom_1451889219674{margin-bottom: -60px !important;}&#8221;][vc_column][vc_cta h2=&#8221;si vous avez besoin de plus d&apos;informations !&#8221; h2_font_container=&#8221;tag:h2|font_size:20px|text_align:left|color:%23000000|line_height:24px&#8221; h2_use_theme_fonts=&#8221;yes&#8221; h4=&#8221;Vous pouvez utiliser notre formulaire de contact rapide pour obtenir plus d&apos;informations sur nos machines. Catalogues disponibles, photos, vid\u00e9os et plus encore&#8230;&#8221; shape=&#8221;square&#8221; style=&#8221;flat&#8221; add_button=&#8221;right&#8221; btn_title=&#8221;Cliquez ici pour nous contacter !&#8221; btn_style=&#8221;flat&#8221; btn_color=&#8221;theme_style_2&#8243; btn_align=&#8221;right&#8221; btn_i_align=&#8221;right&#8221; btn_i_icon_fontawesome=&#8221;stm-location&#8221; particles=&#8221;yes&#8221; use_custom_fonts_h2=&#8221;true&#8221; btn_button_block=&#8221;true&#8221; btn_add_icon=&#8221;true&#8221; el_class=&#8221;third_bg_color&#8221; css=&#8221;.vc_custom_1681168847893{margin-bottom: 0px !important;}&#8221; btn_link=&#8221;url:https%3A%2F%2Findustrialtransferpump.com%2Fcontact-us%2F|&#8221;][\/vc_cta][\/vc_column][\/vc_row]<\/p>\n<\/div>","protected":false},"excerpt":{"rendered":"<p>[vc_row][vc_column][vc_custom_heading text=&#8221;Vue d&apos;ensemble des secteurs d&apos;activit\u00e9&#8221; font_container=&#8221;tag:h3|text_align:left&#8221; use_theme_fonts=&#8221;yes&#8221; css=&#8221;.vc_custom_1681162112476{margin-bottom: 30px !important;}&#8221;][vc_column_text] Pompes de transfert : la bonne solution pour toutes les industries Avec ses produits bas\u00e9s sur les applications, transfer pump a la bonne solution pour chaque secteur de l&#8217;industrie. Utilisez nos ic\u00f4nes comme guide pour vous aider \u00e0 trouver les produits qui conviennent \u00e0<\/p>\n","protected":false},"author":1,"featured_media":0,"parent":0,"menu_order":0,"comment_status":"closed","ping_status":"closed","template":"","meta":{"_joinchat":[],"footnotes":""},"class_list":["post-9407","page","type-page","status-publish","hentry"],"yoast_head":"<!-- This site is optimized with the Yoast SEO plugin v22.3 - https:\/\/yoast.com\/wordpress\/plugins\/seo\/ -->\n<title>Applications - Industrial Transfer Pump Manufacturer<\/title>\n<meta name=\"description\" content=\"Avec ses produits bas\u00e9s sur les applications, Allame pump a la bonne solution pour chaque secteur de l&#039;industrie. D\u00e9chargement d&#039;un baril Industries des pompes\" \/>\n<meta name=\"robots\" content=\"index, follow, max-snippet:-1, max-image-preview:large, max-video-preview:-1\" \/>\n<link rel=\"canonical\" href=\"https:\/\/industrialtransferpump.com\/fr\/applications\/\" \/>\n<meta property=\"og:locale\" content=\"fr_FR\" \/>\n<meta property=\"og:type\" content=\"article\" \/>\n<meta property=\"og:title\" content=\"Applications - Industrial Transfer Pump Manufacturer\" \/>\n<meta property=\"og:description\" content=\"Avec ses produits bas\u00e9s sur les applications, Allame pump a la bonne solution pour chaque secteur de l&#039;industrie. D\u00e9chargement d&#039;un baril Industries des pompes\" \/>\n<meta property=\"og:url\" content=\"https:\/\/industrialtransferpump.com\/fr\/applications\/\" \/>\n<meta property=\"og:site_name\" content=\"Industrial Transfer Pump Manufacturer\" \/>\n<meta property=\"article:modified_time\" content=\"2023-11-04T14:29:35+00:00\" \/>\n<meta property=\"og:image\" content=\"https:\/\/industrialtransferpump.com\/wp-content\/uploads\/2023\/04\/agricultu.jpeg\" \/>\n<meta name=\"twitter:card\" content=\"summary_large_image\" \/>\n<meta name=\"twitter:label1\" content=\"Dur\u00e9e de lecture estim\u00e9e\" \/>\n\t<meta name=\"twitter:data1\" content=\"3 minutes\" \/>\n<script type=\"application\/ld+json\" class=\"yoast-schema-graph\">{\"@context\":\"https:\/\/schema.org\",\"@graph\":[{\"@type\":\"WebPage\",\"@id\":\"https:\/\/industrialtransferpump.com\/fr\/applications\/\",\"url\":\"https:\/\/industrialtransferpump.com\/fr\/applications\/\",\"name\":\"Applications - Industrial Transfer Pump Manufacturer\",\"isPartOf\":{\"@id\":\"https:\/\/industrialtransferpump.com\/#website\"},\"primaryImageOfPage\":{\"@id\":\"https:\/\/industrialtransferpump.com\/fr\/applications\/#primaryimage\"},\"image\":{\"@id\":\"https:\/\/industrialtransferpump.com\/fr\/applications\/#primaryimage\"},\"thumbnailUrl\":\"https:\/\/industrialtransferpump.com\/wp-content\/uploads\/2023\/04\/agricultu.jpeg\",\"datePublished\":\"2023-04-10T21:18:23+00:00\",\"dateModified\":\"2023-11-04T14:29:35+00:00\",\"description\":\"Avec ses produits bas\u00e9s sur les applications, Allame pump a la bonne solution pour chaque secteur de l'industrie. D\u00e9chargement d'un baril Industries des pompes\",\"breadcrumb\":{\"@id\":\"https:\/\/industrialtransferpump.com\/fr\/applications\/#breadcrumb\"},\"inLanguage\":\"fr-FR\",\"potentialAction\":[{\"@type\":\"ReadAction\",\"target\":[\"https:\/\/industrialtransferpump.com\/fr\/applications\/\"]}]},{\"@type\":\"ImageObject\",\"inLanguage\":\"fr-FR\",\"@id\":\"https:\/\/industrialtransferpump.com\/fr\/applications\/#primaryimage\",\"url\":\"https:\/\/industrialtransferpump.com\/wp-content\/uploads\/2023\/04\/agricultu.jpeg\",\"contentUrl\":\"https:\/\/industrialtransferpump.com\/wp-content\/uploads\/2023\/04\/agricultu.jpeg\",\"width\":200,\"height\":200},{\"@type\":\"BreadcrumbList\",\"@id\":\"https:\/\/industrialtransferpump.com\/fr\/applications\/#breadcrumb\",\"itemListElement\":[{\"@type\":\"ListItem\",\"position\":1,\"name\":\"Home\",\"item\":\"https:\/\/industrialtransferpump.com\/fr\/accueil\/\"},{\"@type\":\"ListItem\",\"position\":2,\"name\":\"Applications\"}]},{\"@type\":\"WebSite\",\"@id\":\"https:\/\/industrialtransferpump.com\/#website\",\"url\":\"https:\/\/industrialtransferpump.com\/\",\"name\":\"Drum Emptying System & Barrel Unloading System\",\"description\":\"Industrial Transfer Pump\",\"publisher\":{\"@id\":\"https:\/\/industrialtransferpump.com\/#organization\"},\"potentialAction\":[{\"@type\":\"SearchAction\",\"target\":{\"@type\":\"EntryPoint\",\"urlTemplate\":\"https:\/\/industrialtransferpump.com\/?s={search_term_string}\"},\"query-input\":\"required name=search_term_string\"}],\"inLanguage\":\"fr-FR\"},{\"@type\":\"Organization\",\"@id\":\"https:\/\/industrialtransferpump.com\/#organization\",\"name\":\"Barrel Pump Trasferring Systems\",\"url\":\"https:\/\/industrialtransferpump.com\/\",\"logo\":{\"@type\":\"ImageObject\",\"inLanguage\":\"fr-FR\",\"@id\":\"https:\/\/industrialtransferpump.com\/#\/schema\/logo\/image\/\",\"url\":\"https:\/\/industrialtransferpump.com\/wp-content\/uploads\/2021\/03\/Logo.png\",\"contentUrl\":\"https:\/\/industrialtransferpump.com\/wp-content\/uploads\/2021\/03\/Logo.png\",\"width\":6617,\"height\":4077,\"caption\":\"Barrel Pump Trasferring Systems\"},\"image\":{\"@id\":\"https:\/\/industrialtransferpump.com\/#\/schema\/logo\/image\/\"}}]}<\/script>\n<!-- \/ Yoast SEO plugin. -->","yoast_head_json":{"title":"Applications - Industrial Transfer Pump Manufacturer","description":"Avec ses produits bas\u00e9s sur les applications, Allame pump a la bonne solution pour chaque secteur de l'industrie. D\u00e9chargement d'un baril Industries des pompes","robots":{"index":"index","follow":"follow","max-snippet":"max-snippet:-1","max-image-preview":"max-image-preview:large","max-video-preview":"max-video-preview:-1"},"canonical":"https:\/\/industrialtransferpump.com\/fr\/applications\/","og_locale":"fr_FR","og_type":"article","og_title":"Applications - Industrial Transfer Pump Manufacturer","og_description":"Avec ses produits bas\u00e9s sur les applications, Allame pump a la bonne solution pour chaque secteur de l'industrie. D\u00e9chargement d'un baril Industries des pompes","og_url":"https:\/\/industrialtransferpump.com\/fr\/applications\/","og_site_name":"Industrial Transfer Pump Manufacturer","article_modified_time":"2023-11-04T14:29:35+00:00","og_image":[{"url":"https:\/\/industrialtransferpump.com\/wp-content\/uploads\/2023\/04\/agricultu.jpeg"}],"twitter_card":"summary_large_image","twitter_misc":{"Dur\u00e9e de lecture estim\u00e9e":"3 minutes"},"schema":{"@context":"https:\/\/schema.org","@graph":[{"@type":"WebPage","@id":"https:\/\/industrialtransferpump.com\/fr\/applications\/","url":"https:\/\/industrialtransferpump.com\/fr\/applications\/","name":"Applications - Industrial Transfer Pump Manufacturer","isPartOf":{"@id":"https:\/\/industrialtransferpump.com\/#website"},"primaryImageOfPage":{"@id":"https:\/\/industrialtransferpump.com\/fr\/applications\/#primaryimage"},"image":{"@id":"https:\/\/industrialtransferpump.com\/fr\/applications\/#primaryimage"},"thumbnailUrl":"https:\/\/industrialtransferpump.com\/wp-content\/uploads\/2023\/04\/agricultu.jpeg","datePublished":"2023-04-10T21:18:23+00:00","dateModified":"2023-11-04T14:29:35+00:00","description":"Avec ses produits bas\u00e9s sur les applications, Allame pump a la bonne solution pour chaque secteur de l'industrie. D\u00e9chargement d'un baril Industries des pompes","breadcrumb":{"@id":"https:\/\/industrialtransferpump.com\/fr\/applications\/#breadcrumb"},"inLanguage":"fr-FR","potentialAction":[{"@type":"ReadAction","target":["https:\/\/industrialtransferpump.com\/fr\/applications\/"]}]},{"@type":"ImageObject","inLanguage":"fr-FR","@id":"https:\/\/industrialtransferpump.com\/fr\/applications\/#primaryimage","url":"https:\/\/industrialtransferpump.com\/wp-content\/uploads\/2023\/04\/agricultu.jpeg","contentUrl":"https:\/\/industrialtransferpump.com\/wp-content\/uploads\/2023\/04\/agricultu.jpeg","width":200,"height":200},{"@type":"BreadcrumbList","@id":"https:\/\/industrialtransferpump.com\/fr\/applications\/#breadcrumb","itemListElement":[{"@type":"ListItem","position":1,"name":"Home","item":"https:\/\/industrialtransferpump.com\/fr\/accueil\/"},{"@type":"ListItem","position":2,"name":"Applications"}]},{"@type":"WebSite","@id":"https:\/\/industrialtransferpump.com\/#website","url":"https:\/\/industrialtransferpump.com\/","name":"Drum Emptying System & Barrel Unloading System","description":"Industrial Transfer Pump","publisher":{"@id":"https:\/\/industrialtransferpump.com\/#organization"},"potentialAction":[{"@type":"SearchAction","target":{"@type":"EntryPoint","urlTemplate":"https:\/\/industrialtransferpump.com\/?s={search_term_string}"},"query-input":"required name=search_term_string"}],"inLanguage":"fr-FR"},{"@type":"Organization","@id":"https:\/\/industrialtransferpump.com\/#organization","name":"Barrel Pump Trasferring Systems","url":"https:\/\/industrialtransferpump.com\/","logo":{"@type":"ImageObject","inLanguage":"fr-FR","@id":"https:\/\/industrialtransferpump.com\/#\/schema\/logo\/image\/","url":"https:\/\/industrialtransferpump.com\/wp-content\/uploads\/2021\/03\/Logo.png","contentUrl":"https:\/\/industrialtransferpump.com\/wp-content\/uploads\/2021\/03\/Logo.png","width":6617,"height":4077,"caption":"Barrel Pump Trasferring Systems"},"image":{"@id":"https:\/\/industrialtransferpump.com\/#\/schema\/logo\/image\/"}}]}},"_links":{"self":[{"href":"https:\/\/industrialtransferpump.com\/fr\/wp-json\/wp\/v2\/pages\/9407","targetHints":{"allow":["GET"]}}],"collection":[{"href":"https:\/\/industrialtransferpump.com\/fr\/wp-json\/wp\/v2\/pages"}],"about":[{"href":"https:\/\/industrialtransferpump.com\/fr\/wp-json\/wp\/v2\/types\/page"}],"author":[{"embeddable":true,"href":"https:\/\/industrialtransferpump.com\/fr\/wp-json\/wp\/v2\/users\/1"}],"replies":[{"embeddable":true,"href":"https:\/\/industrialtransferpump.com\/fr\/wp-json\/wp\/v2\/comments?post=9407"}],"version-history":[{"count":2,"href":"https:\/\/industrialtransferpump.com\/fr\/wp-json\/wp\/v2\/pages\/9407\/revisions"}],"predecessor-version":[{"id":9462,"href":"https:\/\/industrialtransferpump.com\/fr\/wp-json\/wp\/v2\/pages\/9407\/revisions\/9462"}],"wp:attachment":[{"href":"https:\/\/industrialtransferpump.com\/fr\/wp-json\/wp\/v2\/media?parent=9407"}],"curies":[{"name":"wp","href":"https:\/\/api.w.org\/{rel}","templated":true}]}}