{"id":9408,"date":"2017-02-08T07:01:55","date_gmt":"2017-02-08T07:01:55","guid":{"rendered":"https:\/\/industrialtransferpump.com\/qui-sommes-nous\/"},"modified":"2023-11-04T14:29:35","modified_gmt":"2023-11-04T14:29:35","slug":"qui-sommes-nous","status":"publish","type":"page","link":"https:\/\/industrialtransferpump.com\/fr\/qui-sommes-nous\/","title":{"rendered":"Qui sommes-nous ?"},"content":{"rendered":"<div class=\"wpb-content-wrapper\"><p>[vc_row full_width=&#8221;stretch_row&#8221; css=&#8221;.vc_custom_1485516797007{margin-top: -75px !important;margin-bottom: 55px !important;padding-top: 81px !important;padding-bottom: 78px !important;background-color: #f2f2f2 !important;}&#8221;][vc_column width=&#8221;2\/3&#8243;][vc_column_text css=&#8221;.vc_custom_1679296835465{margin-bottom: 25px !important;}&#8221;]<strong>Qui sommes-nous ?<\/strong><\/p>\n<p>Depuis 2002, notre soci\u00e9t\u00e9, Allama Makina, produit des pompes et des syst\u00e8mes hygi\u00e9niques pour les secteurs de l&#8217;alimentation, des boissons, des cosm\u00e9tiques et des produits pharmaceutiques sous la marque &#8220;Allame Pump&#8221;. Nous disposons du savoir-faire, des certificats, de la capacit\u00e9 de production, de prix comp\u00e9titifs, de r\u00e9ponses tr\u00e8s rapides aux demandes et aux questions, de bons services de vente et d&#8217;apr\u00e8s-vente.<\/p>\n<p>Nous sommes une entreprise en pleine croissance gr\u00e2ce \u00e0 nos partenariats de distribution \u00e0 long terme dans le monde entier et \u00e0 la satisfaction de nos clients dans le cadre de diff\u00e9rents projets. Tout en essayant de faire notre travail \u00e0 la perfection, nous continuons \u00e0 investir dans la R&amp;D et nous ajoutons toujours de nouveaux produits ou syst\u00e8mes \u00e0 notre gamme de produits.<\/p>\n<p>Depuis 2002, nous avons commenc\u00e9 \u00e0 fabriquer des pi\u00e8ces d\u00e9tach\u00e9es et leurs composants \u00e0 Kocaeli. Nous nous occupons principalement de la fabrication d&#8217;\u00e9quipements et de pi\u00e8ces d\u00e9tach\u00e9es pour l&#8217;automobile, les t\u00e9l\u00e9communications et l&#8217;industrie.<\/p>\n<p>Nous sommes sp\u00e9cialis\u00e9s dans la fabrication de machines et de pi\u00e8ces de rechange pour les syst\u00e8mes de vidange Drum. Toutes les pi\u00e8ces, la conception et la recherche-d\u00e9veloppement sont r\u00e9alis\u00e9es dans notre usine et nous d\u00e9veloppons des machines qualifi\u00e9es 100% artisanales avec nos ing\u00e9nieurs.<\/p>\n<p>Syst\u00e8me de vidange de f\u00fbts Machine (Allame Makina), fabricant en TURQUIE.<\/p>\n<p>Nos services comprennent la fabrication de pi\u00e8ces d\u00e9tach\u00e9es pour machines, la fabrication de machines compl\u00e8tes, le stockage de pi\u00e8ces de machines, de composants ou de syst\u00e8mes n\u00e9cessaires au d\u00e9veloppement de machines, ainsi que le d\u00e9veloppement d&#8217;activit\u00e9s de recherche et de d\u00e9veloppement.[\/vc_column_text][vc_column_text]<span style=\"display: block; line-height: 22px;\">Nous sommes une entreprise en pleine croissance gr\u00e2ce \u00e0 nos partenariats de distribution \u00e0 long terme dans le monde entier et \u00e0 la satisfaction de nos clients dans le cadre de diff\u00e9rents projets. Tout en essayant de faire notre travail \u00e0 la perfection, nous continuons \u00e0 investir dans la R&amp;D et nous ajoutons toujours de nouveaux produits ou syst\u00e8mes \u00e0 notre gamme de produits.<\/span>[\/vc_column_text][vc_column_text]<\/p>\n<blockquote style=\"background-color: #ffffff;\"><p><strong>ALLAME PUMP<\/strong><\/p>\n<p>Depuis sa cr\u00e9ation dans le secteur des pompes et syst\u00e8mes de vidange de f\u00fbts, notre soci\u00e9t\u00e9 continue \u00e0 \u00eatre l&#8217;une des entreprises leaders en termes de qualit\u00e9 de service sup\u00e9rieure et de satisfaction de la client\u00e8le.<\/p><\/blockquote>\n<p>[\/vc_column_text][\/vc_column][vc_column width=&#8221;1\/3&#8243;][stm_sidebar sidebar=&#8221;577&#8243;][\/vc_column][\/vc_row][vc_row][vc_column][vc_custom_heading text=&#8221;Pourquoi nous choisir ?&#8221; font_container=&#8221;tag:h3|text_align:left&#8221; google_fonts=&#8221;font_family:Montserrat%3Aregular%2C700|font_style:700%20bold%20regular%3A700%3Anormal&#8221; css=&#8221;.vc_custom_1679296024335{margin-bottom: 39px !important;}&#8221; link=&#8221;url:https%3A%2F%2Findustrialtransferpump.com%2Fcontact-us%2F|&#8221;][\/vc_column][\/vc_row][vc_row css=&#8221;.vc_custom_1485526502077{margin-bottom: 30px !important;}&#8221;][vc_column offset=&#8221;vc_col-lg-4 vc_col-md-4&#8243;][stm_icon_box icon=&#8221;stm-lnr-check&#8221; style=&#8221;icon_left&#8221; icon_size=&#8221;16&#8243; icon_color=&#8221;base&#8221; icon_bg_color=&#8221;third_bg&#8221; icon_width=&#8221;70&#8243; title=&#8221;Fabrication de machines et de pi\u00e8ces&#8221; css=&#8221;.vc_custom_1634220363653{margin-bottom: 28px !important;}&#8221;]<span style=\"display: block; line-height: 24px;\">Aujourd&#8217;hui, nous sommes sp\u00e9cialis\u00e9s uniquement dans la fabrication de pompes et de machines de d\u00e9chargement de f\u00fbts et de pi\u00e8ces d\u00e9tach\u00e9es. Nous d\u00e9veloppons des machines qualifi\u00e9es 100% artisanales avec toutes nos pi\u00e8ces, notre usine de conception et de R&amp;D et nos ing\u00e9nieurs.<\/span>[\/stm_icon_box][\/vc_column][vc_column offset=&#8221;vc_col-lg-4 vc_col-md-4&#8243;][stm_icon_box icon=&#8221;stm-diamond&#8221; style=&#8221;icon_left&#8221; icon_size=&#8221;20&#8243; icon_color=&#8221;base&#8221; icon_bg_color=&#8221;third_bg&#8221; icon_width=&#8221;70&#8243; title=&#8221;Conseil en mati\u00e8re de machines et de services&#8221; css=&#8221;.vc_custom_1634220427240{margin-bottom: 28px !important;}&#8221;]<span style=\"display: block; line-height: 24px;\">Nous vous aidons \u00e0 fa\u00e7onner et \u00e0 positionner vos services commerciaux de mani\u00e8re \u00e0 am\u00e9liorer les r\u00e9sultats de vos clients.<\/span>[\/stm_icon_box][\/vc_column][vc_column offset=&#8221;vc_col-lg-4 vc_col-md-4&#8243;][stm_icon_box icon=&#8221;stm-cart_13&#8243; style=&#8221;icon_left&#8221; icon_size=&#8221;20&#8243; icon_color=&#8221;base&#8221; icon_bg_color=&#8221;third_bg&#8221; icon_width=&#8221;70&#8243; title=&#8221;Conseil aux consommateurs et \u00e0 l&#8217;industrie&#8221; css=&#8221;.vc_custom_1634220472395{margin-bottom: 28px !important;}&#8221;]<span style=\"display: block; line-height: 24px;\">Nous aidons les entreprises sp\u00e9cialis\u00e9es dans les produits de consommation \u00e0 cr\u00e9er et \u00e0 pr\u00e9senter des produits qui s&#8217;inscrivent parfaitement dans l&#8217;air du temps.<\/span>[\/stm_icon_box][\/vc_column][\/vc_row][vc_row full_width=&#8221;stretch_row&#8221; equal_height=&#8221;yes&#8221; css=&#8221;.vc_custom_1485526792127{background-color: #f2f2f2 !important;}&#8221; el_class=&#8221;about-bg-right&#8221;][vc_column width=&#8221;1\/2&#8243;][vc_custom_heading text=&#8221;Notre mission&#8221; font_container=&#8221;tag:h3|text_align:left&#8221; google_fonts=&#8221;font_family:Montserrat%3Aregular%2C700|font_style:700%20bold%20regular%3A700%3Anormal&#8221; css=&#8221;.vc_custom_1485524654364{margin-top: 50px !important;margin-bottom: 25px !important;}&#8221;][vc_column_text css=&#8221;.vc_custom_1634220764514{margin-bottom: 22px !important;}&#8221;]Des normes \u00e9lev\u00e9es, un service de qualit\u00e9 dans le temps de nos clients pour maximiser la satisfaction du client et respecter les droits. Avec nos produits, nos solutions et notre service apr\u00e8s-vente, nous fournissons \u00e0 nos clients une fiabilit\u00e9 et une \u00e9thique commerciale de haut niveau. Nous sommes le premier choix d&#8217;une entreprise qui cr\u00e9e de la valeur pour nos employ\u00e9s et nos clients.<\/p>\n<p><span style=\"display: block; line-height: 22px;\"> <\/span>[\/vc_column_text][vc_column_text css=&#8221;.vc_custom_1634729586112{margin-bottom: 23px !important;}&#8221;]C&#8217;est la raison pour laquelle,[\/vc_column_text][vc_row_inner css=&#8221;.vc_custom_1485525262482{margin-bottom: 30px !important;}&#8221;][vc_column_inner][vc_column_text]<strong>&#8211; Respecter les termes du syst\u00e8me de gestion de la qualit\u00e9 pour maintenir l&#8217;activit\u00e9.<\/strong><\/p>\n<p>&#8211; L&#8217;\u00e9thique, les valeurs, le respect et l&#8217;esprit d&#8217;\u00e9quipe, ainsi que la possibilit\u00e9 d&#8217;accro\u00eetre la satisfaction des clients.<\/p>\n<p><strong>&#8211; Am\u00e9liorer la comp\u00e9titivit\u00e9 de l&#8217;industrie en am\u00e9liorant continuellement la satisfaction et la formation du personnel.<\/strong><\/p>\n<p>&#8211; Nos employ\u00e9s, nos clients, nos fournisseurs s&#8217;engagent \u00e0 long terme aupr\u00e8s de nos organisations et de nos institutions pour accro\u00eetre la non-coop\u00e9ration.<\/p>\n<p><strong>&#8211; Les dispositions des lois et normes pertinentes pour l&#8217;exportation vers le cadre.<\/strong>[\/vc_column_text][\/vc_column_inner][\/vc_row_inner][\/vc_column][vc_column width=&#8221;1\/2&#8243; css=&#8221;.vc_custom_1634817999044{padding-top: 52px !important;padding-bottom: 95px !important;background-image: url(https:\/\/industrialtransferpump.com\/wp-content\/uploads\/2021\/10\/placeholder.gif?id=7133) !important;background-position: center !important;background-repeat: no-repeat !important;background-size: cover !important;}&#8221; el_class=&#8221;about_full-right_width&#8221;][vc_custom_heading text=&#8221;Notre exp\u00e9rience&#8221; font_container=&#8221;tag:h3|text_align:left|color:%23353535&#8243; google_fonts=&#8221;font_family:Montserrat%3Aregular%2C700|font_style:700%20bold%20regular%3A700%3Anormal&#8221; css=&#8221;.vc_custom_1634818014287{margin-bottom: 43px !important;}&#8221;][vc_progress_bar values=&#8221;%5B%7B%22label%22%3A%22Production%22%2C%22value%22%3A%22100%22%2C%22color%22%3A%22custom%22%2C%22customcolor%22%3A%22%236c98e1%22%2C%22customtxtcolor%22%3A%22%23353535%22%7D%2C%7B%22label%22%3A%22Spare%20Parts%20Support%22%2C%22value%22%3A%22100%22%2C%22color%22%3A%22custom%22%2C%22customcolor%22%3A%22%236c98e1%22%2C%22customtxtcolor%22%3A%22%23353535%22%7D%2C%7B%22label%22%3A%22Research%20and%20Development%22%2C%22value%22%3A%22100%22%2C%22color%22%3A%22custom%22%2C%22customcolor%22%3A%22%236c98e1%22%2C%22customtxtcolor%22%3A%22%23353535%22%7D%2C%7B%22label%22%3A%22Support%20After%20Sale%22%2C%22value%22%3A%22100%22%2C%22color%22%3A%22custom%22%2C%22customcolor%22%3A%22%236c98e1%22%2C%22customtxtcolor%22%3A%22%23353535%22%7D%5D&#8221; bgcolor=&#8221;custom&#8221; units=&#8221;%&#8221; css=&#8221;.vc_custom_1634817950124{padding-right: 20px !important;}&#8221;][\/vc_column][\/vc_row][vc_row full_width=&#8221;stretch_row&#8221; css=&#8221;.vc_custom_1485599202663{padding-top: 44px !important;padding-bottom: 44px !important;background-color: #f2f2f2 !important;}&#8221;][vc_column][vc_gallery images=&#8221;7180,7181,7182,7183,7184&#8243; title=&#8221;Certificats d&apos;Allame Makina &amp; Pump&#8221;][\/vc_column][\/vc_row][vc_row full_width=&#8221;stretch_row&#8221; el_class=&#8221;third_bg_color&#8221; css=&#8221;.vc_custom_1451889219674{margin-bottom: -60px !important;}&#8221;][vc_column][vc_cta h2=&#8221;Si vous avez besoin de plus d&apos;informations !&#8221; h2_font_container=&#8221;tag:h2|font_size:30px|text_align:left|color:%23000000|line_height:24px&#8221; h2_use_theme_fonts=&#8221;yes&#8221; h4=&#8221;Vous pouvez utiliser notre formulaire de contact rapide pour obtenir plus d&apos;informations sur nos machines. Catalogues disponibles, photos, vid\u00e9os et plus encore&#8230;&#8221; shape=&#8221;square&#8221; style=&#8221;flat&#8221; add_button=&#8221;right&#8221; btn_title=&#8221;Cliquez ici pour nous contacter !&#8221; btn_style=&#8221;flat&#8221; btn_color=&#8221;theme_style_2&#8243; btn_align=&#8221;right&#8221; btn_i_align=&#8221;right&#8221; btn_i_icon_fontawesome=&#8221;stm-location&#8221; use_custom_fonts_h2=&#8221;true&#8221; btn_button_block=&#8221;true&#8221; btn_add_icon=&#8221;true&#8221; el_class=&#8221;third_bg_color&#8221; css=&#8221;.vc_custom_1679295588925{margin-bottom: 0px !important;}&#8221; btn_link=&#8221;url:https%3A%2F%2Findustrialtransferpump.com%2Fcontact-us%2F|&#8221;][\/vc_cta][\/vc_column][\/vc_row]<\/p>\n<\/div>","protected":false},"excerpt":{"rendered":"<p>[vc_row full_width=&#8221;stretch_row&#8221; css=&#8221;.vc_custom_1485516797007{margin-top: -75px !important;margin-bottom: 55px !important;padding-top: 81px !important;padding-bottom: 78px !important;background-color: #f2f2f2 !important;}&#8221;][vc_column width=&#8221;2\/3&#8243;][vc_column_text css=&#8221;.vc_custom_1679296835465{margin-bottom: 25px !important;}&#8221;]Qui sommes-nous ? Depuis 2002, notre soci\u00e9t\u00e9, Allama Makina, produit des pompes et des syst\u00e8mes hygi\u00e9niques pour les secteurs de l&#8217;alimentation, des boissons, des cosm\u00e9tiques et des produits pharmaceutiques sous la marque &#8220;Allame Pump&#8221;. Nous disposons du savoir-faire, des<\/p>\n","protected":false},"author":1,"featured_media":0,"parent":0,"menu_order":0,"comment_status":"closed","ping_status":"closed","template":"","meta":{"_joinchat":[],"footnotes":""},"class_list":["post-9408","page","type-page","status-publish","hentry"],"yoast_head":"<!-- This site is optimized with the Yoast SEO plugin v22.3 - https:\/\/yoast.com\/wordpress\/plugins\/seo\/ -->\n<title>Qui sommes-nous ? - Industrial Transfer Pump Manufacturer<\/title>\n<meta name=\"description\" content=\"Syst\u00e8mes de vidange de f\u00fbts Pompe pour f\u00fbts mono-pompe Notre soci\u00e9t\u00e9, Allama Makina, produit des pompes et des syst\u00e8mes hygi\u00e9niques pour l&#039;industrie alimentaire, etc.\" \/>\n<meta name=\"robots\" content=\"index, follow, max-snippet:-1, max-image-preview:large, max-video-preview:-1\" \/>\n<link rel=\"canonical\" href=\"https:\/\/industrialtransferpump.com\/fr\/qui-sommes-nous\/\" \/>\n<meta property=\"og:locale\" content=\"fr_FR\" \/>\n<meta property=\"og:type\" content=\"article\" \/>\n<meta property=\"og:title\" content=\"Qui sommes-nous ? - Industrial Transfer Pump Manufacturer\" \/>\n<meta property=\"og:description\" content=\"Syst\u00e8mes de vidange de f\u00fbts Pompe pour f\u00fbts mono-pompe Notre soci\u00e9t\u00e9, Allama Makina, produit des pompes et des syst\u00e8mes hygi\u00e9niques pour l&#039;industrie alimentaire, etc.\" \/>\n<meta property=\"og:url\" content=\"https:\/\/industrialtransferpump.com\/fr\/qui-sommes-nous\/\" \/>\n<meta property=\"og:site_name\" content=\"Industrial Transfer Pump Manufacturer\" \/>\n<meta property=\"article:modified_time\" content=\"2023-11-04T14:29:35+00:00\" \/>\n<meta name=\"twitter:card\" content=\"summary_large_image\" \/>\n<meta name=\"twitter:label1\" content=\"Dur\u00e9e de lecture estim\u00e9e\" \/>\n\t<meta name=\"twitter:data1\" content=\"7 minutes\" \/>\n<script type=\"application\/ld+json\" class=\"yoast-schema-graph\">{\"@context\":\"https:\/\/schema.org\",\"@graph\":[{\"@type\":\"WebPage\",\"@id\":\"https:\/\/industrialtransferpump.com\/fr\/qui-sommes-nous\/\",\"url\":\"https:\/\/industrialtransferpump.com\/fr\/qui-sommes-nous\/\",\"name\":\"Qui sommes-nous ? - Industrial Transfer Pump Manufacturer\",\"isPartOf\":{\"@id\":\"https:\/\/industrialtransferpump.com\/#website\"},\"datePublished\":\"2017-02-08T07:01:55+00:00\",\"dateModified\":\"2023-11-04T14:29:35+00:00\",\"description\":\"Syst\u00e8mes de vidange de f\u00fbts Pompe pour f\u00fbts mono-pompe Notre soci\u00e9t\u00e9, Allama Makina, produit des pompes et des syst\u00e8mes hygi\u00e9niques pour l'industrie alimentaire, etc.\",\"breadcrumb\":{\"@id\":\"https:\/\/industrialtransferpump.com\/fr\/qui-sommes-nous\/#breadcrumb\"},\"inLanguage\":\"fr-FR\",\"potentialAction\":[{\"@type\":\"ReadAction\",\"target\":[\"https:\/\/industrialtransferpump.com\/fr\/qui-sommes-nous\/\"]}]},{\"@type\":\"BreadcrumbList\",\"@id\":\"https:\/\/industrialtransferpump.com\/fr\/qui-sommes-nous\/#breadcrumb\",\"itemListElement\":[{\"@type\":\"ListItem\",\"position\":1,\"name\":\"Home\",\"item\":\"https:\/\/industrialtransferpump.com\/fr\/accueil\/\"},{\"@type\":\"ListItem\",\"position\":2,\"name\":\"Qui sommes-nous ?\"}]},{\"@type\":\"WebSite\",\"@id\":\"https:\/\/industrialtransferpump.com\/#website\",\"url\":\"https:\/\/industrialtransferpump.com\/\",\"name\":\"Drum Emptying System & Barrel Unloading System\",\"description\":\"Industrial Transfer Pump\",\"publisher\":{\"@id\":\"https:\/\/industrialtransferpump.com\/#organization\"},\"potentialAction\":[{\"@type\":\"SearchAction\",\"target\":{\"@type\":\"EntryPoint\",\"urlTemplate\":\"https:\/\/industrialtransferpump.com\/?s={search_term_string}\"},\"query-input\":\"required name=search_term_string\"}],\"inLanguage\":\"fr-FR\"},{\"@type\":\"Organization\",\"@id\":\"https:\/\/industrialtransferpump.com\/#organization\",\"name\":\"Barrel Pump Trasferring Systems\",\"url\":\"https:\/\/industrialtransferpump.com\/\",\"logo\":{\"@type\":\"ImageObject\",\"inLanguage\":\"fr-FR\",\"@id\":\"https:\/\/industrialtransferpump.com\/#\/schema\/logo\/image\/\",\"url\":\"https:\/\/industrialtransferpump.com\/wp-content\/uploads\/2021\/03\/Logo.png\",\"contentUrl\":\"https:\/\/industrialtransferpump.com\/wp-content\/uploads\/2021\/03\/Logo.png\",\"width\":6617,\"height\":4077,\"caption\":\"Barrel Pump Trasferring Systems\"},\"image\":{\"@id\":\"https:\/\/industrialtransferpump.com\/#\/schema\/logo\/image\/\"}}]}<\/script>\n<!-- \/ Yoast SEO plugin. -->","yoast_head_json":{"title":"Qui sommes-nous ? - Industrial Transfer Pump Manufacturer","description":"Syst\u00e8mes de vidange de f\u00fbts Pompe pour f\u00fbts mono-pompe Notre soci\u00e9t\u00e9, Allama Makina, produit des pompes et des syst\u00e8mes hygi\u00e9niques pour l'industrie alimentaire, etc.","robots":{"index":"index","follow":"follow","max-snippet":"max-snippet:-1","max-image-preview":"max-image-preview:large","max-video-preview":"max-video-preview:-1"},"canonical":"https:\/\/industrialtransferpump.com\/fr\/qui-sommes-nous\/","og_locale":"fr_FR","og_type":"article","og_title":"Qui sommes-nous ? - Industrial Transfer Pump Manufacturer","og_description":"Syst\u00e8mes de vidange de f\u00fbts Pompe pour f\u00fbts mono-pompe Notre soci\u00e9t\u00e9, Allama Makina, produit des pompes et des syst\u00e8mes hygi\u00e9niques pour l'industrie alimentaire, etc.","og_url":"https:\/\/industrialtransferpump.com\/fr\/qui-sommes-nous\/","og_site_name":"Industrial Transfer Pump Manufacturer","article_modified_time":"2023-11-04T14:29:35+00:00","twitter_card":"summary_large_image","twitter_misc":{"Dur\u00e9e de lecture estim\u00e9e":"7 minutes"},"schema":{"@context":"https:\/\/schema.org","@graph":[{"@type":"WebPage","@id":"https:\/\/industrialtransferpump.com\/fr\/qui-sommes-nous\/","url":"https:\/\/industrialtransferpump.com\/fr\/qui-sommes-nous\/","name":"Qui sommes-nous ? - Industrial Transfer Pump Manufacturer","isPartOf":{"@id":"https:\/\/industrialtransferpump.com\/#website"},"datePublished":"2017-02-08T07:01:55+00:00","dateModified":"2023-11-04T14:29:35+00:00","description":"Syst\u00e8mes de vidange de f\u00fbts Pompe pour f\u00fbts mono-pompe Notre soci\u00e9t\u00e9, Allama Makina, produit des pompes et des syst\u00e8mes hygi\u00e9niques pour l'industrie alimentaire, etc.","breadcrumb":{"@id":"https:\/\/industrialtransferpump.com\/fr\/qui-sommes-nous\/#breadcrumb"},"inLanguage":"fr-FR","potentialAction":[{"@type":"ReadAction","target":["https:\/\/industrialtransferpump.com\/fr\/qui-sommes-nous\/"]}]},{"@type":"BreadcrumbList","@id":"https:\/\/industrialtransferpump.com\/fr\/qui-sommes-nous\/#breadcrumb","itemListElement":[{"@type":"ListItem","position":1,"name":"Home","item":"https:\/\/industrialtransferpump.com\/fr\/accueil\/"},{"@type":"ListItem","position":2,"name":"Qui sommes-nous ?"}]},{"@type":"WebSite","@id":"https:\/\/industrialtransferpump.com\/#website","url":"https:\/\/industrialtransferpump.com\/","name":"Drum Emptying System & Barrel Unloading System","description":"Industrial Transfer Pump","publisher":{"@id":"https:\/\/industrialtransferpump.com\/#organization"},"potentialAction":[{"@type":"SearchAction","target":{"@type":"EntryPoint","urlTemplate":"https:\/\/industrialtransferpump.com\/?s={search_term_string}"},"query-input":"required name=search_term_string"}],"inLanguage":"fr-FR"},{"@type":"Organization","@id":"https:\/\/industrialtransferpump.com\/#organization","name":"Barrel Pump Trasferring Systems","url":"https:\/\/industrialtransferpump.com\/","logo":{"@type":"ImageObject","inLanguage":"fr-FR","@id":"https:\/\/industrialtransferpump.com\/#\/schema\/logo\/image\/","url":"https:\/\/industrialtransferpump.com\/wp-content\/uploads\/2021\/03\/Logo.png","contentUrl":"https:\/\/industrialtransferpump.com\/wp-content\/uploads\/2021\/03\/Logo.png","width":6617,"height":4077,"caption":"Barrel Pump Trasferring Systems"},"image":{"@id":"https:\/\/industrialtransferpump.com\/#\/schema\/logo\/image\/"}}]}},"_links":{"self":[{"href":"https:\/\/industrialtransferpump.com\/fr\/wp-json\/wp\/v2\/pages\/9408","targetHints":{"allow":["GET"]}}],"collection":[{"href":"https:\/\/industrialtransferpump.com\/fr\/wp-json\/wp\/v2\/pages"}],"about":[{"href":"https:\/\/industrialtransferpump.com\/fr\/wp-json\/wp\/v2\/types\/page"}],"author":[{"embeddable":true,"href":"https:\/\/industrialtransferpump.com\/fr\/wp-json\/wp\/v2\/users\/1"}],"replies":[{"embeddable":true,"href":"https:\/\/industrialtransferpump.com\/fr\/wp-json\/wp\/v2\/comments?post=9408"}],"version-history":[{"count":2,"href":"https:\/\/industrialtransferpump.com\/fr\/wp-json\/wp\/v2\/pages\/9408\/revisions"}],"predecessor-version":[{"id":9463,"href":"https:\/\/industrialtransferpump.com\/fr\/wp-json\/wp\/v2\/pages\/9408\/revisions\/9463"}],"wp:attachment":[{"href":"https:\/\/industrialtransferpump.com\/fr\/wp-json\/wp\/v2\/media?parent=9408"}],"curies":[{"name":"wp","href":"https:\/\/api.w.org\/{rel}","templated":true}]}}