{"id":9413,"date":"2023-04-10T23:28:25","date_gmt":"2023-04-10T23:28:25","guid":{"rendered":"https:\/\/industrialtransferpump.com\/aliments\/"},"modified":"2023-11-04T14:29:35","modified_gmt":"2023-11-04T14:29:35","slug":"aliments","status":"publish","type":"page","link":"https:\/\/industrialtransferpump.com\/fr\/aliments\/","title":{"rendered":"Aliments"},"content":{"rendered":"<div class=\"wpb-content-wrapper\"><p>[vc_row][vc_column width=&#8221;2\/3&#8243;][vc_custom_heading text=&#8221;Pompes de d\u00e9chargement de f\u00fbts pour l&apos;industrie alimentaire&#8221; use_theme_fonts=&#8221;yes&#8221;][stm_spacing lg_spacing=&#8221;30&#8243; md_spacing=&#8221;30&#8243; sm_spacing=&#8221;30&#8243; xs_spacing=&#8221;30&#8243;][vc_column_text]Pompes de d\u00e9chargement de <strong>f\u00fbts pour le transfert de p\u00e2te de tomate<\/strong> dans l&#8217;industrie alimentaire : Assurer un transfert efficace et s\u00fbr des produits alimentaires en vrac<\/p>\n<p>Dans l&#8217;industrie alimentaire, le transfert efficace et s\u00fbr des produits alimentaires en vrac est essentiel pour maintenir des niveaux \u00e9lev\u00e9s de productivit\u00e9 et de qualit\u00e9. L&#8217;un des plus<\/p>\n<p>Les <a href=\"https:\/\/en.wikipedia.org\/wiki\/Drum_pump\">pompes de d\u00e9chargement de f\u00fbts<\/a> sont des pompes sp\u00e9cialis\u00e9es con\u00e7ues pour transf\u00e9rer des produits alimentaires en vrac de f\u00fbts ou d&#8217;autres conteneurs vers des \u00e9quipements de traitement ou de stockage. Ils sont g\u00e9n\u00e9ralement fabriqu\u00e9s dans des mat\u00e9riaux tels que l&#8217;acier inoxydable, de qualit\u00e9 alimentaire et r\u00e9sistant \u00e0 la corrosion. Les pompes de d\u00e9chargement de f\u00fbts sont disponibles dans une vari\u00e9t\u00e9 de tailles et de styles, et peuvent \u00eatre aliment\u00e9es par des moteurs \u00e9lectriques, des compresseurs d&#8217;air ou des syst\u00e8mes hydrauliques.<\/p>\n<p>Avantages des <strong><br \/>\n  <em>Pompes de d\u00e9chargement de f\u00fbts<\/em><br \/>\n<\/strong> pour l&#8217;industrie alimentaire<\/p>\n<p>L&#8217;utilisation de pompes de d\u00e9chargement de f\u00fbts dans l&#8217;industrie alimentaire pr\u00e9sente plusieurs avantages. Tout d&#8217;abord, ils sont con\u00e7us pour traiter une large gamme de viscosit\u00e9s, depuis les liquides fins jusqu&#8217;aux mat\u00e9riaux tr\u00e8s visqueux tels que le concentr\u00e9 ou la pur\u00e9e de tomates. Ils sont donc id\u00e9aux pour le transfert d&#8217;une grande vari\u00e9t\u00e9 de produits alimentaires. Deuxi\u00e8mement, ils sont con\u00e7us pour un transfert efficace, ce qui permet de gagner du temps et de r\u00e9duire les d\u00e9chets. Troisi\u00e8mement, ils sont con\u00e7us dans un souci de s\u00e9curit\u00e9, avec des caract\u00e9ristiques telles que des soupapes de surpression et des syst\u00e8mes de protection contre les surchauffes.<\/p>\n<p>Transfert du tambour \u00e0 la p\u00e2te de tomate<\/p>\n<p>L&#8217;une des utilisations les plus courantes des pompes de d\u00e9chargement de f\u00fbts dans l&#8217;industrie alimentaire est le transfert de p\u00e2te de tomates. La p\u00e2te de tomate est un produit tr\u00e8s visqueux qui n\u00e9cessite une pompe sp\u00e9cialis\u00e9e pour le transf\u00e9rer efficacement et en toute s\u00e9curit\u00e9. Les pompes de d\u00e9chargement de f\u00fbts sp\u00e9cialement con\u00e7ues pour le transfert de p\u00e2te de tomate sont fabriqu\u00e9es avec des composants robustes, tels qu&#8217;une pompe \u00e0 vis excentrique ou une pompe \u00e0 cavit\u00e9 progressive, qui peuvent g\u00e9rer la viscosit\u00e9 \u00e9lev\u00e9e du produit.<\/p>\n<p><img loading=\"lazy\" decoding=\"async\" class=\"size-full wp-image-7861\" src=\"https:\/\/industrialtransferpump.com\/wp-content\/uploads\/2023\/05\/Drum-tomate-pump-barrel-unloding-pump.jpeg\" alt=\"\" width=\"1024\" height=\"1024\" srcset=\"https:\/\/industrialtransferpump.com\/wp-content\/uploads\/2023\/05\/Drum-tomate-pump-barrel-unloding-pump.jpeg 1024w, https:\/\/industrialtransferpump.com\/wp-content\/uploads\/2023\/05\/Drum-tomate-pump-barrel-unloding-pump-300x300.jpeg 300w, https:\/\/industrialtransferpump.com\/wp-content\/uploads\/2023\/05\/Drum-tomate-pump-barrel-unloding-pump-150x150.jpeg 150w, https:\/\/industrialtransferpump.com\/wp-content\/uploads\/2023\/05\/Drum-tomate-pump-barrel-unloding-pump-768x768.jpeg 768w, https:\/\/industrialtransferpump.com\/wp-content\/uploads\/2023\/05\/Drum-tomate-pump-barrel-unloding-pump-50x50.jpeg 50w, https:\/\/industrialtransferpump.com\/wp-content\/uploads\/2023\/05\/Drum-tomate-pump-barrel-unloding-pump-320x320.jpeg 320w, https:\/\/industrialtransferpump.com\/wp-content\/uploads\/2023\/05\/Drum-tomate-pump-barrel-unloding-pump-900x900.jpeg 900w\" sizes=\"auto, (max-width: 1024px) 100vw, 1024px\" \/>[\/vc_column_text][vc_video link=&#8221;&#8220;https:\/\/www.youtube.com\/embed\/45GRF77_S_A&#8220;&#8221; title=&#8221;Vidange d&apos;un tonneau de concentr\u00e9 de tomates, vid\u00e9o de la pompe&#8221;][vc_custom_heading text=&#8221;Vidange de p\u00e2te de tomate dans des f\u00fbts de 200 litres&#8221; font_container=&#8221;tag:h4|text_align:left&#8221; use_theme_fonts=&#8221;yes&#8221; el_class=&#8221;remove_padding&#8221;][vc_column_text]<strong>Pompe de transfert de pur\u00e9e de tomates ou de sauce<\/strong><\/p>\n<p>Une autre application des pompes de d\u00e9chargement de f\u00fbts dans l&#8217;industrie alimentaire est le transfert de pur\u00e9e de tomates ou de sauce. Ces produits sont moins visqueux que le concentr\u00e9 de tomates, mais n\u00e9cessitent n\u00e9anmoins une pompe sp\u00e9cialis\u00e9e pour un transfert efficace. Les <strong>pompes de d\u00e9chargement de f\u00fbts<\/strong> con\u00e7ues pour le transfert de pur\u00e9e de tomates ou de sauce utilisent g\u00e9n\u00e9ralement une pompe centrifuge, qui peut g\u00e9rer la faible viscosit\u00e9 du produit.<\/p>\n<p><em>Pompes de d\u00e9chargement de f\u00fbts<\/em> alimentaires : Choisir la bonne pompe pour vos besoins<\/p>\n<p>Lors du choix d&#8217;une pompe de d\u00e9chargement de f\u00fbts pour l&#8217;industrie alimentaire, il est important de prendre en compte un certain nombre de facteurs. Tout d&#8217;abord, la viscosit\u00e9 du produit \u00e0 transf\u00e9rer d\u00e9terminera le type de pompe n\u00e9cessaire. Les mati\u00e8res tr\u00e8s visqueuses telles que la p\u00e2te de tomate n\u00e9cessitent une pompe sp\u00e9cialis\u00e9e, tandis que les mati\u00e8res moins visqueuses telles que la pur\u00e9e ou la sauce de tomate peuvent \u00eatre transf\u00e9r\u00e9es \u00e0 l&#8217;aide d&#8217;une pompe centrifuge. Deuxi\u00e8mement, le d\u00e9bit requis d\u00e9terminera la taille de la pompe n\u00e9cessaire. Troisi\u00e8mement, la distance entre le f\u00fbt ou le conteneur et l&#8217;\u00e9quipement de traitement ou de stockage d\u00e9terminera la longueur des tuyaux n\u00e9cessaires. Enfin, toute exigence ou r\u00e9glementation en mati\u00e8re de s\u00e9curit\u00e9 doit \u00eatre prise en compte.<\/p>\n<p>Conclusion<\/p>\n<p>En conclusion, les <a href=\"https:\/\/en.wikipedia.org\/wiki\/Drum_pump\">pompes de d\u00e9chargement de f\u00fbts<\/a> sont un outil essentiel pour le transfert efficace et s\u00fbr des produits alimentaires en vrac dans l&#8217;industrie alimentaire. Que vous transf\u00e9riez du concentr\u00e9 de tomates, de la pur\u00e9e ou de la sauce, le choix d&#8217;une pompe adapt\u00e9e \u00e0 vos besoins peut contribuer \u00e0 am\u00e9liorer la productivit\u00e9, \u00e0 r\u00e9duire les d\u00e9chets et \u00e0 garantir les niveaux les plus \u00e9lev\u00e9s de qualit\u00e9 et de s\u00e9curit\u00e9. En tenant compte de la viscosit\u00e9 du produit, du d\u00e9bit requis et de toute exigence ou r\u00e9glementation en mati\u00e8re de s\u00e9curit\u00e9, vous pouvez s\u00e9lectionner la pompe de d\u00e9chargement de f\u00fbts adapt\u00e9e \u00e0 votre application sp\u00e9cifique.<\/p>\n<p><img loading=\"lazy\" decoding=\"async\" class=\" wp-image-7858\" src=\"https:\/\/industrialtransferpump.com\/wp-content\/uploads\/2023\/05\/drum-tomate-paste-pump-system.webp\" alt=\"\" width=\"814\" height=\"748\"><\/p>\n<p>[\/vc_column_text][vc_column_text]<\/p>\n<div class=\"ce_row_start row block\">\n<div class=\"ce_col_start small-12 large-11 columns block\">\n<div class=\"ce_col_start small-12 large-4 columns block\">\n<div class=\"ce_list left small-12 block\">\n<ul class=\"\">\n<li class=\"first\">Alcool<\/li>\n<li>Pur\u00e9e de pommes<\/li>\n<li>Huile d&#8217;argan<\/li>\n<li>Aliments pour b\u00e9b\u00e9s<\/li>\n<li>Concentr\u00e9 de banane<\/li>\n<li>Mati\u00e8re grasse<\/li>\n<li>M\u00e9lange de cages<\/li>\n<li>Cr\u00e8me caramel<\/li>\n<li>Soude caustique<\/li>\n<li>Fromage \u00e0 tartiner<\/li>\n<li>Chocolat<\/li>\n<li>Sauce au chocolat<\/li>\n<li>Beurre de cacao<\/li>\n<li>Huile de coco<\/li>\n<li>Huile de foie de morue<\/li>\n<li>Huile de cuisson<\/li>\n<li>Huile de ma\u00efs<\/li>\n<li>Sirop de f\u00e9cule de ma\u00efs<\/li>\n<li class=\"last\">Cr\u00e8me<\/li>\n<\/ul>\n<\/div>\n<\/div>\n<div class=\"ce_col_start small-12 large-4 columns block\">\n<div class=\"ce_list left small-12 block\">\n<ul class=\"\">\n<li class=\"first\">P\u00e2te<\/li>\n<li>Lait \u00e9vapor\u00e9<\/li>\n<li>Saveurs<\/li>\n<li>Pi\u00e8ces de friut<\/li>\n<li>P\u00e2te d&#8217;ail<\/li>\n<li>G\u00e9latine<\/li>\n<li>Sirop de glucose<\/li>\n<li>Miel<\/li>\n<li>Confiture<\/li>\n<li>Concentr\u00e9 de jus<\/li>\n<li>Acide lactique<\/li>\n<li>Lard<\/li>\n<li>L\u00e9cithine<\/li>\n<li>Liqueurs<\/li>\n<li>P\u00e2te \u00e0 frire liquide<\/li>\n<li>\u0152uf liquide<\/li>\n<li>Malt<\/li>\n<li>Marinade<\/li>\n<li class=\"last\">Mayonnaise<\/li>\n<\/ul>\n<\/div>\n<\/div>\n<div class=\"ce_col_start small-12 large-4 columns block\">\n<div class=\"ce_list left small-12 block\"><\/div>\n<\/div>\n<\/div>\n<\/div>\n<p>[\/vc_column_text][\/vc_column][vc_column width=&#8221;1\/3&#8243;][stm_sidebar sidebar=&#8221;577&#8243;][\/vc_column][\/vc_row][vc_row][vc_column][vc_column_text][\/vc_column_text][\/vc_column][\/vc_row][vc_row][vc_column][\/vc_column][\/vc_row]<\/p>\n<\/div>","protected":false},"excerpt":{"rendered":"<p>[vc_row][vc_column width=&#8221;2\/3&#8243;][vc_custom_heading text=&#8221;Pompes de d\u00e9chargement de f\u00fbts pour l&apos;industrie alimentaire&#8221; use_theme_fonts=&#8221;yes&#8221;][stm_spacing lg_spacing=&#8221;30&#8243; md_spacing=&#8221;30&#8243; sm_spacing=&#8221;30&#8243; xs_spacing=&#8221;30&#8243;][vc_column_text]Pompes de d\u00e9chargement de f\u00fbts pour le transfert de p\u00e2te de tomate dans l&#8217;industrie alimentaire : Assurer un transfert efficace et s\u00fbr des produits alimentaires en vrac Dans l&#8217;industrie alimentaire, le transfert efficace et s\u00fbr des produits alimentaires en vrac est<\/p>\n","protected":false},"author":1,"featured_media":0,"parent":0,"menu_order":0,"comment_status":"closed","ping_status":"closed","template":"","meta":{"_joinchat":[],"footnotes":""},"class_list":["post-9413","page","type-page","status-publish","hentry"],"yoast_head":"<!-- This site is optimized with the Yoast SEO plugin v22.3 - https:\/\/yoast.com\/wordpress\/plugins\/seo\/ -->\n<title>Aliments - Industrial Transfer Pump Manufacturer<\/title>\n<meta name=\"description\" content=\"Pompe de transfert de pur\u00e9e de tomates ou de sauce Pompe de d\u00e9chargement de f\u00fbts alimentaires Pompe de transfert de pur\u00e9e de tomates ou de sauce\" \/>\n<meta name=\"robots\" content=\"index, follow, max-snippet:-1, max-image-preview:large, max-video-preview:-1\" \/>\n<link rel=\"canonical\" href=\"https:\/\/industrialtransferpump.com\/fr\/aliments\/\" \/>\n<meta property=\"og:locale\" content=\"fr_FR\" \/>\n<meta property=\"og:type\" content=\"article\" \/>\n<meta property=\"og:title\" content=\"Aliments - Industrial Transfer Pump Manufacturer\" \/>\n<meta property=\"og:description\" content=\"Pompe de transfert de pur\u00e9e de tomates ou de sauce Pompe de d\u00e9chargement de f\u00fbts alimentaires Pompe de transfert de pur\u00e9e de tomates ou de sauce\" \/>\n<meta property=\"og:url\" content=\"https:\/\/industrialtransferpump.com\/fr\/aliments\/\" \/>\n<meta property=\"og:site_name\" content=\"Industrial Transfer Pump Manufacturer\" \/>\n<meta property=\"article:modified_time\" content=\"2023-11-04T14:29:35+00:00\" \/>\n<meta property=\"og:image\" content=\"https:\/\/industrialtransferpump.com\/wp-content\/uploads\/2023\/05\/Drum-tomate-pump-barrel-unloding-pump.jpeg\" \/>\n<meta name=\"twitter:card\" content=\"summary_large_image\" \/>\n<meta name=\"twitter:label1\" content=\"Dur\u00e9e de lecture estim\u00e9e\" \/>\n\t<meta name=\"twitter:data1\" content=\"5 minutes\" \/>\n<script type=\"application\/ld+json\" class=\"yoast-schema-graph\">{\"@context\":\"https:\/\/schema.org\",\"@graph\":[{\"@type\":\"WebPage\",\"@id\":\"https:\/\/industrialtransferpump.com\/fr\/aliments\/\",\"url\":\"https:\/\/industrialtransferpump.com\/fr\/aliments\/\",\"name\":\"Aliments - Industrial Transfer Pump Manufacturer\",\"isPartOf\":{\"@id\":\"https:\/\/industrialtransferpump.com\/#website\"},\"primaryImageOfPage\":{\"@id\":\"https:\/\/industrialtransferpump.com\/fr\/aliments\/#primaryimage\"},\"image\":{\"@id\":\"https:\/\/industrialtransferpump.com\/fr\/aliments\/#primaryimage\"},\"thumbnailUrl\":\"https:\/\/industrialtransferpump.com\/wp-content\/uploads\/2023\/05\/Drum-tomate-pump-barrel-unloding-pump.jpeg\",\"datePublished\":\"2023-04-10T23:28:25+00:00\",\"dateModified\":\"2023-11-04T14:29:35+00:00\",\"description\":\"Pompe de transfert de pur\u00e9e de tomates ou de sauce Pompe de d\u00e9chargement de f\u00fbts alimentaires Pompe de transfert de pur\u00e9e de tomates ou de sauce\",\"breadcrumb\":{\"@id\":\"https:\/\/industrialtransferpump.com\/fr\/aliments\/#breadcrumb\"},\"inLanguage\":\"fr-FR\",\"potentialAction\":[{\"@type\":\"ReadAction\",\"target\":[\"https:\/\/industrialtransferpump.com\/fr\/aliments\/\"]}]},{\"@type\":\"ImageObject\",\"inLanguage\":\"fr-FR\",\"@id\":\"https:\/\/industrialtransferpump.com\/fr\/aliments\/#primaryimage\",\"url\":\"https:\/\/industrialtransferpump.com\/wp-content\/uploads\/2023\/05\/Drum-tomate-pump-barrel-unloding-pump.jpeg\",\"contentUrl\":\"https:\/\/industrialtransferpump.com\/wp-content\/uploads\/2023\/05\/Drum-tomate-pump-barrel-unloding-pump.jpeg\",\"width\":1024,\"height\":1024,\"caption\":\"barrel unloding pump\"},{\"@type\":\"BreadcrumbList\",\"@id\":\"https:\/\/industrialtransferpump.com\/fr\/aliments\/#breadcrumb\",\"itemListElement\":[{\"@type\":\"ListItem\",\"position\":1,\"name\":\"Home\",\"item\":\"https:\/\/industrialtransferpump.com\/fr\/accueil\/\"},{\"@type\":\"ListItem\",\"position\":2,\"name\":\"Aliments\"}]},{\"@type\":\"WebSite\",\"@id\":\"https:\/\/industrialtransferpump.com\/#website\",\"url\":\"https:\/\/industrialtransferpump.com\/\",\"name\":\"Drum Emptying System & Barrel Unloading System\",\"description\":\"Industrial Transfer Pump\",\"publisher\":{\"@id\":\"https:\/\/industrialtransferpump.com\/#organization\"},\"potentialAction\":[{\"@type\":\"SearchAction\",\"target\":{\"@type\":\"EntryPoint\",\"urlTemplate\":\"https:\/\/industrialtransferpump.com\/?s={search_term_string}\"},\"query-input\":\"required name=search_term_string\"}],\"inLanguage\":\"fr-FR\"},{\"@type\":\"Organization\",\"@id\":\"https:\/\/industrialtransferpump.com\/#organization\",\"name\":\"Barrel Pump Trasferring Systems\",\"url\":\"https:\/\/industrialtransferpump.com\/\",\"logo\":{\"@type\":\"ImageObject\",\"inLanguage\":\"fr-FR\",\"@id\":\"https:\/\/industrialtransferpump.com\/#\/schema\/logo\/image\/\",\"url\":\"https:\/\/industrialtransferpump.com\/wp-content\/uploads\/2021\/03\/Logo.png\",\"contentUrl\":\"https:\/\/industrialtransferpump.com\/wp-content\/uploads\/2021\/03\/Logo.png\",\"width\":6617,\"height\":4077,\"caption\":\"Barrel Pump Trasferring Systems\"},\"image\":{\"@id\":\"https:\/\/industrialtransferpump.com\/#\/schema\/logo\/image\/\"}}]}<\/script>\n<!-- \/ Yoast SEO plugin. -->","yoast_head_json":{"title":"Aliments - Industrial Transfer Pump Manufacturer","description":"Pompe de transfert de pur\u00e9e de tomates ou de sauce Pompe de d\u00e9chargement de f\u00fbts alimentaires Pompe de transfert de pur\u00e9e de tomates ou de sauce","robots":{"index":"index","follow":"follow","max-snippet":"max-snippet:-1","max-image-preview":"max-image-preview:large","max-video-preview":"max-video-preview:-1"},"canonical":"https:\/\/industrialtransferpump.com\/fr\/aliments\/","og_locale":"fr_FR","og_type":"article","og_title":"Aliments - Industrial Transfer Pump Manufacturer","og_description":"Pompe de transfert de pur\u00e9e de tomates ou de sauce Pompe de d\u00e9chargement de f\u00fbts alimentaires Pompe de transfert de pur\u00e9e de tomates ou de sauce","og_url":"https:\/\/industrialtransferpump.com\/fr\/aliments\/","og_site_name":"Industrial Transfer Pump Manufacturer","article_modified_time":"2023-11-04T14:29:35+00:00","og_image":[{"url":"https:\/\/industrialtransferpump.com\/wp-content\/uploads\/2023\/05\/Drum-tomate-pump-barrel-unloding-pump.jpeg"}],"twitter_card":"summary_large_image","twitter_misc":{"Dur\u00e9e de lecture estim\u00e9e":"5 minutes"},"schema":{"@context":"https:\/\/schema.org","@graph":[{"@type":"WebPage","@id":"https:\/\/industrialtransferpump.com\/fr\/aliments\/","url":"https:\/\/industrialtransferpump.com\/fr\/aliments\/","name":"Aliments - Industrial Transfer Pump Manufacturer","isPartOf":{"@id":"https:\/\/industrialtransferpump.com\/#website"},"primaryImageOfPage":{"@id":"https:\/\/industrialtransferpump.com\/fr\/aliments\/#primaryimage"},"image":{"@id":"https:\/\/industrialtransferpump.com\/fr\/aliments\/#primaryimage"},"thumbnailUrl":"https:\/\/industrialtransferpump.com\/wp-content\/uploads\/2023\/05\/Drum-tomate-pump-barrel-unloding-pump.jpeg","datePublished":"2023-04-10T23:28:25+00:00","dateModified":"2023-11-04T14:29:35+00:00","description":"Pompe de transfert de pur\u00e9e de tomates ou de sauce Pompe de d\u00e9chargement de f\u00fbts alimentaires Pompe de transfert de pur\u00e9e de tomates ou de sauce","breadcrumb":{"@id":"https:\/\/industrialtransferpump.com\/fr\/aliments\/#breadcrumb"},"inLanguage":"fr-FR","potentialAction":[{"@type":"ReadAction","target":["https:\/\/industrialtransferpump.com\/fr\/aliments\/"]}]},{"@type":"ImageObject","inLanguage":"fr-FR","@id":"https:\/\/industrialtransferpump.com\/fr\/aliments\/#primaryimage","url":"https:\/\/industrialtransferpump.com\/wp-content\/uploads\/2023\/05\/Drum-tomate-pump-barrel-unloding-pump.jpeg","contentUrl":"https:\/\/industrialtransferpump.com\/wp-content\/uploads\/2023\/05\/Drum-tomate-pump-barrel-unloding-pump.jpeg","width":1024,"height":1024,"caption":"barrel unloding pump"},{"@type":"BreadcrumbList","@id":"https:\/\/industrialtransferpump.com\/fr\/aliments\/#breadcrumb","itemListElement":[{"@type":"ListItem","position":1,"name":"Home","item":"https:\/\/industrialtransferpump.com\/fr\/accueil\/"},{"@type":"ListItem","position":2,"name":"Aliments"}]},{"@type":"WebSite","@id":"https:\/\/industrialtransferpump.com\/#website","url":"https:\/\/industrialtransferpump.com\/","name":"Drum Emptying System & Barrel Unloading System","description":"Industrial Transfer Pump","publisher":{"@id":"https:\/\/industrialtransferpump.com\/#organization"},"potentialAction":[{"@type":"SearchAction","target":{"@type":"EntryPoint","urlTemplate":"https:\/\/industrialtransferpump.com\/?s={search_term_string}"},"query-input":"required name=search_term_string"}],"inLanguage":"fr-FR"},{"@type":"Organization","@id":"https:\/\/industrialtransferpump.com\/#organization","name":"Barrel Pump Trasferring Systems","url":"https:\/\/industrialtransferpump.com\/","logo":{"@type":"ImageObject","inLanguage":"fr-FR","@id":"https:\/\/industrialtransferpump.com\/#\/schema\/logo\/image\/","url":"https:\/\/industrialtransferpump.com\/wp-content\/uploads\/2021\/03\/Logo.png","contentUrl":"https:\/\/industrialtransferpump.com\/wp-content\/uploads\/2021\/03\/Logo.png","width":6617,"height":4077,"caption":"Barrel Pump Trasferring Systems"},"image":{"@id":"https:\/\/industrialtransferpump.com\/#\/schema\/logo\/image\/"}}]}},"_links":{"self":[{"href":"https:\/\/industrialtransferpump.com\/fr\/wp-json\/wp\/v2\/pages\/9413","targetHints":{"allow":["GET"]}}],"collection":[{"href":"https:\/\/industrialtransferpump.com\/fr\/wp-json\/wp\/v2\/pages"}],"about":[{"href":"https:\/\/industrialtransferpump.com\/fr\/wp-json\/wp\/v2\/types\/page"}],"author":[{"embeddable":true,"href":"https:\/\/industrialtransferpump.com\/fr\/wp-json\/wp\/v2\/users\/1"}],"replies":[{"embeddable":true,"href":"https:\/\/industrialtransferpump.com\/fr\/wp-json\/wp\/v2\/comments?post=9413"}],"version-history":[{"count":2,"href":"https:\/\/industrialtransferpump.com\/fr\/wp-json\/wp\/v2\/pages\/9413\/revisions"}],"predecessor-version":[{"id":9460,"href":"https:\/\/industrialtransferpump.com\/fr\/wp-json\/wp\/v2\/pages\/9413\/revisions\/9460"}],"wp:attachment":[{"href":"https:\/\/industrialtransferpump.com\/fr\/wp-json\/wp\/v2\/media?parent=9413"}],"curies":[{"name":"wp","href":"https:\/\/api.w.org\/{rel}","templated":true}]}}