{"id":9449,"date":"2023-03-21T08:56:48","date_gmt":"2023-03-21T08:56:48","guid":{"rendered":"https:\/\/industrialtransferpump.com\/comment-utiliser-le-systeme-de-vidange-des-futs\/"},"modified":"2024-01-19T09:18:45","modified_gmt":"2024-01-19T09:18:45","slug":"comment-utiliser-le-systeme-de-vidange-des-futs","status":"publish","type":"page","link":"https:\/\/industrialtransferpump.com\/fr\/comment-utiliser-le-systeme-de-vidange-des-futs\/","title":{"rendered":"Comment utiliser le syst\u00e8me de vidange des f\u00fbts"},"content":{"rendered":"<div class=\"wpb-content-wrapper\"><p>[vc_row][vc_column width=&#8221;2\/3&#8243;][vc_column_text]<\/p>\n<h3><strong>Manuel d&#8217;utilisation du syst\u00e8me de vidange des tambours<\/strong><\/h3>\n<p>[\/vc_column_text][vc_single_image image=&#8221;7119&#8243; img_size=&#8221;1130&#215;650&#8243;][vc_video link=&#8221;https:\/\/www.youtube.com\/embed\/ixOLbLw1kAc?si=uLkc1OY3kJsq6K4k&#8221;][\/vc_column][vc_column width=&#8221;1\/3&#8243;][stm_sidebar sidebar=&#8221;577&#8243;][\/vc_column][\/vc_row][vc_row full_width=&#8221;stretch_row&#8221; el_class=&#8221;third_bg_color&#8221; css=&#8221;.vc_custom_1451889219674{margin-bottom: -60px !important;}&#8221;][vc_column][vc_cta h2=&#8221;si vous avez besoin de plus d&apos;informations !&#8221; h2_font_container=&#8221;tag:h2|font_size:20px|text_align:left|color:%23000000|line_height:24px&#8221; h2_use_theme_fonts=&#8221;yes&#8221; h4=&#8221;Vous pouvez utiliser notre formulaire de contact rapide pour obtenir plus d&apos;informations sur nos machines. Catalogues disponibles, photos, vid\u00e9os et plus encore&#8230;&#8221; shape=&#8221;square&#8221; style=&#8221;flat&#8221; add_button=&#8221;right&#8221; btn_title=&#8221;Cliquez ici pour nous contacter !&#8221; btn_style=&#8221;flat&#8221; btn_color=&#8221;theme_style_2&#8243; btn_align=&#8221;right&#8221; btn_i_align=&#8221;right&#8221; btn_i_icon_fontawesome=&#8221;stm-location&#8221; particles=&#8221;yes&#8221; use_custom_fonts_h2=&#8221;true&#8221; btn_button_block=&#8221;true&#8221; btn_add_icon=&#8221;true&#8221; el_class=&#8221;third_bg_color&#8221; css=&#8221;.vc_custom_1679914144211{margin-bottom: 0px !important;}&#8221; btn_link=&#8221;url:https%3A%2F%2Findustrialtransferpump.com%2Ffr%2Fnous-contacter%2F|&#8221;][\/vc_cta][\/vc_column][\/vc_row]<\/p>\n<\/div>","protected":false},"excerpt":{"rendered":"<p>[vc_row][vc_column width=&#8221;2\/3&#8243;][vc_column_text] Manuel d&#8217;utilisation du syst\u00e8me de vidange des tambours [\/vc_column_text][vc_single_image image=&#8221;7119&#8243; img_size=&#8221;1130&#215;650&#8243;][vc_video link=&#8221;https:\/\/www.youtube.com\/embed\/ixOLbLw1kAc?si=uLkc1OY3kJsq6K4k&#8221;][\/vc_column][vc_column width=&#8221;1\/3&#8243;][stm_sidebar sidebar=&#8221;577&#8243;][\/vc_column][\/vc_row][vc_row full_width=&#8221;stretch_row&#8221; el_class=&#8221;third_bg_color&#8221; css=&#8221;.vc_custom_1451889219674{margin-bottom: -60px !important;}&#8221;][vc_column][vc_cta h2=&#8221;si vous avez besoin de plus d&apos;informations !&#8221; h2_font_container=&#8221;tag:h2|font_size:20px|text_align:left|color:%23000000|line_height:24px&#8221; h2_use_theme_fonts=&#8221;yes&#8221; h4=&#8221;Vous pouvez utiliser notre formulaire de contact rapide pour obtenir plus d&apos;informations sur nos machines. Catalogues disponibles, photos, vid\u00e9os et plus encore&#8230;&#8221; shape=&#8221;square&#8221; style=&#8221;flat&#8221;<\/p>\n","protected":false},"author":1,"featured_media":0,"parent":0,"menu_order":0,"comment_status":"closed","ping_status":"closed","template":"","meta":{"_joinchat":[],"footnotes":""},"class_list":["post-9449","page","type-page","status-publish","hentry"],"yoast_head":"<!-- This site is optimized with the Yoast SEO plugin v22.3 - https:\/\/yoast.com\/wordpress\/plugins\/seo\/ -->\n<title>Comment utiliser le syst\u00e8me de vidange des f\u00fbts - Industrial Transfer Pump Manufacturer<\/title>\n<meta name=\"description\" content=\"Comment utiliser la pompe \u00e0 f\u00fbtsLes syst\u00e8mes de vidange de f\u00fbts ont \u00e9t\u00e9 sp\u00e9cialement con\u00e7us pour \u00eatre utilis\u00e9s dans les industries pharmaceutiques, alimentaires et cosm\u00e9tiques.\" \/>\n<meta name=\"robots\" content=\"index, follow, max-snippet:-1, max-image-preview:large, max-video-preview:-1\" \/>\n<link rel=\"canonical\" href=\"https:\/\/industrialtransferpump.com\/fr\/comment-utiliser-le-systeme-de-vidange-des-futs\/\" \/>\n<meta property=\"og:locale\" content=\"fr_FR\" \/>\n<meta property=\"og:type\" content=\"article\" \/>\n<meta property=\"og:title\" content=\"Comment utiliser le syst\u00e8me de vidange des f\u00fbts - Industrial Transfer Pump Manufacturer\" \/>\n<meta property=\"og:description\" content=\"Comment utiliser la pompe \u00e0 f\u00fbtsLes syst\u00e8mes de vidange de f\u00fbts ont \u00e9t\u00e9 sp\u00e9cialement con\u00e7us pour \u00eatre utilis\u00e9s dans les industries pharmaceutiques, alimentaires et cosm\u00e9tiques.\" \/>\n<meta property=\"og:url\" content=\"https:\/\/industrialtransferpump.com\/fr\/comment-utiliser-le-systeme-de-vidange-des-futs\/\" \/>\n<meta property=\"og:site_name\" content=\"Industrial Transfer Pump Manufacturer\" \/>\n<meta property=\"article:modified_time\" content=\"2024-01-19T09:18:45+00:00\" \/>\n<meta name=\"twitter:card\" content=\"summary_large_image\" \/>\n<meta name=\"twitter:label1\" content=\"Dur\u00e9e de lecture estim\u00e9e\" \/>\n\t<meta name=\"twitter:data1\" content=\"1 minute\" \/>\n<script type=\"application\/ld+json\" class=\"yoast-schema-graph\">{\"@context\":\"https:\/\/schema.org\",\"@graph\":[{\"@type\":\"WebPage\",\"@id\":\"https:\/\/industrialtransferpump.com\/fr\/comment-utiliser-le-systeme-de-vidange-des-futs\/\",\"url\":\"https:\/\/industrialtransferpump.com\/fr\/comment-utiliser-le-systeme-de-vidange-des-futs\/\",\"name\":\"Comment utiliser le syst\u00e8me de vidange des f\u00fbts - Industrial Transfer Pump Manufacturer\",\"isPartOf\":{\"@id\":\"https:\/\/industrialtransferpump.com\/#website\"},\"datePublished\":\"2023-03-21T08:56:48+00:00\",\"dateModified\":\"2024-01-19T09:18:45+00:00\",\"description\":\"Comment utiliser la pompe \u00e0 f\u00fbtsLes syst\u00e8mes de vidange de f\u00fbts ont \u00e9t\u00e9 sp\u00e9cialement con\u00e7us pour \u00eatre utilis\u00e9s dans les industries pharmaceutiques, alimentaires et cosm\u00e9tiques.\",\"breadcrumb\":{\"@id\":\"https:\/\/industrialtransferpump.com\/fr\/comment-utiliser-le-systeme-de-vidange-des-futs\/#breadcrumb\"},\"inLanguage\":\"fr-FR\",\"potentialAction\":[{\"@type\":\"ReadAction\",\"target\":[\"https:\/\/industrialtransferpump.com\/fr\/comment-utiliser-le-systeme-de-vidange-des-futs\/\"]}]},{\"@type\":\"BreadcrumbList\",\"@id\":\"https:\/\/industrialtransferpump.com\/fr\/comment-utiliser-le-systeme-de-vidange-des-futs\/#breadcrumb\",\"itemListElement\":[{\"@type\":\"ListItem\",\"position\":1,\"name\":\"Home\",\"item\":\"https:\/\/industrialtransferpump.com\/fr\/accueil\/\"},{\"@type\":\"ListItem\",\"position\":2,\"name\":\"Comment utiliser le syst\u00e8me de vidange des f\u00fbts\"}]},{\"@type\":\"WebSite\",\"@id\":\"https:\/\/industrialtransferpump.com\/#website\",\"url\":\"https:\/\/industrialtransferpump.com\/\",\"name\":\"Drum Emptying System & Barrel Unloading System\",\"description\":\"Industrial Transfer Pump\",\"publisher\":{\"@id\":\"https:\/\/industrialtransferpump.com\/#organization\"},\"potentialAction\":[{\"@type\":\"SearchAction\",\"target\":{\"@type\":\"EntryPoint\",\"urlTemplate\":\"https:\/\/industrialtransferpump.com\/?s={search_term_string}\"},\"query-input\":\"required name=search_term_string\"}],\"inLanguage\":\"fr-FR\"},{\"@type\":\"Organization\",\"@id\":\"https:\/\/industrialtransferpump.com\/#organization\",\"name\":\"Barrel Pump Trasferring Systems\",\"url\":\"https:\/\/industrialtransferpump.com\/\",\"logo\":{\"@type\":\"ImageObject\",\"inLanguage\":\"fr-FR\",\"@id\":\"https:\/\/industrialtransferpump.com\/#\/schema\/logo\/image\/\",\"url\":\"https:\/\/industrialtransferpump.com\/wp-content\/uploads\/2021\/03\/Logo.png\",\"contentUrl\":\"https:\/\/industrialtransferpump.com\/wp-content\/uploads\/2021\/03\/Logo.png\",\"width\":6617,\"height\":4077,\"caption\":\"Barrel Pump Trasferring Systems\"},\"image\":{\"@id\":\"https:\/\/industrialtransferpump.com\/#\/schema\/logo\/image\/\"}}]}<\/script>\n<!-- \/ Yoast SEO plugin. -->","yoast_head_json":{"title":"Comment utiliser le syst\u00e8me de vidange des f\u00fbts - Industrial Transfer Pump Manufacturer","description":"Comment utiliser la pompe \u00e0 f\u00fbtsLes syst\u00e8mes de vidange de f\u00fbts ont \u00e9t\u00e9 sp\u00e9cialement con\u00e7us pour \u00eatre utilis\u00e9s dans les industries pharmaceutiques, alimentaires et cosm\u00e9tiques.","robots":{"index":"index","follow":"follow","max-snippet":"max-snippet:-1","max-image-preview":"max-image-preview:large","max-video-preview":"max-video-preview:-1"},"canonical":"https:\/\/industrialtransferpump.com\/fr\/comment-utiliser-le-systeme-de-vidange-des-futs\/","og_locale":"fr_FR","og_type":"article","og_title":"Comment utiliser le syst\u00e8me de vidange des f\u00fbts - Industrial Transfer Pump Manufacturer","og_description":"Comment utiliser la pompe \u00e0 f\u00fbtsLes syst\u00e8mes de vidange de f\u00fbts ont \u00e9t\u00e9 sp\u00e9cialement con\u00e7us pour \u00eatre utilis\u00e9s dans les industries pharmaceutiques, alimentaires et cosm\u00e9tiques.","og_url":"https:\/\/industrialtransferpump.com\/fr\/comment-utiliser-le-systeme-de-vidange-des-futs\/","og_site_name":"Industrial Transfer Pump Manufacturer","article_modified_time":"2024-01-19T09:18:45+00:00","twitter_card":"summary_large_image","twitter_misc":{"Dur\u00e9e de lecture estim\u00e9e":"1 minute"},"schema":{"@context":"https:\/\/schema.org","@graph":[{"@type":"WebPage","@id":"https:\/\/industrialtransferpump.com\/fr\/comment-utiliser-le-systeme-de-vidange-des-futs\/","url":"https:\/\/industrialtransferpump.com\/fr\/comment-utiliser-le-systeme-de-vidange-des-futs\/","name":"Comment utiliser le syst\u00e8me de vidange des f\u00fbts - Industrial Transfer Pump Manufacturer","isPartOf":{"@id":"https:\/\/industrialtransferpump.com\/#website"},"datePublished":"2023-03-21T08:56:48+00:00","dateModified":"2024-01-19T09:18:45+00:00","description":"Comment utiliser la pompe \u00e0 f\u00fbtsLes syst\u00e8mes de vidange de f\u00fbts ont \u00e9t\u00e9 sp\u00e9cialement con\u00e7us pour \u00eatre utilis\u00e9s dans les industries pharmaceutiques, alimentaires et cosm\u00e9tiques.","breadcrumb":{"@id":"https:\/\/industrialtransferpump.com\/fr\/comment-utiliser-le-systeme-de-vidange-des-futs\/#breadcrumb"},"inLanguage":"fr-FR","potentialAction":[{"@type":"ReadAction","target":["https:\/\/industrialtransferpump.com\/fr\/comment-utiliser-le-systeme-de-vidange-des-futs\/"]}]},{"@type":"BreadcrumbList","@id":"https:\/\/industrialtransferpump.com\/fr\/comment-utiliser-le-systeme-de-vidange-des-futs\/#breadcrumb","itemListElement":[{"@type":"ListItem","position":1,"name":"Home","item":"https:\/\/industrialtransferpump.com\/fr\/accueil\/"},{"@type":"ListItem","position":2,"name":"Comment utiliser le syst\u00e8me de vidange des f\u00fbts"}]},{"@type":"WebSite","@id":"https:\/\/industrialtransferpump.com\/#website","url":"https:\/\/industrialtransferpump.com\/","name":"Drum Emptying System & Barrel Unloading System","description":"Industrial Transfer Pump","publisher":{"@id":"https:\/\/industrialtransferpump.com\/#organization"},"potentialAction":[{"@type":"SearchAction","target":{"@type":"EntryPoint","urlTemplate":"https:\/\/industrialtransferpump.com\/?s={search_term_string}"},"query-input":"required name=search_term_string"}],"inLanguage":"fr-FR"},{"@type":"Organization","@id":"https:\/\/industrialtransferpump.com\/#organization","name":"Barrel Pump Trasferring Systems","url":"https:\/\/industrialtransferpump.com\/","logo":{"@type":"ImageObject","inLanguage":"fr-FR","@id":"https:\/\/industrialtransferpump.com\/#\/schema\/logo\/image\/","url":"https:\/\/industrialtransferpump.com\/wp-content\/uploads\/2021\/03\/Logo.png","contentUrl":"https:\/\/industrialtransferpump.com\/wp-content\/uploads\/2021\/03\/Logo.png","width":6617,"height":4077,"caption":"Barrel Pump Trasferring Systems"},"image":{"@id":"https:\/\/industrialtransferpump.com\/#\/schema\/logo\/image\/"}}]}},"_links":{"self":[{"href":"https:\/\/industrialtransferpump.com\/fr\/wp-json\/wp\/v2\/pages\/9449","targetHints":{"allow":["GET"]}}],"collection":[{"href":"https:\/\/industrialtransferpump.com\/fr\/wp-json\/wp\/v2\/pages"}],"about":[{"href":"https:\/\/industrialtransferpump.com\/fr\/wp-json\/wp\/v2\/types\/page"}],"author":[{"embeddable":true,"href":"https:\/\/industrialtransferpump.com\/fr\/wp-json\/wp\/v2\/users\/1"}],"replies":[{"embeddable":true,"href":"https:\/\/industrialtransferpump.com\/fr\/wp-json\/wp\/v2\/comments?post=9449"}],"version-history":[{"count":16,"href":"https:\/\/industrialtransferpump.com\/fr\/wp-json\/wp\/v2\/pages\/9449\/revisions"}],"predecessor-version":[{"id":10527,"href":"https:\/\/industrialtransferpump.com\/fr\/wp-json\/wp\/v2\/pages\/9449\/revisions\/10527"}],"wp:attachment":[{"href":"https:\/\/industrialtransferpump.com\/fr\/wp-json\/wp\/v2\/media?parent=9449"}],"curies":[{"name":"wp","href":"https:\/\/api.w.org\/{rel}","templated":true}]}}