{"id":9477,"date":"2023-04-10T23:30:22","date_gmt":"2023-04-10T23:30:22","guid":{"rendered":"https:\/\/industrialtransferpump.com\/peintures-et-laques\/"},"modified":"2023-11-04T14:29:37","modified_gmt":"2023-11-04T14:29:37","slug":"peintures-et-laques","status":"publish","type":"page","link":"https:\/\/industrialtransferpump.com\/fr\/peintures-et-laques\/","title":{"rendered":"Peintures et laques"},"content":{"rendered":"<div class=\"wpb-content-wrapper\"><p>[vc_row][vc_column width=&#8221;2\/3&#8243;][vc_custom_heading text=&#8221;Pompes de d\u00e9chargement de f\u00fbts pour peintures et vernis&#8221; font_container=&#8221;tag:h3|text_align:left&#8221; use_theme_fonts=&#8221;yes&#8221;][stm_spacing lg_spacing=&#8221;30&#8243; md_spacing=&#8221;30&#8243; sm_spacing=&#8221;30&#8243; xs_spacing=&#8221;30&#8243;][vc_column_text]<\/p>\n<h3><strong>Pompes de d\u00e9chargement de f\u00fbts pour peintures et vernis<\/strong><\/h3>\n<p>La peinture et le polissage sont des processus cruciaux dans l&#8217;industrie manufacturi\u00e8re. Pour garantir le bon fonctionnement de la cha\u00eene de production, il est essentiel de disposer d&#8217;un \u00e9quipement fiable, notamment de <a href=\"https:\/\/industrialtransferpump.com\/drum-emptying-system-for-vaseline\/\">pompes de d\u00e9chargement de f\u00fbts pour la peinture et le polissage<\/a>. Ces pompes sont con\u00e7ues pour transf\u00e9rer des fluides <em>\u00e0 haute viscosit\u00e9<\/em> des f\u00fbts vers la cuve de m\u00e9lange ou directement vers la ligne de production. Dans cet article, nous examinerons les avantages et les caract\u00e9ristiques des pompes de d\u00e9chargement de f\u00fbts pour la peinture et le vernis.<\/p>\n<p>Une <strong>pompe de d\u00e9chargement de f\u00fbts<\/strong> pour peinture et vernis est une pompe sp\u00e9cialement con\u00e7ue pour traiter des fluides \u00e0 haute viscosit\u00e9. Ces pompes sont utilis\u00e9es pour transf\u00e9rer des fluides tels que les peintures, les vernis et les encaustiques des f\u00fbts vers la cha\u00eene de production. Les <a href=\"https:\/\/en.wikipedia.org\/w\/index.php?search=drum+unloading+pumps&amp;title=Special:Search&amp;profile=advanced&amp;fulltext=1&amp;ns0=1\">pompes de d\u00e9chargement de f\u00fbts<\/a> sont de conception diff\u00e9rente, mais les plus courantes sont les pompes pneumatiques \u00e0 membrane, les pompes \u00e9lectriques pour f\u00fbts et les pompes manuelles.<\/p>\n<p>Les pompes pneumatiques \u00e0 membrane sont largement utilis\u00e9es dans l&#8217;industrie de la peinture et du polissage en raison de leur capacit\u00e9 \u00e0 traiter des fluides \u00e0 haute viscosit\u00e9. Ces pompes sont con\u00e7ues avec deux chambres s\u00e9par\u00e9es par un diaphragme. Lorsque l&#8217;air est comprim\u00e9, il pousse le diaphragme, ce qui cr\u00e9e une aspiration qui tire le fluide du tambour et le transf\u00e8re vers la ligne de production. L&#8217;un des avantages des pompes \u00e0 membrane pneumatiques est leur capacit\u00e9 \u00e0 traiter des fluides abrasifs et corrosifs.<\/p>\n<p>&nbsp;<\/p>\n<p><img loading=\"lazy\" decoding=\"async\" class=\"size-large wp-image-7892\" src=\"https:\/\/industrialtransferpump.com\/wp-content\/uploads\/2023\/05\/Drum-unloading-Pumps-for-Paint-and-Polish-1024x683.jpg\" alt=\"Pompes de d\u00e9chargement de f\u00fbts pour peintures et vernis\" width=\"1024\" height=\"683\" srcset=\"https:\/\/industrialtransferpump.com\/wp-content\/uploads\/2023\/05\/Drum-unloading-Pumps-for-Paint-and-Polish-1024x683.jpg 1024w, https:\/\/industrialtransferpump.com\/wp-content\/uploads\/2023\/05\/Drum-unloading-Pumps-for-Paint-and-Polish-300x200.jpg 300w, https:\/\/industrialtransferpump.com\/wp-content\/uploads\/2023\/05\/Drum-unloading-Pumps-for-Paint-and-Polish-768x512.jpg 768w, https:\/\/industrialtransferpump.com\/wp-content\/uploads\/2023\/05\/Drum-unloading-Pumps-for-Paint-and-Polish-900x600.jpg 900w, https:\/\/industrialtransferpump.com\/wp-content\/uploads\/2023\/05\/Drum-unloading-Pumps-for-Paint-and-Polish.jpg 1200w\" sizes=\"auto, (max-width: 1024px) 100vw, 1024px\" \/>[\/vc_column_text][vc_custom_heading text=&#8221;Peinture et polissage&#8221; font_container=&#8221;tag:h3|text_align:left&#8221; use_theme_fonts=&#8221;yes&#8221; el_class=&#8221;remove_padding&#8221;][vc_column_text]Les pompes \u00e0 f\u00fbts \u00e9lectriques sont un autre type de pompe de d\u00e9chargement de f\u00fbts pour la peinture et le vernis. Ces pompes sont \u00e9quip\u00e9es d&#8217;un moteur \u00e9lectrique qui actionne une roue centrifuge. La roue tourne \u00e0 grande vitesse, cr\u00e9ant une aspiration qui tire le fluide du tambour et le transf\u00e8re vers la ligne de production. Les pompes vide-f\u00fbts \u00e9lectriques sont id\u00e9ales pour les fluides de faible \u00e0 moyenne viscosit\u00e9 et peuvent traiter une large gamme de fluides, y compris les peintures, les vernis et les encaustiques.<\/p>\n<p>Les pompes manuelles sont des pompes simples et faciles \u00e0 utiliser, id\u00e9ales pour les op\u00e9rations \u00e0 petite \u00e9chelle. Ces pompes sont con\u00e7ues avec un levier manuel qui est utilis\u00e9 pour cr\u00e9er une aspiration qui tire le fluide du f\u00fbt et le transf\u00e8re vers la ligne de production. Les pompes manuelles sont id\u00e9ales pour les fluides de faible viscosit\u00e9, elles sont rentables et faciles \u00e0 entretenir.<\/p>\n<p>En conclusion, les pompes de d\u00e9chargement de f\u00fbts de peinture et de vernis sont des \u00e9quipements essentiels dans l&#8217;industrie manufacturi\u00e8re. Ces pompes sont con\u00e7ues pour traiter des fluides \u00e0 haute viscosit\u00e9 et se pr\u00e9sentent sous diff\u00e9rentes formes, notamment des pompes \u00e0 membrane pneumatiques, des pompes \u00e0 tambour \u00e9lectriques et des pompes manuelles. Lors du choix d&#8217;une pompe de d\u00e9chargement de f\u00fbts pour la peinture et le vernis, il est important de prendre en compte des facteurs tels que le type de fluide transf\u00e9r\u00e9, la viscosit\u00e9 et le d\u00e9bit. Avec la bonne pompe de d\u00e9chargement de f\u00fbts, vous pouvez garantir une ligne de production fluide et efficace.[\/vc_column_text][vc_video link=&#8221;https:\/\/www.youtube.com\/embed\/wGZ0L-DJSpw&#8221;][vc_column_text]<\/p>\n<h3 class=\"ce_headline left small-12\">Exemples d&#8217;application<\/h3>\n<ul>\n<li>Ac\u00e9tone<\/li>\n<li>Reliure<\/li>\n<li>Couleur pour les essais de fissuration<\/li>\n<li>Enduit de dispersion<\/li>\n<li>\u00c9thanol<\/li>\n<li>Laques<\/li>\n<li>Mettylenchlorid<\/li>\n<li>Peintures<\/li>\n<li>Peintures \u00e0 base de polyester<\/li>\n<li>Encres d&#8217;imprimerie<\/li>\n<li>Solvants<\/li>\n<li>Peintures \u00e0 base de solvants<\/li>\n<li>Tolu\u00e8ne<\/li>\n<li>Peintures \u00e0 base d&#8217;eau<\/li>\n<\/ul>\n<p>[\/vc_column_text][\/vc_column][vc_column width=&#8221;1\/3&#8243;][stm_sidebar sidebar=&#8221;577&#8243;][\/vc_column][\/vc_row][vc_row][vc_column][vc_column_text][\/vc_column_text][\/vc_column][\/vc_row]<\/p>\n<\/div>","protected":false},"excerpt":{"rendered":"<p>[vc_row][vc_column width=&#8221;2\/3&#8243;][vc_custom_heading text=&#8221;Pompes de d\u00e9chargement de f\u00fbts pour peintures et vernis&#8221; font_container=&#8221;tag:h3|text_align:left&#8221; use_theme_fonts=&#8221;yes&#8221;][stm_spacing lg_spacing=&#8221;30&#8243; md_spacing=&#8221;30&#8243; sm_spacing=&#8221;30&#8243; xs_spacing=&#8221;30&#8243;][vc_column_text] Pompes de d\u00e9chargement de f\u00fbts pour peintures et vernis La peinture et le polissage sont des processus cruciaux dans l&#8217;industrie manufacturi\u00e8re. Pour garantir le bon fonctionnement de la cha\u00eene de production, il est essentiel de disposer d&#8217;un \u00e9quipement<\/p>\n","protected":false},"author":1,"featured_media":0,"parent":0,"menu_order":0,"comment_status":"closed","ping_status":"closed","template":"","meta":{"_joinchat":[],"footnotes":""},"class_list":["post-9477","page","type-page","status-publish","hentry"],"yoast_head":"<!-- This site is optimized with the Yoast SEO plugin v22.3 - https:\/\/yoast.com\/wordpress\/plugins\/seo\/ -->\n<title>Peintures et laques - Industrial Transfer Pump Manufacturer<\/title>\n<meta name=\"description\" content=\"Pompes de d\u00e9chargement de f\u00fbts pour la peinture et le polissage La peinture et le polissage sont des processus cruciaux dans l&#039;industrie manufacturi\u00e8re.\" \/>\n<meta name=\"robots\" content=\"index, follow, max-snippet:-1, max-image-preview:large, max-video-preview:-1\" \/>\n<link rel=\"canonical\" href=\"https:\/\/industrialtransferpump.com\/fr\/peintures-et-laques\/\" \/>\n<meta property=\"og:locale\" content=\"fr_FR\" \/>\n<meta property=\"og:type\" content=\"article\" \/>\n<meta property=\"og:title\" content=\"Peintures et laques - Industrial Transfer Pump Manufacturer\" \/>\n<meta property=\"og:description\" content=\"Pompes de d\u00e9chargement de f\u00fbts pour la peinture et le polissage La peinture et le polissage sont des processus cruciaux dans l&#039;industrie manufacturi\u00e8re.\" \/>\n<meta property=\"og:url\" content=\"https:\/\/industrialtransferpump.com\/fr\/peintures-et-laques\/\" \/>\n<meta property=\"og:site_name\" content=\"Industrial Transfer Pump Manufacturer\" \/>\n<meta property=\"article:modified_time\" content=\"2023-11-04T14:29:37+00:00\" \/>\n<meta property=\"og:image\" content=\"https:\/\/industrialtransferpump.com\/wp-content\/uploads\/2023\/05\/Drum-unloading-Pumps-for-Paint-and-Polish-1024x683.jpg\" \/>\n<meta name=\"twitter:card\" content=\"summary_large_image\" \/>\n<meta name=\"twitter:label1\" content=\"Dur\u00e9e de lecture estim\u00e9e\" \/>\n\t<meta name=\"twitter:data1\" content=\"4 minutes\" \/>\n<script type=\"application\/ld+json\" class=\"yoast-schema-graph\">{\"@context\":\"https:\/\/schema.org\",\"@graph\":[{\"@type\":\"WebPage\",\"@id\":\"https:\/\/industrialtransferpump.com\/fr\/peintures-et-laques\/\",\"url\":\"https:\/\/industrialtransferpump.com\/fr\/peintures-et-laques\/\",\"name\":\"Peintures et laques - Industrial Transfer Pump Manufacturer\",\"isPartOf\":{\"@id\":\"https:\/\/industrialtransferpump.com\/#website\"},\"primaryImageOfPage\":{\"@id\":\"https:\/\/industrialtransferpump.com\/fr\/peintures-et-laques\/#primaryimage\"},\"image\":{\"@id\":\"https:\/\/industrialtransferpump.com\/fr\/peintures-et-laques\/#primaryimage\"},\"thumbnailUrl\":\"https:\/\/industrialtransferpump.com\/wp-content\/uploads\/2023\/05\/Drum-unloading-Pumps-for-Paint-and-Polish-1024x683.jpg\",\"datePublished\":\"2023-04-10T23:30:22+00:00\",\"dateModified\":\"2023-11-04T14:29:37+00:00\",\"description\":\"Pompes de d\u00e9chargement de f\u00fbts pour la peinture et le polissage La peinture et le polissage sont des processus cruciaux dans l'industrie manufacturi\u00e8re.\",\"breadcrumb\":{\"@id\":\"https:\/\/industrialtransferpump.com\/fr\/peintures-et-laques\/#breadcrumb\"},\"inLanguage\":\"fr-FR\",\"potentialAction\":[{\"@type\":\"ReadAction\",\"target\":[\"https:\/\/industrialtransferpump.com\/fr\/peintures-et-laques\/\"]}]},{\"@type\":\"ImageObject\",\"inLanguage\":\"fr-FR\",\"@id\":\"https:\/\/industrialtransferpump.com\/fr\/peintures-et-laques\/#primaryimage\",\"url\":\"https:\/\/industrialtransferpump.com\/wp-content\/uploads\/2023\/05\/Drum-unloading-Pumps-for-Paint-and-Polish.jpg\",\"contentUrl\":\"https:\/\/industrialtransferpump.com\/wp-content\/uploads\/2023\/05\/Drum-unloading-Pumps-for-Paint-and-Polish.jpg\",\"width\":1200,\"height\":800,\"caption\":\"Drum unloading Pumps for Paint and Polish\"},{\"@type\":\"BreadcrumbList\",\"@id\":\"https:\/\/industrialtransferpump.com\/fr\/peintures-et-laques\/#breadcrumb\",\"itemListElement\":[{\"@type\":\"ListItem\",\"position\":1,\"name\":\"Home\",\"item\":\"https:\/\/industrialtransferpump.com\/fr\/accueil\/\"},{\"@type\":\"ListItem\",\"position\":2,\"name\":\"Peintures et laques\"}]},{\"@type\":\"WebSite\",\"@id\":\"https:\/\/industrialtransferpump.com\/#website\",\"url\":\"https:\/\/industrialtransferpump.com\/\",\"name\":\"Drum Emptying System & Barrel Unloading System\",\"description\":\"Industrial Transfer Pump\",\"publisher\":{\"@id\":\"https:\/\/industrialtransferpump.com\/#organization\"},\"potentialAction\":[{\"@type\":\"SearchAction\",\"target\":{\"@type\":\"EntryPoint\",\"urlTemplate\":\"https:\/\/industrialtransferpump.com\/?s={search_term_string}\"},\"query-input\":\"required name=search_term_string\"}],\"inLanguage\":\"fr-FR\"},{\"@type\":\"Organization\",\"@id\":\"https:\/\/industrialtransferpump.com\/#organization\",\"name\":\"Barrel Pump Trasferring Systems\",\"url\":\"https:\/\/industrialtransferpump.com\/\",\"logo\":{\"@type\":\"ImageObject\",\"inLanguage\":\"fr-FR\",\"@id\":\"https:\/\/industrialtransferpump.com\/#\/schema\/logo\/image\/\",\"url\":\"https:\/\/industrialtransferpump.com\/wp-content\/uploads\/2021\/03\/Logo.png\",\"contentUrl\":\"https:\/\/industrialtransferpump.com\/wp-content\/uploads\/2021\/03\/Logo.png\",\"width\":6617,\"height\":4077,\"caption\":\"Barrel Pump Trasferring Systems\"},\"image\":{\"@id\":\"https:\/\/industrialtransferpump.com\/#\/schema\/logo\/image\/\"}}]}<\/script>\n<!-- \/ Yoast SEO plugin. -->","yoast_head_json":{"title":"Peintures et laques - Industrial Transfer Pump Manufacturer","description":"Pompes de d\u00e9chargement de f\u00fbts pour la peinture et le polissage La peinture et le polissage sont des processus cruciaux dans l'industrie manufacturi\u00e8re.","robots":{"index":"index","follow":"follow","max-snippet":"max-snippet:-1","max-image-preview":"max-image-preview:large","max-video-preview":"max-video-preview:-1"},"canonical":"https:\/\/industrialtransferpump.com\/fr\/peintures-et-laques\/","og_locale":"fr_FR","og_type":"article","og_title":"Peintures et laques - Industrial Transfer Pump Manufacturer","og_description":"Pompes de d\u00e9chargement de f\u00fbts pour la peinture et le polissage La peinture et le polissage sont des processus cruciaux dans l'industrie manufacturi\u00e8re.","og_url":"https:\/\/industrialtransferpump.com\/fr\/peintures-et-laques\/","og_site_name":"Industrial Transfer Pump Manufacturer","article_modified_time":"2023-11-04T14:29:37+00:00","og_image":[{"url":"https:\/\/industrialtransferpump.com\/wp-content\/uploads\/2023\/05\/Drum-unloading-Pumps-for-Paint-and-Polish-1024x683.jpg"}],"twitter_card":"summary_large_image","twitter_misc":{"Dur\u00e9e de lecture estim\u00e9e":"4 minutes"},"schema":{"@context":"https:\/\/schema.org","@graph":[{"@type":"WebPage","@id":"https:\/\/industrialtransferpump.com\/fr\/peintures-et-laques\/","url":"https:\/\/industrialtransferpump.com\/fr\/peintures-et-laques\/","name":"Peintures et laques - Industrial Transfer Pump Manufacturer","isPartOf":{"@id":"https:\/\/industrialtransferpump.com\/#website"},"primaryImageOfPage":{"@id":"https:\/\/industrialtransferpump.com\/fr\/peintures-et-laques\/#primaryimage"},"image":{"@id":"https:\/\/industrialtransferpump.com\/fr\/peintures-et-laques\/#primaryimage"},"thumbnailUrl":"https:\/\/industrialtransferpump.com\/wp-content\/uploads\/2023\/05\/Drum-unloading-Pumps-for-Paint-and-Polish-1024x683.jpg","datePublished":"2023-04-10T23:30:22+00:00","dateModified":"2023-11-04T14:29:37+00:00","description":"Pompes de d\u00e9chargement de f\u00fbts pour la peinture et le polissage La peinture et le polissage sont des processus cruciaux dans l'industrie manufacturi\u00e8re.","breadcrumb":{"@id":"https:\/\/industrialtransferpump.com\/fr\/peintures-et-laques\/#breadcrumb"},"inLanguage":"fr-FR","potentialAction":[{"@type":"ReadAction","target":["https:\/\/industrialtransferpump.com\/fr\/peintures-et-laques\/"]}]},{"@type":"ImageObject","inLanguage":"fr-FR","@id":"https:\/\/industrialtransferpump.com\/fr\/peintures-et-laques\/#primaryimage","url":"https:\/\/industrialtransferpump.com\/wp-content\/uploads\/2023\/05\/Drum-unloading-Pumps-for-Paint-and-Polish.jpg","contentUrl":"https:\/\/industrialtransferpump.com\/wp-content\/uploads\/2023\/05\/Drum-unloading-Pumps-for-Paint-and-Polish.jpg","width":1200,"height":800,"caption":"Drum unloading Pumps for Paint and Polish"},{"@type":"BreadcrumbList","@id":"https:\/\/industrialtransferpump.com\/fr\/peintures-et-laques\/#breadcrumb","itemListElement":[{"@type":"ListItem","position":1,"name":"Home","item":"https:\/\/industrialtransferpump.com\/fr\/accueil\/"},{"@type":"ListItem","position":2,"name":"Peintures et laques"}]},{"@type":"WebSite","@id":"https:\/\/industrialtransferpump.com\/#website","url":"https:\/\/industrialtransferpump.com\/","name":"Drum Emptying System & Barrel Unloading System","description":"Industrial Transfer Pump","publisher":{"@id":"https:\/\/industrialtransferpump.com\/#organization"},"potentialAction":[{"@type":"SearchAction","target":{"@type":"EntryPoint","urlTemplate":"https:\/\/industrialtransferpump.com\/?s={search_term_string}"},"query-input":"required name=search_term_string"}],"inLanguage":"fr-FR"},{"@type":"Organization","@id":"https:\/\/industrialtransferpump.com\/#organization","name":"Barrel Pump Trasferring Systems","url":"https:\/\/industrialtransferpump.com\/","logo":{"@type":"ImageObject","inLanguage":"fr-FR","@id":"https:\/\/industrialtransferpump.com\/#\/schema\/logo\/image\/","url":"https:\/\/industrialtransferpump.com\/wp-content\/uploads\/2021\/03\/Logo.png","contentUrl":"https:\/\/industrialtransferpump.com\/wp-content\/uploads\/2021\/03\/Logo.png","width":6617,"height":4077,"caption":"Barrel Pump Trasferring Systems"},"image":{"@id":"https:\/\/industrialtransferpump.com\/#\/schema\/logo\/image\/"}}]}},"_links":{"self":[{"href":"https:\/\/industrialtransferpump.com\/fr\/wp-json\/wp\/v2\/pages\/9477","targetHints":{"allow":["GET"]}}],"collection":[{"href":"https:\/\/industrialtransferpump.com\/fr\/wp-json\/wp\/v2\/pages"}],"about":[{"href":"https:\/\/industrialtransferpump.com\/fr\/wp-json\/wp\/v2\/types\/page"}],"author":[{"embeddable":true,"href":"https:\/\/industrialtransferpump.com\/fr\/wp-json\/wp\/v2\/users\/1"}],"replies":[{"embeddable":true,"href":"https:\/\/industrialtransferpump.com\/fr\/wp-json\/wp\/v2\/comments?post=9477"}],"version-history":[{"count":2,"href":"https:\/\/industrialtransferpump.com\/fr\/wp-json\/wp\/v2\/pages\/9477\/revisions"}],"predecessor-version":[{"id":9480,"href":"https:\/\/industrialtransferpump.com\/fr\/wp-json\/wp\/v2\/pages\/9477\/revisions\/9480"}],"wp:attachment":[{"href":"https:\/\/industrialtransferpump.com\/fr\/wp-json\/wp\/v2\/media?parent=9477"}],"curies":[{"name":"wp","href":"https:\/\/api.w.org\/{rel}","templated":true}]}}