{"id":9482,"date":"2023-04-10T23:24:41","date_gmt":"2023-04-10T23:24:41","guid":{"rendered":"https:\/\/industrialtransferpump.com\/chimie\/"},"modified":"2023-11-04T14:29:41","modified_gmt":"2023-11-04T14:29:41","slug":"chimie","status":"publish","type":"page","link":"https:\/\/industrialtransferpump.com\/fr\/chimie\/","title":{"rendered":"Chimie"},"content":{"rendered":"<div class=\"wpb-content-wrapper\"><p>[vc_row][vc_column width=&#8221;2\/3&#8243;][vc_custom_heading text=&#8221;Pompes pour le secteur chimique&#8221; use_theme_fonts=&#8221;yes&#8221;][stm_spacing lg_spacing=&#8221;30&#8243; md_spacing=&#8221;30&#8243; sm_spacing=&#8221;30&#8243; xs_spacing=&#8221;30&#8243;][vc_column_text]<img loading=\"lazy\" decoding=\"async\" class=\"alignnone size-full wp-image-6955\" src=\"https:\/\/industrialtransferpump.com\/wp-content\/uploads\/2021\/09\/Industrial-Drum-Pumps-Usage-Areas.jpg\" alt=\"Les pompes \u00e0 vide de l'UE sont en place depuis plus d'un an\" width=\"1000\" height=\"711\" srcset=\"https:\/\/industrialtransferpump.com\/wp-content\/uploads\/2021\/09\/Industrial-Drum-Pumps-Usage-Areas.jpg 1000w, https:\/\/industrialtransferpump.com\/wp-content\/uploads\/2021\/09\/Industrial-Drum-Pumps-Usage-Areas-300x213.jpg 300w, https:\/\/industrialtransferpump.com\/wp-content\/uploads\/2021\/09\/Industrial-Drum-Pumps-Usage-Areas-768x546.jpg 768w, https:\/\/industrialtransferpump.com\/wp-content\/uploads\/2021\/09\/Industrial-Drum-Pumps-Usage-Areas-350x250.jpg 350w, https:\/\/industrialtransferpump.com\/wp-content\/uploads\/2021\/09\/Industrial-Drum-Pumps-Usage-Areas-255x182.jpg 255w, https:\/\/industrialtransferpump.com\/wp-content\/uploads\/2021\/09\/Industrial-Drum-Pumps-Usage-Areas-900x640.jpg 900w\" sizes=\"auto, (max-width: 1000px) 100vw, 1000px\" \/>La vidange des f\u00fbts de d\u00e9sinfectant est une autre application des syst\u00e8mes et pompes de vidange de f\u00fbts. Les d\u00e9sinfectants sont largement utilis\u00e9s dans les \u00e9tablissements de sant\u00e9, la production alimentaire et d&#8217;autres industries pour pr\u00e9venir la propagation des infections. Ces syst\u00e8mes facilitent et s\u00e9curisent le transfert des d\u00e9sinfectants des f\u00fbts vers d&#8217;autres conteneurs, en garantissant que le processus se d\u00e9roule correctement et sans risque de contamination.<\/p>\n<p>La vidange de produits de nettoyage et la vidange par pompe de f\u00fbts remplis de produits de nettoyage sont d&#8217;autres applications courantes des syst\u00e8mes de vidange de f\u00fbts et des pompes. Ils sont utilis\u00e9s dans divers secteurs, notamment l&#8217;h\u00f4tellerie, les soins de sant\u00e9 et la fabrication, pour garantir que les produits de nettoyage sont distribu\u00e9s avec pr\u00e9cision et efficacit\u00e9.<\/p>\n<p>La vidange de la mousse des pompiers, la vidange de l&#8217;ammoniac, la vidange de la colle et la vidange de la mousse de silicone sont d&#8217;autres applications des syst\u00e8mes et des pompes de vidange des f\u00fbts. Ces syst\u00e8mes sont con\u00e7us pour traiter une large gamme de fluides, y compris ceux \u00e0 haute viscosit\u00e9 et les mat\u00e9riaux abrasifs, en veillant \u00e0 ce qu&#8217;ils soient distribu\u00e9s avec pr\u00e9cision et en toute s\u00e9curit\u00e9.<\/p>\n<p>En conclusion, l&#8217;utilisation de <a href=\"https:\/\/industrialtransferpump.com\/unloading-barrel-system-technical\/\">syst\u00e8mes de d\u00e9charge de f\u00fbts<\/a> et de pompes est devenue de plus en plus populaire dans le domaine de la chimie. Ils sont utilis\u00e9s dans diverses applications, notamment l&#8217;agriculture, la vidange des graisses, la vidange des p\u00e2tes de silicone, la vidange des bidons de d\u00e9sinfectant, la vidange des produits de nettoyage, et bien d&#8217;autres encore. Ces syst\u00e8mes sont con\u00e7us pour traiter une large gamme de fluides, ce qui facilite et s\u00e9curise leur manipulation et leur transfert. Ils sont \u00e9galement efficaces et pr\u00e9cis, garantissant que le processus est effectu\u00e9 correctement et sans risque de contamination.[\/vc_column_text][vc_custom_heading text=&#8221;Syst\u00e8me de vidange de f\u00fbts dans les produits chimiques&#8221; font_container=&#8221;tag:h4|text_align:left&#8221; use_theme_fonts=&#8221;yes&#8221; el_class=&#8221;remove_padding&#8221;][vc_column_text]<strong>Syst\u00e8me de vidange de f\u00fbts dans les produits chimiques<\/strong> Dans le domaine de la chimie, l&#8217;utilisation de syst\u00e8mes ou de pompes de vidange de f\u00fbts est devenue de plus en plus courante pour diverses applications, telles que l&#8217;agriculture, la vidange de graisses, la vidange de p\u00e2tes de silicone, la vidange de f\u00fbts de d\u00e9sinfectants, la vidange de produits de nettoyage, et bien d&#8217;autres encore. Ces syst\u00e8mes sont con\u00e7us pour traiter une large gamme de fluides, y compris ceux \u00e0 haute viscosit\u00e9 et les mat\u00e9riaux abrasifs.<\/p>\n<p>L&#8217;agriculture est un secteur qui d\u00e9pend fortement des syst\u00e8mes de d\u00e9charge et des pompes \u00e0 tambour. Ils sont utilis\u00e9s pour manipuler les engrais, les pesticides et d&#8217;autres produits chimiques essentiels \u00e0 la production agricole. Ces syst\u00e8mes sont con\u00e7us pour traiter de grands volumes de fluides et les acheminer avec pr\u00e9cision vers les champs. Les agriculteurs peuvent ainsi appliquer plus facilement et plus rapidement des produits chimiques sur leurs cultures, ce qui am\u00e9liore le rendement et la qualit\u00e9 des produits.<\/p>\n<p>La vidange des f\u00fbts de graisse est une autre application courante des syst\u00e8mes et pompes de vidange de f\u00fbts. La graisse est couramment utilis\u00e9e dans diverses industries, notamment l&#8217;automobile, l&#8217;industrie manufacturi\u00e8re et la production alimentaire. Lorsqu&#8217;un f\u00fbt de graisse est vid\u00e9, il est essentiel de le vider compl\u00e8tement pour \u00e9viter toute contamination. L&#8217;utilisation d&#8217;un syst\u00e8me de d\u00e9charge de tambour ou d&#8217;une pompe rend ce processus plus facile et plus efficace.<\/p>\n<p>Les syst\u00e8mes et les pompes de vidange de f\u00fbts sont \u00e9galement utilis\u00e9s pour la vidange des p\u00e2tes et des f\u00fbts en silicone. La silicone est couramment utilis\u00e9e dans la production de divers produits, notamment les dispositifs m\u00e9dicaux, l&#8217;\u00e9lectronique et les mat\u00e9riaux de construction. Ces syst\u00e8mes facilitent la manipulation et le transfert du silicone d&#8217;un f\u00fbt \u00e0 l&#8217;autre, garantissant ainsi la s\u00e9curit\u00e9 et la pr\u00e9cision du processus.<\/p>\n<p><img loading=\"lazy\" decoding=\"async\" class=\"alignnone size-full wp-image-7771\" src=\"https:\/\/industrialtransferpump.com\/wp-content\/uploads\/2023\/04\/httpsindustrialtransferpump.comunloading-barrel-system-technical.jpg\" alt=\"\" width=\"800\" height=\"444\" srcset=\"https:\/\/industrialtransferpump.com\/wp-content\/uploads\/2023\/04\/httpsindustrialtransferpump.comunloading-barrel-system-technical.jpg 800w, https:\/\/industrialtransferpump.com\/wp-content\/uploads\/2023\/04\/httpsindustrialtransferpump.comunloading-barrel-system-technical-300x167.jpg 300w, https:\/\/industrialtransferpump.com\/wp-content\/uploads\/2023\/04\/httpsindustrialtransferpump.comunloading-barrel-system-technical-768x426.jpg 768w, https:\/\/industrialtransferpump.com\/wp-content\/uploads\/2023\/04\/httpsindustrialtransferpump.comunloading-barrel-system-technical-350x195.jpg 350w\" sizes=\"auto, (max-width: 800px) 100vw, 800px\" \/><span style=\"vertical-align: inherit;\"><span style=\"vertical-align: inherit;\"><span style=\"vertical-align: inherit;\"><span style=\"vertical-align: inherit;\"><span style=\"vertical-align: inherit;\"><span style=\"vertical-align: inherit;\">[\/vc_column_text][\/vc_column][vc_column width=&#8221;1\/3&#8243;][stm_sidebar sidebar=&#8221;577&#8243;][\/vc_column][\/vc_row][vc_row][vc_column][vc_column_text][\/vc_column_text][\/vc_column][\/vc_row]<\/span><\/span><\/span><\/span><\/span><\/span><\/p>\n<\/div>","protected":false},"excerpt":{"rendered":"<p>[vc_row][vc_column width=&#8221;2\/3&#8243;][vc_custom_heading text=&#8221;Pompes pour le secteur chimique&#8221; use_theme_fonts=&#8221;yes&#8221;][stm_spacing lg_spacing=&#8221;30&#8243; md_spacing=&#8221;30&#8243; sm_spacing=&#8221;30&#8243; xs_spacing=&#8221;30&#8243;][vc_column_text]La vidange des f\u00fbts de d\u00e9sinfectant est une autre application des syst\u00e8mes et pompes de vidange de f\u00fbts. Les d\u00e9sinfectants sont largement utilis\u00e9s dans les \u00e9tablissements de sant\u00e9, la production alimentaire et d&#8217;autres industries pour pr\u00e9venir la propagation des infections. Ces syst\u00e8mes facilitent et<\/p>\n","protected":false},"author":1,"featured_media":0,"parent":0,"menu_order":0,"comment_status":"closed","ping_status":"closed","template":"","meta":{"_joinchat":[],"footnotes":""},"class_list":["post-9482","page","type-page","status-publish","hentry"],"yoast_head":"<!-- This site is optimized with the Yoast SEO plugin v22.3 - https:\/\/yoast.com\/wordpress\/plugins\/seo\/ -->\n<title>Syst\u00e8me de vidange de f\u00fbts dans les produits chimiques<\/title>\n<meta name=\"description\" content=\"Syst\u00e8me de vidange de f\u00fbts dans les produits chimiques, exemples d&#039;application Pompe hydraulique de d\u00e9chargement de f\u00fbts Syst\u00e8me de vidange de f\u00fbts hydraulique\" \/>\n<meta name=\"robots\" content=\"index, follow, max-snippet:-1, max-image-preview:large, max-video-preview:-1\" \/>\n<link rel=\"canonical\" href=\"https:\/\/industrialtransferpump.com\/fr\/chimie\/\" \/>\n<meta property=\"og:locale\" content=\"fr_FR\" \/>\n<meta property=\"og:type\" content=\"article\" \/>\n<meta property=\"og:title\" content=\"Syst\u00e8me de vidange de f\u00fbts dans les produits chimiques\" \/>\n<meta property=\"og:description\" content=\"Syst\u00e8me de vidange de f\u00fbts dans les produits chimiques, exemples d&#039;application Pompe hydraulique de d\u00e9chargement de f\u00fbts Syst\u00e8me de vidange de f\u00fbts hydraulique\" \/>\n<meta property=\"og:url\" content=\"https:\/\/industrialtransferpump.com\/fr\/chimie\/\" \/>\n<meta property=\"og:site_name\" content=\"Industrial Transfer Pump Manufacturer\" \/>\n<meta property=\"article:modified_time\" content=\"2023-11-04T14:29:41+00:00\" \/>\n<meta property=\"og:image\" content=\"https:\/\/industrialtransferpump.com\/wp-content\/uploads\/2021\/09\/Industrial-Drum-Pumps-Usage-Areas.jpg\" \/>\n<meta name=\"twitter:card\" content=\"summary_large_image\" \/>\n<meta name=\"twitter:label1\" content=\"Dur\u00e9e de lecture estim\u00e9e\" \/>\n\t<meta name=\"twitter:data1\" content=\"4 minutes\" \/>\n<script type=\"application\/ld+json\" class=\"yoast-schema-graph\">{\"@context\":\"https:\/\/schema.org\",\"@graph\":[{\"@type\":\"WebPage\",\"@id\":\"https:\/\/industrialtransferpump.com\/fr\/chimie\/\",\"url\":\"https:\/\/industrialtransferpump.com\/fr\/chimie\/\",\"name\":\"Syst\u00e8me de vidange de f\u00fbts dans les produits chimiques\",\"isPartOf\":{\"@id\":\"https:\/\/industrialtransferpump.com\/#website\"},\"primaryImageOfPage\":{\"@id\":\"https:\/\/industrialtransferpump.com\/fr\/chimie\/#primaryimage\"},\"image\":{\"@id\":\"https:\/\/industrialtransferpump.com\/fr\/chimie\/#primaryimage\"},\"thumbnailUrl\":\"https:\/\/industrialtransferpump.com\/wp-content\/uploads\/2021\/09\/Industrial-Drum-Pumps-Usage-Areas.jpg\",\"datePublished\":\"2023-04-10T23:24:41+00:00\",\"dateModified\":\"2023-11-04T14:29:41+00:00\",\"description\":\"Syst\u00e8me de vidange de f\u00fbts dans les produits chimiques, exemples d'application Pompe hydraulique de d\u00e9chargement de f\u00fbts Syst\u00e8me de vidange de f\u00fbts hydraulique\",\"breadcrumb\":{\"@id\":\"https:\/\/industrialtransferpump.com\/fr\/chimie\/#breadcrumb\"},\"inLanguage\":\"fr-FR\",\"potentialAction\":[{\"@type\":\"ReadAction\",\"target\":[\"https:\/\/industrialtransferpump.com\/fr\/chimie\/\"]}]},{\"@type\":\"ImageObject\",\"inLanguage\":\"fr-FR\",\"@id\":\"https:\/\/industrialtransferpump.com\/fr\/chimie\/#primaryimage\",\"url\":\"https:\/\/industrialtransferpump.com\/wp-content\/uploads\/2021\/09\/Industrial-Drum-Pumps-Usage-Areas.jpg\",\"contentUrl\":\"https:\/\/industrialtransferpump.com\/wp-content\/uploads\/2021\/09\/Industrial-Drum-Pumps-Usage-Areas.jpg\",\"width\":1000,\"height\":711,\"caption\":\"Industrial Drum Pumps Usage Areas\"},{\"@type\":\"BreadcrumbList\",\"@id\":\"https:\/\/industrialtransferpump.com\/fr\/chimie\/#breadcrumb\",\"itemListElement\":[{\"@type\":\"ListItem\",\"position\":1,\"name\":\"Home\",\"item\":\"https:\/\/industrialtransferpump.com\/fr\/accueil\/\"},{\"@type\":\"ListItem\",\"position\":2,\"name\":\"Chimie\"}]},{\"@type\":\"WebSite\",\"@id\":\"https:\/\/industrialtransferpump.com\/#website\",\"url\":\"https:\/\/industrialtransferpump.com\/\",\"name\":\"Drum Emptying System & Barrel Unloading System\",\"description\":\"Industrial Transfer Pump\",\"publisher\":{\"@id\":\"https:\/\/industrialtransferpump.com\/#organization\"},\"potentialAction\":[{\"@type\":\"SearchAction\",\"target\":{\"@type\":\"EntryPoint\",\"urlTemplate\":\"https:\/\/industrialtransferpump.com\/?s={search_term_string}\"},\"query-input\":\"required name=search_term_string\"}],\"inLanguage\":\"fr-FR\"},{\"@type\":\"Organization\",\"@id\":\"https:\/\/industrialtransferpump.com\/#organization\",\"name\":\"Barrel Pump Trasferring Systems\",\"url\":\"https:\/\/industrialtransferpump.com\/\",\"logo\":{\"@type\":\"ImageObject\",\"inLanguage\":\"fr-FR\",\"@id\":\"https:\/\/industrialtransferpump.com\/#\/schema\/logo\/image\/\",\"url\":\"https:\/\/industrialtransferpump.com\/wp-content\/uploads\/2021\/03\/Logo.png\",\"contentUrl\":\"https:\/\/industrialtransferpump.com\/wp-content\/uploads\/2021\/03\/Logo.png\",\"width\":6617,\"height\":4077,\"caption\":\"Barrel Pump Trasferring Systems\"},\"image\":{\"@id\":\"https:\/\/industrialtransferpump.com\/#\/schema\/logo\/image\/\"}}]}<\/script>\n<!-- \/ Yoast SEO plugin. -->","yoast_head_json":{"title":"Syst\u00e8me de vidange de f\u00fbts dans les produits chimiques","description":"Syst\u00e8me de vidange de f\u00fbts dans les produits chimiques, exemples d'application Pompe hydraulique de d\u00e9chargement de f\u00fbts Syst\u00e8me de vidange de f\u00fbts hydraulique","robots":{"index":"index","follow":"follow","max-snippet":"max-snippet:-1","max-image-preview":"max-image-preview:large","max-video-preview":"max-video-preview:-1"},"canonical":"https:\/\/industrialtransferpump.com\/fr\/chimie\/","og_locale":"fr_FR","og_type":"article","og_title":"Syst\u00e8me de vidange de f\u00fbts dans les produits chimiques","og_description":"Syst\u00e8me de vidange de f\u00fbts dans les produits chimiques, exemples d'application Pompe hydraulique de d\u00e9chargement de f\u00fbts Syst\u00e8me de vidange de f\u00fbts hydraulique","og_url":"https:\/\/industrialtransferpump.com\/fr\/chimie\/","og_site_name":"Industrial Transfer Pump Manufacturer","article_modified_time":"2023-11-04T14:29:41+00:00","og_image":[{"url":"https:\/\/industrialtransferpump.com\/wp-content\/uploads\/2021\/09\/Industrial-Drum-Pumps-Usage-Areas.jpg"}],"twitter_card":"summary_large_image","twitter_misc":{"Dur\u00e9e de lecture estim\u00e9e":"4 minutes"},"schema":{"@context":"https:\/\/schema.org","@graph":[{"@type":"WebPage","@id":"https:\/\/industrialtransferpump.com\/fr\/chimie\/","url":"https:\/\/industrialtransferpump.com\/fr\/chimie\/","name":"Syst\u00e8me de vidange de f\u00fbts dans les produits chimiques","isPartOf":{"@id":"https:\/\/industrialtransferpump.com\/#website"},"primaryImageOfPage":{"@id":"https:\/\/industrialtransferpump.com\/fr\/chimie\/#primaryimage"},"image":{"@id":"https:\/\/industrialtransferpump.com\/fr\/chimie\/#primaryimage"},"thumbnailUrl":"https:\/\/industrialtransferpump.com\/wp-content\/uploads\/2021\/09\/Industrial-Drum-Pumps-Usage-Areas.jpg","datePublished":"2023-04-10T23:24:41+00:00","dateModified":"2023-11-04T14:29:41+00:00","description":"Syst\u00e8me de vidange de f\u00fbts dans les produits chimiques, exemples d'application Pompe hydraulique de d\u00e9chargement de f\u00fbts Syst\u00e8me de vidange de f\u00fbts hydraulique","breadcrumb":{"@id":"https:\/\/industrialtransferpump.com\/fr\/chimie\/#breadcrumb"},"inLanguage":"fr-FR","potentialAction":[{"@type":"ReadAction","target":["https:\/\/industrialtransferpump.com\/fr\/chimie\/"]}]},{"@type":"ImageObject","inLanguage":"fr-FR","@id":"https:\/\/industrialtransferpump.com\/fr\/chimie\/#primaryimage","url":"https:\/\/industrialtransferpump.com\/wp-content\/uploads\/2021\/09\/Industrial-Drum-Pumps-Usage-Areas.jpg","contentUrl":"https:\/\/industrialtransferpump.com\/wp-content\/uploads\/2021\/09\/Industrial-Drum-Pumps-Usage-Areas.jpg","width":1000,"height":711,"caption":"Industrial Drum Pumps Usage Areas"},{"@type":"BreadcrumbList","@id":"https:\/\/industrialtransferpump.com\/fr\/chimie\/#breadcrumb","itemListElement":[{"@type":"ListItem","position":1,"name":"Home","item":"https:\/\/industrialtransferpump.com\/fr\/accueil\/"},{"@type":"ListItem","position":2,"name":"Chimie"}]},{"@type":"WebSite","@id":"https:\/\/industrialtransferpump.com\/#website","url":"https:\/\/industrialtransferpump.com\/","name":"Drum Emptying System & Barrel Unloading System","description":"Industrial Transfer Pump","publisher":{"@id":"https:\/\/industrialtransferpump.com\/#organization"},"potentialAction":[{"@type":"SearchAction","target":{"@type":"EntryPoint","urlTemplate":"https:\/\/industrialtransferpump.com\/?s={search_term_string}"},"query-input":"required name=search_term_string"}],"inLanguage":"fr-FR"},{"@type":"Organization","@id":"https:\/\/industrialtransferpump.com\/#organization","name":"Barrel Pump Trasferring Systems","url":"https:\/\/industrialtransferpump.com\/","logo":{"@type":"ImageObject","inLanguage":"fr-FR","@id":"https:\/\/industrialtransferpump.com\/#\/schema\/logo\/image\/","url":"https:\/\/industrialtransferpump.com\/wp-content\/uploads\/2021\/03\/Logo.png","contentUrl":"https:\/\/industrialtransferpump.com\/wp-content\/uploads\/2021\/03\/Logo.png","width":6617,"height":4077,"caption":"Barrel Pump Trasferring Systems"},"image":{"@id":"https:\/\/industrialtransferpump.com\/#\/schema\/logo\/image\/"}}]}},"_links":{"self":[{"href":"https:\/\/industrialtransferpump.com\/fr\/wp-json\/wp\/v2\/pages\/9482","targetHints":{"allow":["GET"]}}],"collection":[{"href":"https:\/\/industrialtransferpump.com\/fr\/wp-json\/wp\/v2\/pages"}],"about":[{"href":"https:\/\/industrialtransferpump.com\/fr\/wp-json\/wp\/v2\/types\/page"}],"author":[{"embeddable":true,"href":"https:\/\/industrialtransferpump.com\/fr\/wp-json\/wp\/v2\/users\/1"}],"replies":[{"embeddable":true,"href":"https:\/\/industrialtransferpump.com\/fr\/wp-json\/wp\/v2\/comments?post=9482"}],"version-history":[{"count":2,"href":"https:\/\/industrialtransferpump.com\/fr\/wp-json\/wp\/v2\/pages\/9482\/revisions"}],"predecessor-version":[{"id":9491,"href":"https:\/\/industrialtransferpump.com\/fr\/wp-json\/wp\/v2\/pages\/9482\/revisions\/9491"}],"wp:attachment":[{"href":"https:\/\/industrialtransferpump.com\/fr\/wp-json\/wp\/v2\/media?parent=9482"}],"curies":[{"name":"wp","href":"https:\/\/api.w.org\/{rel}","templated":true}]}}