{"id":9484,"date":"2023-04-10T23:29:00","date_gmt":"2023-04-10T23:29:00","guid":{"rendered":"https:\/\/industrialtransferpump.com\/industrie-pompe-de-vidange-de-graisse-a-baril\/"},"modified":"2023-11-04T14:29:41","modified_gmt":"2023-11-04T14:29:41","slug":"industrie-pompe-de-vidange-de-graisse-a-baril","status":"publish","type":"page","link":"https:\/\/industrialtransferpump.com\/fr\/industrie-pompe-de-vidange-de-graisse-a-baril\/","title":{"rendered":"Industrie &#8211; Pompe de vidange de graisse \u00e0 baril"},"content":{"rendered":"<div class=\"wpb-content-wrapper\"><p>[vc_row][vc_column width=&#8221;2\/3&#8243;][vc_custom_heading text=&#8221;Pompes de d\u00e9chargement de f\u00fbts pour le secteur de l&apos;industrie&#8221; font_container=&#8221;tag:h1|text_align:left&#8221; use_theme_fonts=&#8221;yes&#8221;][stm_spacing lg_spacing=&#8221;30&#8243; md_spacing=&#8221;30&#8243; sm_spacing=&#8221;30&#8243; xs_spacing=&#8221;30&#8243;][vc_column_text]<strong>Pompe d&#8217;\u00e9vacuation de la graisse du f\u00fbt<\/strong><\/p>\n<p>Pompes de transfert de graisse pour f\u00fbts : Solutions efficaces et fiables pour le d\u00e9chargement de la graisse des f\u00fbts<\/p>\n<p>Les pompes de d\u00e9chargement de graisse en f\u00fbt, \u00e9galement connues sous le nom de pompes de transfert de graisse en f\u00fbt, sont un outil essentiel pour le processus de transfert de graisse dans de nombreuses industries. Ces pompes sont sp\u00e9cialement con\u00e7ues pour d\u00e9charger efficacement et de mani\u00e8re fiable les graisses des f\u00fbts ou autres conteneurs et les transf\u00e9rer vers les \u00e9quipements de traitement ou de stockage. Dans cet article, nous examinerons l&#8217;importance des pompes de d\u00e9chargement de graisse de baril, leurs avantages et la mani\u00e8re dont elles peuvent \u00eatre utilis\u00e9es dans diverses industries.<\/p>\n<p>Qu&#8217;est-ce qu&#8217;une <a href=\"https:\/\/industrialtransferpump.com\/how-to-use-unloading-barrel-system\/\">pompe de vidange de graisse<\/a>?<\/p>\n<p>Les pompes de d\u00e9chargement de graisse en tonneau sont des pompes sp\u00e9cialis\u00e9es con\u00e7ues pour <em>d\u00e9charger la graisse<\/em> des tonneaux ou d&#8217;autres conteneurs et la transf\u00e9rer vers des \u00e9quipements de traitement ou de stockage. Ils sont g\u00e9n\u00e9ralement fabriqu\u00e9s dans des mat\u00e9riaux tels que l&#8217;acier inoxydable ou l&#8217;aluminium, qui sont r\u00e9sistants \u00e0 la corrosion et peuvent supporter la viscosit\u00e9 \u00e9lev\u00e9e de la graisse. Les pompes de d\u00e9chargement de graisse en f\u00fbt sont disponibles dans une vari\u00e9t\u00e9 de tailles et de styles, et peuvent \u00eatre aliment\u00e9es par des moteurs \u00e9lectriques, des compresseurs d&#8217;air ou des syst\u00e8mes hydrauliques.<\/p>\n<p><img loading=\"lazy\" decoding=\"async\" class=\" wp-image-7870\" src=\"https:\/\/industrialtransferpump.com\/wp-content\/uploads\/2023\/05\/Barrel-grease-unloding-pump.jpg\" alt=\"Pompes de d\u00e9chargement de graisse pour f\u00fbts\" width=\"970\" height=\"814\"><\/p>\n<p>Avantages des pompes de transfert de graisse pour f\u00fbts<\/p>\n<p>L&#8217;utilisation de pompes de d\u00e9chargement de graisse dans diverses industries pr\u00e9sente plusieurs avantages. Tout d&#8217;abord, ils sont con\u00e7us pour traiter des mat\u00e9riaux \u00e0 haute viscosit\u00e9, ce qui les rend id\u00e9aux pour le d\u00e9chargement de graisses. Deuxi\u00e8mement, ils sont con\u00e7us pour un d\u00e9chargement efficace, ce qui permet de gagner du temps et de r\u00e9duire les d\u00e9chets. Troisi\u00e8mement, ils sont con\u00e7us dans un souci de s\u00e9curit\u00e9, avec des caract\u00e9ristiques telles que des soupapes de surpression et des syst\u00e8mes de protection contre les surchauffes.<\/p>\n<p>En plus de ces avantages, les pompes vide-graisse \u00e0 barillet sont tr\u00e8s fiables et n\u00e9cessitent une maintenance minimale, ce qui en fait une solution rentable pour le processus de transfert de graisse. Ils peuvent \u00eatre utilis\u00e9s dans une vari\u00e9t\u00e9 d&#8217;industries, y compris l&#8217;automobile, la fabrication et la transformation des aliments.<\/p>\n<p>Utilisation de pompes de d\u00e9chargement de graisse dans l&#8217;industrie automobile<\/p>\n<p>Dans l&#8217;industrie automobile, les pompes de d\u00e9chargement de graisse sont utilis\u00e9es pour d\u00e9charger la graisse des f\u00fbts et la transf\u00e9rer vers des \u00e9quipements tels que les roulements, les engrenages et d&#8217;autres composants. Ils sont essentiels pour assurer le fonctionnement efficace des machines et r\u00e9duire les temps d&#8217;arr\u00eat dus \u00e0 la maintenance. Les pompes de d\u00e9chargement de graisse automobile utilisent g\u00e9n\u00e9ralement une pompe rotative, con\u00e7ue pour traiter des produits \u00e0 haute viscosit\u00e9 tels que la graisse. Ces pompes peuvent \u00eatre aliment\u00e9es par des moteurs \u00e9lectriques ou des compresseurs d&#8217;air, en fonction des besoins sp\u00e9cifiques de l&#8217;application.[\/vc_column_text][vc_custom_heading text=&#8221;Utilisation de pompes d&apos;\u00e9vacuation de graisse dans l&apos;industrie manufacturi\u00e8re&#8221; use_theme_fonts=&#8221;yes&#8221; el_class=&#8221;remove_padding&#8221;][vc_column_text]Utilisation de pompes d&#8217;\u00e9vacuation de graisse dans l&#8217;industrie manufacturi\u00e8re<\/p>\n<p>Dans l&#8217;industrie manufacturi\u00e8re, les pompes de transfert de graisse \u00e0 tambour sont utilis\u00e9es pour transf\u00e9rer de la graisse vers des \u00e9quipements tels que des convoyeurs, des roulements et d&#8217;autres composants. Ils sont essentiels pour assurer le fonctionnement efficace des machines et r\u00e9duire les temps d&#8217;arr\u00eat dus \u00e0 la maintenance. Les pompes de transfert de graisse destin\u00e9es \u00e0 la fabrication utilisent g\u00e9n\u00e9ralement une pompe \u00e0 membrane, qui est con\u00e7ue pour traiter des produits \u00e0 haute viscosit\u00e9 tels que la graisse. Ces pompes peuvent \u00eatre aliment\u00e9es par des moteurs \u00e9lectriques ou des compresseurs d&#8217;air, en fonction des besoins sp\u00e9cifiques de l&#8217;application.<\/p>\n<p>Utilisation de <strong>pompes de d\u00e9chargement de graisse dans<\/strong> l&#8217;industrie alimentaire<\/p>\n<p>Dans l&#8217;industrie alimentaire, les pompes de transfert de graisse \u00e0 tambour sont utilis\u00e9es pour transf\u00e9rer la graisse vers des \u00e9quipements tels que des m\u00e9langeurs, des convoyeurs et d&#8217;autres composants. Ils sont essentiels pour assurer le fonctionnement efficace des machines et r\u00e9duire les temps d&#8217;arr\u00eat dus \u00e0 la maintenance. Les pompes de transfert de graisse destin\u00e9es \u00e0 l&#8217;industrie alimentaire utilisent g\u00e9n\u00e9ralement une pompe \u00e0 vis excentr\u00e9e, con\u00e7ue pour traiter des produits \u00e0 haute viscosit\u00e9 tels que les graisses. Ces pompes sont g\u00e9n\u00e9ralement fabriqu\u00e9es dans des mat\u00e9riaux de qualit\u00e9 alimentaire, tels que l&#8217;acier inoxydable, et sont con\u00e7ues pour r\u00e9pondre \u00e0 des normes d&#8217;hygi\u00e8ne strictes.<\/p>\n<p>Conclusion<\/p>\n<p>En conclusion, les pompes de transfert de graisse \u00e0 tambour sont un outil essentiel pour le processus de transfert de graisse dans de nombreuses industries. Que vous travailliez dans l&#8217;industrie automobile, manufacturi\u00e8re ou alimentaire, le choix de la pompe adapt\u00e9e \u00e0 vos besoins peut contribuer \u00e0 am\u00e9liorer la productivit\u00e9, \u00e0 r\u00e9duire les d\u00e9chets et \u00e0 garantir les niveaux les plus \u00e9lev\u00e9s de qualit\u00e9 et de s\u00e9curit\u00e9. En tenant compte de la viscosit\u00e9 du produit, du d\u00e9bit requis et de toute exigence ou r\u00e9glementation en mati\u00e8re de s\u00e9curit\u00e9, vous pouvez s\u00e9lectionner la pompe de transfert de graisse \u00e0 tambour appropri\u00e9e. <a href=\"https:\/\/en.wikipedia.org\/wiki\/Drum_pump\"><strong><em>pompe de transfert de graisse pour f\u00fbts<\/em><\/strong> <\/a>pour votre application sp\u00e9cifique. En fin de compte, investir dans une pompe de d\u00e9charge de graisse de tonneau de haute qualit\u00e9 est un choix intelligent qui peut vous faire gagner du temps, de l&#8217;argent et des maux de t\u00eate \u00e0 long terme.[\/vc_column_text][vc_column_text]<\/p>\n<div class=\"ce_row_start row block\">\n<div class=\"ce_col_start small-12 large-11 columns block\">\n<div class=\"ce_row_start row block\">\n<h3 class=\"ce_col_start small-12 large-11 columns block\">Exemples d&#8217;application<\/h3>\n<div><\/div>\n<\/div>\n<div class=\"ce_row_start media-examples row block\">\n<div class=\"ce_col_start small-12 large-4 columns block\">\n<div class=\"ce_list left small-12 block\">\n<ul class=\"\">\n<li class=\"first\">Adh\u00e9sifs<\/li>\n<li>Nettoyant pour freins<\/li>\n<li>Nettoyeur<\/li>\n<li>Huiles moteur<\/li>\n<li>R\u00e9sine \u00e9poxy<\/li>\n<li>Colle<\/li>\n<li>Glyc\u00e9rine<\/li>\n<li class=\"last\">Glycol<\/li>\n<li class=\"last\">Fluides hydrauliques<\/li>\n<li class=\"last\">Emulsion de latex<\/li>\n<li class=\"last\">Chaux<\/li>\n<li class=\"last\">Cire liquide<\/li>\n<li class=\"last\">Huile min\u00e9rale<\/li>\n<li class=\"last\">Huile de moulage<\/li>\n<li class=\"last\">Huiles<\/li>\n<li class=\"last\">\u00c9mulsion de paraffine<\/li>\n<li class=\"last\">Acide phosphorique<\/li>\n<li class=\"last\">Polonais<\/li>\n<li class=\"last\">R\u00e9sine polyester<\/li>\n<li class=\"last\">Solutions de r\u00e9sine<\/li>\n<li class=\"last\">Silicate de sodium<\/li>\n<li class=\"last\">White spirit<\/li>\n<\/ul>\n<\/div>\n<\/div>\n<div class=\"ce_col_start small-12 large-4 columns block\">\n<div class=\"ce_list left small-12 block\"><\/div>\n<\/div>\n<div class=\"ce_col_start small-12 large-4 columns block\">\n<div class=\"ce_list left small-12 block\"><\/div>\n<\/div>\n<\/div>\n<\/div>\n<\/div>\n<p>[\/vc_column_text][\/vc_column][vc_column width=&#8221;1\/3&#8243;][stm_sidebar sidebar=&#8221;577&#8243;][\/vc_column][\/vc_row][vc_row][vc_column][vc_column_text][\/vc_column_text][\/vc_column][\/vc_row]<\/p>\n<\/div>","protected":false},"excerpt":{"rendered":"<p>[vc_row][vc_column width=&#8221;2\/3&#8243;][vc_custom_heading text=&#8221;Pompes de d\u00e9chargement de f\u00fbts pour le secteur de l&apos;industrie&#8221; font_container=&#8221;tag:h1|text_align:left&#8221; use_theme_fonts=&#8221;yes&#8221;][stm_spacing lg_spacing=&#8221;30&#8243; md_spacing=&#8221;30&#8243; sm_spacing=&#8221;30&#8243; xs_spacing=&#8221;30&#8243;][vc_column_text]Pompe d&#8217;\u00e9vacuation de la graisse du f\u00fbt Pompes de transfert de graisse pour f\u00fbts : Solutions efficaces et fiables pour le d\u00e9chargement de la graisse des f\u00fbts Les pompes de d\u00e9chargement de graisse en f\u00fbt, \u00e9galement connues sous<\/p>\n","protected":false},"author":1,"featured_media":0,"parent":0,"menu_order":0,"comment_status":"closed","ping_status":"closed","template":"","meta":{"_joinchat":[],"footnotes":""},"class_list":["post-9484","page","type-page","status-publish","hentry"],"yoast_head":"<!-- This site is optimized with the Yoast SEO plugin v22.3 - https:\/\/yoast.com\/wordpress\/plugins\/seo\/ -->\n<title>Industrie - Pompe de vidange de graisse \u00e0 baril - Industrial Transfer Pump Manufacturer<\/title>\n<meta name=\"description\" content=\"Pompe de vidange de graisse en f\u00fbt Pompes de transfert de graisse en f\u00fbt Pompe de vidange de graisse en f\u00fbtPompes de transfert de graisse en f\u00fbt : Efficaces et fiables\" \/>\n<meta name=\"robots\" content=\"index, follow, max-snippet:-1, max-image-preview:large, max-video-preview:-1\" \/>\n<link rel=\"canonical\" href=\"https:\/\/industrialtransferpump.com\/fr\/industrie-pompe-de-vidange-de-graisse-a-baril\/\" \/>\n<meta property=\"og:locale\" content=\"fr_FR\" \/>\n<meta property=\"og:type\" content=\"article\" \/>\n<meta property=\"og:title\" content=\"Industrie - Pompe de vidange de graisse \u00e0 baril - Industrial Transfer Pump Manufacturer\" \/>\n<meta property=\"og:description\" content=\"Pompe de vidange de graisse en f\u00fbt Pompes de transfert de graisse en f\u00fbt Pompe de vidange de graisse en f\u00fbtPompes de transfert de graisse en f\u00fbt : Efficaces et fiables\" \/>\n<meta property=\"og:url\" content=\"https:\/\/industrialtransferpump.com\/fr\/industrie-pompe-de-vidange-de-graisse-a-baril\/\" \/>\n<meta property=\"og:site_name\" content=\"Industrial Transfer Pump Manufacturer\" \/>\n<meta property=\"article:modified_time\" content=\"2023-11-04T14:29:41+00:00\" \/>\n<meta property=\"og:image\" content=\"https:\/\/industrialtransferpump.com\/wp-content\/uploads\/2023\/05\/Barrel-grease-unloding-pump.jpg\" \/>\n<meta name=\"twitter:card\" content=\"summary_large_image\" \/>\n<meta name=\"twitter:label1\" content=\"Dur\u00e9e de lecture estim\u00e9e\" \/>\n\t<meta name=\"twitter:data1\" content=\"5 minutes\" \/>\n<script type=\"application\/ld+json\" class=\"yoast-schema-graph\">{\"@context\":\"https:\/\/schema.org\",\"@graph\":[{\"@type\":\"WebPage\",\"@id\":\"https:\/\/industrialtransferpump.com\/fr\/industrie-pompe-de-vidange-de-graisse-a-baril\/\",\"url\":\"https:\/\/industrialtransferpump.com\/fr\/industrie-pompe-de-vidange-de-graisse-a-baril\/\",\"name\":\"Industrie - Pompe de vidange de graisse \u00e0 baril - Industrial Transfer Pump Manufacturer\",\"isPartOf\":{\"@id\":\"https:\/\/industrialtransferpump.com\/#website\"},\"primaryImageOfPage\":{\"@id\":\"https:\/\/industrialtransferpump.com\/fr\/industrie-pompe-de-vidange-de-graisse-a-baril\/#primaryimage\"},\"image\":{\"@id\":\"https:\/\/industrialtransferpump.com\/fr\/industrie-pompe-de-vidange-de-graisse-a-baril\/#primaryimage\"},\"thumbnailUrl\":\"https:\/\/industrialtransferpump.com\/wp-content\/uploads\/2023\/05\/Barrel-grease-unloding-pump.jpg\",\"datePublished\":\"2023-04-10T23:29:00+00:00\",\"dateModified\":\"2023-11-04T14:29:41+00:00\",\"description\":\"Pompe de vidange de graisse en f\u00fbt Pompes de transfert de graisse en f\u00fbt Pompe de vidange de graisse en f\u00fbtPompes de transfert de graisse en f\u00fbt : Efficaces et fiables\",\"breadcrumb\":{\"@id\":\"https:\/\/industrialtransferpump.com\/fr\/industrie-pompe-de-vidange-de-graisse-a-baril\/#breadcrumb\"},\"inLanguage\":\"fr-FR\",\"potentialAction\":[{\"@type\":\"ReadAction\",\"target\":[\"https:\/\/industrialtransferpump.com\/fr\/industrie-pompe-de-vidange-de-graisse-a-baril\/\"]}]},{\"@type\":\"ImageObject\",\"inLanguage\":\"fr-FR\",\"@id\":\"https:\/\/industrialtransferpump.com\/fr\/industrie-pompe-de-vidange-de-graisse-a-baril\/#primaryimage\",\"url\":\"https:\/\/industrialtransferpump.com\/wp-content\/uploads\/2023\/05\/Barrel-grease-unloding-pump.jpg\",\"contentUrl\":\"https:\/\/industrialtransferpump.com\/wp-content\/uploads\/2023\/05\/Barrel-grease-unloding-pump.jpg\",\"width\":721,\"height\":641,\"caption\":\"Barrel grease unloding pump\"},{\"@type\":\"BreadcrumbList\",\"@id\":\"https:\/\/industrialtransferpump.com\/fr\/industrie-pompe-de-vidange-de-graisse-a-baril\/#breadcrumb\",\"itemListElement\":[{\"@type\":\"ListItem\",\"position\":1,\"name\":\"Home\",\"item\":\"https:\/\/industrialtransferpump.com\/fr\/accueil\/\"},{\"@type\":\"ListItem\",\"position\":2,\"name\":\"Industrie &#8211; Pompe de vidange de graisse \u00e0 baril\"}]},{\"@type\":\"WebSite\",\"@id\":\"https:\/\/industrialtransferpump.com\/#website\",\"url\":\"https:\/\/industrialtransferpump.com\/\",\"name\":\"Drum Emptying System & Barrel Unloading System\",\"description\":\"Industrial Transfer Pump\",\"publisher\":{\"@id\":\"https:\/\/industrialtransferpump.com\/#organization\"},\"potentialAction\":[{\"@type\":\"SearchAction\",\"target\":{\"@type\":\"EntryPoint\",\"urlTemplate\":\"https:\/\/industrialtransferpump.com\/?s={search_term_string}\"},\"query-input\":\"required name=search_term_string\"}],\"inLanguage\":\"fr-FR\"},{\"@type\":\"Organization\",\"@id\":\"https:\/\/industrialtransferpump.com\/#organization\",\"name\":\"Barrel Pump Trasferring Systems\",\"url\":\"https:\/\/industrialtransferpump.com\/\",\"logo\":{\"@type\":\"ImageObject\",\"inLanguage\":\"fr-FR\",\"@id\":\"https:\/\/industrialtransferpump.com\/#\/schema\/logo\/image\/\",\"url\":\"https:\/\/industrialtransferpump.com\/wp-content\/uploads\/2021\/03\/Logo.png\",\"contentUrl\":\"https:\/\/industrialtransferpump.com\/wp-content\/uploads\/2021\/03\/Logo.png\",\"width\":6617,\"height\":4077,\"caption\":\"Barrel Pump Trasferring Systems\"},\"image\":{\"@id\":\"https:\/\/industrialtransferpump.com\/#\/schema\/logo\/image\/\"}}]}<\/script>\n<!-- \/ Yoast SEO plugin. -->","yoast_head_json":{"title":"Industrie - Pompe de vidange de graisse \u00e0 baril - Industrial Transfer Pump Manufacturer","description":"Pompe de vidange de graisse en f\u00fbt Pompes de transfert de graisse en f\u00fbt Pompe de vidange de graisse en f\u00fbtPompes de transfert de graisse en f\u00fbt : Efficaces et fiables","robots":{"index":"index","follow":"follow","max-snippet":"max-snippet:-1","max-image-preview":"max-image-preview:large","max-video-preview":"max-video-preview:-1"},"canonical":"https:\/\/industrialtransferpump.com\/fr\/industrie-pompe-de-vidange-de-graisse-a-baril\/","og_locale":"fr_FR","og_type":"article","og_title":"Industrie - Pompe de vidange de graisse \u00e0 baril - Industrial Transfer Pump Manufacturer","og_description":"Pompe de vidange de graisse en f\u00fbt Pompes de transfert de graisse en f\u00fbt Pompe de vidange de graisse en f\u00fbtPompes de transfert de graisse en f\u00fbt : Efficaces et fiables","og_url":"https:\/\/industrialtransferpump.com\/fr\/industrie-pompe-de-vidange-de-graisse-a-baril\/","og_site_name":"Industrial Transfer Pump Manufacturer","article_modified_time":"2023-11-04T14:29:41+00:00","og_image":[{"url":"https:\/\/industrialtransferpump.com\/wp-content\/uploads\/2023\/05\/Barrel-grease-unloding-pump.jpg"}],"twitter_card":"summary_large_image","twitter_misc":{"Dur\u00e9e de lecture estim\u00e9e":"5 minutes"},"schema":{"@context":"https:\/\/schema.org","@graph":[{"@type":"WebPage","@id":"https:\/\/industrialtransferpump.com\/fr\/industrie-pompe-de-vidange-de-graisse-a-baril\/","url":"https:\/\/industrialtransferpump.com\/fr\/industrie-pompe-de-vidange-de-graisse-a-baril\/","name":"Industrie - Pompe de vidange de graisse \u00e0 baril - Industrial Transfer Pump Manufacturer","isPartOf":{"@id":"https:\/\/industrialtransferpump.com\/#website"},"primaryImageOfPage":{"@id":"https:\/\/industrialtransferpump.com\/fr\/industrie-pompe-de-vidange-de-graisse-a-baril\/#primaryimage"},"image":{"@id":"https:\/\/industrialtransferpump.com\/fr\/industrie-pompe-de-vidange-de-graisse-a-baril\/#primaryimage"},"thumbnailUrl":"https:\/\/industrialtransferpump.com\/wp-content\/uploads\/2023\/05\/Barrel-grease-unloding-pump.jpg","datePublished":"2023-04-10T23:29:00+00:00","dateModified":"2023-11-04T14:29:41+00:00","description":"Pompe de vidange de graisse en f\u00fbt Pompes de transfert de graisse en f\u00fbt Pompe de vidange de graisse en f\u00fbtPompes de transfert de graisse en f\u00fbt : Efficaces et fiables","breadcrumb":{"@id":"https:\/\/industrialtransferpump.com\/fr\/industrie-pompe-de-vidange-de-graisse-a-baril\/#breadcrumb"},"inLanguage":"fr-FR","potentialAction":[{"@type":"ReadAction","target":["https:\/\/industrialtransferpump.com\/fr\/industrie-pompe-de-vidange-de-graisse-a-baril\/"]}]},{"@type":"ImageObject","inLanguage":"fr-FR","@id":"https:\/\/industrialtransferpump.com\/fr\/industrie-pompe-de-vidange-de-graisse-a-baril\/#primaryimage","url":"https:\/\/industrialtransferpump.com\/wp-content\/uploads\/2023\/05\/Barrel-grease-unloding-pump.jpg","contentUrl":"https:\/\/industrialtransferpump.com\/wp-content\/uploads\/2023\/05\/Barrel-grease-unloding-pump.jpg","width":721,"height":641,"caption":"Barrel grease unloding pump"},{"@type":"BreadcrumbList","@id":"https:\/\/industrialtransferpump.com\/fr\/industrie-pompe-de-vidange-de-graisse-a-baril\/#breadcrumb","itemListElement":[{"@type":"ListItem","position":1,"name":"Home","item":"https:\/\/industrialtransferpump.com\/fr\/accueil\/"},{"@type":"ListItem","position":2,"name":"Industrie &#8211; Pompe de vidange de graisse \u00e0 baril"}]},{"@type":"WebSite","@id":"https:\/\/industrialtransferpump.com\/#website","url":"https:\/\/industrialtransferpump.com\/","name":"Drum Emptying System & Barrel Unloading System","description":"Industrial Transfer Pump","publisher":{"@id":"https:\/\/industrialtransferpump.com\/#organization"},"potentialAction":[{"@type":"SearchAction","target":{"@type":"EntryPoint","urlTemplate":"https:\/\/industrialtransferpump.com\/?s={search_term_string}"},"query-input":"required name=search_term_string"}],"inLanguage":"fr-FR"},{"@type":"Organization","@id":"https:\/\/industrialtransferpump.com\/#organization","name":"Barrel Pump Trasferring Systems","url":"https:\/\/industrialtransferpump.com\/","logo":{"@type":"ImageObject","inLanguage":"fr-FR","@id":"https:\/\/industrialtransferpump.com\/#\/schema\/logo\/image\/","url":"https:\/\/industrialtransferpump.com\/wp-content\/uploads\/2021\/03\/Logo.png","contentUrl":"https:\/\/industrialtransferpump.com\/wp-content\/uploads\/2021\/03\/Logo.png","width":6617,"height":4077,"caption":"Barrel Pump Trasferring Systems"},"image":{"@id":"https:\/\/industrialtransferpump.com\/#\/schema\/logo\/image\/"}}]}},"_links":{"self":[{"href":"https:\/\/industrialtransferpump.com\/fr\/wp-json\/wp\/v2\/pages\/9484","targetHints":{"allow":["GET"]}}],"collection":[{"href":"https:\/\/industrialtransferpump.com\/fr\/wp-json\/wp\/v2\/pages"}],"about":[{"href":"https:\/\/industrialtransferpump.com\/fr\/wp-json\/wp\/v2\/types\/page"}],"author":[{"embeddable":true,"href":"https:\/\/industrialtransferpump.com\/fr\/wp-json\/wp\/v2\/users\/1"}],"replies":[{"embeddable":true,"href":"https:\/\/industrialtransferpump.com\/fr\/wp-json\/wp\/v2\/comments?post=9484"}],"version-history":[{"count":2,"href":"https:\/\/industrialtransferpump.com\/fr\/wp-json\/wp\/v2\/pages\/9484\/revisions"}],"predecessor-version":[{"id":9494,"href":"https:\/\/industrialtransferpump.com\/fr\/wp-json\/wp\/v2\/pages\/9484\/revisions\/9494"}],"wp:attachment":[{"href":"https:\/\/industrialtransferpump.com\/fr\/wp-json\/wp\/v2\/media?parent=9484"}],"curies":[{"name":"wp","href":"https:\/\/api.w.org\/{rel}","templated":true}]}}