{"id":9493,"date":"2023-04-10T23:35:43","date_gmt":"2023-04-10T23:35:43","guid":{"rendered":"https:\/\/industrialtransferpump.com\/produits-pharmaceutiques\/"},"modified":"2023-11-04T14:29:42","modified_gmt":"2023-11-04T14:29:42","slug":"produits-pharmaceutiques","status":"publish","type":"page","link":"https:\/\/industrialtransferpump.com\/fr\/produits-pharmaceutiques\/","title":{"rendered":"Produits pharmaceutiques"},"content":{"rendered":"<div class=\"wpb-content-wrapper\"><p>[vc_row][vc_column width=&#8221;2\/3&#8243;][vc_custom_heading text=&#8221;Une grande vari\u00e9t\u00e9 de pommades et de cr\u00e8mes doit \u00eatre pomp\u00e9e de f\u00fbts de 200 litres dans les conteneurs d&apos;alimentation d&apos;une machine de remplissage de tubes.&#8221; use_theme_fonts=&#8221;yes&#8221;][stm_spacing lg_spacing=&#8221;30&#8243; md_spacing=&#8221;30&#8243; sm_spacing=&#8221;30&#8243; xs_spacing=&#8221;30&#8243;][vc_column_text]<\/p>\n<h3><strong>Syst\u00e8mes de vidange de f\u00fbts<\/strong>: Solutions efficaces pour le pompage de pommades et de cr\u00e8mes dans des f\u00fbts de 200 litres<\/h3>\n<p>Dans l&#8217;industrie cosm\u00e9tique et pharmaceutique, une grande vari\u00e9t\u00e9 de pommades et de cr\u00e8mes sont produites et conditionn\u00e9es en grandes quantit\u00e9s. Pour garantir un processus de production fluide et efficace, il est essentiel de disposer de syst\u00e8mes de vidange de f\u00fbts fiables, capables de transf\u00e9rer efficacement ces produits des f\u00fbts de 200 litres dans les conteneurs d&#8217;alimentation d&#8217;une machine de remplissage de tubes. Dans cet article, nous examinerons l&#8217;importance des syst\u00e8mes de vidange de f\u00fbts dans ce contexte, leurs principales caract\u00e9ristiques et les avantages qu&#8217;ils offrent.<\/p>\n<p>Les syst\u00e8mes de vidange de f\u00fbts jouent un r\u00f4le crucial dans les industries cosm\u00e9tiques et pharmaceutiques en assurant le transfert efficace des pommades et des cr\u00e8mes des f\u00fbts vers les conteneurs d&#8217;approvisionnement. Ces syst\u00e8mes sont sp\u00e9cialement con\u00e7us pour traiter les caract\u00e9ristiques uniques de ces produits, telles que leur viscosit\u00e9 \u00e9lev\u00e9e et leur composition d\u00e9licate. Ils int\u00e8grent divers composants, notamment des pompes, des tuyaux et des vannes, qui fonctionnent ensemble pour faciliter un processus de transfert contr\u00f4l\u00e9 et pr\u00e9cis.<\/p>\n<p>La pompe est l&#8217;\u00e9l\u00e9ment cl\u00e9 d&#8217;un <a href=\"https:\/\/industrialtransferpump.com\/how-to-use-unloading-barrel-system\/\">syst\u00e8me de vidange de f\u00fbts<\/a>. Ces pompes sont sp\u00e9cialement con\u00e7ues pour traiter des fluides \u00e0 haute viscosit\u00e9 et sont \u00e9quip\u00e9es de caract\u00e9ristiques telles que des moteurs puissants et des d\u00e9bits r\u00e9glables. Ils cr\u00e9ent l&#8217;aspiration n\u00e9cessaire pour extraire les pommades et les cr\u00e8mes des f\u00fbts et les transf\u00e9rer en douceur dans les conteneurs d&#8217;approvisionnement. Les syst\u00e8mes de vidange de f\u00fbts utilisent souvent des pompes volum\u00e9triques ou p\u00e9ristaltiques, car elles sont particuli\u00e8rement efficaces pour manipuler des mat\u00e9riaux visqueux sans en endommager l&#8217;int\u00e9grit\u00e9.<\/p>\n<p>Les tuyaux et les vannes sont tout aussi importants dans les <a href=\"https:\/\/en.wikipedia.org\/wiki\/Drum_pump\">syst\u00e8mes de vidange de f\u00fbts<\/a>. Les tuyaux sont con\u00e7us pour r\u00e9sister \u00e0 la pression et \u00e0 la r\u00e9sistance des produits \u00e0 haute viscosit\u00e9, ce qui garantit leur durabilit\u00e9 et emp\u00eache toute fuite pendant le processus de transfert. Les valves, quant \u00e0 elles, permettent de contr\u00f4ler avec pr\u00e9cision le d\u00e9bit des pommades et des cr\u00e8mes. Ils permettent aux op\u00e9rateurs d&#8217;ajuster la vitesse et le volume du transfert, ce qui garantit la pr\u00e9cision et minimise les pertes.<\/p>\n<p>&nbsp;<\/p>\n<p><img loading=\"lazy\" decoding=\"async\" class=\"size-large wp-image-7906\" src=\"https:\/\/industrialtransferpump.com\/wp-content\/uploads\/2023\/05\/Drum-emptying-systems-1024x939.jpg\" alt=\"Syst\u00e8mes de vidange de f\u00fbts  \" width=\"1024\" height=\"939\" srcset=\"https:\/\/industrialtransferpump.com\/wp-content\/uploads\/2023\/05\/Drum-emptying-systems-1024x939.jpg 1024w, https:\/\/industrialtransferpump.com\/wp-content\/uploads\/2023\/05\/Drum-emptying-systems-300x275.jpg 300w, https:\/\/industrialtransferpump.com\/wp-content\/uploads\/2023\/05\/Drum-emptying-systems-768x704.jpg 768w, https:\/\/industrialtransferpump.com\/wp-content\/uploads\/2023\/05\/Drum-emptying-systems-900x825.jpg 900w, https:\/\/industrialtransferpump.com\/wp-content\/uploads\/2023\/05\/Drum-emptying-systems.jpg 1500w\" sizes=\"auto, (max-width: 1024px) 100vw, 1024px\" \/>[\/vc_column_text][vc_custom_heading text=&#8221;Avantages des syst\u00e8mes de vidange de f\u00fbts&#8221; font_container=&#8221;tag:h4|text_align:left&#8221; use_theme_fonts=&#8221;yes&#8221; el_class=&#8221;remove_padding&#8221;][vc_column_text]L&#8217;un des principaux avantages des syst\u00e8mes de vidange de f\u00fbts est leur capacit\u00e9 \u00e0 am\u00e9liorer l&#8217;efficacit\u00e9 et la productivit\u00e9. Ces syst\u00e8mes permettent un processus de transfert plus rapide et mieux contr\u00f4l\u00e9, r\u00e9duisant les temps d&#8217;arr\u00eat de la production et augmentant le rendement global. Les pompes puissantes et les d\u00e9bits optimis\u00e9s garantissent un \u00e9coulement r\u00e9gulier et constant des pommades et des cr\u00e8mes, facilitant ainsi une int\u00e9gration parfaite avec la machine de remplissage de tubes.<\/p>\n<p>En outre, les syst\u00e8mes de vidange des f\u00fbts contribuent \u00e0 pr\u00e9server l&#8217;int\u00e9grit\u00e9 et la qualit\u00e9 des produits. Le processus de transfert doux et contr\u00f4l\u00e9 \u00e9vite toute agitation ou a\u00e9ration inutile des pommades et des cr\u00e8mes, qui pourrait potentiellement affecter leur consistance ou leur performance. Les produits restent ainsi dans des conditions optimales tout au long du transfert, ce qui permet de pr\u00e9server leur efficacit\u00e9 et de prolonger leur dur\u00e9e de conservation.<\/p>\n<p>En outre, les syst\u00e8mes de vidange des f\u00fbts contribuent \u00e0 rendre l&#8217;environnement de travail plus propre et plus s\u00fbr. En automatisant le processus de transfert, ces syst\u00e8mes r\u00e9duisent la n\u00e9cessit\u00e9 de manipuler manuellement les produits, minimisant ainsi le risque de d\u00e9versement,<\/p>\n<p>En conclusion, les syst\u00e8mes de vidange de f\u00fbts sont des outils indispensables dans les industries cosm\u00e9tiques et pharmaceutiques pour transf\u00e9rer efficacement les pommades et les cr\u00e8mes des f\u00fbts de 200 litres dans les conteneurs d&#8217;alimentation d&#8217;une remplisseuse de tubes. En incorporant des pompes, des tuyaux et des vannes sp\u00e9cialis\u00e9s, ces syst\u00e8mes garantissent un processus de transfert fluide et contr\u00f4l\u00e9, am\u00e9liorant l&#8217;efficacit\u00e9, pr\u00e9servant l&#8217;int\u00e9grit\u00e9 du produit et renfor\u00e7ant la s\u00e9curit\u00e9 sur le lieu de travail. Investir dans un syst\u00e8me fiable de vidange des f\u00fbts est un choix judicieux qui permet de rationaliser les op\u00e9rations, d&#8217;augmenter la productivit\u00e9 et de maintenir la qualit\u00e9 des pommades et des cr\u00e8mes tout au long du processus de production.[\/vc_column_text][vc_column_text]<\/p>\n<div class=\"ce_row_start row block\">\n<div class=\"ce_col_start small-12 large-11 columns block\">\n<h3 class=\"ce_headline left small-12\">Exemples d&#8217;application<\/h3>\n<\/div>\n<\/div>\n<div class=\"ce_row_start media-examples row block\">\n<div class=\"ce_col_start small-12 large-4 columns block\">\n<div class=\"ce_list left small-12 block\">\n<div class=\"ce_col_start small-12 large-4 columns block\">\n<div class=\"ce_list left small-12 block\">\n<ul class=\"\">\n<li class=\"first\">Cr\u00e8mes<\/li>\n<li class=\"last\">Divers alcools<\/li>\n<li class=\"last\">Divers \u00e9l\u00e9ments de base<\/li>\n<li class=\"last\">Divers concentr\u00e9s<\/li>\n<li class=\"last\">HuilesPommades<\/li>\n<\/ul>\n<\/div>\n<\/div>\n<div class=\"ce_col_start small-12 large-4 columns block\">\n<div class=\"ce_list left small-12 block\"><\/div>\n<\/div>\n<div class=\"ce_col_start small-12 large-4 columns block\">\n<div class=\"ce_list left small-12 block\"><\/div>\n<\/div>\n<\/div>\n<\/div>\n<\/div>\n<p>[\/vc_column_text][\/vc_column][vc_column width=&#8221;1\/3&#8243;][stm_sidebar sidebar=&#8221;577&#8243;][\/vc_column][\/vc_row][vc_row][vc_column][vc_column_text][\/vc_column_text][\/vc_column][\/vc_row]<\/p>\n<\/div>","protected":false},"excerpt":{"rendered":"<p>[vc_row][vc_column width=&#8221;2\/3&#8243;][vc_custom_heading text=&#8221;Une grande vari\u00e9t\u00e9 de pommades et de cr\u00e8mes doit \u00eatre pomp\u00e9e de f\u00fbts de 200 litres dans les conteneurs d&apos;alimentation d&apos;une machine de remplissage de tubes.&#8221; use_theme_fonts=&#8221;yes&#8221;][stm_spacing lg_spacing=&#8221;30&#8243; md_spacing=&#8221;30&#8243; sm_spacing=&#8221;30&#8243; xs_spacing=&#8221;30&#8243;][vc_column_text] Syst\u00e8mes de vidange de f\u00fbts: Solutions efficaces pour le pompage de pommades et de cr\u00e8mes dans des f\u00fbts de 200 litres Dans<\/p>\n","protected":false},"author":1,"featured_media":0,"parent":0,"menu_order":0,"comment_status":"closed","ping_status":"closed","template":"","meta":{"_joinchat":[],"footnotes":""},"class_list":["post-9493","page","type-page","status-publish","hentry"],"yoast_head":"<!-- This site is optimized with the Yoast SEO plugin v22.3 - https:\/\/yoast.com\/wordpress\/plugins\/seo\/ -->\n<title>Produits pharmaceutiques - Industrial Transfer Pump Manufacturer<\/title>\n<meta name=\"description\" content=\"Syst\u00e8mes de vidange de f\u00fbts Une grande vari\u00e9t\u00e9 de pommades et de cr\u00e8mes doit \u00eatre pomp\u00e9e des f\u00fbts de 200 litres vers les f\u00fbts.\" \/>\n<meta name=\"robots\" content=\"index, follow, max-snippet:-1, max-image-preview:large, max-video-preview:-1\" \/>\n<link rel=\"canonical\" href=\"https:\/\/industrialtransferpump.com\/fr\/produits-pharmaceutiques\/\" \/>\n<meta property=\"og:locale\" content=\"fr_FR\" \/>\n<meta property=\"og:type\" content=\"article\" \/>\n<meta property=\"og:title\" content=\"Produits pharmaceutiques - Industrial Transfer Pump Manufacturer\" \/>\n<meta property=\"og:description\" content=\"Syst\u00e8mes de vidange de f\u00fbts Une grande vari\u00e9t\u00e9 de pommades et de cr\u00e8mes doit \u00eatre pomp\u00e9e des f\u00fbts de 200 litres vers les f\u00fbts.\" \/>\n<meta property=\"og:url\" content=\"https:\/\/industrialtransferpump.com\/fr\/produits-pharmaceutiques\/\" \/>\n<meta property=\"og:site_name\" content=\"Industrial Transfer Pump Manufacturer\" \/>\n<meta property=\"article:modified_time\" content=\"2023-11-04T14:29:42+00:00\" \/>\n<meta property=\"og:image\" content=\"https:\/\/industrialtransferpump.com\/wp-content\/uploads\/2023\/05\/Drum-emptying-systems-1024x939.jpg\" \/>\n<meta name=\"twitter:card\" content=\"summary_large_image\" \/>\n<meta name=\"twitter:label1\" content=\"Dur\u00e9e de lecture estim\u00e9e\" \/>\n\t<meta name=\"twitter:data1\" content=\"4 minutes\" \/>\n<script type=\"application\/ld+json\" class=\"yoast-schema-graph\">{\"@context\":\"https:\/\/schema.org\",\"@graph\":[{\"@type\":\"WebPage\",\"@id\":\"https:\/\/industrialtransferpump.com\/fr\/produits-pharmaceutiques\/\",\"url\":\"https:\/\/industrialtransferpump.com\/fr\/produits-pharmaceutiques\/\",\"name\":\"Produits pharmaceutiques - Industrial Transfer Pump Manufacturer\",\"isPartOf\":{\"@id\":\"https:\/\/industrialtransferpump.com\/#website\"},\"primaryImageOfPage\":{\"@id\":\"https:\/\/industrialtransferpump.com\/fr\/produits-pharmaceutiques\/#primaryimage\"},\"image\":{\"@id\":\"https:\/\/industrialtransferpump.com\/fr\/produits-pharmaceutiques\/#primaryimage\"},\"thumbnailUrl\":\"https:\/\/industrialtransferpump.com\/wp-content\/uploads\/2023\/05\/Drum-emptying-systems-1024x939.jpg\",\"datePublished\":\"2023-04-10T23:35:43+00:00\",\"dateModified\":\"2023-11-04T14:29:42+00:00\",\"description\":\"Syst\u00e8mes de vidange de f\u00fbts Une grande vari\u00e9t\u00e9 de pommades et de cr\u00e8mes doit \u00eatre pomp\u00e9e des f\u00fbts de 200 litres vers les f\u00fbts.\",\"breadcrumb\":{\"@id\":\"https:\/\/industrialtransferpump.com\/fr\/produits-pharmaceutiques\/#breadcrumb\"},\"inLanguage\":\"fr-FR\",\"potentialAction\":[{\"@type\":\"ReadAction\",\"target\":[\"https:\/\/industrialtransferpump.com\/fr\/produits-pharmaceutiques\/\"]}]},{\"@type\":\"ImageObject\",\"inLanguage\":\"fr-FR\",\"@id\":\"https:\/\/industrialtransferpump.com\/fr\/produits-pharmaceutiques\/#primaryimage\",\"url\":\"https:\/\/industrialtransferpump.com\/wp-content\/uploads\/2023\/05\/Drum-emptying-systems.jpg\",\"contentUrl\":\"https:\/\/industrialtransferpump.com\/wp-content\/uploads\/2023\/05\/Drum-emptying-systems.jpg\",\"width\":1500,\"height\":1375,\"caption\":\"Drum emptying systems\"},{\"@type\":\"BreadcrumbList\",\"@id\":\"https:\/\/industrialtransferpump.com\/fr\/produits-pharmaceutiques\/#breadcrumb\",\"itemListElement\":[{\"@type\":\"ListItem\",\"position\":1,\"name\":\"Home\",\"item\":\"https:\/\/industrialtransferpump.com\/fr\/accueil\/\"},{\"@type\":\"ListItem\",\"position\":2,\"name\":\"Produits pharmaceutiques\"}]},{\"@type\":\"WebSite\",\"@id\":\"https:\/\/industrialtransferpump.com\/#website\",\"url\":\"https:\/\/industrialtransferpump.com\/\",\"name\":\"Drum Emptying System & Barrel Unloading System\",\"description\":\"Industrial Transfer Pump\",\"publisher\":{\"@id\":\"https:\/\/industrialtransferpump.com\/#organization\"},\"potentialAction\":[{\"@type\":\"SearchAction\",\"target\":{\"@type\":\"EntryPoint\",\"urlTemplate\":\"https:\/\/industrialtransferpump.com\/?s={search_term_string}\"},\"query-input\":\"required name=search_term_string\"}],\"inLanguage\":\"fr-FR\"},{\"@type\":\"Organization\",\"@id\":\"https:\/\/industrialtransferpump.com\/#organization\",\"name\":\"Barrel Pump Trasferring Systems\",\"url\":\"https:\/\/industrialtransferpump.com\/\",\"logo\":{\"@type\":\"ImageObject\",\"inLanguage\":\"fr-FR\",\"@id\":\"https:\/\/industrialtransferpump.com\/#\/schema\/logo\/image\/\",\"url\":\"https:\/\/industrialtransferpump.com\/wp-content\/uploads\/2021\/03\/Logo.png\",\"contentUrl\":\"https:\/\/industrialtransferpump.com\/wp-content\/uploads\/2021\/03\/Logo.png\",\"width\":6617,\"height\":4077,\"caption\":\"Barrel Pump Trasferring Systems\"},\"image\":{\"@id\":\"https:\/\/industrialtransferpump.com\/#\/schema\/logo\/image\/\"}}]}<\/script>\n<!-- \/ Yoast SEO plugin. -->","yoast_head_json":{"title":"Produits pharmaceutiques - Industrial Transfer Pump Manufacturer","description":"Syst\u00e8mes de vidange de f\u00fbts Une grande vari\u00e9t\u00e9 de pommades et de cr\u00e8mes doit \u00eatre pomp\u00e9e des f\u00fbts de 200 litres vers les f\u00fbts.","robots":{"index":"index","follow":"follow","max-snippet":"max-snippet:-1","max-image-preview":"max-image-preview:large","max-video-preview":"max-video-preview:-1"},"canonical":"https:\/\/industrialtransferpump.com\/fr\/produits-pharmaceutiques\/","og_locale":"fr_FR","og_type":"article","og_title":"Produits pharmaceutiques - Industrial Transfer Pump Manufacturer","og_description":"Syst\u00e8mes de vidange de f\u00fbts Une grande vari\u00e9t\u00e9 de pommades et de cr\u00e8mes doit \u00eatre pomp\u00e9e des f\u00fbts de 200 litres vers les f\u00fbts.","og_url":"https:\/\/industrialtransferpump.com\/fr\/produits-pharmaceutiques\/","og_site_name":"Industrial Transfer Pump Manufacturer","article_modified_time":"2023-11-04T14:29:42+00:00","og_image":[{"url":"https:\/\/industrialtransferpump.com\/wp-content\/uploads\/2023\/05\/Drum-emptying-systems-1024x939.jpg"}],"twitter_card":"summary_large_image","twitter_misc":{"Dur\u00e9e de lecture estim\u00e9e":"4 minutes"},"schema":{"@context":"https:\/\/schema.org","@graph":[{"@type":"WebPage","@id":"https:\/\/industrialtransferpump.com\/fr\/produits-pharmaceutiques\/","url":"https:\/\/industrialtransferpump.com\/fr\/produits-pharmaceutiques\/","name":"Produits pharmaceutiques - Industrial Transfer Pump Manufacturer","isPartOf":{"@id":"https:\/\/industrialtransferpump.com\/#website"},"primaryImageOfPage":{"@id":"https:\/\/industrialtransferpump.com\/fr\/produits-pharmaceutiques\/#primaryimage"},"image":{"@id":"https:\/\/industrialtransferpump.com\/fr\/produits-pharmaceutiques\/#primaryimage"},"thumbnailUrl":"https:\/\/industrialtransferpump.com\/wp-content\/uploads\/2023\/05\/Drum-emptying-systems-1024x939.jpg","datePublished":"2023-04-10T23:35:43+00:00","dateModified":"2023-11-04T14:29:42+00:00","description":"Syst\u00e8mes de vidange de f\u00fbts Une grande vari\u00e9t\u00e9 de pommades et de cr\u00e8mes doit \u00eatre pomp\u00e9e des f\u00fbts de 200 litres vers les f\u00fbts.","breadcrumb":{"@id":"https:\/\/industrialtransferpump.com\/fr\/produits-pharmaceutiques\/#breadcrumb"},"inLanguage":"fr-FR","potentialAction":[{"@type":"ReadAction","target":["https:\/\/industrialtransferpump.com\/fr\/produits-pharmaceutiques\/"]}]},{"@type":"ImageObject","inLanguage":"fr-FR","@id":"https:\/\/industrialtransferpump.com\/fr\/produits-pharmaceutiques\/#primaryimage","url":"https:\/\/industrialtransferpump.com\/wp-content\/uploads\/2023\/05\/Drum-emptying-systems.jpg","contentUrl":"https:\/\/industrialtransferpump.com\/wp-content\/uploads\/2023\/05\/Drum-emptying-systems.jpg","width":1500,"height":1375,"caption":"Drum emptying systems"},{"@type":"BreadcrumbList","@id":"https:\/\/industrialtransferpump.com\/fr\/produits-pharmaceutiques\/#breadcrumb","itemListElement":[{"@type":"ListItem","position":1,"name":"Home","item":"https:\/\/industrialtransferpump.com\/fr\/accueil\/"},{"@type":"ListItem","position":2,"name":"Produits pharmaceutiques"}]},{"@type":"WebSite","@id":"https:\/\/industrialtransferpump.com\/#website","url":"https:\/\/industrialtransferpump.com\/","name":"Drum Emptying System & Barrel Unloading System","description":"Industrial Transfer Pump","publisher":{"@id":"https:\/\/industrialtransferpump.com\/#organization"},"potentialAction":[{"@type":"SearchAction","target":{"@type":"EntryPoint","urlTemplate":"https:\/\/industrialtransferpump.com\/?s={search_term_string}"},"query-input":"required name=search_term_string"}],"inLanguage":"fr-FR"},{"@type":"Organization","@id":"https:\/\/industrialtransferpump.com\/#organization","name":"Barrel Pump Trasferring Systems","url":"https:\/\/industrialtransferpump.com\/","logo":{"@type":"ImageObject","inLanguage":"fr-FR","@id":"https:\/\/industrialtransferpump.com\/#\/schema\/logo\/image\/","url":"https:\/\/industrialtransferpump.com\/wp-content\/uploads\/2021\/03\/Logo.png","contentUrl":"https:\/\/industrialtransferpump.com\/wp-content\/uploads\/2021\/03\/Logo.png","width":6617,"height":4077,"caption":"Barrel Pump Trasferring Systems"},"image":{"@id":"https:\/\/industrialtransferpump.com\/#\/schema\/logo\/image\/"}}]}},"_links":{"self":[{"href":"https:\/\/industrialtransferpump.com\/fr\/wp-json\/wp\/v2\/pages\/9493","targetHints":{"allow":["GET"]}}],"collection":[{"href":"https:\/\/industrialtransferpump.com\/fr\/wp-json\/wp\/v2\/pages"}],"about":[{"href":"https:\/\/industrialtransferpump.com\/fr\/wp-json\/wp\/v2\/types\/page"}],"author":[{"embeddable":true,"href":"https:\/\/industrialtransferpump.com\/fr\/wp-json\/wp\/v2\/users\/1"}],"replies":[{"embeddable":true,"href":"https:\/\/industrialtransferpump.com\/fr\/wp-json\/wp\/v2\/comments?post=9493"}],"version-history":[{"count":2,"href":"https:\/\/industrialtransferpump.com\/fr\/wp-json\/wp\/v2\/pages\/9493\/revisions"}],"predecessor-version":[{"id":9497,"href":"https:\/\/industrialtransferpump.com\/fr\/wp-json\/wp\/v2\/pages\/9493\/revisions\/9497"}],"wp:attachment":[{"href":"https:\/\/industrialtransferpump.com\/fr\/wp-json\/wp\/v2\/media?parent=9493"}],"curies":[{"name":"wp","href":"https:\/\/api.w.org\/{rel}","templated":true}]}}