{"id":9544,"date":"2023-08-17T08:45:42","date_gmt":"2023-08-17T08:45:42","guid":{"rendered":"https:\/\/industrialtransferpump.com\/pompe-mono-serie-ah\/"},"modified":"2023-11-04T14:44:52","modified_gmt":"2023-11-04T14:44:52","slug":"pompe-mono-serie-ah","status":"publish","type":"page","link":"https:\/\/industrialtransferpump.com\/fr\/pompe-mono-serie-ah\/","title":{"rendered":"Pompe mono s\u00e9rie AH"},"content":{"rendered":"<div class=\"wpb-content-wrapper\"><p>[vc_row css=&#8221;.vc_custom_1452687555475{margin-bottom: 100px !important;}&#8221;][vc_column offset=&#8221;vc_col-lg-9 vc_col-md-9&#8243;][vc_single_image image=&#8221;8424&#8243; img_size=&#8221;stm-image-1110&#215;550-croped&#8221; css=&#8221;.vc_custom_1692694638979{margin-bottom: 45px !important;}&#8221;][vc_column_text css=&#8221;.vc_custom_1692803606409{margin-bottom: 25px !important;}&#8221;]<\/p>\n<div class=\"wpb_text_column wpb_content_element \">\n<div class=\"wpb_wrapper\">\n<h3><strong>Caract\u00e9ristiques et avantages<\/strong><\/h3>\n<ul>\n<li>Il est pr\u00e9f\u00e9r\u00e9 pour le transfert de produits \u00e0 haute densit\u00e9.<\/li>\n<li>Haute performance Max. Gamme de mod\u00e8les 50 m3\/h et 18 BAR<\/li>\n<li>Transfert de produits contenant des particules solides<\/li>\n<li>Le produit peut \u00eatre collect\u00e9 avec une alimentation conique<\/li>\n<li>Continuit\u00e9 du mat\u00e9riau avec la vis d&#8217;alimentation<\/li>\n<li>Transfert de produits avec ou sans rupture<\/li>\n<li>Diff\u00e9rentes solutions d&#8217;\u00e9tanch\u00e9it\u00e9 (m\u00e9canique &#8211; souple)<\/li>\n<li>Drains d&#8217;entr\u00e9e de lavage en option<\/li>\n<li>En option, acier inoxydable ou autres variantes d&#8217;acier alli\u00e9<\/li>\n<li>Stockage des produits avec hotte<\/li>\n<li>Diff\u00e9rentes solutions d&#8217;\u00e9tanch\u00e9it\u00e9 sur demande (souple &#8211; m\u00e9canique)<\/li>\n<li>Diff\u00e9rentes solutions avec des \u00e9quipements en acier inoxydable ou en acier alli\u00e9<\/li>\n<\/ul>\n<\/div>\n<\/div>\n<p>&nbsp;<\/p>\n<blockquote><p>Chambre ouverte <a href=\"https:\/\/industrialtransferpump.com\/fr\/pompes-mono\/\"><br \/>\n  <strong>La pompe mono<\/strong><br \/>\n<\/a> avec une chambre ouverte est utilis\u00e9e pour le transfert de produits fluides et semi-fluides n\u00e9cessitant un vide \u00e9lev\u00e9.<\/p>\n<p>Gr\u00e2ce \u00e0 cet avantage, elle s&#8217;impose comme un partenaire de solution pour les utilisateurs des secteurs de l&#8217;alimentation et de l&#8217;industrie, notamment la production de p\u00e2te de tomate.<\/p><\/blockquote>\n<p>&nbsp;<\/p>\n<p class=\"consulting-custom-title\">Chambre ouverte <a href=\"https:\/\/tr.wikipedia.org\/wiki\/%C4%B0lerleyen_bo%C5%9Fluklu_pompa\"><strong>monopompe<\/strong> <\/a>sont pr\u00e9f\u00e9r\u00e9es pour les produits \u00e0 base de p\u00e2te et de particules \u00e0 faible fluidit\u00e9. L&#8217;ouverture d&#8217;entr\u00e9e peut \u00eatre agrandie ou \u00e9largie sur demande et peut r\u00e9pondre aux besoins des clients pour diff\u00e9rentes capacit\u00e9s et pressions.<\/p>\n<p class=\"consulting-custom-title\">Ils sont utilis\u00e9s pour le transfert de produits \u00e0 faible viscosit\u00e9 et \u00e0 taux de mati\u00e8re s\u00e8che \u00e9lev\u00e9.<\/p>\n<p>[\/vc_column_text][vc_column_text css=&#8221;.vc_custom_1692692518118{margin-bottom: 34px !important;}&#8221;]<\/p>\n<blockquote><p>Ces pompes avec chambre d&#8217;entr\u00e9e \u00e0 gueule ouverte sont pr\u00e9f\u00e9r\u00e9es dans les secteurs alimentaires et industriels, ces mod\u00e8les sont utilis\u00e9s pour les produits non fluides \u00e0 haute viscosit\u00e9 avec une tr\u00e8s faible fluidit\u00e9.<\/p>\n<p>C&#8217;est un partenaire de solution pour de nombreux secteurs gr\u00e2ce aux avantages qu&#8217;il offre \u00e0 ses utilisateurs.<\/p><\/blockquote>\n<p>[\/vc_column_text][vc_row_inner css=&#8221;.vc_custom_1456219515168{margin-bottom: 27px !important;}&#8221;][vc_column_inner width=&#8221;1\/2&#8243;][vc_column_text]<img loading=\"lazy\" decoding=\"async\" class=\"size-large wp-image-8448\" src=\"https:\/\/industrialtransferpump.com\/wp-content\/uploads\/2023\/08\/AH_series-mono-pump-1024x791.png\" alt=\"AH_series-mono-pump\" width=\"1024\" height=\"791\" srcset=\"https:\/\/industrialtransferpump.com\/wp-content\/uploads\/2023\/08\/AH_series-mono-pump-1024x791.png 1024w, https:\/\/industrialtransferpump.com\/wp-content\/uploads\/2023\/08\/AH_series-mono-pump-300x232.png 300w, https:\/\/industrialtransferpump.com\/wp-content\/uploads\/2023\/08\/AH_series-mono-pump-768x593.png 768w, https:\/\/industrialtransferpump.com\/wp-content\/uploads\/2023\/08\/AH_series-mono-pump-900x695.png 900w, https:\/\/industrialtransferpump.com\/wp-content\/uploads\/2023\/08\/AH_series-mono-pump.png 1398w\" sizes=\"auto, (max-width: 1024px) 100vw, 1024px\" \/>[\/vc_column_text][vc_custom_heading text=&#8221;Fonctionnement&#8221; font_container=&#8221;tag:h4|text_align:left|color:%23222222&#8243; use_theme_fonts=&#8221;yes&#8221; css=&#8221;.vc_custom_1692190329579{margin-bottom: 27px !important;}&#8221;][stm_charts design=&#8221;polarArea&#8221; values_circle=&#8221;%5B%7B%22title%22%3A%22Maximum%208%20meters%22%2C%22value%22%3A%2240%22%2C%22color%22%3A%22%23fe6c61%22%7D%2C%7B%22title%22%3A%2250%20m3%20%2F%20h%20%22%2C%22value%22%3A%2230%22%2C%22color%22%3A%22%235472d2%22%7D%2C%7B%22title%22%3A%2218%20-%2024%20BAR%20%22%2C%22value%22%3A%2240%22%2C%22color%22%3A%22%238d6dc4%22%7D%5D&#8221; width=&#8221;208&#8243; height=&#8221;208&#8243; css=&#8221;.vc_custom_1692698807972{margin-bottom: 14px !important;}&#8221;][vc_column_text]<\/p>\n<p style=\"text-align: center;\"><strong>En option, acier inoxydable ou autres variantes d&#8217;acier alli\u00e9<\/strong><\/p>\n<p>[\/vc_column_text][vc_column_text]<img loading=\"lazy\" decoding=\"async\" class=\"size-full wp-image-8435\" src=\"https:\/\/industrialtransferpump.com\/wp-content\/uploads\/2023\/08\/Ah-series-mono-pump-5.jpeg\" alt=\"mono-pompe\" width=\"1024\" height=\"768\" srcset=\"https:\/\/industrialtransferpump.com\/wp-content\/uploads\/2023\/08\/Ah-series-mono-pump-5.jpeg 1024w, https:\/\/industrialtransferpump.com\/wp-content\/uploads\/2023\/08\/Ah-series-mono-pump-5-300x225.jpeg 300w, https:\/\/industrialtransferpump.com\/wp-content\/uploads\/2023\/08\/Ah-series-mono-pump-5-768x576.jpeg 768w, https:\/\/industrialtransferpump.com\/wp-content\/uploads\/2023\/08\/Ah-series-mono-pump-5-900x675.jpeg 900w\" sizes=\"auto, (max-width: 1024px) 100vw, 1024px\" \/>[\/vc_column_text][\/vc_column_inner][vc_column_inner width=&#8221;1\/2&#8243;][vc_column_text]<img loading=\"lazy\" decoding=\"async\" class=\"size-full wp-image-8450\" src=\"https:\/\/industrialtransferpump.com\/wp-content\/uploads\/2023\/08\/AH_series-mono-pump-21.png\" alt=\"AH_series-mono-pump-2~1\" width=\"994\" height=\"768\" srcset=\"https:\/\/industrialtransferpump.com\/wp-content\/uploads\/2023\/08\/AH_series-mono-pump-21.png 994w, https:\/\/industrialtransferpump.com\/wp-content\/uploads\/2023\/08\/AH_series-mono-pump-21-300x232.png 300w, https:\/\/industrialtransferpump.com\/wp-content\/uploads\/2023\/08\/AH_series-mono-pump-21-768x593.png 768w, https:\/\/industrialtransferpump.com\/wp-content\/uploads\/2023\/08\/AH_series-mono-pump-21-900x695.png 900w\" sizes=\"auto, (max-width: 994px) 100vw, 994px\" \/>[\/vc_column_text][vc_custom_heading text=&#8221;Pompes mono et secteurs&#8221; font_container=&#8221;tag:h4|text_align:left|color:%23222222&#8243; use_theme_fonts=&#8221;yes&#8221; css=&#8221;.vc_custom_1692191271996{margin-bottom: 23px !important;}&#8221;][vc_column_text]Chambre ouverte <a href=\"https:\/\/industrialtransferpump.com\/fr\/pompes-mono\/\"><br \/>\n  <strong><br \/>\n    <em>pompes mono<\/em><br \/>\n  <\/strong><br \/>\n<\/a> sont pr\u00e9f\u00e9r\u00e9es dans les secteurs alimentaires et industriels. Ils sont produits sp\u00e9cialement en fonction du projet et de la distance de transfert.<\/p>\n<p>Valeur de la capacit\u00e9 souhait\u00e9e (m3\/h)<br \/>\nValeur de la pression souhait\u00e9e (bar)<br \/>\nDistance du produit \u00e0 imprimer (m)<br \/>\nProduit \u00e0 imprimer<br \/>\nDensit\u00e9 du produit \u00e0 imprimer (gr\/cm3)<br \/>\nViscosit\u00e9 du produit \u00e0 imprimer<br \/>\nTemp\u00e9rature du produit (\u00b0C)<br \/>\nProduit Valeur pH<\/p>\n<p>Les pompes sont sp\u00e9cialement fabriqu\u00e9es en fonction des besoins du client.[\/vc_column_text][vc_column_text]<img loading=\"lazy\" decoding=\"async\" class=\"size-full wp-image-8441\" src=\"https:\/\/industrialtransferpump.com\/wp-content\/uploads\/2023\/08\/Ah-series-mono-pump-4-1.jpeg\" alt=\"S\u00e9rie Ah-mono-pompe (4)\" width=\"1024\" height=\"768\" srcset=\"https:\/\/industrialtransferpump.com\/wp-content\/uploads\/2023\/08\/Ah-series-mono-pump-4-1.jpeg 1024w, https:\/\/industrialtransferpump.com\/wp-content\/uploads\/2023\/08\/Ah-series-mono-pump-4-1-300x225.jpeg 300w, https:\/\/industrialtransferpump.com\/wp-content\/uploads\/2023\/08\/Ah-series-mono-pump-4-1-768x576.jpeg 768w, https:\/\/industrialtransferpump.com\/wp-content\/uploads\/2023\/08\/Ah-series-mono-pump-4-1-900x675.jpeg 900w\" sizes=\"auto, (max-width: 1024px) 100vw, 1024px\" \/>[\/vc_column_text][\/vc_column_inner][\/vc_row_inner][vc_row_inner][vc_column_inner width=&#8221;1\/2&#8243;][vc_custom_heading text=&#8221;Exemples de m\u00e9dias&#8221; font_container=&#8221;tag:h4|text_align:left|color:%23222222&#8243; use_theme_fonts=&#8221;yes&#8221; css=&#8221;.vc_custom_1692191224634{margin-bottom: 23px !important;}&#8221;][vc_column_text css=&#8221;.vc_custom_1692196009254{margin-bottom: 20px !important;}&#8221;]<\/p>\n<ul>\n<li>Pompe caramel<\/li>\n<li><strong>Pompes<\/strong> pour concentr\u00e9s de fruits et l\u00e9gumes<\/li>\n<li>Pompe \u00e0 beurre de cacahu\u00e8tes<\/li>\n<li>Pompe \u00e0 mayonnaise<\/li>\n<li>Pompe \u00e0 p\u00e2te de nougat aux noisettes<\/li>\n<li>Pompe \u00e0 chocolat (chauff\u00e9e)<\/li>\n<li>Pompe \u00e0 concentr\u00e9s pour la fabrication de sauces<\/li>\n<li>Pompe mono pour l&#8217;huile<\/li>\n<li>Pompe \u00e0 vaseline<\/li>\n<li>Pommades <a href=\"http:\/\/Mono%20phttps:\/\/industrialtransferpump.com\/mono-pumps\/umps%20with%20flash%20connection%20are%20preferred%20in%20food%20and%20industrial%20areas.%20It%20is%20specially%20produced%20depending%20on%20the%20project%20and%20transfer%20distance.\"><br \/>\n  <strong>mono-pompe<\/strong><br \/>\n<\/a><\/li>\n<li>Pompe pour produits de soins capillaires et corporels<\/li>\n<li>Cire, pompe semi-solide<\/li>\n<li>Pompe \u00e0 glyc\u00e9rine et sirop de glucose<\/li>\n<\/ul>\n<p>[\/vc_column_text][vc_custom_heading text=&#8221;PI\u00c8CE DE RECHANGE POUR MONOPOMPES&#8221; font_container=&#8221;tag:h4|text_align:left|color:%23222222&#8243; use_theme_fonts=&#8221;yes&#8221; css=&#8221;.vc_custom_1692194223155{margin-bottom: 23px !important;}&#8221;][vc_column_text]<img loading=\"lazy\" decoding=\"async\" class=\" wp-image-8332\" src=\"https:\/\/industrialtransferpump.com\/wp-content\/uploads\/2023\/08\/mono-pump-spare-part-724x1024.jpg\" alt=\"mono-pompe-pi\u00e8ce de rechange\" width=\"669\" height=\"912\">[\/vc_column_text][\/vc_column_inner][vc_column_inner width=&#8221;1\/2&#8243;][vc_custom_heading text=&#8221;Plages de travail&#8221; font_container=&#8221;tag:h4|text_align:left|color:%23222222&#8243; use_theme_fonts=&#8221;yes&#8221; css=&#8221;.vc_custom_1692193075076{margin-bottom: 20px !important;}&#8221;][stm_charts x_values=&#8221;1BAR; 2BAR; 3BAR; 5BAR; 10BAR; 20BAR; 24BAR; 50BAR;&#8221; values=&#8221;%5B%7B%22title%22%3A%2218-24%20BAR%22%2C%22y_values%22%3A%2210%3B%2015%3B%2020%3B%2025%3B%2027%3B%2025%3B%2023%3B%2025%22%2C%22color%22%3A%22%23fe6c61%22%7D%2C%7B%22title%22%3A%222.500%20-%205.000%20L%20%2Fh%20%20%20%22%2C%22y_values%22%3A%2225%3B%2018%3B%2016%3B%2017%3B%2020%3B%2025%3B%2030%3B%2035%22%2C%22color%22%3A%22%235472d2%22%7D%5D&#8221; width=&#8221;395&#8243; height=&#8221;410&#8243;][vc_column_text]<img loading=\"lazy\" decoding=\"async\" class=\"size-large wp-image-8334\" src=\"https:\/\/industrialtransferpump.com\/wp-content\/uploads\/2023\/08\/mono-pump-spare-part-2-724x1024.jpg\" alt=\"mono-pompe-spare-part-2\" width=\"724\" height=\"1024\" srcset=\"https:\/\/industrialtransferpump.com\/wp-content\/uploads\/2023\/08\/mono-pump-spare-part-2-724x1024.jpg 724w, https:\/\/industrialtransferpump.com\/wp-content\/uploads\/2023\/08\/mono-pump-spare-part-2-212x300.jpg 212w, https:\/\/industrialtransferpump.com\/wp-content\/uploads\/2023\/08\/mono-pump-spare-part-2-768x1087.jpg 768w, https:\/\/industrialtransferpump.com\/wp-content\/uploads\/2023\/08\/mono-pump-spare-part-2.jpg 800w\" sizes=\"auto, (max-width: 724px) 100vw, 724px\" \/>[\/vc_column_text][\/vc_column_inner][\/vc_row_inner][vc_custom_heading text=&#8221;Vid\u00e9o pour les pompes mono&#8221; font_container=&#8221;tag:h4|text_align:left|color:%23222222&#8243; use_theme_fonts=&#8221;yes&#8221; css=&#8221;.vc_custom_1692194722987{margin-bottom: 31px !important;}&#8221;][vc_video link=&#8221;https:\/\/www.youtube.com\/embed\/mV1nTf3dPZc&#8221;][vc_custom_heading text=&#8221;Galerie de photos des pompes monoblocs de la s\u00e9rie AH&#8221; font_container=&#8221;tag:h4|text_align:left|color:%23222222&#8243; use_theme_fonts=&#8221;yes&#8221; css=&#8221;.vc_custom_1692699330807{margin-bottom: 31px !important;}&#8221;][vc_gallery images=&#8221;8438,8437,8436,8435,8439,8440,8441,8514,8513,8512,8511,8510,8509,8508,8507,8506,8505,8504,8503,8502,8501,8500,8499,8378,8379,8292&#8243;][\/vc_column][vc_column width=&#8221;1\/4&#8243; offset=&#8221;vc_hidden-sm vc_hidden-xs&#8221;][stm_sidebar sidebar=&#8221;1097&#8243;][\/vc_column][\/vc_row][vc_row full_width=&#8221;stretch_row&#8221; el_class=&#8221;third_bg_color&#8221; css=&#8221;.vc_custom_1451889219674{margin-bottom: -60px !important;}&#8221;][vc_column][vc_cta h2=&#8221;si vous avez besoin de plus d&apos;informations !&#8221; h2_font_container=&#8221;tag:h2|font_size:20px|text_align:left|color:%23000000|line_height:24px&#8221; h2_use_theme_fonts=&#8221;yes&#8221; h4=&#8221;Vous pouvez utiliser notre formulaire de contact rapide pour obtenir plus d&apos;informations sur nos machines. Catalogues disponibles, photos, vid\u00e9os et plus encore&#8230;&#8221; shape=&#8221;square&#8221; style=&#8221;flat&#8221; add_button=&#8221;right&#8221; btn_title=&#8221;DEMANDER UN DEVIS&#8221; btn_style=&#8221;flat&#8221; btn_color=&#8221;theme_style_2&#8243; btn_align=&#8221;right&#8221; btn_i_align=&#8221;right&#8221; btn_i_icon_fontawesome=&#8221;stm-location&#8221; particles=&#8221;yes&#8221; use_custom_fonts_h2=&#8221;true&#8221; btn_button_block=&#8221;true&#8221; btn_add_icon=&#8221;true&#8221; el_class=&#8221;third_bg_color&#8221; css=&#8221;.vc_custom_1692195645245{margin-bottom: 0px !important;}&#8221; btn_link=&#8221;url:https%3A%2F%2Findustrialtransferpump.com%2Ffr%2Fnous-contacter%2F|title:Obtenir%20un%20devis%20rapide|target:_blank|&#8221;][\/vc_cta][\/vc_column][\/vc_row]<\/p>\n<\/div>","protected":false},"excerpt":{"rendered":"<p>[vc_row css=&#8221;.vc_custom_1452687555475{margin-bottom: 100px !important;}&#8221;][vc_column offset=&#8221;vc_col-lg-9 vc_col-md-9&#8243;][vc_single_image image=&#8221;8424&#8243; img_size=&#8221;stm-image-1110&#215;550-croped&#8221; css=&#8221;.vc_custom_1692694638979{margin-bottom: 45px !important;}&#8221;][vc_column_text css=&#8221;.vc_custom_1692803606409{margin-bottom: 25px !important;}&#8221;] Caract\u00e9ristiques et avantages Il est pr\u00e9f\u00e9r\u00e9 pour le transfert de produits \u00e0 haute densit\u00e9. Haute performance Max. Gamme de mod\u00e8les 50 m3\/h et 18 BAR Transfert de produits contenant des particules solides Le produit peut \u00eatre collect\u00e9 avec une alimentation conique<\/p>\n","protected":false},"author":1,"featured_media":0,"parent":0,"menu_order":0,"comment_status":"closed","ping_status":"closed","template":"","meta":{"_joinchat":[],"footnotes":""},"class_list":["post-9544","page","type-page","status-publish","hentry"],"yoast_head":"<!-- This site is optimized with the Yoast SEO plugin v22.3 - https:\/\/yoast.com\/wordpress\/plugins\/seo\/ -->\n<title>Pompe mono s\u00e9rie AH - Industrial Transfer Pump Manufacturer<\/title>\n<meta name=\"description\" content=\"La pompe Mono \u00e0 chambre ouverte est utilis\u00e9e pour le transfert de produits fluides et semi-fluides n\u00e9cessitant un vide \u00e9lev\u00e9.\" \/>\n<meta name=\"robots\" content=\"index, follow, max-snippet:-1, max-image-preview:large, max-video-preview:-1\" \/>\n<link rel=\"canonical\" href=\"https:\/\/industrialtransferpump.com\/fr\/pompe-mono-serie-ah\/\" \/>\n<meta property=\"og:locale\" content=\"fr_FR\" \/>\n<meta property=\"og:type\" content=\"article\" \/>\n<meta property=\"og:title\" content=\"Pompe mono s\u00e9rie AH - Industrial Transfer Pump Manufacturer\" \/>\n<meta property=\"og:description\" content=\"La pompe Mono \u00e0 chambre ouverte est utilis\u00e9e pour le transfert de produits fluides et semi-fluides n\u00e9cessitant un vide \u00e9lev\u00e9.\" \/>\n<meta property=\"og:url\" content=\"https:\/\/industrialtransferpump.com\/fr\/pompe-mono-serie-ah\/\" \/>\n<meta property=\"og:site_name\" content=\"Industrial Transfer Pump Manufacturer\" \/>\n<meta property=\"article:modified_time\" content=\"2023-11-04T14:44:52+00:00\" \/>\n<meta property=\"og:image\" content=\"https:\/\/industrialtransferpump.com\/wp-content\/uploads\/2023\/08\/AH_series-mono-pump-1024x791.png\" \/>\n<meta name=\"twitter:card\" content=\"summary_large_image\" \/>\n<meta name=\"twitter:label1\" content=\"Dur\u00e9e de lecture estim\u00e9e\" \/>\n\t<meta name=\"twitter:data1\" content=\"6 minutes\" \/>\n<script type=\"application\/ld+json\" class=\"yoast-schema-graph\">{\"@context\":\"https:\/\/schema.org\",\"@graph\":[{\"@type\":\"WebPage\",\"@id\":\"https:\/\/industrialtransferpump.com\/fr\/pompe-mono-serie-ah\/\",\"url\":\"https:\/\/industrialtransferpump.com\/fr\/pompe-mono-serie-ah\/\",\"name\":\"Pompe mono s\u00e9rie AH - Industrial Transfer Pump Manufacturer\",\"isPartOf\":{\"@id\":\"https:\/\/industrialtransferpump.com\/#website\"},\"primaryImageOfPage\":{\"@id\":\"https:\/\/industrialtransferpump.com\/fr\/pompe-mono-serie-ah\/#primaryimage\"},\"image\":{\"@id\":\"https:\/\/industrialtransferpump.com\/fr\/pompe-mono-serie-ah\/#primaryimage\"},\"thumbnailUrl\":\"https:\/\/industrialtransferpump.com\/wp-content\/uploads\/2023\/08\/AH_series-mono-pump-1024x791.png\",\"datePublished\":\"2023-08-17T08:45:42+00:00\",\"dateModified\":\"2023-11-04T14:44:52+00:00\",\"description\":\"La pompe Mono \u00e0 chambre ouverte est utilis\u00e9e pour le transfert de produits fluides et semi-fluides n\u00e9cessitant un vide \u00e9lev\u00e9.\",\"breadcrumb\":{\"@id\":\"https:\/\/industrialtransferpump.com\/fr\/pompe-mono-serie-ah\/#breadcrumb\"},\"inLanguage\":\"fr-FR\",\"potentialAction\":[{\"@type\":\"ReadAction\",\"target\":[\"https:\/\/industrialtransferpump.com\/fr\/pompe-mono-serie-ah\/\"]}]},{\"@type\":\"ImageObject\",\"inLanguage\":\"fr-FR\",\"@id\":\"https:\/\/industrialtransferpump.com\/fr\/pompe-mono-serie-ah\/#primaryimage\",\"url\":\"https:\/\/industrialtransferpump.com\/wp-content\/uploads\/2023\/08\/AH_series-mono-pump.png\",\"contentUrl\":\"https:\/\/industrialtransferpump.com\/wp-content\/uploads\/2023\/08\/AH_series-mono-pump.png\",\"width\":1398,\"height\":1080,\"caption\":\"AH_series-mono-pump\"},{\"@type\":\"BreadcrumbList\",\"@id\":\"https:\/\/industrialtransferpump.com\/fr\/pompe-mono-serie-ah\/#breadcrumb\",\"itemListElement\":[{\"@type\":\"ListItem\",\"position\":1,\"name\":\"Home\",\"item\":\"https:\/\/industrialtransferpump.com\/fr\/accueil\/\"},{\"@type\":\"ListItem\",\"position\":2,\"name\":\"Pompe mono s\u00e9rie AH\"}]},{\"@type\":\"WebSite\",\"@id\":\"https:\/\/industrialtransferpump.com\/#website\",\"url\":\"https:\/\/industrialtransferpump.com\/\",\"name\":\"Drum Emptying System & Barrel Unloading System\",\"description\":\"Industrial Transfer Pump\",\"publisher\":{\"@id\":\"https:\/\/industrialtransferpump.com\/#organization\"},\"potentialAction\":[{\"@type\":\"SearchAction\",\"target\":{\"@type\":\"EntryPoint\",\"urlTemplate\":\"https:\/\/industrialtransferpump.com\/?s={search_term_string}\"},\"query-input\":\"required name=search_term_string\"}],\"inLanguage\":\"fr-FR\"},{\"@type\":\"Organization\",\"@id\":\"https:\/\/industrialtransferpump.com\/#organization\",\"name\":\"Barrel Pump Trasferring Systems\",\"url\":\"https:\/\/industrialtransferpump.com\/\",\"logo\":{\"@type\":\"ImageObject\",\"inLanguage\":\"fr-FR\",\"@id\":\"https:\/\/industrialtransferpump.com\/#\/schema\/logo\/image\/\",\"url\":\"https:\/\/industrialtransferpump.com\/wp-content\/uploads\/2021\/03\/Logo.png\",\"contentUrl\":\"https:\/\/industrialtransferpump.com\/wp-content\/uploads\/2021\/03\/Logo.png\",\"width\":6617,\"height\":4077,\"caption\":\"Barrel Pump Trasferring Systems\"},\"image\":{\"@id\":\"https:\/\/industrialtransferpump.com\/#\/schema\/logo\/image\/\"}}]}<\/script>\n<!-- \/ Yoast SEO plugin. -->","yoast_head_json":{"title":"Pompe mono s\u00e9rie AH - Industrial Transfer Pump Manufacturer","description":"La pompe Mono \u00e0 chambre ouverte est utilis\u00e9e pour le transfert de produits fluides et semi-fluides n\u00e9cessitant un vide \u00e9lev\u00e9.","robots":{"index":"index","follow":"follow","max-snippet":"max-snippet:-1","max-image-preview":"max-image-preview:large","max-video-preview":"max-video-preview:-1"},"canonical":"https:\/\/industrialtransferpump.com\/fr\/pompe-mono-serie-ah\/","og_locale":"fr_FR","og_type":"article","og_title":"Pompe mono s\u00e9rie AH - Industrial Transfer Pump Manufacturer","og_description":"La pompe Mono \u00e0 chambre ouverte est utilis\u00e9e pour le transfert de produits fluides et semi-fluides n\u00e9cessitant un vide \u00e9lev\u00e9.","og_url":"https:\/\/industrialtransferpump.com\/fr\/pompe-mono-serie-ah\/","og_site_name":"Industrial Transfer Pump Manufacturer","article_modified_time":"2023-11-04T14:44:52+00:00","og_image":[{"url":"https:\/\/industrialtransferpump.com\/wp-content\/uploads\/2023\/08\/AH_series-mono-pump-1024x791.png"}],"twitter_card":"summary_large_image","twitter_misc":{"Dur\u00e9e de lecture estim\u00e9e":"6 minutes"},"schema":{"@context":"https:\/\/schema.org","@graph":[{"@type":"WebPage","@id":"https:\/\/industrialtransferpump.com\/fr\/pompe-mono-serie-ah\/","url":"https:\/\/industrialtransferpump.com\/fr\/pompe-mono-serie-ah\/","name":"Pompe mono s\u00e9rie AH - Industrial Transfer Pump Manufacturer","isPartOf":{"@id":"https:\/\/industrialtransferpump.com\/#website"},"primaryImageOfPage":{"@id":"https:\/\/industrialtransferpump.com\/fr\/pompe-mono-serie-ah\/#primaryimage"},"image":{"@id":"https:\/\/industrialtransferpump.com\/fr\/pompe-mono-serie-ah\/#primaryimage"},"thumbnailUrl":"https:\/\/industrialtransferpump.com\/wp-content\/uploads\/2023\/08\/AH_series-mono-pump-1024x791.png","datePublished":"2023-08-17T08:45:42+00:00","dateModified":"2023-11-04T14:44:52+00:00","description":"La pompe Mono \u00e0 chambre ouverte est utilis\u00e9e pour le transfert de produits fluides et semi-fluides n\u00e9cessitant un vide \u00e9lev\u00e9.","breadcrumb":{"@id":"https:\/\/industrialtransferpump.com\/fr\/pompe-mono-serie-ah\/#breadcrumb"},"inLanguage":"fr-FR","potentialAction":[{"@type":"ReadAction","target":["https:\/\/industrialtransferpump.com\/fr\/pompe-mono-serie-ah\/"]}]},{"@type":"ImageObject","inLanguage":"fr-FR","@id":"https:\/\/industrialtransferpump.com\/fr\/pompe-mono-serie-ah\/#primaryimage","url":"https:\/\/industrialtransferpump.com\/wp-content\/uploads\/2023\/08\/AH_series-mono-pump.png","contentUrl":"https:\/\/industrialtransferpump.com\/wp-content\/uploads\/2023\/08\/AH_series-mono-pump.png","width":1398,"height":1080,"caption":"AH_series-mono-pump"},{"@type":"BreadcrumbList","@id":"https:\/\/industrialtransferpump.com\/fr\/pompe-mono-serie-ah\/#breadcrumb","itemListElement":[{"@type":"ListItem","position":1,"name":"Home","item":"https:\/\/industrialtransferpump.com\/fr\/accueil\/"},{"@type":"ListItem","position":2,"name":"Pompe mono s\u00e9rie AH"}]},{"@type":"WebSite","@id":"https:\/\/industrialtransferpump.com\/#website","url":"https:\/\/industrialtransferpump.com\/","name":"Drum Emptying System & Barrel Unloading System","description":"Industrial Transfer Pump","publisher":{"@id":"https:\/\/industrialtransferpump.com\/#organization"},"potentialAction":[{"@type":"SearchAction","target":{"@type":"EntryPoint","urlTemplate":"https:\/\/industrialtransferpump.com\/?s={search_term_string}"},"query-input":"required name=search_term_string"}],"inLanguage":"fr-FR"},{"@type":"Organization","@id":"https:\/\/industrialtransferpump.com\/#organization","name":"Barrel Pump Trasferring Systems","url":"https:\/\/industrialtransferpump.com\/","logo":{"@type":"ImageObject","inLanguage":"fr-FR","@id":"https:\/\/industrialtransferpump.com\/#\/schema\/logo\/image\/","url":"https:\/\/industrialtransferpump.com\/wp-content\/uploads\/2021\/03\/Logo.png","contentUrl":"https:\/\/industrialtransferpump.com\/wp-content\/uploads\/2021\/03\/Logo.png","width":6617,"height":4077,"caption":"Barrel Pump Trasferring Systems"},"image":{"@id":"https:\/\/industrialtransferpump.com\/#\/schema\/logo\/image\/"}}]}},"_links":{"self":[{"href":"https:\/\/industrialtransferpump.com\/fr\/wp-json\/wp\/v2\/pages\/9544","targetHints":{"allow":["GET"]}}],"collection":[{"href":"https:\/\/industrialtransferpump.com\/fr\/wp-json\/wp\/v2\/pages"}],"about":[{"href":"https:\/\/industrialtransferpump.com\/fr\/wp-json\/wp\/v2\/types\/page"}],"author":[{"embeddable":true,"href":"https:\/\/industrialtransferpump.com\/fr\/wp-json\/wp\/v2\/users\/1"}],"replies":[{"embeddable":true,"href":"https:\/\/industrialtransferpump.com\/fr\/wp-json\/wp\/v2\/comments?post=9544"}],"version-history":[{"count":13,"href":"https:\/\/industrialtransferpump.com\/fr\/wp-json\/wp\/v2\/pages\/9544\/revisions"}],"predecessor-version":[{"id":9791,"href":"https:\/\/industrialtransferpump.com\/fr\/wp-json\/wp\/v2\/pages\/9544\/revisions\/9791"}],"wp:attachment":[{"href":"https:\/\/industrialtransferpump.com\/fr\/wp-json\/wp\/v2\/media?parent=9544"}],"curies":[{"name":"wp","href":"https:\/\/api.w.org\/{rel}","templated":true}]}}