{"id":9572,"date":"2023-08-24T09:44:51","date_gmt":"2023-08-24T09:44:51","guid":{"rendered":"https:\/\/industrialtransferpump.com\/pompe-mono-serie-bah\/"},"modified":"2023-11-04T14:44:52","modified_gmt":"2023-11-04T14:44:52","slug":"pompe-mono-serie-bah","status":"publish","type":"page","link":"https:\/\/industrialtransferpump.com\/fr\/pompe-mono-serie-bah\/","title":{"rendered":"Pompe mono s\u00e9rie BAH"},"content":{"rendered":"<div class=\"wpb-content-wrapper\"><p>[vc_row][vc_column][vc_column_text]<span style=\"vertical-align: inherit;\"><span style=\"vertical-align: inherit;\">[\/vc_column_text][\/vc_column][\/vc_row][vc_row css=&#8221;.vc_custom_1452687555475{margin-bottom: 100px !important;}&#8221;][vc_column offset=&#8221;vc_col-lg-9 vc_col-md-9&#8243;][vc_single_image image=&#8221;8496&#8243; img_size=&#8221;stm-image- 1110&#215;550-croped&#8221; css=&#8221;.vc_custom_1692875556424{margin-bottom: 45px !important;}&#8221;][vc_column_text css=&#8221;.vc_custom_1692877385462{margin-bottom: 25px !important;}&#8221;]<\/span><\/span><\/p>\n<h3>Caract\u00e9ristiques et avantages<\/h3>\n<ul>\n<li>Pr\u00e9f\u00e9r\u00e9 pour le transfert de produits de haute densit\u00e9.<\/li>\n<li>Haute performance Maximum 20 m3\/h et gamme de mod\u00e8les 6 BAR<\/li>\n<li>Stockage des produits avec hotte<\/li>\n<li>Continuit\u00e9 du mat\u00e9riau avec une longue vis d&#8217;alimentation<\/li>\n<li>Transfert de produits sans rupture et sans d\u00e9calage<\/li>\n<li>Transfert de produits \u00e0 forte teneur en mati\u00e8re s\u00e8che<\/li>\n<li>Diff\u00e9rentes solutions d&#8217;\u00e9tanch\u00e9it\u00e9 sur demande (Soft-Mechanical)<\/li>\n<li>Entr\u00e9es et sorties de lavage en option<\/li>\n<li>Diff\u00e9rentes solutions avec des \u00e9quipements en acier inoxydable ou en acier alli\u00e9<\/li>\n<li>Diff\u00e9rents types de caoutchouc (EPDM-NBR-NR-VITON)<\/li>\n<\/ul>\n<h2>Pompe mono de qualit\u00e9 alimentaire<\/h2>\n<blockquote><p>Ces pompes \u00e0 tr\u00e9mie largement ouverte sont pr\u00e9f\u00e9r\u00e9es dans les zones industrielles et ces mod\u00e8les sont utilis\u00e9s pour les produits \u00e0 forte teneur en mati\u00e8re s\u00e8che. G\u00e9n\u00e9ralement, les produits tels que les g\u00e2teaux, etc. produits apr\u00e8s le processus de d\u00e9shydratation des boues d&#8217;eaux us\u00e9es sont \u00e9galement pr\u00e9f\u00e9r\u00e9s. C&#8217;est un partenaire de solution pour de nombreux secteurs gr\u00e2ce aux avantages qu&#8217;il offre \u00e0 ses utilisateurs.<\/p><\/blockquote>\n<p>[\/vc_column_text][vc_row_inner css=&#8221;.vc_custom_1456219515168{margin-bottom: 27px !important;}&#8221;][vc_column_inner width=&#8221;1\/2&#8243;][vc_column_text]<img loading=\"lazy\" decoding=\"async\" class=\"alignleft size-full wp-image-8493\" src=\"https:\/\/industrialtransferpump.com\/wp-content\/uploads\/2023\/08\/bah-series-mono-pump-11.png\" alt=\"\" width=\"960\" height=\"768\" srcset=\"https:\/\/industrialtransferpump.com\/wp-content\/uploads\/2023\/08\/bah-series-mono-pump-11.png 960w, https:\/\/industrialtransferpump.com\/wp-content\/uploads\/2023\/08\/bah-series-mono-pump-11-300x240.png 300w, https:\/\/industrialtransferpump.com\/wp-content\/uploads\/2023\/08\/bah-series-mono-pump-11-768x614.png 768w, https:\/\/industrialtransferpump.com\/wp-content\/uploads\/2023\/08\/bah-series-mono-pump-11-900x720.png 900w\" sizes=\"auto, (max-width: 960px) 100vw, 960px\" \/>[\/vc_column_text][vc_custom_heading text=&#8221;Fonctionnement&#8221; font_container=&#8221;tag:h4|text_align:left|color:%23222222&#8243; use_theme_fonts=&#8221;yes&#8221; css=&#8221;.vc_custom_1692190329579{margin-bottom: 27px !important;}&#8221;][stm_charts design=&#8221;polarArea&#8221; values_circle=&#8221;%5B%7B%22title%22%3A%22Maximum%208%20meters%22%2C%22value%22%3A%2240%22%2C%22color%22%3A%22%23fe6c61%22%7D%2C%7B%22title%22%3A%2220-50%20m3%20%2F%20h%20%22%2C%22value%22%3A%2230%22%2C%22color%22%3A%22%235472d2%22%7D%2C%7B%22title%22%3A%226%20-18%20-%2024%20BAR%20%22%2C%22value%22%3A%2240%22%2C%22color%22%3A%22%238d6dc4%22%7D%5D&#8221; width=&#8221;208&#8243; height=&#8221;208&#8243; css=&#8221;.vc_custom_1692876926178{margin-bottom: 14px !important;}&#8221;][vc_column_text]<\/p>\n<p style=\"text-align: center;\"><strong>En option, acier inoxydable ou autres variantes d&#8217;acier alli\u00e9<\/strong><\/p>\n<p>[\/vc_column_text][vc_column_text]<img loading=\"lazy\" decoding=\"async\" class=\"size-full wp-image-8459\" src=\"https:\/\/industrialtransferpump.com\/wp-content\/uploads\/2023\/08\/grape-juice-mono-pump-2.jpg\" alt=\"jus de raisin-mono-pompe-2\" width=\"908\" height=\"906\" srcset=\"https:\/\/industrialtransferpump.com\/wp-content\/uploads\/2023\/08\/grape-juice-mono-pump-2.jpg 908w, https:\/\/industrialtransferpump.com\/wp-content\/uploads\/2023\/08\/grape-juice-mono-pump-2-300x300.jpg 300w, https:\/\/industrialtransferpump.com\/wp-content\/uploads\/2023\/08\/grape-juice-mono-pump-2-150x150.jpg 150w, https:\/\/industrialtransferpump.com\/wp-content\/uploads\/2023\/08\/grape-juice-mono-pump-2-768x766.jpg 768w, https:\/\/industrialtransferpump.com\/wp-content\/uploads\/2023\/08\/grape-juice-mono-pump-2-50x50.jpg 50w, https:\/\/industrialtransferpump.com\/wp-content\/uploads\/2023\/08\/grape-juice-mono-pump-2-320x320.jpg 320w, https:\/\/industrialtransferpump.com\/wp-content\/uploads\/2023\/08\/grape-juice-mono-pump-2-900x898.jpg 900w\" sizes=\"auto, (max-width: 908px) 100vw, 908px\" \/>[\/vc_column_text][\/vc_column_inner][vc_column_inner width=&#8221;1\/2&#8243;][vc_column_text]<img loading=\"lazy\" decoding=\"async\" class=\"alignleft size-full wp-image-8494\" src=\"https:\/\/industrialtransferpump.com\/wp-content\/uploads\/2023\/08\/bah-series-mono-pump-21.png\" alt=\"\" width=\"960\" height=\"768\" srcset=\"https:\/\/industrialtransferpump.com\/wp-content\/uploads\/2023\/08\/bah-series-mono-pump-21.png 960w, https:\/\/industrialtransferpump.com\/wp-content\/uploads\/2023\/08\/bah-series-mono-pump-21-300x240.png 300w, https:\/\/industrialtransferpump.com\/wp-content\/uploads\/2023\/08\/bah-series-mono-pump-21-768x614.png 768w, https:\/\/industrialtransferpump.com\/wp-content\/uploads\/2023\/08\/bah-series-mono-pump-21-900x720.png 900w\" sizes=\"auto, (max-width: 960px) 100vw, 960px\" \/>[\/vc_column_text][vc_custom_heading text=&#8221;Pompes mono et secteurs&#8221; font_container=&#8221;tag:h4|text_align:left|color:%23222222&#8243; use_theme_fonts=&#8221;yes&#8221; css=&#8221;.vc_custom_1692191271996{margin-bottom: 23px !important;}&#8221;][vc_column_text]Chambre ouverte <a href=\"https:\/\/industrialtransferpump.com\/fr\/pompes-mono\/\"><br \/>\n  <strong><br \/>\n    <em>pompes mono<\/em><br \/>\n  <\/strong><br \/>\n<\/a> sont pr\u00e9f\u00e9r\u00e9es dans les secteurs alimentaires et industriels. Ils sont produits sp\u00e9cialement en fonction du projet et de la distance de transfert.<\/p>\n<p>Valeur de la capacit\u00e9 souhait\u00e9e (m3\/h)<br \/>\nValeur de la pression souhait\u00e9e (bar)<br \/>\nDistance du produit \u00e0 imprimer (m)<br \/>\nProduit \u00e0 imprimer<br \/>\nDensit\u00e9 du produit \u00e0 imprimer (gr\/cm3)<br \/>\nViscosit\u00e9 du produit \u00e0 imprimer<br \/>\nTemp\u00e9rature du produit (\u00b0C)<br \/>\nProduit Valeur pH<\/p>\n<p>Les pompes sont sp\u00e9cialement fabriqu\u00e9es en fonction des besoins du client.[\/vc_column_text][vc_column_text]<img loading=\"lazy\" decoding=\"async\" class=\"size-full wp-image-8458\" src=\"https:\/\/industrialtransferpump.com\/wp-content\/uploads\/2023\/08\/grape-juice-mono-pump.jpg\" alt=\"pompe de transfert de pulpe de raisin\" width=\"908\" height=\"906\" srcset=\"https:\/\/industrialtransferpump.com\/wp-content\/uploads\/2023\/08\/grape-juice-mono-pump.jpg 908w, https:\/\/industrialtransferpump.com\/wp-content\/uploads\/2023\/08\/grape-juice-mono-pump-300x300.jpg 300w, https:\/\/industrialtransferpump.com\/wp-content\/uploads\/2023\/08\/grape-juice-mono-pump-150x150.jpg 150w, https:\/\/industrialtransferpump.com\/wp-content\/uploads\/2023\/08\/grape-juice-mono-pump-768x766.jpg 768w, https:\/\/industrialtransferpump.com\/wp-content\/uploads\/2023\/08\/grape-juice-mono-pump-50x50.jpg 50w, https:\/\/industrialtransferpump.com\/wp-content\/uploads\/2023\/08\/grape-juice-mono-pump-320x320.jpg 320w, https:\/\/industrialtransferpump.com\/wp-content\/uploads\/2023\/08\/grape-juice-mono-pump-900x898.jpg 900w\" sizes=\"auto, (max-width: 908px) 100vw, 908px\" \/><\/p>\n<p>&nbsp;<\/p>\n<p>pompe mono de qualit\u00e9 alimentaire[\/vc_column_text][\/vc_column_inner][\/vc_row_inner][vc_row_inner][vc_column_inner width=&#8221;1\/2&#8243;][vc_custom_heading text=&#8221;Exemples de m\u00e9dias&#8221; font_container=&#8221;tag:h4|text_align:left|color:%23222222&#8243; use_theme_fonts=&#8221;yes&#8221; css=&#8221;.vc_custom_1692191224634{margin-bottom: 23px !important;}&#8221;][vc_column_text css=&#8221;.vc_custom_1692877080978{margin-bottom: 20px !important;}&#8221;]<\/p>\n<ul>\n<li>pompe mono de qualit\u00e9 alimentaire<\/li>\n<li>pompe alimentaire<\/li>\n<li>pompe \u00e0 fruits<\/li>\n<li>pur\u00e9e de fruits<\/li>\n<li>pompe mono<\/li>\n<li><a href=\"https:\/\/industrialtransferpump.com\/how-to-choose-suitable-mono-pumps-for-grape-juice-and-fruit-juice\/\"><strong>mono-pompe \u00e0 jus de raisin<\/strong><\/a><\/li>\n<li>pulpe de jus de raisin pulpe de raisin mono-pompe<\/li>\n<li>pompe \u00e0 raisin<\/li>\n<li>pompe industrielle pompe mono-pompe<\/li>\n<li><strong>Pompes<\/strong> pour concentr\u00e9s de fruits et l\u00e9gumes<\/li>\n<li>Pompe \u00e0 chocolat (chauff\u00e9e)<\/li>\n<li>Pompe \u00e0 concentr\u00e9s pour la fabrication de sauces<\/li>\n<li>Pompe mono pour l&#8217;huile<\/li>\n<li>Pompe \u00e0 vaseline<\/li>\n<li>Pommades <a href=\"http:\/\/Mono%20phttps:\/industrialtransferpump.com\/mono-pumps\/umps%20with%20flash%20connection%20are%20preferred%20in%20food%20and%20industrial%20areas.%20It%20is%20specially%20produced%20depending%20on%20the%20project%20and%20transfer%20distance.\"><br \/>\n  <strong>mono-pompe<\/strong><br \/>\n<\/a><\/li>\n<li>Pompe pour produits de soins capillaires et corporels<\/li>\n<\/ul>\n<p>[\/vc_column_text][vc_custom_heading text=&#8221;PI\u00c8CE DE RECHANGE POUR MONOPOMPES&#8221; font_container=&#8221;tag:h4|text_align:left|color:%23222222&#8243; use_theme_fonts=&#8221;yes&#8221; css=&#8221;.vc_custom_1692194223155{margin-bottom: 23px !important;}&#8221;][vc_column_text]<img loading=\"lazy\" decoding=\"async\" class=\" wp-image-8332\" src=\"https:\/\/industrialtransferpump.com\/wp-content\/uploads\/2023\/08\/mono-pump-spare-part-724x1024.jpg\" alt=\"mono-pompa-yedek-par\u00e7a\" width=\"669\" height=\"912\">[\/vc_column_text][\/vc_column_inner][vc_column_inner width=&#8221;1\/2&#8243;][vc_custom_heading text=&#8221;Plages de travail&#8221; font_container=&#8221;tag:h4|text_align:left|color:%23222222&#8243; use_theme_fonts=&#8221;yes&#8221; css=&#8221;.vc_custom_1692193075076{margin-bottom: 20px !important;}&#8221;][stm_charts x_values=&#8221;1BAR; 2BAR; 3BAR; 5BAR; 10BAR; 20BAR; 24BAR; 50BAR;&#8221; values=&#8221;%5B%7B%22title%22%3A%226%20-%208%20-18%20-%2024%20BAR%22%2C%22y_values%22%3A%2210%3B%2015%3B%2020%3B%2025%3B%2027%3B%2025%3B%2023%3B%2025%22%2C%22color%22%3A%22%23fe6c61%22%7D%2C%7B%22title%22%3A%22%2020%20-%2050%20%20m3%2Fh%22%2C%22y_values%22%3A%2225%3B%2018%3B%2016%3B%2017%3B%2020%3B%2025%3B%2030%3B%2035%22%2C%22color%22%3A%22%235472d2%22%7D%5D&#8221; width=&#8221;395&#8243; height=&#8221;410&#8243;][vc_column_text]<img loading=\"lazy\" decoding=\"async\" class=\"size-large wp-image-8334\" src=\"https:\/\/industrialtransferpump.com\/wp-content\/uploads\/2023\/08\/mono-pump-spare-part-2-724x1024.jpg\" alt=\"mono-pompa-yedek-par\u00e7a-2\" width=\"724\" height=\"1024\" srcset=\"https:\/\/industrialtransferpump.com\/wp-content\/uploads\/2023\/08\/mono-pump-spare-part-2-724x1024.jpg 724w, https:\/\/industrialtransferpump.com\/wp-content\/uploads\/2023\/08\/mono-pump-spare-part-2-212x300.jpg 212w, https:\/\/industrialtransferpump.com\/wp-content\/uploads\/2023\/08\/mono-pump-spare-part-2-768x1087.jpg 768w, https:\/\/industrialtransferpump.com\/wp-content\/uploads\/2023\/08\/mono-pump-spare-part-2.jpg 800w\" sizes=\"auto, (max-width: 724px) 100vw, 724px\" \/>[\/vc_column_text][\/vc_column_inner][\/vc_row_inner][vc_custom_heading text=&#8221;Vid\u00e9o pour les pompes mono&#8221; font_container=&#8221;tag:h4|text_align:left|color:%23222222&#8243; use_theme_fonts=&#8221;yes&#8221; css=&#8221;.vc_custom_1692194722987{margin-bottom: 31px !important;}&#8221;][vc_video link=&#8221;https:\/\/www.youtube.com\/embed\/mV1nTf3dPZc&#8221;][vc_custom_heading text=&#8221;Galerie de photos des pompes monoblocs de la s\u00e9rie BAH&#8221; font_container=&#8221;tag:h4|text_align:left|color:%23222222&#8243; use_theme_fonts=&#8221;yes&#8221; css=&#8221;.vc_custom_1692880730186{margin-bottom: 31px !important;}&#8221;][vc_gallery images=&#8221;8440,8439,8378,8379,8435,8354,8360,8362,8337,8288,8249,8223,8499,8500,8501,8502,8503,8504,8505,8506,8507,8508,8509,8510,8511,8512,8513,8514&#8243;][\/vc_column][vc_column width=&#8221;1\/4&#8243; offset=&#8221;vc_hidden-sm vc_hidden-xs&#8221;][stm_sidebar sidebar=&#8221;1097&#8243;][\/vc_column][\/vc_row][vc_row full_width=&#8221;stretch_row&#8221; el_class=&#8221;third_bg_color&#8221; css=&#8221;.vc_custom_1451889219674{margin-bottom: -60px !important;}&#8221;][vc_column][vc_cta h2=&#8221;si vous avez besoin de plus d&apos;informations !&#8221; h2_font_container=&#8221;tag:h2|font_size:20px|text_align:left|color:%23000000|line_height:24px&#8221; h2_use_theme_fonts=&#8221;yes&#8221; h4=&#8221;Vous pouvez utiliser notre formulaire de contact rapide pour obtenir plus d&apos;informations sur nos machines. Catalogues disponibles, photos, vid\u00e9os et plus encore&#8230;&#8221; shape=&#8221;square&#8221; style=&#8221;flat&#8221; add_button=&#8221;right&#8221; btn_title=&#8221;DEMANDER UN DEVIS&#8221; btn_style=&#8221;flat&#8221; btn_color=&#8221;theme_style_2&#8243; btn_align=&#8221;right&#8221; btn_i_align=&#8221;right&#8221; btn_i_icon_fontawesome=&#8221;stm-location&#8221; particles=&#8221;yes&#8221; use_custom_fonts_h2=&#8221;true&#8221; btn_button_block=&#8221;true&#8221; btn_add_icon=&#8221;true&#8221; el_class=&#8221;third_bg_color&#8221; css=&#8221;.vc_custom_1692195645245{margin-bottom: 0px !important;}&#8221; btn_link=&#8221;url:https%3A%2F%2Findustrialtransferpump.com%2Ffr%2Fnous-contacter%2F|title:Obtenir%20un%20devis%20rapide|target:_blank|&#8221;][\/vc_cta][\/vc_column][\/vc_row]<\/p>\n<\/div>","protected":false},"excerpt":{"rendered":"<p>[vc_row][vc_column][vc_column_text][\/vc_column_text][\/vc_column][\/vc_row][vc_row css=&#8221;.vc_custom_1452687555475{margin-bottom: 100px !important;}&#8221;][vc_column offset=&#8221;vc_col-lg-9 vc_col-md-9&#8243;][vc_single_image image=&#8221;8496&#8243; img_size=&#8221;stm-image- 1110&#215;550-croped&#8221; css=&#8221;.vc_custom_1692875556424{margin-bottom: 45px !important;}&#8221;][vc_column_text css=&#8221;.vc_custom_1692877385462{margin-bottom: 25px !important;}&#8221;] Caract\u00e9ristiques et avantages Pr\u00e9f\u00e9r\u00e9 pour le transfert de produits de haute densit\u00e9. Haute performance Maximum 20 m3\/h et gamme de mod\u00e8les 6 BAR Stockage des produits avec hotte Continuit\u00e9 du mat\u00e9riau avec une longue vis d&#8217;alimentation Transfert de produits sans<\/p>\n","protected":false},"author":1,"featured_media":0,"parent":0,"menu_order":0,"comment_status":"closed","ping_status":"closed","template":"","meta":{"_joinchat":[],"footnotes":""},"class_list":["post-9572","page","type-page","status-publish","hentry"],"yoast_head":"<!-- This site is optimized with the Yoast SEO plugin v22.3 - https:\/\/yoast.com\/wordpress\/plugins\/seo\/ -->\n<title>Pompe mono s\u00e9rie BAH - Industrial Transfer Pump Manufacturer<\/title>\n<meta name=\"description\" content=\"pompe mono alimentaire pompe mono alimentaire pompe \u00e0 fruits pompe mono pour pur\u00e9e de fruits pompe mono pour jus de raisin\" \/>\n<meta name=\"robots\" content=\"index, follow, max-snippet:-1, max-image-preview:large, max-video-preview:-1\" \/>\n<link rel=\"canonical\" href=\"https:\/\/industrialtransferpump.com\/fr\/pompe-mono-serie-bah\/\" \/>\n<meta property=\"og:locale\" content=\"fr_FR\" \/>\n<meta property=\"og:type\" content=\"article\" \/>\n<meta property=\"og:title\" content=\"Pompe mono s\u00e9rie BAH - Industrial Transfer Pump Manufacturer\" \/>\n<meta property=\"og:description\" content=\"pompe mono alimentaire pompe mono alimentaire pompe \u00e0 fruits pompe mono pour pur\u00e9e de fruits pompe mono pour jus de raisin\" \/>\n<meta property=\"og:url\" content=\"https:\/\/industrialtransferpump.com\/fr\/pompe-mono-serie-bah\/\" \/>\n<meta property=\"og:site_name\" content=\"Industrial Transfer Pump Manufacturer\" \/>\n<meta property=\"article:modified_time\" content=\"2023-11-04T14:44:52+00:00\" \/>\n<meta property=\"og:image\" content=\"https:\/\/industrialtransferpump.com\/wp-content\/uploads\/2023\/08\/bah-series-mono-pump-11.png\" \/>\n<meta name=\"twitter:card\" content=\"summary_large_image\" \/>\n<meta name=\"twitter:label1\" content=\"Dur\u00e9e de lecture estim\u00e9e\" \/>\n\t<meta name=\"twitter:data1\" content=\"5 minutes\" \/>\n<script type=\"application\/ld+json\" class=\"yoast-schema-graph\">{\"@context\":\"https:\/\/schema.org\",\"@graph\":[{\"@type\":\"WebPage\",\"@id\":\"https:\/\/industrialtransferpump.com\/fr\/pompe-mono-serie-bah\/\",\"url\":\"https:\/\/industrialtransferpump.com\/fr\/pompe-mono-serie-bah\/\",\"name\":\"Pompe mono s\u00e9rie BAH - Industrial Transfer Pump Manufacturer\",\"isPartOf\":{\"@id\":\"https:\/\/industrialtransferpump.com\/#website\"},\"primaryImageOfPage\":{\"@id\":\"https:\/\/industrialtransferpump.com\/fr\/pompe-mono-serie-bah\/#primaryimage\"},\"image\":{\"@id\":\"https:\/\/industrialtransferpump.com\/fr\/pompe-mono-serie-bah\/#primaryimage\"},\"thumbnailUrl\":\"https:\/\/industrialtransferpump.com\/wp-content\/uploads\/2023\/08\/bah-series-mono-pump-11.png\",\"datePublished\":\"2023-08-24T09:44:51+00:00\",\"dateModified\":\"2023-11-04T14:44:52+00:00\",\"description\":\"pompe mono alimentaire pompe mono alimentaire pompe \u00e0 fruits pompe mono pour pur\u00e9e de fruits pompe mono pour jus de raisin\",\"breadcrumb\":{\"@id\":\"https:\/\/industrialtransferpump.com\/fr\/pompe-mono-serie-bah\/#breadcrumb\"},\"inLanguage\":\"fr-FR\",\"potentialAction\":[{\"@type\":\"ReadAction\",\"target\":[\"https:\/\/industrialtransferpump.com\/fr\/pompe-mono-serie-bah\/\"]}]},{\"@type\":\"ImageObject\",\"inLanguage\":\"fr-FR\",\"@id\":\"https:\/\/industrialtransferpump.com\/fr\/pompe-mono-serie-bah\/#primaryimage\",\"url\":\"https:\/\/industrialtransferpump.com\/wp-content\/uploads\/2023\/08\/bah-series-mono-pump-11.png\",\"contentUrl\":\"https:\/\/industrialtransferpump.com\/wp-content\/uploads\/2023\/08\/bah-series-mono-pump-11.png\",\"width\":960,\"height\":768},{\"@type\":\"BreadcrumbList\",\"@id\":\"https:\/\/industrialtransferpump.com\/fr\/pompe-mono-serie-bah\/#breadcrumb\",\"itemListElement\":[{\"@type\":\"ListItem\",\"position\":1,\"name\":\"Home\",\"item\":\"https:\/\/industrialtransferpump.com\/fr\/accueil\/\"},{\"@type\":\"ListItem\",\"position\":2,\"name\":\"Pompe mono s\u00e9rie BAH\"}]},{\"@type\":\"WebSite\",\"@id\":\"https:\/\/industrialtransferpump.com\/#website\",\"url\":\"https:\/\/industrialtransferpump.com\/\",\"name\":\"Drum Emptying System & Barrel Unloading System\",\"description\":\"Industrial Transfer Pump\",\"publisher\":{\"@id\":\"https:\/\/industrialtransferpump.com\/#organization\"},\"potentialAction\":[{\"@type\":\"SearchAction\",\"target\":{\"@type\":\"EntryPoint\",\"urlTemplate\":\"https:\/\/industrialtransferpump.com\/?s={search_term_string}\"},\"query-input\":\"required name=search_term_string\"}],\"inLanguage\":\"fr-FR\"},{\"@type\":\"Organization\",\"@id\":\"https:\/\/industrialtransferpump.com\/#organization\",\"name\":\"Barrel Pump Trasferring Systems\",\"url\":\"https:\/\/industrialtransferpump.com\/\",\"logo\":{\"@type\":\"ImageObject\",\"inLanguage\":\"fr-FR\",\"@id\":\"https:\/\/industrialtransferpump.com\/#\/schema\/logo\/image\/\",\"url\":\"https:\/\/industrialtransferpump.com\/wp-content\/uploads\/2021\/03\/Logo.png\",\"contentUrl\":\"https:\/\/industrialtransferpump.com\/wp-content\/uploads\/2021\/03\/Logo.png\",\"width\":6617,\"height\":4077,\"caption\":\"Barrel Pump Trasferring Systems\"},\"image\":{\"@id\":\"https:\/\/industrialtransferpump.com\/#\/schema\/logo\/image\/\"}}]}<\/script>\n<!-- \/ Yoast SEO plugin. -->","yoast_head_json":{"title":"Pompe mono s\u00e9rie BAH - Industrial Transfer Pump Manufacturer","description":"pompe mono alimentaire pompe mono alimentaire pompe \u00e0 fruits pompe mono pour pur\u00e9e de fruits pompe mono pour jus de raisin","robots":{"index":"index","follow":"follow","max-snippet":"max-snippet:-1","max-image-preview":"max-image-preview:large","max-video-preview":"max-video-preview:-1"},"canonical":"https:\/\/industrialtransferpump.com\/fr\/pompe-mono-serie-bah\/","og_locale":"fr_FR","og_type":"article","og_title":"Pompe mono s\u00e9rie BAH - Industrial Transfer Pump Manufacturer","og_description":"pompe mono alimentaire pompe mono alimentaire pompe \u00e0 fruits pompe mono pour pur\u00e9e de fruits pompe mono pour jus de raisin","og_url":"https:\/\/industrialtransferpump.com\/fr\/pompe-mono-serie-bah\/","og_site_name":"Industrial Transfer Pump Manufacturer","article_modified_time":"2023-11-04T14:44:52+00:00","og_image":[{"url":"https:\/\/industrialtransferpump.com\/wp-content\/uploads\/2023\/08\/bah-series-mono-pump-11.png"}],"twitter_card":"summary_large_image","twitter_misc":{"Dur\u00e9e de lecture estim\u00e9e":"5 minutes"},"schema":{"@context":"https:\/\/schema.org","@graph":[{"@type":"WebPage","@id":"https:\/\/industrialtransferpump.com\/fr\/pompe-mono-serie-bah\/","url":"https:\/\/industrialtransferpump.com\/fr\/pompe-mono-serie-bah\/","name":"Pompe mono s\u00e9rie BAH - Industrial Transfer Pump Manufacturer","isPartOf":{"@id":"https:\/\/industrialtransferpump.com\/#website"},"primaryImageOfPage":{"@id":"https:\/\/industrialtransferpump.com\/fr\/pompe-mono-serie-bah\/#primaryimage"},"image":{"@id":"https:\/\/industrialtransferpump.com\/fr\/pompe-mono-serie-bah\/#primaryimage"},"thumbnailUrl":"https:\/\/industrialtransferpump.com\/wp-content\/uploads\/2023\/08\/bah-series-mono-pump-11.png","datePublished":"2023-08-24T09:44:51+00:00","dateModified":"2023-11-04T14:44:52+00:00","description":"pompe mono alimentaire pompe mono alimentaire pompe \u00e0 fruits pompe mono pour pur\u00e9e de fruits pompe mono pour jus de raisin","breadcrumb":{"@id":"https:\/\/industrialtransferpump.com\/fr\/pompe-mono-serie-bah\/#breadcrumb"},"inLanguage":"fr-FR","potentialAction":[{"@type":"ReadAction","target":["https:\/\/industrialtransferpump.com\/fr\/pompe-mono-serie-bah\/"]}]},{"@type":"ImageObject","inLanguage":"fr-FR","@id":"https:\/\/industrialtransferpump.com\/fr\/pompe-mono-serie-bah\/#primaryimage","url":"https:\/\/industrialtransferpump.com\/wp-content\/uploads\/2023\/08\/bah-series-mono-pump-11.png","contentUrl":"https:\/\/industrialtransferpump.com\/wp-content\/uploads\/2023\/08\/bah-series-mono-pump-11.png","width":960,"height":768},{"@type":"BreadcrumbList","@id":"https:\/\/industrialtransferpump.com\/fr\/pompe-mono-serie-bah\/#breadcrumb","itemListElement":[{"@type":"ListItem","position":1,"name":"Home","item":"https:\/\/industrialtransferpump.com\/fr\/accueil\/"},{"@type":"ListItem","position":2,"name":"Pompe mono s\u00e9rie BAH"}]},{"@type":"WebSite","@id":"https:\/\/industrialtransferpump.com\/#website","url":"https:\/\/industrialtransferpump.com\/","name":"Drum Emptying System & Barrel Unloading System","description":"Industrial Transfer Pump","publisher":{"@id":"https:\/\/industrialtransferpump.com\/#organization"},"potentialAction":[{"@type":"SearchAction","target":{"@type":"EntryPoint","urlTemplate":"https:\/\/industrialtransferpump.com\/?s={search_term_string}"},"query-input":"required name=search_term_string"}],"inLanguage":"fr-FR"},{"@type":"Organization","@id":"https:\/\/industrialtransferpump.com\/#organization","name":"Barrel Pump Trasferring Systems","url":"https:\/\/industrialtransferpump.com\/","logo":{"@type":"ImageObject","inLanguage":"fr-FR","@id":"https:\/\/industrialtransferpump.com\/#\/schema\/logo\/image\/","url":"https:\/\/industrialtransferpump.com\/wp-content\/uploads\/2021\/03\/Logo.png","contentUrl":"https:\/\/industrialtransferpump.com\/wp-content\/uploads\/2021\/03\/Logo.png","width":6617,"height":4077,"caption":"Barrel Pump Trasferring Systems"},"image":{"@id":"https:\/\/industrialtransferpump.com\/#\/schema\/logo\/image\/"}}]}},"_links":{"self":[{"href":"https:\/\/industrialtransferpump.com\/fr\/wp-json\/wp\/v2\/pages\/9572","targetHints":{"allow":["GET"]}}],"collection":[{"href":"https:\/\/industrialtransferpump.com\/fr\/wp-json\/wp\/v2\/pages"}],"about":[{"href":"https:\/\/industrialtransferpump.com\/fr\/wp-json\/wp\/v2\/types\/page"}],"author":[{"embeddable":true,"href":"https:\/\/industrialtransferpump.com\/fr\/wp-json\/wp\/v2\/users\/1"}],"replies":[{"embeddable":true,"href":"https:\/\/industrialtransferpump.com\/fr\/wp-json\/wp\/v2\/comments?post=9572"}],"version-history":[{"count":4,"href":"https:\/\/industrialtransferpump.com\/fr\/wp-json\/wp\/v2\/pages\/9572\/revisions"}],"predecessor-version":[{"id":9693,"href":"https:\/\/industrialtransferpump.com\/fr\/wp-json\/wp\/v2\/pages\/9572\/revisions\/9693"}],"wp:attachment":[{"href":"https:\/\/industrialtransferpump.com\/fr\/wp-json\/wp\/v2\/media?parent=9572"}],"curies":[{"name":"wp","href":"https:\/\/api.w.org\/{rel}","templated":true}]}}