{"id":9577,"date":"2023-08-15T15:34:36","date_gmt":"2023-08-15T15:34:36","guid":{"rendered":"https:\/\/industrialtransferpump.com\/serie-fl-pompe-mono\/"},"modified":"2023-11-04T14:44:47","modified_gmt":"2023-11-04T14:44:47","slug":"serie-fl-pompe-mono","status":"publish","type":"page","link":"https:\/\/industrialtransferpump.com\/fr\/serie-fl-pompe-mono\/","title":{"rendered":"S\u00e9rie FL Pompe mono"},"content":{"rendered":"<div class=\"wpb-content-wrapper\"><p>[vc_row css=&#8221;.vc_custom_1452687555475{margin-bottom: 100px !important;}&#8221;][vc_column offset=&#8221;vc_col-lg-9 vc_col-md-9&#8243;][vc_single_image image=&#8221;8309&#8243; img_size=&#8221;stm-image-1110&#215;550-croped&#8221; css=&#8221;.vc_custom_1692189791765{margin-bottom: 45px !important;}&#8221;][vc_column_text css=&#8221;.vc_custom_1692693068189{margin-bottom: 25px !important;}&#8221;]<\/p>\n<div class=\"wpb_text_column wpb_content_element \">\n<div class=\"wpb_wrapper\">\n<h3><strong>Caract\u00e9ristiques et avantages<\/strong><\/h3>\n<ul>\n<li>Option de joint \u00e0 fourche pour les pompes hygi\u00e9niques<\/li>\n<li>Option d&#8217;entr\u00e9e de la pompe Droite &#8211; Gauche &#8211; Connexion verticale<\/li>\n<li>Diff\u00e9rentes solutions d&#8217;\u00e9tanch\u00e9it\u00e9 sur demande (souple &#8211; m\u00e9canique)<\/li>\n<li>Entr\u00e9es et drains de lavage en option<\/li>\n<li>Enveloppes de chauffage et de refroidissement en option (mur)<\/li>\n<li>Diff\u00e9rentes solutions avec des \u00e9quipements en acier inoxydable ou en acier alli\u00e9<\/li>\n<li>Aspiration et performance \u00e9lev\u00e9es (8 m\u00e8tres maximum)<\/li>\n<li>Gamme de mod\u00e8les de 200 m3\/h maximum et 24 BAR Option d&#8217;entr\u00e9e de la pompe en fonction de<\/li>\n<li>En option, acier inoxydable ou autres variantes d&#8217;acier alli\u00e9 Diff\u00e9rentes options de caoutchouc (EPDM, NBR, NR, Viton) Drains d&#8217;entr\u00e9e de lavage en option<\/li>\n<\/ul>\n<\/div>\n<\/div>\n<p>[\/vc_column_text][vc_column_text css=&#8221;.vc_custom_1692454881824{margin-bottom: 34px !important;}&#8221;]<\/p>\n<blockquote><p>Ces <a href=\"https:\/\/industrialtransferpump.com\/fr\/pompes-mono\/\"><strong>pompes<\/strong> <\/a>\u00e0 bride sont principalement utilis\u00e9es dans les secteurs alimentaire et industriel, o\u00f9 le vide est n\u00e9cessaire dans les produits fluides et semi-fluides.<\/p>\n<p>De conception robuste, durable et tr\u00e8s ergonomique, il est un partenaire de solution pour de nombreux secteurs gr\u00e2ce aux avantages qu&#8217;il offre \u00e0 ses utilisateurs.<\/p><\/blockquote>\n<p>[\/vc_column_text][vc_row_inner css=&#8221;.vc_custom_1456219515168{margin-bottom: 27px !important;}&#8221;][vc_column_inner width=&#8221;1\/2&#8243;][vc_column_text]<img loading=\"lazy\" decoding=\"async\" class=\"alignleft size-large wp-image-8337\" src=\"https:\/\/industrialtransferpump.com\/wp-content\/uploads\/2023\/08\/Mono-pump-6-1024x577.jpeg\" alt=\"\" width=\"1024\" height=\"577\" srcset=\"https:\/\/industrialtransferpump.com\/wp-content\/uploads\/2023\/08\/Mono-pump-6-1024x577.jpeg 1024w, https:\/\/industrialtransferpump.com\/wp-content\/uploads\/2023\/08\/Mono-pump-6-300x169.jpeg 300w, https:\/\/industrialtransferpump.com\/wp-content\/uploads\/2023\/08\/Mono-pump-6-768x432.jpeg 768w, https:\/\/industrialtransferpump.com\/wp-content\/uploads\/2023\/08\/Mono-pump-6-1536x865.jpeg 1536w, https:\/\/industrialtransferpump.com\/wp-content\/uploads\/2023\/08\/Mono-pump-6-900x507.jpeg 900w, https:\/\/industrialtransferpump.com\/wp-content\/uploads\/2023\/08\/Mono-pump-6.jpeg 2000w\" sizes=\"auto, (max-width: 1024px) 100vw, 1024px\" \/>[\/vc_column_text][vc_custom_heading text=&#8221;Fonctionnement&#8221; font_container=&#8221;tag:h4|text_align:left|color:%23222222&#8243; use_theme_fonts=&#8221;yes&#8221; css=&#8221;.vc_custom_1692190329579{margin-bottom: 27px !important;}&#8221;][stm_charts design=&#8221;polarArea&#8221; values_circle=&#8221;%5B%7B%22title%22%3A%22Maximum%208%20meters%22%2C%22value%22%3A%2240%22%2C%22color%22%3A%22%23fe6c61%22%7D%2C%7B%22title%22%3A%22200%20m3%2Fh%22%2C%22value%22%3A%2230%22%2C%22color%22%3A%22%235472d2%22%7D%2C%7B%22title%22%3A%2224%20BAR%22%2C%22value%22%3A%2240%22%2C%22color%22%3A%22%238d6dc4%22%7D%5D&#8221; width=&#8221;208&#8243; height=&#8221;208&#8243; css=&#8221;.vc_custom_1692193011493{margin-bottom: 14px !important;}&#8221;][vc_column_text]<\/p>\n<p style=\"text-align: center;\"><strong>En option, acier inoxydable ou autres variantes d&#8217;acier alli\u00e9<\/strong><\/p>\n<p>[\/vc_column_text][vc_column_text]<img loading=\"lazy\" decoding=\"async\" class=\"alignleft wp-image-8288\" src=\"https:\/\/industrialtransferpump.com\/wp-content\/uploads\/2023\/08\/FL-series-mono-pump-2-1024x577.jpeg\" alt=\"\" width=\"435\" height=\"383\">[\/vc_column_text][\/vc_column_inner][vc_column_inner width=&#8221;1\/2&#8243;][vc_column_text]<img loading=\"lazy\" decoding=\"async\" class=\"alignleft size-large wp-image-8338\" src=\"https:\/\/industrialtransferpump.com\/wp-content\/uploads\/2023\/08\/Mono-pump-9-1024x577.jpeg\" alt=\"\" width=\"1024\" height=\"577\" srcset=\"https:\/\/industrialtransferpump.com\/wp-content\/uploads\/2023\/08\/Mono-pump-9-1024x577.jpeg 1024w, https:\/\/industrialtransferpump.com\/wp-content\/uploads\/2023\/08\/Mono-pump-9-300x169.jpeg 300w, https:\/\/industrialtransferpump.com\/wp-content\/uploads\/2023\/08\/Mono-pump-9-768x432.jpeg 768w, https:\/\/industrialtransferpump.com\/wp-content\/uploads\/2023\/08\/Mono-pump-9-1536x865.jpeg 1536w, https:\/\/industrialtransferpump.com\/wp-content\/uploads\/2023\/08\/Mono-pump-9-900x507.jpeg 900w, https:\/\/industrialtransferpump.com\/wp-content\/uploads\/2023\/08\/Mono-pump-9.jpeg 2000w\" sizes=\"auto, (max-width: 1024px) 100vw, 1024px\" \/>[\/vc_column_text][vc_custom_heading text=&#8221;Pompes mono et secteurs&#8221; font_container=&#8221;tag:h4|text_align:left|color:%23222222&#8243; use_theme_fonts=&#8221;yes&#8221; css=&#8221;.vc_custom_1692191271996{margin-bottom: 23px !important;}&#8221;][vc_column_text]<a href=\"https:\/\/industrialtransferpump.com\/fr\/pompes-mono\/\"><br \/>\n  <em><br \/>\n    <strong>Les pompes mono<\/strong><br \/>\n  <\/em><br \/>\n<\/a> avec connexion flash sont pr\u00e9f\u00e9r\u00e9es dans <a href=\"https:\/\/industrialtransferpump.com\/fr\/applications\/\"><br \/>\n  <strong><br \/>\n    <em>alimentaire et industriel<\/em><br \/>\n  <\/strong><br \/>\n<\/a> et industriels. Il est sp\u00e9cialement produit en fonction du projet et de la distance de transfert.<\/p>\n<p>Valeur de la capacit\u00e9 souhait\u00e9e (m3\/h)<br \/>\nValeur de la pression souhait\u00e9e (bar)<br \/>\nDistance du produit \u00e0 imprimer (m)<br \/>\nProduit \u00e0 imprimer<br \/>\nDensit\u00e9 du produit \u00e0 imprimer (gr\/cm3)<br \/>\nViscosit\u00e9 du produit \u00e0 imprimer<br \/>\nTemp\u00e9rature du produit (\u00b0C)<br \/>\nProduit Valeur pH<\/p>\n<p>Les pompes sont sp\u00e9cialement produites en fonction des r\u00e9ponses des clients.[\/vc_column_text][vc_column_text]<img loading=\"lazy\" decoding=\"async\" class=\"alignleft wp-image-8320\" src=\"https:\/\/industrialtransferpump.com\/wp-content\/uploads\/2023\/08\/FL-series-mono-pump-3.jpeg\" alt=\"\" width=\"374\" height=\"245\">[\/vc_column_text][\/vc_column_inner][\/vc_row_inner][vc_row_inner][vc_column_inner width=&#8221;1\/2&#8243;][vc_custom_heading text=&#8221;Exemples de m\u00e9dias&#8221; font_container=&#8221;tag:h4|text_align:left|color:%23222222&#8243; use_theme_fonts=&#8221;yes&#8221; css=&#8221;.vc_custom_1692191224634{margin-bottom: 23px !important;}&#8221;][vc_column_text css=&#8221;.vc_custom_1692455015288{margin-bottom: 20px !important;}&#8221;]<\/p>\n<div class=\"vc_custom_heading vc_custom_1692191224634 text_align_left\">\n<h2 class=\"consulting-custom-title\">Exemples de m\u00e9dias<\/h2>\n<\/div>\n<ul>\n<li>Pompe caramel<\/li>\n<li><strong>Pompes<\/strong> pour concentr\u00e9s de fruits et l\u00e9gumes<\/li>\n<li>Pompe \u00e0 beurre de cacahu\u00e8tes<\/li>\n<li>Pompe \u00e0 mayonnaise<\/li>\n<li>Pompe \u00e0 p\u00e2te de nougat aux noisettes<\/li>\n<li>Pompe \u00e0 chocolat (chauff\u00e9e)<\/li>\n<li>Pompe \u00e0 concentr\u00e9s pour la fabrication de sauces<\/li>\n<li>Pompe mono pour l&#8217;huile<\/li>\n<li>Pompe \u00e0 vaseline<\/li>\n<li>Pommades <a href=\"http:\/\/Mono%20phttps:\/\/industrialtransferpump.com\/mono-pumps\/umps%20with%20flash%20connection%20are%20preferred%20in%20food%20and%20industrial%20areas.%20It%20is%20specially%20produced%20depending%20on%20the%20project%20and%20transfer%20distance.\"><br \/>\n  <strong>mono-pompe<\/strong><br \/>\n<\/a><\/li>\n<li>Pompe pour produits de soins capillaires et corporels<\/li>\n<li>Cire, pompe semi-solide<\/li>\n<li>Pompe \u00e0 glyc\u00e9rine et sirop de glucose<\/li>\n<\/ul>\n<p>[\/vc_column_text][vc_custom_heading text=&#8221;PI\u00c8CE DE RECHANGE POUR MONOPOMPES&#8221; font_container=&#8221;tag:h4|text_align:left|color:%23222222&#8243; use_theme_fonts=&#8221;yes&#8221; css=&#8221;.vc_custom_1692194223155{margin-bottom: 23px !important;}&#8221;][vc_column_text]<img loading=\"lazy\" decoding=\"async\" class=\" wp-image-8332\" src=\"https:\/\/industrialtransferpump.com\/wp-content\/uploads\/2023\/08\/mono-pump-spare-part-724x1024.jpg\" alt=\"mono-pompe-pi\u00e8ce de rechange\" width=\"669\" height=\"912\">[\/vc_column_text][\/vc_column_inner][vc_column_inner width=&#8221;1\/2&#8243;][vc_custom_heading text=&#8221;Plages de travail&#8221; font_container=&#8221;tag:h4|text_align:left|color:%23222222&#8243; use_theme_fonts=&#8221;yes&#8221; css=&#8221;.vc_custom_1692193075076{margin-bottom: 20px !important;}&#8221;][stm_charts x_values=&#8221;1BAR; 2BAR; 3BAR; 5BAR; 10BAR; 20BAR; 24BAR; 50BAR;&#8221; values=&#8221;%5B%7B%22title%22%3A%2224%20BAR%22%2C%22y_values%22%3A%2210%3B%2015%3B%2020%3B%2025%3B%2027%3B%2025%3B%2023%3B%2025%22%2C%22color%22%3A%22%23fe6c61%22%7D%2C%7B%22title%22%3A%22200%20m3%2Fh%22%2C%22y_values%22%3A%2225%3B%2018%3B%2016%3B%2017%3B%2020%3B%2025%3B%2030%3B%2035%22%2C%22color%22%3A%22%235472d2%22%7D%5D&#8221; width=&#8221;395&#8243; height=&#8221;410&#8243;][vc_column_text]<img loading=\"lazy\" decoding=\"async\" class=\"size-large wp-image-8334\" src=\"https:\/\/industrialtransferpump.com\/wp-content\/uploads\/2023\/08\/mono-pump-spare-part-2-724x1024.jpg\" alt=\"mono-pompe-spare-part-2\" width=\"724\" height=\"1024\" srcset=\"https:\/\/industrialtransferpump.com\/wp-content\/uploads\/2023\/08\/mono-pump-spare-part-2-724x1024.jpg 724w, https:\/\/industrialtransferpump.com\/wp-content\/uploads\/2023\/08\/mono-pump-spare-part-2-212x300.jpg 212w, https:\/\/industrialtransferpump.com\/wp-content\/uploads\/2023\/08\/mono-pump-spare-part-2-768x1087.jpg 768w, https:\/\/industrialtransferpump.com\/wp-content\/uploads\/2023\/08\/mono-pump-spare-part-2.jpg 800w\" sizes=\"auto, (max-width: 724px) 100vw, 724px\" \/>[\/vc_column_text][\/vc_column_inner][\/vc_row_inner][vc_custom_heading text=&#8221;Vid\u00e9o pour les pompes mono&#8221; font_container=&#8221;tag:h4|text_align:left|color:%23222222&#8243; use_theme_fonts=&#8221;yes&#8221; css=&#8221;.vc_custom_1692194722987{margin-bottom: 31px !important;}&#8221;][vc_video link=&#8221;https:\/\/www.youtube.com\/embed\/HLZDcRQswO8&#8243;][vc_custom_heading text=&#8221;Galerie de photos des pompes monoblocs de la s\u00e9rie FL&#8221; font_container=&#8221;tag:h4|text_align:left|color:%23222222&#8243; use_theme_fonts=&#8221;yes&#8221; css=&#8221;.vc_custom_1692193298405{margin-bottom: 31px !important;}&#8221;][vc_gallery images=&#8221;8291,8290,8288,8287,8320,8321,8223,8249,7974,7973&#8243;][\/vc_column][vc_column width=&#8221;1\/4&#8243; offset=&#8221;vc_hidden-sm vc_hidden-xs&#8221;][stm_sidebar sidebar=&#8221;1097&#8243;][\/vc_column][\/vc_row][vc_row full_width=&#8221;stretch_row&#8221; el_class=&#8221;third_bg_color&#8221; css=&#8221;.vc_custom_1451889219674{margin-bottom: -60px !important;}&#8221;][vc_column][vc_cta h2=&#8221;si vous avez besoin de plus d&apos;informations !&#8221; h2_font_container=&#8221;tag:h2|font_size:20px|text_align:left|color:%23000000|line_height:24px&#8221; h2_use_theme_fonts=&#8221;yes&#8221; h4=&#8221;Vous pouvez utiliser notre formulaire de contact rapide pour obtenir plus d&apos;informations sur nos machines. Catalogues disponibles, photos, vid\u00e9os et plus encore&#8230;&#8221; shape=&#8221;square&#8221; style=&#8221;flat&#8221; add_button=&#8221;right&#8221; btn_title=&#8221;DEMANDER UN DEVIS&#8221; btn_style=&#8221;flat&#8221; btn_color=&#8221;theme_style_2&#8243; btn_align=&#8221;right&#8221; btn_i_align=&#8221;right&#8221; btn_i_icon_fontawesome=&#8221;stm-location&#8221; particles=&#8221;yes&#8221; use_custom_fonts_h2=&#8221;true&#8221; btn_button_block=&#8221;true&#8221; btn_add_icon=&#8221;true&#8221; el_class=&#8221;third_bg_color&#8221; css=&#8221;.vc_custom_1692195645245{margin-bottom: 0px !important;}&#8221; btn_link=&#8221;url:https%3A%2F%2Findustrialtransferpump.com%2Ffr%2Fnous-contacter%2F|title:Obtenir%20un%20devis%20rapide|target:_blank|&#8221;][\/vc_cta][\/vc_column][\/vc_row]<\/p>\n<\/div>","protected":false},"excerpt":{"rendered":"<p>[vc_row css=&#8221;.vc_custom_1452687555475{margin-bottom: 100px !important;}&#8221;][vc_column offset=&#8221;vc_col-lg-9 vc_col-md-9&#8243;][vc_single_image image=&#8221;8309&#8243; img_size=&#8221;stm-image-1110&#215;550-croped&#8221; css=&#8221;.vc_custom_1692189791765{margin-bottom: 45px !important;}&#8221;][vc_column_text css=&#8221;.vc_custom_1692693068189{margin-bottom: 25px !important;}&#8221;] Caract\u00e9ristiques et avantages Option de joint \u00e0 fourche pour les pompes hygi\u00e9niques Option d&#8217;entr\u00e9e de la pompe Droite &#8211; Gauche &#8211; Connexion verticale Diff\u00e9rentes solutions d&#8217;\u00e9tanch\u00e9it\u00e9 sur demande (souple &#8211; m\u00e9canique) Entr\u00e9es et drains de lavage en option Enveloppes de chauffage<\/p>\n","protected":false},"author":1,"featured_media":0,"parent":0,"menu_order":0,"comment_status":"closed","ping_status":"closed","template":"","meta":{"_joinchat":[],"footnotes":""},"class_list":["post-9577","page","type-page","status-publish","hentry"],"yoast_head":"<!-- This site is optimized with the Yoast SEO plugin v22.3 - https:\/\/yoast.com\/wordpress\/plugins\/seo\/ -->\n<title>S\u00e9rie FL Pompe mono - Industrial Transfer Pump Manufacturer<\/title>\n<meta name=\"description\" content=\"Les pompes mono et les raccords rapides sont pr\u00e9f\u00e9r\u00e9s dans les secteurs alimentaires et industriels. Il est sp\u00e9cialement produit en fonction du projet et du transfert.\" \/>\n<meta name=\"robots\" content=\"index, follow, max-snippet:-1, max-image-preview:large, max-video-preview:-1\" \/>\n<link rel=\"canonical\" href=\"https:\/\/industrialtransferpump.com\/fr\/serie-fl-pompe-mono\/\" \/>\n<meta property=\"og:locale\" content=\"fr_FR\" \/>\n<meta property=\"og:type\" content=\"article\" \/>\n<meta property=\"og:title\" content=\"S\u00e9rie FL Pompe mono - Industrial Transfer Pump Manufacturer\" \/>\n<meta property=\"og:description\" content=\"Les pompes mono et les raccords rapides sont pr\u00e9f\u00e9r\u00e9s dans les secteurs alimentaires et industriels. Il est sp\u00e9cialement produit en fonction du projet et du transfert.\" \/>\n<meta property=\"og:url\" content=\"https:\/\/industrialtransferpump.com\/fr\/serie-fl-pompe-mono\/\" \/>\n<meta property=\"og:site_name\" content=\"Industrial Transfer Pump Manufacturer\" \/>\n<meta property=\"article:modified_time\" content=\"2023-11-04T14:44:47+00:00\" \/>\n<meta property=\"og:image\" content=\"https:\/\/industrialtransferpump.com\/wp-content\/uploads\/2023\/08\/Mono-pump-6-1024x577.jpeg\" \/>\n<meta name=\"twitter:card\" content=\"summary_large_image\" \/>\n<meta name=\"twitter:label1\" content=\"Dur\u00e9e de lecture estim\u00e9e\" \/>\n\t<meta name=\"twitter:data1\" content=\"5 minutes\" \/>\n<script type=\"application\/ld+json\" class=\"yoast-schema-graph\">{\"@context\":\"https:\/\/schema.org\",\"@graph\":[{\"@type\":\"WebPage\",\"@id\":\"https:\/\/industrialtransferpump.com\/fr\/serie-fl-pompe-mono\/\",\"url\":\"https:\/\/industrialtransferpump.com\/fr\/serie-fl-pompe-mono\/\",\"name\":\"S\u00e9rie FL Pompe mono - Industrial Transfer Pump Manufacturer\",\"isPartOf\":{\"@id\":\"https:\/\/industrialtransferpump.com\/#website\"},\"primaryImageOfPage\":{\"@id\":\"https:\/\/industrialtransferpump.com\/fr\/serie-fl-pompe-mono\/#primaryimage\"},\"image\":{\"@id\":\"https:\/\/industrialtransferpump.com\/fr\/serie-fl-pompe-mono\/#primaryimage\"},\"thumbnailUrl\":\"https:\/\/industrialtransferpump.com\/wp-content\/uploads\/2023\/08\/Mono-pump-6-1024x577.jpeg\",\"datePublished\":\"2023-08-15T15:34:36+00:00\",\"dateModified\":\"2023-11-04T14:44:47+00:00\",\"description\":\"Les pompes mono et les raccords rapides sont pr\u00e9f\u00e9r\u00e9s dans les secteurs alimentaires et industriels. Il est sp\u00e9cialement produit en fonction du projet et du transfert.\",\"breadcrumb\":{\"@id\":\"https:\/\/industrialtransferpump.com\/fr\/serie-fl-pompe-mono\/#breadcrumb\"},\"inLanguage\":\"fr-FR\",\"potentialAction\":[{\"@type\":\"ReadAction\",\"target\":[\"https:\/\/industrialtransferpump.com\/fr\/serie-fl-pompe-mono\/\"]}]},{\"@type\":\"ImageObject\",\"inLanguage\":\"fr-FR\",\"@id\":\"https:\/\/industrialtransferpump.com\/fr\/serie-fl-pompe-mono\/#primaryimage\",\"url\":\"https:\/\/industrialtransferpump.com\/wp-content\/uploads\/2023\/08\/Mono-pump-6-1024x577.jpeg\",\"contentUrl\":\"https:\/\/industrialtransferpump.com\/wp-content\/uploads\/2023\/08\/Mono-pump-6-1024x577.jpeg\"},{\"@type\":\"BreadcrumbList\",\"@id\":\"https:\/\/industrialtransferpump.com\/fr\/serie-fl-pompe-mono\/#breadcrumb\",\"itemListElement\":[{\"@type\":\"ListItem\",\"position\":1,\"name\":\"Home\",\"item\":\"https:\/\/industrialtransferpump.com\/fr\/accueil\/\"},{\"@type\":\"ListItem\",\"position\":2,\"name\":\"S\u00e9rie FL Pompe mono\"}]},{\"@type\":\"WebSite\",\"@id\":\"https:\/\/industrialtransferpump.com\/#website\",\"url\":\"https:\/\/industrialtransferpump.com\/\",\"name\":\"Drum Emptying System & Barrel Unloading System\",\"description\":\"Industrial Transfer Pump\",\"publisher\":{\"@id\":\"https:\/\/industrialtransferpump.com\/#organization\"},\"potentialAction\":[{\"@type\":\"SearchAction\",\"target\":{\"@type\":\"EntryPoint\",\"urlTemplate\":\"https:\/\/industrialtransferpump.com\/?s={search_term_string}\"},\"query-input\":\"required name=search_term_string\"}],\"inLanguage\":\"fr-FR\"},{\"@type\":\"Organization\",\"@id\":\"https:\/\/industrialtransferpump.com\/#organization\",\"name\":\"Barrel Pump Trasferring Systems\",\"url\":\"https:\/\/industrialtransferpump.com\/\",\"logo\":{\"@type\":\"ImageObject\",\"inLanguage\":\"fr-FR\",\"@id\":\"https:\/\/industrialtransferpump.com\/#\/schema\/logo\/image\/\",\"url\":\"https:\/\/industrialtransferpump.com\/wp-content\/uploads\/2021\/03\/Logo.png\",\"contentUrl\":\"https:\/\/industrialtransferpump.com\/wp-content\/uploads\/2021\/03\/Logo.png\",\"width\":6617,\"height\":4077,\"caption\":\"Barrel Pump Trasferring Systems\"},\"image\":{\"@id\":\"https:\/\/industrialtransferpump.com\/#\/schema\/logo\/image\/\"}}]}<\/script>\n<!-- \/ Yoast SEO plugin. -->","yoast_head_json":{"title":"S\u00e9rie FL Pompe mono - Industrial Transfer Pump Manufacturer","description":"Les pompes mono et les raccords rapides sont pr\u00e9f\u00e9r\u00e9s dans les secteurs alimentaires et industriels. Il est sp\u00e9cialement produit en fonction du projet et du transfert.","robots":{"index":"index","follow":"follow","max-snippet":"max-snippet:-1","max-image-preview":"max-image-preview:large","max-video-preview":"max-video-preview:-1"},"canonical":"https:\/\/industrialtransferpump.com\/fr\/serie-fl-pompe-mono\/","og_locale":"fr_FR","og_type":"article","og_title":"S\u00e9rie FL Pompe mono - Industrial Transfer Pump Manufacturer","og_description":"Les pompes mono et les raccords rapides sont pr\u00e9f\u00e9r\u00e9s dans les secteurs alimentaires et industriels. Il est sp\u00e9cialement produit en fonction du projet et du transfert.","og_url":"https:\/\/industrialtransferpump.com\/fr\/serie-fl-pompe-mono\/","og_site_name":"Industrial Transfer Pump Manufacturer","article_modified_time":"2023-11-04T14:44:47+00:00","og_image":[{"url":"https:\/\/industrialtransferpump.com\/wp-content\/uploads\/2023\/08\/Mono-pump-6-1024x577.jpeg"}],"twitter_card":"summary_large_image","twitter_misc":{"Dur\u00e9e de lecture estim\u00e9e":"5 minutes"},"schema":{"@context":"https:\/\/schema.org","@graph":[{"@type":"WebPage","@id":"https:\/\/industrialtransferpump.com\/fr\/serie-fl-pompe-mono\/","url":"https:\/\/industrialtransferpump.com\/fr\/serie-fl-pompe-mono\/","name":"S\u00e9rie FL Pompe mono - Industrial Transfer Pump Manufacturer","isPartOf":{"@id":"https:\/\/industrialtransferpump.com\/#website"},"primaryImageOfPage":{"@id":"https:\/\/industrialtransferpump.com\/fr\/serie-fl-pompe-mono\/#primaryimage"},"image":{"@id":"https:\/\/industrialtransferpump.com\/fr\/serie-fl-pompe-mono\/#primaryimage"},"thumbnailUrl":"https:\/\/industrialtransferpump.com\/wp-content\/uploads\/2023\/08\/Mono-pump-6-1024x577.jpeg","datePublished":"2023-08-15T15:34:36+00:00","dateModified":"2023-11-04T14:44:47+00:00","description":"Les pompes mono et les raccords rapides sont pr\u00e9f\u00e9r\u00e9s dans les secteurs alimentaires et industriels. Il est sp\u00e9cialement produit en fonction du projet et du transfert.","breadcrumb":{"@id":"https:\/\/industrialtransferpump.com\/fr\/serie-fl-pompe-mono\/#breadcrumb"},"inLanguage":"fr-FR","potentialAction":[{"@type":"ReadAction","target":["https:\/\/industrialtransferpump.com\/fr\/serie-fl-pompe-mono\/"]}]},{"@type":"ImageObject","inLanguage":"fr-FR","@id":"https:\/\/industrialtransferpump.com\/fr\/serie-fl-pompe-mono\/#primaryimage","url":"https:\/\/industrialtransferpump.com\/wp-content\/uploads\/2023\/08\/Mono-pump-6-1024x577.jpeg","contentUrl":"https:\/\/industrialtransferpump.com\/wp-content\/uploads\/2023\/08\/Mono-pump-6-1024x577.jpeg"},{"@type":"BreadcrumbList","@id":"https:\/\/industrialtransferpump.com\/fr\/serie-fl-pompe-mono\/#breadcrumb","itemListElement":[{"@type":"ListItem","position":1,"name":"Home","item":"https:\/\/industrialtransferpump.com\/fr\/accueil\/"},{"@type":"ListItem","position":2,"name":"S\u00e9rie FL Pompe mono"}]},{"@type":"WebSite","@id":"https:\/\/industrialtransferpump.com\/#website","url":"https:\/\/industrialtransferpump.com\/","name":"Drum Emptying System & Barrel Unloading System","description":"Industrial Transfer Pump","publisher":{"@id":"https:\/\/industrialtransferpump.com\/#organization"},"potentialAction":[{"@type":"SearchAction","target":{"@type":"EntryPoint","urlTemplate":"https:\/\/industrialtransferpump.com\/?s={search_term_string}"},"query-input":"required name=search_term_string"}],"inLanguage":"fr-FR"},{"@type":"Organization","@id":"https:\/\/industrialtransferpump.com\/#organization","name":"Barrel Pump Trasferring Systems","url":"https:\/\/industrialtransferpump.com\/","logo":{"@type":"ImageObject","inLanguage":"fr-FR","@id":"https:\/\/industrialtransferpump.com\/#\/schema\/logo\/image\/","url":"https:\/\/industrialtransferpump.com\/wp-content\/uploads\/2021\/03\/Logo.png","contentUrl":"https:\/\/industrialtransferpump.com\/wp-content\/uploads\/2021\/03\/Logo.png","width":6617,"height":4077,"caption":"Barrel Pump Trasferring Systems"},"image":{"@id":"https:\/\/industrialtransferpump.com\/#\/schema\/logo\/image\/"}}]}},"_links":{"self":[{"href":"https:\/\/industrialtransferpump.com\/fr\/wp-json\/wp\/v2\/pages\/9577","targetHints":{"allow":["GET"]}}],"collection":[{"href":"https:\/\/industrialtransferpump.com\/fr\/wp-json\/wp\/v2\/pages"}],"about":[{"href":"https:\/\/industrialtransferpump.com\/fr\/wp-json\/wp\/v2\/types\/page"}],"author":[{"embeddable":true,"href":"https:\/\/industrialtransferpump.com\/fr\/wp-json\/wp\/v2\/users\/1"}],"replies":[{"embeddable":true,"href":"https:\/\/industrialtransferpump.com\/fr\/wp-json\/wp\/v2\/comments?post=9577"}],"version-history":[{"count":4,"href":"https:\/\/industrialtransferpump.com\/fr\/wp-json\/wp\/v2\/pages\/9577\/revisions"}],"predecessor-version":[{"id":9707,"href":"https:\/\/industrialtransferpump.com\/fr\/wp-json\/wp\/v2\/pages\/9577\/revisions\/9707"}],"wp:attachment":[{"href":"https:\/\/industrialtransferpump.com\/fr\/wp-json\/wp\/v2\/media?parent=9577"}],"curies":[{"name":"wp","href":"https:\/\/api.w.org\/{rel}","templated":true}]}}