{"id":9763,"date":"2023-08-24T12:52:54","date_gmt":"2023-08-24T12:52:54","guid":{"rendered":"https:\/\/industrialtransferpump.com\/pompe-mono-serie-kr\/"},"modified":"2023-11-04T14:44:57","modified_gmt":"2023-11-04T14:44:57","slug":"pompe-mono-serie-kr","status":"publish","type":"page","link":"https:\/\/industrialtransferpump.com\/fr\/pompe-mono-serie-kr\/","title":{"rendered":"Pompe mono s\u00e9rie KR"},"content":{"rendered":"<div class=\"wpb-content-wrapper\"><p>[vc_row css=&#8221;.vc_custom_1452687555475{margin-bottom: 100px !important;}&#8221;][vc_column offset=&#8221;vc_col-lg-9 vc_col-md-9&#8243;][vc_single_image image=&#8221;8557&#8243; img_size=&#8221;stm-image- 1110&#215;550-croped&#8221; css=&#8221;.vc_custom_1692886375296{margin-bottom: 45px !important;}&#8221;][vc_column_text css=&#8221;.vc_custom_1692884942500{margin-bottom: 25px !important;}&#8221;]<\/p>\n<h3>Caract\u00e9ristiques et avantages<\/h3>\n<ul>\n<li>Pr\u00e9f\u00e9r\u00e9 pour le transfert de produits de haute densit\u00e9.<\/li>\n<li>Haute performance Gamme de mod\u00e8les Maximum 20 m3\/h et 18 bar<\/li>\n<li>Accumulation de produits avec le capuchon<\/li>\n<li>Les gros morceaux peuvent \u00eatre d\u00e9chiquet\u00e9s gr\u00e2ce aux lames de l&#8217;agitateur.<\/li>\n<li>Continuit\u00e9 du mat\u00e9riau avec la vis d&#8217;alimentation<\/li>\n<li>Transfert de produits sans rupture<\/li>\n<li>Transfert de grandes masses par fragmentation<\/li>\n<li>Diff\u00e9rentes solutions d&#8217;\u00e9tanch\u00e9it\u00e9 sur demande (souple &#8211; m\u00e9canique)<\/li>\n<li>Entr\u00e9es et sorties de lavage en option<\/li>\n<li>Diff\u00e9rentes solutions pour les \u00e9quipements en acier inoxydable ou en acier alli\u00e9<\/li>\n<li>Diff\u00e9rents types de caoutchouc (EPDM &#8211; NBR &#8211; NR &#8211; VITON)<\/li>\n<\/ul>\n<p>&nbsp;<\/p>\n<blockquote><p>Ces pompes avec agitateur et entr\u00e9e carr\u00e9e sont pr\u00e9f\u00e9r\u00e9es dans les secteurs alimentaires et industriels. Ces mod\u00e8les sont utilis\u00e9s pour les produits non fluides avec <a href=\"https:\/\/en.wikipedia.org\/wiki\/Viscosity\"><br \/>\n  <strong>haute viscosit\u00e9<\/strong><br \/>\n<\/a>. Disposant d&#8217;un <em><br \/>\n  <strong>agitateur<\/strong><br \/>\n<\/em> facilite la fluidit\u00e9 du produit lors du <strong>transfert par pompe<\/strong> en maintenant le produit homog\u00e8ne pendant une longue p\u00e9riode pour les produits devant \u00eatre d\u00e9compos\u00e9s, secs et collants. La pompe est contr\u00f4l\u00e9e par un r\u00e9ducteur et un moteur ind\u00e9pendant de la vitesse de transfert, des joints sp\u00e9ciaux sont utilis\u00e9s pour l&#8217;\u00e9tanch\u00e9it\u00e9.<strong><em>  C&#8217;est un partenaire de solution pour de nombreux secteurs gr\u00e2ce aux avantages qu&#8217;il offre \u00e0 ses utilisateurs.<\/em><\/strong><\/p><\/blockquote>\n<p>&nbsp;<\/p>\n<p><img loading=\"lazy\" decoding=\"async\" class=\"size-large wp-image-8548\" src=\"https:\/\/industrialtransferpump.com\/wp-content\/uploads\/2023\/08\/KR-serisi-mono-pump-banner-1024x507.jpg\" alt=\"KR-serisi-mono-pump-banner\" width=\"1024\" height=\"507\" srcset=\"https:\/\/industrialtransferpump.com\/wp-content\/uploads\/2023\/08\/KR-serisi-mono-pump-banner-1024x507.jpg 1024w, https:\/\/industrialtransferpump.com\/wp-content\/uploads\/2023\/08\/KR-serisi-mono-pump-banner-300x149.jpg 300w, https:\/\/industrialtransferpump.com\/wp-content\/uploads\/2023\/08\/KR-serisi-mono-pump-banner-768x381.jpg 768w, https:\/\/industrialtransferpump.com\/wp-content\/uploads\/2023\/08\/KR-serisi-mono-pump-banner-900x446.jpg 900w, https:\/\/industrialtransferpump.com\/wp-content\/uploads\/2023\/08\/KR-serisi-mono-pump-banner.jpg 1110w\" sizes=\"auto, (max-width: 1024px) 100vw, 1024px\" \/>[\/vc_column_text][vc_row_inner css=&#8221;.vc_custom_1456219515168{margin-bottom: 27px !important;}&#8221;][vc_column_inner width=&#8221;1\/2&#8243;][vc_custom_heading text=&#8221;Fonctionnement&#8221; font_container=&#8221;tag:h4|text_align:left|color:%23222222&#8243; use_theme_fonts=&#8221;yes&#8221; css=&#8221;.vc_custom_1692190329579{margin-bottom: 27px !important;}&#8221;][stm_charts design=&#8221;polarArea&#8221; values_circle=&#8221;%5B%7B%22title%22%3A%22Maximum%208%20meters%22%2C%22value%22%3A%2240%22%2C%22color%22%3A%22%23fe6c61%22%7D%2C%7B%22title%22%3A%2220-50%20m3%20%2F%20h%20%22%2C%22value%22%3A%2230%22%2C%22color%22%3A%22%235472d2%22%7D%2C%7B%22title%22%3A%226%20-18%20-%2024%20BAR%20%22%2C%22value%22%3A%2240%22%2C%22color%22%3A%22%238d6dc4%22%7D%5D&#8221; width=&#8221;208&#8243; height=&#8221;208&#8243; css=&#8221;.vc_custom_1692876926178{margin-bottom: 14px !important;}&#8221;][vc_column_text]<img loading=\"lazy\" decoding=\"async\" class=\"alignleft size-large wp-image-8546\" src=\"https:\/\/industrialtransferpump.com\/wp-content\/uploads\/2023\/08\/KR-serisi-mono-pump-2.jpg\" alt=\"\" width=\"1024\" height=\"714\" srcset=\"https:\/\/industrialtransferpump.com\/wp-content\/uploads\/2023\/08\/KR-serisi-mono-pump-2.jpg 1024w, https:\/\/industrialtransferpump.com\/wp-content\/uploads\/2023\/08\/KR-serisi-mono-pump-2-300x209.jpg 300w, https:\/\/industrialtransferpump.com\/wp-content\/uploads\/2023\/08\/KR-serisi-mono-pump-2-768x536.jpg 768w, https:\/\/industrialtransferpump.com\/wp-content\/uploads\/2023\/08\/KR-serisi-mono-pump-2-900x628.jpg 900w, https:\/\/industrialtransferpump.com\/wp-content\/uploads\/2023\/08\/KR-serisi-mono-pump-2-358x250.jpg 358w\" sizes=\"auto, (max-width: 1024px) 100vw, 1024px\" \/>[\/vc_column_text][vc_column_text]<\/p>\n<p style=\"text-align: center;\"><strong>En option, acier inoxydable ou autres variantes d&#8217;acier alli\u00e9<\/strong><\/p>\n<blockquote><p><strong>Les monopompes avec m\u00e9langeur et entr\u00e9e carr\u00e9e permettent d&#8217;augmenter la fluidit\u00e9 des produits \u00e0 haute viscosit\u00e9 en les homog\u00e9n\u00e9isant gr\u00e2ce au m\u00e9langeur et \u00e0 l&#8217;entr\u00e9e carr\u00e9e. Elle est un partenaire de solution pour de nombreux secteurs gr\u00e2ce aux avantages qu&#8217;elle offre.<\/strong><\/p><\/blockquote>\n<p>[\/vc_column_text][\/vc_column_inner][vc_column_inner width=&#8221;1\/2&#8243;][vc_custom_heading text=&#8221;Pompes mono et secteurs&#8221; font_container=&#8221;tag:h4|text_align:left|color:%23222222&#8243; use_theme_fonts=&#8221;yes&#8221; css=&#8221;.vc_custom_1692191271996{margin-bottom: 23px !important;}&#8221;][vc_column_text]<\/p>\n<blockquote><p>Les monopompes avec m\u00e9langeur et entr\u00e9e carr\u00e9e permettent d&#8217;augmenter la fluidit\u00e9 des produits \u00e0 haute viscosit\u00e9 en les homog\u00e9n\u00e9isant gr\u00e2ce au m\u00e9langeur et \u00e0 l&#8217;entr\u00e9e carr\u00e9e. Elle est un partenaire de solution pour de nombreux secteurs gr\u00e2ce aux avantages qu&#8217;elle offre.<\/p>\n<p>Valeur de la capacit\u00e9 souhait\u00e9e (m3\/h)<br \/>\nValeur de la pression souhait\u00e9e (bar)<br \/>\nDistance du produit \u00e0 imprimer (m)<br \/>\nProduit \u00e0 imprimer<br \/>\nDensit\u00e9 du produit \u00e0 imprimer (gr\/cm3)<br \/>\nViscosit\u00e9 du produit \u00e0 imprimer<br \/>\nTemp\u00e9rature du produit (\u00b0C)<br \/>\nProduit Valeur pH<\/p>\n<p>Les pompes sont sp\u00e9cialement fabriqu\u00e9es en fonction des besoins du client.<\/p><\/blockquote>\n<p>[\/vc_column_text][vc_column_text]<img loading=\"lazy\" decoding=\"async\" class=\"size-full wp-image-8545\" src=\"https:\/\/industrialtransferpump.com\/wp-content\/uploads\/2023\/08\/KR-serisi-mono-pump-1.jpg\" alt=\"KR-serisi-mono-pump-1\" width=\"994\" height=\"768\" srcset=\"https:\/\/industrialtransferpump.com\/wp-content\/uploads\/2023\/08\/KR-serisi-mono-pump-1.jpg 994w, https:\/\/industrialtransferpump.com\/wp-content\/uploads\/2023\/08\/KR-serisi-mono-pump-1-300x232.jpg 300w, https:\/\/industrialtransferpump.com\/wp-content\/uploads\/2023\/08\/KR-serisi-mono-pump-1-768x593.jpg 768w, https:\/\/industrialtransferpump.com\/wp-content\/uploads\/2023\/08\/KR-serisi-mono-pump-1-900x695.jpg 900w\" sizes=\"auto, (max-width: 994px) 100vw, 994px\" \/>[\/vc_column_text][\/vc_column_inner][\/vc_row_inner][vc_row_inner][vc_column_inner width=&#8221;1\/2&#8243;][vc_custom_heading text=&#8221;Exemples de m\u00e9dias&#8221; font_container=&#8221;tag:h4|text_align:left|color:%23222222&#8243; use_theme_fonts=&#8221;yes&#8221; css=&#8221;.vc_custom_1692191224634{margin-bottom: 23px !important;}&#8221;][vc_column_text css=&#8221;.vc_custom_1692877080978{margin-bottom: 20px !important;}&#8221;]<\/p>\n<ul>\n<li>pompe mono de qualit\u00e9 alimentaire<\/li>\n<li>pompe alimentaire<\/li>\n<li>pompe \u00e0 fruits<\/li>\n<li>pur\u00e9e de fruits<\/li>\n<li>pompe mono<\/li>\n<li><a href=\"https:\/\/industrialtransferpump.com\/fr\/comment-choisir-les-mono-pompes-appropriees-pour-le-jus-de-raisin-et-le-jus-de-fruit\/\"><strong>mono-pompe \u00e0 jus de raisin<\/strong><\/a><\/li>\n<li>pulpe de jus de raisin pulpe de raisin mono-pompe<\/li>\n<li>pompe \u00e0 raisin<\/li>\n<li>pompe industrielle pompe mono-pompe<\/li>\n<li><strong>Pompes<\/strong> pour concentr\u00e9s de fruits et l\u00e9gumes<\/li>\n<li>Pompe \u00e0 chocolat (chauff\u00e9e)<\/li>\n<li>Pompe \u00e0 concentr\u00e9s pour la fabrication de sauces<\/li>\n<li>Pompe mono pour l&#8217;huile<\/li>\n<li>Pompe \u00e0 vaseline<\/li>\n<li>Pommades <a href=\"http:\/\/Mono%20phttps:\/industrialtransferpump.com\/mono-pumps\/umps%20with%20flash%20connection%20are%20preferred%20in%20food%20and%20industrial%20areas.%20It%20is%20specially%20produced%20depending%20on%20the%20project%20and%20transfer%20distance.\"><br \/>\n  <strong>mono-pompe<\/strong><br \/>\n<\/a><\/li>\n<li>Pompe pour produits de soins capillaires et corporels<\/li>\n<\/ul>\n<p>[\/vc_column_text][vc_custom_heading text=&#8221;PI\u00c8CE DE RECHANGE POUR MONOPOMPES&#8221; font_container=&#8221;tag:h4|text_align:left|color:%23222222&#8243; use_theme_fonts=&#8221;yes&#8221; css=&#8221;.vc_custom_1692194223155{margin-bottom: 23px !important;}&#8221;][vc_column_text]<img loading=\"lazy\" decoding=\"async\" class=\" wp-image-8332\" src=\"https:\/\/industrialtransferpump.com\/wp-content\/uploads\/2023\/08\/mono-pump-spare-part-724x1024.jpg\" alt=\"mono-pompa-yedek-par\u00e7a\" width=\"669\" height=\"912\">[\/vc_column_text][\/vc_column_inner][vc_column_inner width=&#8221;1\/2&#8243;][vc_custom_heading text=&#8221;Plages de travail&#8221; font_container=&#8221;tag:h4|text_align:left|color:%23222222&#8243; use_theme_fonts=&#8221;yes&#8221; css=&#8221;.vc_custom_1692193075076{margin-bottom: 20px !important;}&#8221;][stm_charts x_values=&#8221;1BAR; 2BAR; 3BAR; 5BAR; 10BAR; 20BAR; 24BAR; 50BAR;&#8221; values=&#8221;%5B%7B%22title%22%3A%226%20-%208%20-18%20-%2024%20BAR%22%2C%22y_values%22%3A%2210%3B%2015%3B%2020%3B%2025%3B%2027%3B%2025%3B%2023%3B%2025%22%2C%22color%22%3A%22%23fe6c61%22%7D%2C%7B%22title%22%3A%22%2020%20-%2050%20%20m3%2Fh%22%2C%22y_values%22%3A%2225%3B%2018%3B%2016%3B%2017%3B%2020%3B%2025%3B%2030%3B%2035%22%2C%22color%22%3A%22%235472d2%22%7D%5D&#8221; width=&#8221;395&#8243; height=&#8221;410&#8243;][vc_column_text]<img loading=\"lazy\" decoding=\"async\" class=\"size-large wp-image-8334\" src=\"https:\/\/industrialtransferpump.com\/wp-content\/uploads\/2023\/08\/mono-pump-spare-part-2-724x1024.jpg\" alt=\"mono-pompa-yedek-par\u00e7a-2\" width=\"724\" height=\"1024\" srcset=\"https:\/\/industrialtransferpump.com\/wp-content\/uploads\/2023\/08\/mono-pump-spare-part-2-724x1024.jpg 724w, https:\/\/industrialtransferpump.com\/wp-content\/uploads\/2023\/08\/mono-pump-spare-part-2-212x300.jpg 212w, https:\/\/industrialtransferpump.com\/wp-content\/uploads\/2023\/08\/mono-pump-spare-part-2-768x1087.jpg 768w, https:\/\/industrialtransferpump.com\/wp-content\/uploads\/2023\/08\/mono-pump-spare-part-2.jpg 800w\" sizes=\"auto, (max-width: 724px) 100vw, 724px\" \/>[\/vc_column_text][\/vc_column_inner][\/vc_row_inner][vc_custom_heading text=&#8221;Vid\u00e9o pour les pompes mono&#8221; font_container=&#8221;tag:h4|text_align:left|color:%23222222&#8243; use_theme_fonts=&#8221;yes&#8221; css=&#8221;.vc_custom_1692194722987{margin-bottom: 31px !important;}&#8221;][vc_video link=&#8221;https:\/\/www.youtube.com\/embed\/mV1nTf3dPZc&#8221;][vc_custom_heading text=&#8221;Galerie de photos des pompes monoblocs de la s\u00e9rie KR&#8221; font_container=&#8221;tag:h4|text_align:left|color:%23222222&#8243; use_theme_fonts=&#8221;yes&#8221; css=&#8221;.vc_custom_1692880941144{margin-bottom: 31px !important;}&#8221;][vc_gallery images=&#8221;8440,8439,8378,8379,8435,8354,8360,8362,8337,8288,8249,8223,8499,8500,8501,8502,8503,8504,8505,8506,8507,8508,8509,8510,8511,8512,8513,8514&#8243;][\/vc_column][vc_column width=&#8221;1\/4&#8243; offset=&#8221;vc_hidden-sm vc_hidden-xs&#8221;][stm_sidebar sidebar=&#8221;1097&#8243;][\/vc_column][\/vc_row][vc_row full_width=&#8221;stretch_row&#8221; el_class=&#8221;third_bg_color&#8221; css=&#8221;.vc_custom_1451889219674{margin-bottom: -60px !important;}&#8221;][vc_column][vc_cta h2=&#8221;si vous avez besoin de plus d&apos;informations !&#8221; h2_font_container=&#8221;tag:h2|font_size:20px|text_align:left|color:%23000000|line_height:24px&#8221; h2_use_theme_fonts=&#8221;yes&#8221; h4=&#8221;Vous pouvez utiliser notre formulaire de contact rapide pour obtenir plus d&apos;informations sur nos machines. Catalogues disponibles, photos, vid\u00e9os et plus encore&#8230;&#8221; shape=&#8221;square&#8221; style=&#8221;flat&#8221; add_button=&#8221;right&#8221; btn_title=&#8221;DEMANDER UN DEVIS&#8221; btn_style=&#8221;flat&#8221; btn_color=&#8221;theme_style_2&#8243; btn_align=&#8221;right&#8221; btn_i_align=&#8221;right&#8221; btn_i_icon_fontawesome=&#8221;stm-location&#8221; particles=&#8221;yes&#8221; use_custom_fonts_h2=&#8221;true&#8221; btn_button_block=&#8221;true&#8221; btn_add_icon=&#8221;true&#8221; el_class=&#8221;third_bg_color&#8221; css=&#8221;.vc_custom_1692195645245{margin-bottom: 0px !important;}&#8221; btn_link=&#8221;url:https%3A%2F%2Findustrialtransferpump.com%2Ffr%2Fnous-contacter%2F|title:Obtenir%20un%20devis%20rapide|target:_blank|&#8221;][\/vc_cta][\/vc_column][\/vc_row]<\/p>\n<\/div>","protected":false},"excerpt":{"rendered":"<p>[vc_row css=&#8221;.vc_custom_1452687555475{margin-bottom: 100px !important;}&#8221;][vc_column offset=&#8221;vc_col-lg-9 vc_col-md-9&#8243;][vc_single_image image=&#8221;8557&#8243; img_size=&#8221;stm-image- 1110&#215;550-croped&#8221; css=&#8221;.vc_custom_1692886375296{margin-bottom: 45px !important;}&#8221;][vc_column_text css=&#8221;.vc_custom_1692884942500{margin-bottom: 25px !important;}&#8221;] Caract\u00e9ristiques et avantages Pr\u00e9f\u00e9r\u00e9 pour le transfert de produits de haute densit\u00e9. Haute performance Gamme de mod\u00e8les Maximum 20 m3\/h et 18 bar Accumulation de produits avec le capuchon Les gros morceaux peuvent \u00eatre d\u00e9chiquet\u00e9s gr\u00e2ce aux lames de l&#8217;agitateur.<\/p>\n","protected":false},"author":1,"featured_media":0,"parent":0,"menu_order":0,"comment_status":"closed","ping_status":"closed","template":"","meta":{"_joinchat":[],"footnotes":""},"class_list":["post-9763","page","type-page","status-publish","hentry"],"yoast_head":"<!-- This site is optimized with the Yoast SEO plugin v22.3 - https:\/\/yoast.com\/wordpress\/plugins\/seo\/ -->\n<title>Pompe mono s\u00e9rie KR - Industrial Transfer Pump Manufacturer<\/title>\n<meta name=\"robots\" content=\"index, follow, max-snippet:-1, max-image-preview:large, max-video-preview:-1\" \/>\n<link rel=\"canonical\" href=\"https:\/\/industrialtransferpump.com\/fr\/pompe-mono-serie-kr\/\" \/>\n<meta property=\"og:locale\" content=\"fr_FR\" \/>\n<meta property=\"og:type\" content=\"article\" \/>\n<meta property=\"og:title\" content=\"Pompe mono s\u00e9rie KR - Industrial Transfer Pump Manufacturer\" \/>\n<meta property=\"og:description\" content=\"[vc_row css=&#8221;.vc_custom_1452687555475{margin-bottom: 100px !important;}&#8221;][vc_column offset=&#8221;vc_col-lg-9 vc_col-md-9&#8243;][vc_single_image image=&#8221;8557&#8243; img_size=&#8221;stm-image- 1110&#215;550-croped&#8221; css=&#8221;.vc_custom_1692886375296{margin-bottom: 45px !important;}&#8221;][vc_column_text css=&#8221;.vc_custom_1692884942500{margin-bottom: 25px !important;}&#8221;] Caract\u00e9ristiques et avantages Pr\u00e9f\u00e9r\u00e9 pour le transfert de produits de haute densit\u00e9. Haute performance Gamme de mod\u00e8les Maximum 20 m3\/h et 18 bar Accumulation de produits avec le capuchon Les gros morceaux peuvent \u00eatre d\u00e9chiquet\u00e9s gr\u00e2ce aux lames de l&#8217;agitateur.\" \/>\n<meta property=\"og:url\" content=\"https:\/\/industrialtransferpump.com\/fr\/pompe-mono-serie-kr\/\" \/>\n<meta property=\"og:site_name\" content=\"Industrial Transfer Pump Manufacturer\" \/>\n<meta property=\"article:modified_time\" content=\"2023-11-04T14:44:57+00:00\" \/>\n<meta property=\"og:image\" content=\"https:\/\/industrialtransferpump.com\/wp-content\/uploads\/2023\/08\/KR-serisi-mono-pump-banner-1024x507.jpg\" \/>\n<meta name=\"twitter:card\" content=\"summary_large_image\" \/>\n<meta name=\"twitter:label1\" content=\"Dur\u00e9e de lecture estim\u00e9e\" \/>\n\t<meta name=\"twitter:data1\" content=\"6 minutes\" \/>\n<script type=\"application\/ld+json\" class=\"yoast-schema-graph\">{\"@context\":\"https:\/\/schema.org\",\"@graph\":[{\"@type\":\"WebPage\",\"@id\":\"https:\/\/industrialtransferpump.com\/fr\/pompe-mono-serie-kr\/\",\"url\":\"https:\/\/industrialtransferpump.com\/fr\/pompe-mono-serie-kr\/\",\"name\":\"Pompe mono s\u00e9rie KR - Industrial Transfer Pump Manufacturer\",\"isPartOf\":{\"@id\":\"https:\/\/industrialtransferpump.com\/#website\"},\"primaryImageOfPage\":{\"@id\":\"https:\/\/industrialtransferpump.com\/fr\/pompe-mono-serie-kr\/#primaryimage\"},\"image\":{\"@id\":\"https:\/\/industrialtransferpump.com\/fr\/pompe-mono-serie-kr\/#primaryimage\"},\"thumbnailUrl\":\"https:\/\/industrialtransferpump.com\/wp-content\/uploads\/2023\/08\/KR-serisi-mono-pump-banner-1024x507.jpg\",\"datePublished\":\"2023-08-24T12:52:54+00:00\",\"dateModified\":\"2023-11-04T14:44:57+00:00\",\"breadcrumb\":{\"@id\":\"https:\/\/industrialtransferpump.com\/fr\/pompe-mono-serie-kr\/#breadcrumb\"},\"inLanguage\":\"fr-FR\",\"potentialAction\":[{\"@type\":\"ReadAction\",\"target\":[\"https:\/\/industrialtransferpump.com\/fr\/pompe-mono-serie-kr\/\"]}]},{\"@type\":\"ImageObject\",\"inLanguage\":\"fr-FR\",\"@id\":\"https:\/\/industrialtransferpump.com\/fr\/pompe-mono-serie-kr\/#primaryimage\",\"url\":\"https:\/\/industrialtransferpump.com\/wp-content\/uploads\/2023\/08\/KR-serisi-mono-pump-banner.jpg\",\"contentUrl\":\"https:\/\/industrialtransferpump.com\/wp-content\/uploads\/2023\/08\/KR-serisi-mono-pump-banner.jpg\",\"width\":1110,\"height\":550,\"caption\":\"KR-serisi-mono-pump-banner\"},{\"@type\":\"BreadcrumbList\",\"@id\":\"https:\/\/industrialtransferpump.com\/fr\/pompe-mono-serie-kr\/#breadcrumb\",\"itemListElement\":[{\"@type\":\"ListItem\",\"position\":1,\"name\":\"Home\",\"item\":\"https:\/\/industrialtransferpump.com\/fr\/accueil\/\"},{\"@type\":\"ListItem\",\"position\":2,\"name\":\"Pompe mono s\u00e9rie KR\"}]},{\"@type\":\"WebSite\",\"@id\":\"https:\/\/industrialtransferpump.com\/#website\",\"url\":\"https:\/\/industrialtransferpump.com\/\",\"name\":\"Drum Emptying System & Barrel Unloading System\",\"description\":\"Industrial Transfer Pump\",\"publisher\":{\"@id\":\"https:\/\/industrialtransferpump.com\/#organization\"},\"potentialAction\":[{\"@type\":\"SearchAction\",\"target\":{\"@type\":\"EntryPoint\",\"urlTemplate\":\"https:\/\/industrialtransferpump.com\/?s={search_term_string}\"},\"query-input\":\"required name=search_term_string\"}],\"inLanguage\":\"fr-FR\"},{\"@type\":\"Organization\",\"@id\":\"https:\/\/industrialtransferpump.com\/#organization\",\"name\":\"Barrel Pump Trasferring Systems\",\"url\":\"https:\/\/industrialtransferpump.com\/\",\"logo\":{\"@type\":\"ImageObject\",\"inLanguage\":\"fr-FR\",\"@id\":\"https:\/\/industrialtransferpump.com\/#\/schema\/logo\/image\/\",\"url\":\"https:\/\/industrialtransferpump.com\/wp-content\/uploads\/2021\/03\/Logo.png\",\"contentUrl\":\"https:\/\/industrialtransferpump.com\/wp-content\/uploads\/2021\/03\/Logo.png\",\"width\":6617,\"height\":4077,\"caption\":\"Barrel Pump Trasferring Systems\"},\"image\":{\"@id\":\"https:\/\/industrialtransferpump.com\/#\/schema\/logo\/image\/\"}}]}<\/script>\n<!-- \/ Yoast SEO plugin. -->","yoast_head_json":{"title":"Pompe mono s\u00e9rie KR - Industrial Transfer Pump Manufacturer","robots":{"index":"index","follow":"follow","max-snippet":"max-snippet:-1","max-image-preview":"max-image-preview:large","max-video-preview":"max-video-preview:-1"},"canonical":"https:\/\/industrialtransferpump.com\/fr\/pompe-mono-serie-kr\/","og_locale":"fr_FR","og_type":"article","og_title":"Pompe mono s\u00e9rie KR - Industrial Transfer Pump Manufacturer","og_description":"[vc_row css=&#8221;.vc_custom_1452687555475{margin-bottom: 100px !important;}&#8221;][vc_column offset=&#8221;vc_col-lg-9 vc_col-md-9&#8243;][vc_single_image image=&#8221;8557&#8243; img_size=&#8221;stm-image- 1110&#215;550-croped&#8221; css=&#8221;.vc_custom_1692886375296{margin-bottom: 45px !important;}&#8221;][vc_column_text css=&#8221;.vc_custom_1692884942500{margin-bottom: 25px !important;}&#8221;] Caract\u00e9ristiques et avantages Pr\u00e9f\u00e9r\u00e9 pour le transfert de produits de haute densit\u00e9. Haute performance Gamme de mod\u00e8les Maximum 20 m3\/h et 18 bar Accumulation de produits avec le capuchon Les gros morceaux peuvent \u00eatre d\u00e9chiquet\u00e9s gr\u00e2ce aux lames de l&#8217;agitateur.","og_url":"https:\/\/industrialtransferpump.com\/fr\/pompe-mono-serie-kr\/","og_site_name":"Industrial Transfer Pump Manufacturer","article_modified_time":"2023-11-04T14:44:57+00:00","og_image":[{"url":"https:\/\/industrialtransferpump.com\/wp-content\/uploads\/2023\/08\/KR-serisi-mono-pump-banner-1024x507.jpg"}],"twitter_card":"summary_large_image","twitter_misc":{"Dur\u00e9e de lecture estim\u00e9e":"6 minutes"},"schema":{"@context":"https:\/\/schema.org","@graph":[{"@type":"WebPage","@id":"https:\/\/industrialtransferpump.com\/fr\/pompe-mono-serie-kr\/","url":"https:\/\/industrialtransferpump.com\/fr\/pompe-mono-serie-kr\/","name":"Pompe mono s\u00e9rie KR - Industrial Transfer Pump Manufacturer","isPartOf":{"@id":"https:\/\/industrialtransferpump.com\/#website"},"primaryImageOfPage":{"@id":"https:\/\/industrialtransferpump.com\/fr\/pompe-mono-serie-kr\/#primaryimage"},"image":{"@id":"https:\/\/industrialtransferpump.com\/fr\/pompe-mono-serie-kr\/#primaryimage"},"thumbnailUrl":"https:\/\/industrialtransferpump.com\/wp-content\/uploads\/2023\/08\/KR-serisi-mono-pump-banner-1024x507.jpg","datePublished":"2023-08-24T12:52:54+00:00","dateModified":"2023-11-04T14:44:57+00:00","breadcrumb":{"@id":"https:\/\/industrialtransferpump.com\/fr\/pompe-mono-serie-kr\/#breadcrumb"},"inLanguage":"fr-FR","potentialAction":[{"@type":"ReadAction","target":["https:\/\/industrialtransferpump.com\/fr\/pompe-mono-serie-kr\/"]}]},{"@type":"ImageObject","inLanguage":"fr-FR","@id":"https:\/\/industrialtransferpump.com\/fr\/pompe-mono-serie-kr\/#primaryimage","url":"https:\/\/industrialtransferpump.com\/wp-content\/uploads\/2023\/08\/KR-serisi-mono-pump-banner.jpg","contentUrl":"https:\/\/industrialtransferpump.com\/wp-content\/uploads\/2023\/08\/KR-serisi-mono-pump-banner.jpg","width":1110,"height":550,"caption":"KR-serisi-mono-pump-banner"},{"@type":"BreadcrumbList","@id":"https:\/\/industrialtransferpump.com\/fr\/pompe-mono-serie-kr\/#breadcrumb","itemListElement":[{"@type":"ListItem","position":1,"name":"Home","item":"https:\/\/industrialtransferpump.com\/fr\/accueil\/"},{"@type":"ListItem","position":2,"name":"Pompe mono s\u00e9rie KR"}]},{"@type":"WebSite","@id":"https:\/\/industrialtransferpump.com\/#website","url":"https:\/\/industrialtransferpump.com\/","name":"Drum Emptying System & Barrel Unloading System","description":"Industrial Transfer Pump","publisher":{"@id":"https:\/\/industrialtransferpump.com\/#organization"},"potentialAction":[{"@type":"SearchAction","target":{"@type":"EntryPoint","urlTemplate":"https:\/\/industrialtransferpump.com\/?s={search_term_string}"},"query-input":"required name=search_term_string"}],"inLanguage":"fr-FR"},{"@type":"Organization","@id":"https:\/\/industrialtransferpump.com\/#organization","name":"Barrel Pump Trasferring Systems","url":"https:\/\/industrialtransferpump.com\/","logo":{"@type":"ImageObject","inLanguage":"fr-FR","@id":"https:\/\/industrialtransferpump.com\/#\/schema\/logo\/image\/","url":"https:\/\/industrialtransferpump.com\/wp-content\/uploads\/2021\/03\/Logo.png","contentUrl":"https:\/\/industrialtransferpump.com\/wp-content\/uploads\/2021\/03\/Logo.png","width":6617,"height":4077,"caption":"Barrel Pump Trasferring Systems"},"image":{"@id":"https:\/\/industrialtransferpump.com\/#\/schema\/logo\/image\/"}}]}},"_links":{"self":[{"href":"https:\/\/industrialtransferpump.com\/fr\/wp-json\/wp\/v2\/pages\/9763","targetHints":{"allow":["GET"]}}],"collection":[{"href":"https:\/\/industrialtransferpump.com\/fr\/wp-json\/wp\/v2\/pages"}],"about":[{"href":"https:\/\/industrialtransferpump.com\/fr\/wp-json\/wp\/v2\/types\/page"}],"author":[{"embeddable":true,"href":"https:\/\/industrialtransferpump.com\/fr\/wp-json\/wp\/v2\/users\/1"}],"replies":[{"embeddable":true,"href":"https:\/\/industrialtransferpump.com\/fr\/wp-json\/wp\/v2\/comments?post=9763"}],"version-history":[{"count":4,"href":"https:\/\/industrialtransferpump.com\/fr\/wp-json\/wp\/v2\/pages\/9763\/revisions"}],"predecessor-version":[{"id":9821,"href":"https:\/\/industrialtransferpump.com\/fr\/wp-json\/wp\/v2\/pages\/9763\/revisions\/9821"}],"wp:attachment":[{"href":"https:\/\/industrialtransferpump.com\/fr\/wp-json\/wp\/v2\/media?parent=9763"}],"curies":[{"name":"wp","href":"https:\/\/api.w.org\/{rel}","templated":true}]}}